{"id":13411,"date":"2019-07-18T22:33:05","date_gmt":"2019-07-18T20:33:05","guid":{"rendered":"https:\/\/blendtec.de\/teilnahmebedingungen-fuer-facebook-gewinnspiele\/"},"modified":"2019-07-18T22:33:05","modified_gmt":"2019-07-18T20:33:05","slug":"teilnahmebedingungen-fuer-facebook-gewinnspiele","status":"publish","type":"page","link":"https:\/\/blendtec.de\/at\/teilnahmebedingungen-fuer-facebook-gewinnspiele\/","title":{"rendered":"Teilnahmebedingungen f\u00fcr Facebook-Gewinnspiele"},"content":{"rendered":"<div class=\"page-header clearfix\">\n<h1 class=\"page-title\"><span style=\"color: #ed1c24;\">Teilnahmebedingungen f\u00fcr Facebook-Gewinnspiele<\/span><\/h1>\n<\/div>\n<div class=\"item-page clearfix\">\n<article>\n<section class=\"article-content clearfix\">\n<div class=\"container\">\n<h3>Veranstalter der Gewinnspiele ist die LUBA GmbH<\/h3>\n<p>Das Gewinnspiel steht in keiner Verbindung zu Facebook und wird in keiner Weise von Facebook gesponsert, unterst\u00fctzt oder organisiert. Der Empf\u00e4nger der vom Teilnehmer bereitgestellten Daten und Informationen ist nicht Facebook, sondern LUBA GmbH.<\/p>\n<p>S\u00e4mtliche Fragen, Kommentare oder Beschwerden zum Gewinnspiel sind an LUBA GmbH zu richten (verlosung-2015-12@luba.de).<\/p>\n<p>Eine Teilnahme am Gewinnspiel ist ausschlie\u00dflich zu den hier aufgef\u00fchrten Teilnahmebedingungen m\u00f6glich. Mit der Teilnahme am Gewinnspiel erkennt der Teilnehmer diese Teilnahmebedingungen ausdr\u00fccklich an.<\/p>\n<p>LUBA GmbH beh\u00e4lt sich vor, das Gewinnspiel zu jedem Zeitpunkt abzubrechen oder zu beenden.<\/p>\n<h3><span style=\"color: #ed1c24;\">Teilnahmeberechtigung<\/span><\/h3>\n<p>Teilnahmeberechtigt sind Personen mit Wohnsitz in Deutschland, die bei der Teilnahme mindestens 18 Jahre alt sind. Von der Teilnahme ausgeschlossen sind Mitarbeiter von LUBA GmbH.<\/p>\n<p>In Bezug auf Facebook-Gewinnspiele sind nur Teilnehmer mit Facebook-Konten erlaubt, welche den Teilnehmer mit dem richtigen Namen angeben. Die Teilnahme mit Fantasie-Angaben oder mit Angaben von anderen Personen ist nicht erlaubt.<\/p>\n<h3><span style=\"color: #ed1c24;\">Teilnahme<\/span><\/h3>\n<p>Die Teilnahme am Gewinnspiel erfolgt durch aktive Teilnahme am Gewinnspiel (wie in den Gewinnspielregeln bzw. in der Ausschreibung des Gewinnspiels ausgewiesen).<\/p>\n<p>Die Teilnahme ist nicht vom Erwerb einer Ware von LUBA GmbH abh\u00e4ngig. Der Erwerb einer Ware erh\u00f6hen die Gewinnchancen nicht.<\/p>\n<p>Die Teilnahme am Gewinnspiel beinhaltet im Gewinnfall das Einverst\u00e4ndnis zur Nennung des Vornamens und des Anfangsbuchstabens des Nachnamens samt Wohnort in den Social Media Kan\u00e4len von LUBA GmbH, z.B. Facebook.<\/p>\n<p>Beitr\u00e4ge zur Teilnahme am Gewinnspiel d\u00fcrfen keine Beleidigungen, falsche Tatsachen, Wettbewerbs-, Marken- oder Urheberrechtsverst\u00f6\u00dfe enthalten. Sachgewinne werden nicht in bar ausgezahlt und sind vom Umtausch ausgeschlossen. Gewinne k\u00f6nnen nicht auf Dritte \u00fcbertragen werden.<\/p>\n<h3><span style=\"color: #ed1c24;\">Verlosung<\/span><\/h3>\n<p>An der Verlosung nimmt teil, wer die Gewinnspiel-Bedingungen erf\u00fcllt. Jeder Teilnehmer kann maximal dreimal pro Gewinnspiel an der Verlosung teilnehmen.<\/p>\n<p>Die Gewinne werden unter allen zur Teilnahme berechtigten Teilnehmern verlost. Zeitpunkt der Ermittlung der Teilnahmeberechtigung und der Verlosung ist sp\u00e4testens eine Woche nach Teilnahmeschluss.<\/p>\n<p>Die Gewinner werden per Facebook Kommentarfunktion benachrichtigt und setzen sich mit LUBA GmbH via E-Mail an verlosung-2015-12@luba.de in Verbindung. Sollte sich ein Gewinner innerhalb von 7 Tagen nach der Benachrichtigung nicht zur Entgegennahme seines Gewinnes melden, verf\u00e4llt der Gewinn und es wird ein Ersatzgewinner ermittelt.<\/p>\n<h3><span style=\"color: #ed1c24;\">Datenschutz<\/span><\/h3>\n<p>Soweit im Rahmen des Gewinnspiels personenbezogene Daten von Teilnehmern erhoben, verarbeitet und genutzt werden, werden diese von LUBA GmbH ausschlie\u00dflich zum Zwecke der Durchf\u00fchrung des Gewinnspiels erhoben, verarbeitet und genutzt und nach Beendigung des Gewinnspiels gel\u00f6scht.<\/p>\n<h3><span style=\"color: #ed1c24;\">Sonstiges<\/span><\/h3>\n<p>Teilnehmer\/innen, die gegen diese Teilnahmebedingungen versto\u00dfen oder versuchen, die Abstimmung zu manipulieren (z.B. durch die Abstimmung mittels eines oder mehrerer nicht auf ihren Namen lautende Facebook-Konten oder durch die Nutzung von Like-Tausch-Gruppen), k\u00f6nnen von der Teilnahme am Gewinnspiel ausgeschlossen werden. Liegen die Voraussetzungen f\u00fcr einen Ausschluss vor, k\u00f6nnen Gewinne nachtr\u00e4glich aberkannt oder bereits ausbezahlte, bzw. ausgelieferte Gewinne zur\u00fcckgefordert werden.<\/p>\n<p>LUBA GmbH ist berechtigt, das Gewinnspiel abzubrechen oder auszusetzen, wenn:<\/p>\n<ul>\n<li>w\u00e4hrend der Durchf\u00fchrung die Nutzungsbedingungen oder Richtlinien von Facebook ge\u00e4ndert werden und eine Durchf\u00fchrung des Gewinnspiels nach den dann g\u00fcltigen Bestimmungen von Facebook nicht mehr erlaubt ist,<\/li>\n<li>Manipulationen festgestellt werden oder sonst eine ordnungsgem\u00e4\u00dfe Durchf\u00fchrung des Gewinnspiels nicht mehr sichergestellt ist, insbesondere beim Ausfall von Hard- oder Software, Programmfehlern, Computerviren,<\/li>\n<li>nicht autorisierte Eingriffe von Dritten sowie mechanische, technische oder rechtliche Probleme vorliegen.<br \/>\nDer Teilnehmer stellt Facebook oder andere Kan\u00e4le von jeder Haftung frei.<\/li>\n<\/ul>\n<p>Der Rechtsweg ist ausgeschlossen. Es ist ausschlie\u00dflich das Recht der Bundesrepublik Deutschland anwendbar. Sollten einzelne dieser Teilnahmebedingungen ung\u00fcltig sein oder werden, bleibt die G\u00fcltigkeit der \u00fcbrigen Teilnahmebedingungen hiervon unber\u00fchrt. Diese Teilnahmebedingungen k\u00f6nnen jederzeit von LUBA GmbH ohne gesonderte Benachrichtigung ge\u00e4ndert werden.<\/p>\n<p>&nbsp;<\/p>\n<\/div>\n<\/section>\n<\/article>\n<\/div>\n","protected":false},"excerpt":{"rendered":"<p>Teilnahmebedingungen f\u00fcr Facebook-Gewinnspiele Veranstalter der Gewinnspiele ist die LUBA GmbH Das Gewinnspiel steht in keiner Verbindung zu Facebook und wird in keiner Weise von Facebook gesponsert, unterst\u00fctzt oder organisiert. Der Empf\u00e4nger der vom Teilnehmer bereitgestellten Daten und Informationen ist nicht Facebook, sondern LUBA GmbH. S\u00e4mtliche Fragen, Kommentare oder Beschwerden zum Gewinnspiel sind an LUBA GmbH [&#8230;]\n","protected":false},"author":177,"featured_media":0,"parent":0,"menu_order":0,"comment_status":"closed","ping_status":"closed","template":"","meta":{"footnotes":""},"class_list":["post-13411","page","type-page","status-publish","hentry"],"_links":{"self":[{"href":"https:\/\/blendtec.de\/at\/wp-json\/wp\/v2\/pages\/13411","targetHints":{"allow":["GET"]}}],"collection":[{"href":"https:\/\/blendtec.de\/at\/wp-json\/wp\/v2\/pages"}],"about":[{"href":"https:\/\/blendtec.de\/at\/wp-json\/wp\/v2\/types\/page"}],"author":[{"embeddable":true,"href":"https:\/\/blendtec.de\/at\/wp-json\/wp\/v2\/users\/177"}],"replies":[{"embeddable":true,"href":"https:\/\/blendtec.de\/at\/wp-json\/wp\/v2\/comments?post=13411"}],"version-history":[{"count":0,"href":"https:\/\/blendtec.de\/at\/wp-json\/wp\/v2\/pages\/13411\/revisions"}],"wp:attachment":[{"href":"https:\/\/blendtec.de\/at\/wp-json\/wp\/v2\/media?parent=13411"}],"curies":[{"name":"wp","href":"https:\/\/api.w.org\/{rel}","templated":true}]}}