{"id":16352,"date":"2019-10-28T08:57:55","date_gmt":"2019-10-28T07:57:55","guid":{"rendered":"https:\/\/blendtec.de\/?page_id=16352"},"modified":"2021-05-03T13:40:15","modified_gmt":"2021-05-03T11:40:15","slug":"kontakt-gewerbe","status":"publish","type":"page","link":"https:\/\/blendtec.de\/at\/kontakt-gewerbe\/","title":{"rendered":"Kontakt Gewerbe"},"content":{"rendered":"<h1>Kontakt Blendtec Gewerbe Mixer \u00d6sterreich<\/h1>\n<p>Unser Service-Center ist Montag bis Freitag von 9-17 Uhr f\u00fcr Sie erreichbar per Telefon &amp; E-Mail.<\/p>\n<p>Gerne k\u00f6nnen Sie uns anrufen unter +43 660 89 109 04 oder schicken Sie uns eine e-Mail an: <a href=\"mailto:blendtec@delipro.at\">blendtec@delipro.at<\/a><\/p>\n<p><strong>Kontaktdaten f\u00fcr die Blendtec Commercial \u00d6sterreich Vertretung:\u00a0<\/strong><\/p>\n<p><strong>DELIPRO GmbH<\/strong><br \/>Inhaber Oliver Pinetz<br \/>Boveri Stra\u00dfe 6 Top 11<\/p>\n<p>2351 Wiener Neudorf<\/p>\n<p>+43 660 89 109 04<br \/><a href=\"mailto:blendtec@delipro.at\">blendtec@delipro.at<\/a><\/p>\n<p><strong>UID:<\/strong> ATU71572808<br \/><strong>Firmenbuch Nr.:<\/strong> FN 492626 a<\/p>\n","protected":false},"excerpt":{"rendered":"<p>Kontakt Blendtec Gewerbe Mixer \u00d6sterreich Unser Service-Center ist Montag bis Freitag von 9-17 Uhr f\u00fcr Sie erreichbar per Telefon &amp; E-Mail. Gerne k\u00f6nnen Sie uns anrufen unter +43 660 89 109 04 oder schicken Sie uns eine e-Mail an: blendtec@delipro.at Kontaktdaten f\u00fcr die Blendtec Commercial \u00d6sterreich Vertretung:\u00a0 DELIPRO GmbHInhaber Oliver PinetzBoveri Stra\u00dfe 6 Top 11 [&#8230;]\n","protected":false},"author":178,"featured_media":0,"parent":0,"menu_order":0,"comment_status":"closed","ping_status":"closed","template":"","meta":{"footnotes":""},"class_list":["post-16352","page","type-page","status-publish","hentry"],"_links":{"self":[{"href":"https:\/\/blendtec.de\/at\/wp-json\/wp\/v2\/pages\/16352","targetHints":{"allow":["GET"]}}],"collection":[{"href":"https:\/\/blendtec.de\/at\/wp-json\/wp\/v2\/pages"}],"about":[{"href":"https:\/\/blendtec.de\/at\/wp-json\/wp\/v2\/types\/page"}],"author":[{"embeddable":true,"href":"https:\/\/blendtec.de\/at\/wp-json\/wp\/v2\/users\/178"}],"replies":[{"embeddable":true,"href":"https:\/\/blendtec.de\/at\/wp-json\/wp\/v2\/comments?post=16352"}],"version-history":[{"count":0,"href":"https:\/\/blendtec.de\/at\/wp-json\/wp\/v2\/pages\/16352\/revisions"}],"wp:attachment":[{"href":"https:\/\/blendtec.de\/at\/wp-json\/wp\/v2\/media?parent=16352"}],"curies":[{"name":"wp","href":"https:\/\/api.w.org\/{rel}","templated":true}]}}