{"id":29843,"date":"2023-02-21T12:05:43","date_gmt":"2023-02-21T11:05:43","guid":{"rendered":"https:\/\/blendtec.de\/rezept-suche\/"},"modified":"2023-02-21T12:10:48","modified_gmt":"2023-02-21T11:10:48","slug":"rezept-suche","status":"publish","type":"page","link":"https:\/\/blendtec.de\/at\/rezept-suche\/","title":{"rendered":"Rezept Suche"},"content":{"rendered":"\n  <div class=\"banner has-hover\" id=\"banner-2140288078\">\n          <div class=\"banner-inner fill\">\n        <div class=\"banner-bg fill\" >\n            <img loading=\"lazy\" decoding=\"async\" width=\"1020\" height=\"447\" src=\"https:\/\/blendtec.de\/wp-content\/uploads\/2019\/07\/rezepte.jpg\" class=\"bg attachment-large size-large\" alt=\"\" \/>                                    \n                    <\/div>\n\t\t\n        <div class=\"banner-layers container\">\n            <div class=\"fill banner-link\"><\/div>            \n   <div id=\"text-box-1830219193\" class=\"text-box banner-layer x95 md-x95 lg-x95 y50 md-y50 lg-y50 res-text\">\n                                <div class=\"text-box-content text \">\n              \n              <div class=\"text-inner text-right\">\n                  \n<h1 class=\"uppercase\"><a href=\"https:\/\/blendtec.de\/rezepte\/\"><span style=\"font-size: 100%; color: #ed1c24;\"><strong>Rezepte<\/strong><\/span><\/a><\/h1>\n<h3>f\u00fcr Blendtec Mixer<\/h3>\n              <\/div>\n           <\/div>\n                            \n<style>\n#text-box-1830219193 {\n  width: 60%;\n}\n#text-box-1830219193 .text-box-content {\n  font-size: 100%;\n}\n@media (min-width:550px) {\n  #text-box-1830219193 {\n    width: 40%;\n  }\n}\n<\/style>\n    <\/div>\n \n        <\/div>\n      <\/div>\n\n            \n<style>\n#banner-2140288078 {\n  padding-top: 350px;\n  background-color: rgb(255, 255, 255);\n}\n#banner-2140288078 .banner-bg img {\n  object-position: 0% 0%;\n}\n<\/style>\n  <\/div>\n\n\n<div class=\"is-divider divider clearfix\" style=\"height:20px;background-color:rgba(0, 0, 0, 0);\"><\/div>\n<section class=\"cooked-recipe-search cooked-clearfix\"><form action=\"https:\/\/blendtec.de\/at\/rezept-suche\/\" method=\"get\"><input type=\"hidden\" name=\"page_id\" value=\"29843\"><div class=\"cooked-fields-wrap cooked-1-search-fields\"><div class=\"cooked-field-wrap cooked-field-wrap-select\"><span class=\"cooked-browse-select\"><span class=\"cooked-field-title\">Browse<\/span><span class=\"cooked-browse-select-block cooked-clearfix\"><span class=\"cooked-tax-column\"><span class=\"cooked-tax-column-title\">Categories<\/span><div class=\"cooked-tax-scrollable\"><a href=\"https:\/\/blendtec.de\/at\/rezept-suche\/rezept-kategorie\/aufstrich-at\">Aufstrich<\/a><a href=\"https:\/\/blendtec.de\/at\/rezept-suche\/rezept-kategorie\/brot-teig-at\">Brot &amp; Teig<\/a><a href=\"https:\/\/blendtec.de\/at\/rezept-suche\/rezept-kategorie\/cocktails-at\">Cocktails<\/a><a href=\"https:\/\/blendtec.de\/at\/rezept-suche\/rezept-kategorie\/dessert-at\">Dessert<\/a><a href=\"https:\/\/blendtec.de\/at\/rezept-suche\/rezept-kategorie\/dips-at\">Dips<\/a><a href=\"https:\/\/blendtec.de\/at\/rezept-suche\/rezept-kategorie\/dressings-at\">Dressings<\/a><a href=\"https:\/\/blendtec.de\/at\/rezept-suche\/rezept-kategorie\/eis-at\">Eis<\/a><a href=\"https:\/\/blendtec.de\/at\/rezept-suche\/rezept-kategorie\/getraenke-at\">Getr\u00e4nke<\/a><a href=\"https:\/\/blendtec.de\/at\/rezept-suche\/rezept-kategorie\/hauptgerichte-at\">Hauptgerichte<\/a><a href=\"https:\/\/blendtec.de\/at\/rezept-suche\/rezept-kategorie\/smoothies-at\">Smoothies<\/a><a href=\"https:\/\/blendtec.de\/at\/rezept-suche\/rezept-kategorie\/snacks-at\">Snacks<\/a><a href=\"https:\/\/blendtec.de\/at\/rezept-suche\/rezept-kategorie\/suppen-at\">Suppen<\/a><\/div><\/span><\/span><\/span><\/div><input aria-label=\"Find a recipe...\" class=\"cooked-browse-search\" type=\"text\" name=\"cooked_search_s\" value=\"\" placeholder=\"Find a recipe...\" \/><a aria-label=\"Search\" href=\"#\" class=\"cooked-browse-search-button\"><i class=\"cooked-icon cooked-icon-search\"><\/i><\/a><\/div><span class=\"cooked-sortby-wrap\"><select class=\"cooked-sortby-select\" name=\"cooked_browse_sort_by\"><option value=\"date_desc\" selected>Newest first<\/option><option value=\"date_asc\">Oldest first<\/option><option value=\"title_asc\">Alphabetical (A-Z)<\/option><option value=\"title_desc\">Alphabetical (Z-A)<\/option><\/select><\/span><\/form><\/section><section id=\"cooked-recipe-list-1\" class=\"cooked-clearfix cooked-recipe-grid cooked-recipe-loader cooked-columns-3\"><article class=\"cooked-recipe has-post-thumbnail cooked-recipe-card cooked-recipe-card-modern-centered\"><a href=\"https:\/\/blendtec.de\/at\/rezept\/cremige-tomaten-basilikum-suppe\/\" class=\"cooked-recipe-card-image\" style=\"background-image:url(https:\/\/blendtec.de\/wp-content\/uploads\/2019\/07\/Creamy_Tomato_Basil_Soup.jpg);\"><\/a><span class=\"cooked-recipe-card-content\"><a href=\"https:\/\/blendtec.de\/at\/rezept\/cremige-tomaten-basilikum-suppe\/\" class=\"cooked-recipe-card-title\">Cremige Tomaten-Basilikum Suppe<\/a><span class=\"cooked-recipe-card-sep\"><\/span><span class=\"cooked-recipe-card-excerpt\">Diese Version einer traditionellen Tomatensuppe bekommt durch die gekochten Bohnen eine besonders cremige Konsistenz. Ausprobieren lohnt sich! <\/span><\/span><\/article><article class=\"cooked-recipe has-post-thumbnail cooked-recipe-card cooked-recipe-card-modern-centered\"><a href=\"https:\/\/blendtec.de\/at\/rezept\/agua-fresca-de-sandia\/\" class=\"cooked-recipe-card-image\" style=\"background-image:url(https:\/\/blendtec.de\/wp-content\/uploads\/2019\/07\/agua_fresca_de_sandia.jpg);\"><\/a><span class=\"cooked-recipe-card-content\"><a href=\"https:\/\/blendtec.de\/at\/rezept\/agua-fresca-de-sandia\/\" class=\"cooked-recipe-card-title\">Agua Fresca de Sandia<\/a><span class=\"cooked-recipe-card-sep\"><\/span><span class=\"cooked-recipe-card-excerpt\">Agua Fresca de Sand\u00eda (gek\u00fchltes Wassermelonen-Getr\u00e4nk) ist die ideale Erfrischung in der Sommerhitze.<\/span><\/span><\/article><article class=\"cooked-recipe has-post-thumbnail cooked-recipe-card cooked-recipe-card-modern-centered\"><a href=\"https:\/\/blendtec.de\/at\/rezept\/apfelkuchen-smoothie\/\" class=\"cooked-recipe-card-image\" style=\"background-image:url(https:\/\/blendtec.de\/wp-content\/uploads\/2019\/07\/Apple-Pie-Smoothie.jpg);\"><\/a><span class=\"cooked-recipe-card-content\"><a href=\"https:\/\/blendtec.de\/at\/rezept\/apfelkuchen-smoothie\/\" class=\"cooked-recipe-card-title\">Apfelkuchen Smoothie<\/a><span class=\"cooked-recipe-card-sep\"><\/span><span class=\"cooked-recipe-card-excerpt\">Ohne lange Vorbereitungszeit ist dieser Apfelkuchen-Smoothie auch einmal eine tolle Dessert-Alternative.<\/span><\/span><\/article><article class=\"cooked-recipe has-post-thumbnail cooked-recipe-card cooked-recipe-card-modern-centered\"><a href=\"https:\/\/blendtec.de\/at\/rezept\/basis-rezept-fuer-gruene-smoothies\/\" class=\"cooked-recipe-card-image\" style=\"background-image:url(https:\/\/blendtec.de\/wp-content\/uploads\/2019\/07\/Basic-Green-Smoothie.jpg);\"><\/a><span class=\"cooked-recipe-card-content\"><a href=\"https:\/\/blendtec.de\/at\/rezept\/basis-rezept-fuer-gruene-smoothies\/\" class=\"cooked-recipe-card-title\">Basis Rezept f\u00fcr gr\u00fcne Smoothies<\/a><span class=\"cooked-recipe-card-sep\"><\/span><span class=\"cooked-recipe-card-excerpt\">Dieses Basis-Rezept ist ideal f\u00fcr gr\u00fcne Smoothie-Einsteiger. Dieselbe Zusammensetzung kann f\u00fcr verschiedene Obst- und Gem\u00fcsesorten angewendet werden.<\/span><\/span><\/article><article class=\"cooked-recipe has-post-thumbnail cooked-recipe-card cooked-recipe-card-modern-centered\"><a href=\"https:\/\/blendtec.de\/at\/rezept\/beeren-bananen-traum\/\" class=\"cooked-recipe-card-image\" style=\"background-image:url(https:\/\/blendtec.de\/wp-content\/uploads\/2019\/07\/berry_banana_blast.jpg);\"><\/a><span class=\"cooked-recipe-card-content\"><a href=\"https:\/\/blendtec.de\/at\/rezept\/beeren-bananen-traum\/\" class=\"cooked-recipe-card-title\">Beeren-Bananen Traum<\/a><span class=\"cooked-recipe-card-sep\"><\/span><span class=\"cooked-recipe-card-excerpt\">Blaubeeren beinhalten reichlich leistungssteigernde Antioxidantien, die freie Radikale in deinem K\u00f6rper neutralisieren. Diese Beere ist also nicht nur sehr gut f\u00fcr deine Gesundheit, sondern macht sich zudem sehr gut in Smoothies! <\/span><\/span><\/article><article class=\"cooked-recipe has-post-thumbnail cooked-recipe-card cooked-recipe-card-modern-centered\"><a href=\"https:\/\/blendtec.de\/at\/rezept\/beerenstarker-smoothie\/\" class=\"cooked-recipe-card-image\" style=\"background-image:url(https:\/\/blendtec.de\/wp-content\/uploads\/2019\/07\/BerriedUpToHere.jpg);\"><\/a><span class=\"cooked-recipe-card-content\"><a href=\"https:\/\/blendtec.de\/at\/rezept\/beerenstarker-smoothie\/\" class=\"cooked-recipe-card-title\">Beerenstarker Smoothie<\/a><span class=\"cooked-recipe-card-sep\"><\/span><span class=\"cooked-recipe-card-excerpt\">Dieser Smoothie enth\u00e4lt verschiedene leckere Beeren, s\u00fc\u00df und reich an Antioxidantien. Beeren f\u00f6rdern durch die Inhaltsstoffe deine Konzentrationsf\u00e4higkeit mehr, als manch andere Lebensmittel. <\/span><\/span><\/article><article class=\"cooked-recipe has-post-thumbnail cooked-recipe-card cooked-recipe-card-modern-centered\"><a href=\"https:\/\/blendtec.de\/at\/rezept\/blaubeer-haferflocken-smoothie\/\" class=\"cooked-recipe-card-image\" style=\"background-image:url(https:\/\/blendtec.de\/wp-content\/uploads\/2019\/07\/BlueberryOatmealSmoothie.jpg);\"><\/a><span class=\"cooked-recipe-card-content\"><a href=\"https:\/\/blendtec.de\/at\/rezept\/blaubeer-haferflocken-smoothie\/\" class=\"cooked-recipe-card-title\">Blaubeer-Haferflocken-Smoothie<\/a><span class=\"cooked-recipe-card-sep\"><\/span><span class=\"cooked-recipe-card-excerpt\">S\u00e4ttigend und fruchtig \u2013 dieser vegane Smoothie enth\u00e4lt mehr als 20 % deines t\u00e4glichen Bedarfs an Ballaststoffen.  <\/span><\/span><\/article><article class=\"cooked-recipe has-post-thumbnail cooked-recipe-card cooked-recipe-card-modern-centered\"><a href=\"https:\/\/blendtec.de\/at\/rezept\/cantaloupe-veggie-smoothie\/\" class=\"cooked-recipe-card-image\" style=\"background-image:url(https:\/\/blendtec.de\/wp-content\/uploads\/2019\/07\/Canteloupe-Veggie-Juice.jpg);\"><\/a><span class=\"cooked-recipe-card-content\"><a href=\"https:\/\/blendtec.de\/at\/rezept\/cantaloupe-veggie-smoothie\/\" class=\"cooked-recipe-card-title\">Cantaloupe-Veggie Smoothie<\/a><span class=\"cooked-recipe-card-sep\"><\/span><span class=\"cooked-recipe-card-excerpt\">Genie\u00dfe die Sommer-Fr\u00fcchte auf erfrischende Art. Eine Portion enth\u00e4lt 130 % der empfohlenen Tagesdosis an Vitamin A und 83 % des empfohlenen Tagesbedarfs an Vitamin C. Kinder lieben diesen kalorienarmen und leckeren Smoothie. <\/span><\/span><\/article><article class=\"cooked-recipe has-post-thumbnail cooked-recipe-card cooked-recipe-card-modern-centered\"><a href=\"https:\/\/blendtec.de\/at\/rezept\/citrus-sunrise-saft\/\" class=\"cooked-recipe-card-image\" style=\"background-image:url(https:\/\/blendtec.de\/wp-content\/uploads\/2019\/07\/SunriseBeetJuice.jpg);\"><\/a><span class=\"cooked-recipe-card-content\"><a href=\"https:\/\/blendtec.de\/at\/rezept\/citrus-sunrise-saft\/\" class=\"cooked-recipe-card-title\">Citrus Sunrise Saft<\/a><span class=\"cooked-recipe-card-sep\"><\/span><span class=\"cooked-recipe-card-excerpt\">Vollgepackt mit Vitamin C und Beta-Carotin ist dieser s\u00fc\u00dfe Saft. Eine gute M\u00f6glichkeit um in den Tag zu starten!<\/span><\/span><\/article><\/section><div class=\"cooked-pagination-numbered cooked-clearfix\"><span aria-label=\"Page 1\" aria-current=\"page\" class=\"page-numbers current\">1<\/span>\n<a aria-label=\"Page 2\" class=\"page-numbers\" href=\"https:\/\/blendtec.de\/at\/wp-json\/wp\/v2\/pages\/29843\/page\/2\/\">2<\/a>\n<a aria-label=\"Page 3\" class=\"page-numbers\" href=\"https:\/\/blendtec.de\/at\/wp-json\/wp\/v2\/pages\/29843\/page\/3\/\">3<\/a>\n<span class=\"page-numbers dots\">&hellip;<\/span>\n<a aria-label=\"Page 19\" class=\"page-numbers\" href=\"https:\/\/blendtec.de\/at\/wp-json\/wp\/v2\/pages\/29843\/page\/19\/\">19<\/a>\n<a class=\"next page-numbers\" href=\"https:\/\/blendtec.de\/at\/wp-json\/wp\/v2\/pages\/29843\/page\/2\/\"><i class=\"cooked-icon cooked-icon-angle-right\"><\/i><\/a><\/div>\n","protected":false},"excerpt":{"rendered":"","protected":false},"author":177,"featured_media":0,"parent":0,"menu_order":0,"comment_status":"closed","ping_status":"closed","template":"","meta":{"footnotes":""},"class_list":["post-29843","page","type-page","status-publish","hentry"],"_links":{"self":[{"href":"https:\/\/blendtec.de\/at\/wp-json\/wp\/v2\/pages\/29843","targetHints":{"allow":["GET"]}}],"collection":[{"href":"https:\/\/blendtec.de\/at\/wp-json\/wp\/v2\/pages"}],"about":[{"href":"https:\/\/blendtec.de\/at\/wp-json\/wp\/v2\/types\/page"}],"author":[{"embeddable":true,"href":"https:\/\/blendtec.de\/at\/wp-json\/wp\/v2\/users\/177"}],"replies":[{"embeddable":true,"href":"https:\/\/blendtec.de\/at\/wp-json\/wp\/v2\/comments?post=29843"}],"version-history":[{"count":0,"href":"https:\/\/blendtec.de\/at\/wp-json\/wp\/v2\/pages\/29843\/revisions"}],"wp:attachment":[{"href":"https:\/\/blendtec.de\/at\/wp-json\/wp\/v2\/media?parent=29843"}],"curies":[{"name":"wp","href":"https:\/\/api.w.org\/{rel}","templated":true}]}}