{"id":5493,"date":"2019-07-05T12:24:39","date_gmt":"2019-07-05T10:24:39","guid":{"rendered":"https:\/\/dev.blendtec.de\/gewerbe-behaelter\/"},"modified":"2022-08-08T13:56:52","modified_gmt":"2022-08-08T11:56:52","slug":"gewerbe-behaelter","status":"publish","type":"page","link":"https:\/\/blendtec.de\/at\/gewerbe-behaelter\/","title":{"rendered":"Gewerbe Beh\u00e4lter"},"content":{"rendered":"<div class=\"row row-box-shadow-3\"  id=\"row-591238169\">\n\n\t<div id=\"col-1655384480\" class=\"col medium-3 small-12 large-3\"  >\n\t\t\t\t<div class=\"col-inner\"  >\n\t\t\t\n\t\t\t\n\t<div class=\"box has-hover   has-hover box-text-bottom\" >\n\n\t\t<div class=\"box-image\" >\n\t\t\t<a href=\"#Twister-Jar\" >\t\t\t<div class=\"\" >\n\t\t\t\t\t\t\t\t\t\t\t\t\t\t\t<\/div>\n\t\t\t<\/a>\t\t<\/div>\n\n\t\t<div class=\"box-text text-center\" >\n\t\t\t<div class=\"box-text-inner\">\n\t\t\t\t\n<p>\u00a0<\/p>\n<h4>Twister Jar<\/h4>\n<p>F\u00fcr besonders dickfl\u00fcssige Mixturen wie z. B. Nussbutter, Hummus, Eiscreme etc.<\/p>\n\t\t\t<\/div>\n\t\t<\/div>\n\t<\/div>\n\t\n\t\t<\/div>\n\t\t\t\t\t<\/div>\n\n\t\n\n\t<div id=\"col-315835503\" class=\"col medium-3 small-12 large-3\"  >\n\t\t\t\t<div class=\"col-inner\"  >\n\t\t\t\n\t\t\t\n\t<div class=\"box has-hover   has-hover box-text-bottom\" >\n\n\t\t<div class=\"box-image\" >\n\t\t\t<a href=\"#Mini-WildSide-Jar\" >\t\t\t<div class=\"\" >\n\t\t\t\t\t\t\t\t\t\t\t\t\t\t\t<\/div>\n\t\t\t<\/a>\t\t<\/div>\n\n\t\t<div class=\"box-text text-center\" >\n\t\t\t<div class=\"box-text-inner\">\n\t\t\t\t\n<p>&nbsp;<\/p>\n<h4>Mini WildSide Jar<\/h4>\n<p>1.1L Kapazit\u00e4t<br \/>\nIdeal f\u00fcr kleine Portionen &#8211; Perfekt f\u00fcr Single Haushalte<\/p>\n\t\t\t<\/div>\n\t\t<\/div>\n\t<\/div>\n\t\n\t\t<\/div>\n\t\t\t\t\t<\/div>\n\n\t\n\n\t<div id=\"col-1107055448\" class=\"col medium-3 small-12 large-3\"  >\n\t\t\t\t<div class=\"col-inner\"  >\n\t\t\t\n\t\t\t\n\t<div class=\"box has-hover   has-hover box-text-bottom\" >\n\n\t\t<div class=\"box-image\" >\n\t\t\t<a href=\"#FourSide-Jar\" >\t\t\t<div class=\"\" >\n\t\t\t\t\t\t\t\t\t\t\t\t\t\t\t<\/div>\n\t\t\t<\/a>\t\t<\/div>\n\n\t\t<div class=\"box-text text-center\" >\n\t\t\t<div class=\"box-text-inner\">\n\t\t\t\t\n<p>&nbsp;<\/p>\n<h4>FourSide Jar<\/h4>\n<p>2.2L Kapazit\u00e4t<br \/>\nDer original Blendtec Beh\u00e4lter den den Markt revolutioniert hat.<\/p>\n\t\t\t<\/div>\n\t\t<\/div>\n\t<\/div>\n\t\n\t\t<\/div>\n\t\t\t\t\t<\/div>\n\n\t\n\n\t<div id=\"col-1532743590\" class=\"col medium-3 small-12 large-3\"  >\n\t\t\t\t<div class=\"col-inner\"  >\n\t\t\t\n\t\t\t\n\t<div class=\"box has-hover   has-hover box-text-bottom\" >\n\n\t\t<div class=\"box-image\" >\n\t\t\t<a href=\"#WildSide-Jar\" >\t\t\t<div class=\"\" >\n\t\t\t\t<img loading=\"lazy\" decoding=\"async\" width=\"401\" height=\"500\" src=\"https:\/\/blendtec.de\/wp-content\/uploads\/2019\/07\/Blue-Jar-Front-View.jpg\" class=\"attachment- size-\" alt=\"\" \/>\t\t\t\t\t\t\t\t\t\t\t<\/div>\n\t\t\t<\/a>\t\t<\/div>\n\n\t\t<div class=\"box-text text-center\" >\n\t\t\t<div class=\"box-text-inner\">\n\t\t\t\t\n<p>&nbsp;<\/p>\n<h4>WildSide+ Jar<\/h4>\n<p>2.6L Kapazit\u00e4t<br \/>\nDer Ideal Kandidat f\u00fcr high-performance blending<\/p>\n\t\t\t<\/div>\n\t\t<\/div>\n\t<\/div>\n\t\n\t\t<\/div>\n\t\t\t\t\t<\/div>\n\n\t\n<\/div>\n<div class=\"row row-box-shadow-3\"  id=\"row-1640019877\">\n\n\t<div id=\"col-308410199\" class=\"col medium-3 small-12 large-3\"  >\n\t\t\t\t<div class=\"col-inner\"  >\n\t\t\t\n\t\t\t\n\t<div class=\"box has-hover   has-hover box-text-bottom\" >\n\n\t\t<div class=\"box-image\" >\n\t\t\t<a href=\"#Frothing-Jar\" >\t\t\t<div class=\"\" >\n\t\t\t\t<img loading=\"lazy\" decoding=\"async\" width=\"400\" height=\"397\" src=\"https:\/\/blendtec.de\/wp-content\/uploads\/2018\/12\/lighter-1-1.png\" class=\"attachment- size-\" alt=\"\" srcset=\"https:\/\/blendtec.de\/wp-content\/uploads\/2018\/12\/lighter-1-1.png 400w, https:\/\/blendtec.de\/wp-content\/uploads\/2018\/12\/lighter-1-1-100x100.png 100w\" sizes=\"auto, (max-width: 400px) 100vw, 400px\" \/>\t\t\t\t\t\t\t\t\t\t\t<\/div>\n\t\t\t<\/a>\t\t<\/div>\n\n\t\t<div class=\"box-text text-center\" >\n\t\t\t<div class=\"box-text-inner\">\n\t\t\t\t\n<p>\u00a0<\/p>\n<h4>Blendtec Frothing (Kaltschaum) Jar<\/h4>\n<p>1L Kapazit\u00e4t<br \/>F\u00fcr seidenweichen, mousse\u00e4hnlichen dicken Schaum<\/p>\n\t\t\t<\/div>\n\t\t<\/div>\n\t<\/div>\n\t\n\t\t<\/div>\n\t\t\t\t\t<\/div>\n\n\t\n\n\t<div id=\"col-1659954653\" class=\"col medium-9 small-6 large-9\"  >\n\t\t\t\t<div class=\"col-inner\"  >\n\t\t\t\n\t\t\t\n\t<div class=\"img has-hover x md-x lg-x y md-y lg-y\" id=\"image_1496942379\">\n\t\t\t\t\t\t\t\t<div class=\"img-inner image-cover dark\" style=\"padding-top:402px;\">\n\t\t\t<img loading=\"lazy\" decoding=\"async\" width=\"737\" height=\"491\" src=\"https:\/\/blendtec.de\/wp-content\/uploads\/2019\/07\/jar-1.jpg\" class=\"attachment-large size-large\" alt=\"\" srcset=\"https:\/\/blendtec.de\/wp-content\/uploads\/2019\/07\/jar-1.jpg 737w, https:\/\/blendtec.de\/wp-content\/uploads\/2019\/07\/jar-1-510x340.jpg 510w, https:\/\/blendtec.de\/wp-content\/uploads\/2019\/07\/jar-1-600x400.jpg 600w, https:\/\/blendtec.de\/wp-content\/uploads\/2019\/07\/jar-1-500x333.jpg 500w\" sizes=\"auto, (max-width: 737px) 100vw, 737px\" \/>\t\t\t\t\t\t\n\t\t\t\t\t<\/div>\n\t\t\t\t\t\t\t\t\n<style>\n#image_1496942379 {\n  width: 100%;\n}\n<\/style>\n\t<\/div>\n\t\n\t\t<\/div>\n\t\t\t\t\t<\/div>\n\n\t\n<\/div>\n<span class=\"scroll-to\" data-label=\"Scroll to: #Twister-Jar\" data-bullet=\"false\" data-link=\"#Twister-Jar\" data-title=\"Twister Jar\"><a name=\"Twister-Jar\"><\/a><\/span>\n<div class=\"row align-middle\"  id=\"row-2022268569\">\n\n\t<div id=\"col-1834338465\" class=\"col medium-6 small-12 large-6\"  >\n\t\t\t\t<div class=\"col-inner\"  >\n\t\t\t\n\t\t\t\n\t<div class=\"img has-hover x md-x lg-x y md-y lg-y\" id=\"image_1124938549\">\n\t\t\t\t\t\t\t\t<div class=\"img-inner dark\" >\n\t\t\t<img loading=\"lazy\" decoding=\"async\" width=\"800\" height=\"800\" src=\"https:\/\/blendtec.de\/wp-content\/uploads\/2017\/01\/Twister-with-gripper-lid-800x800.jpg\" class=\"attachment-large size-large\" alt=\"\" srcset=\"https:\/\/blendtec.de\/wp-content\/uploads\/2017\/01\/Twister-with-gripper-lid-800x800.jpg 800w, https:\/\/blendtec.de\/wp-content\/uploads\/2017\/01\/Twister-with-gripper-lid-100x100.jpg 100w, https:\/\/blendtec.de\/wp-content\/uploads\/2017\/01\/Twister-with-gripper-lid-510x510.jpg 510w, https:\/\/blendtec.de\/wp-content\/uploads\/2017\/01\/Twister-with-gripper-lid-280x280.jpg 280w, https:\/\/blendtec.de\/wp-content\/uploads\/2017\/01\/Twister-with-gripper-lid-400x400.jpg 400w, https:\/\/blendtec.de\/wp-content\/uploads\/2017\/01\/Twister-with-gripper-lid-768x768.jpg 768w, https:\/\/blendtec.de\/wp-content\/uploads\/2017\/01\/Twister-with-gripper-lid-500x500.jpg 500w\" sizes=\"auto, (max-width: 800px) 100vw, 800px\" \/>\t\t\t\t\t\t\n\t\t\t\t\t<\/div>\n\t\t\t\t\t\t\t\t\n<style>\n#image_1124938549 {\n  width: 100%;\n}\n<\/style>\n\t<\/div>\n\t\n<div class=\"video video-fit mb\" style=\"padding-top:0%;\"><div class=\"epyt-video-wrapper\"><iframe loading=\"lazy\"  id=\"_ytid_72875\"  width=\"1020\" height=\"574\"  data-origwidth=\"1020\" data-origheight=\"574\" src=\"https:\/\/www.youtube-nocookie.com\/embed\/nfoE3e9apgI?enablejsapi=1&#038;autoplay=0&#038;cc_load_policy=0&#038;cc_lang_pref=&#038;iv_load_policy=1&#038;loop=0&#038;rel=0&#038;fs=1&#038;playsinline=1&#038;autohide=2&#038;theme=dark&#038;color=red&#038;controls=1&#038;disablekb=0&#038;\" class=\"__youtube_prefs__  epyt-is-override  no-lazyload\" title=\"YouTube player\"  allow=\"fullscreen; accelerometer; autoplay; clipboard-write; encrypted-media; gyroscope; picture-in-picture; web-share\" referrerpolicy=\"strict-origin-when-cross-origin\" allowfullscreen data-no-lazy=\"1\" data-skipgform_ajax_framebjll=\"\"><\/iframe><\/div>\n<\/div>\n\t\t<\/div>\n\t\t\t\t\t<\/div>\n\n\t\n\n\t<div id=\"col-1865395009\" class=\"col medium-6 small-12 large-6\"  >\n\t\t\t\t<div class=\"col-inner\"  >\n\t\t\t\n\t\t\t\n<h2>Blendtec Twister Jar<\/h2>\n<p>F\u00fcr die dickfl\u00fcssigsten Rezepte Der Twister Jar ist der erste Beh\u00e4lter seiner Art. Er kommt inkl. patentierten Schabern, welchen ihn zum idealen Beh\u00e4lter f\u00fcr dickfl\u00fcssige Rezepte machen! Einfach den Deckel w\u00e4hrend dem Mixen drehen. Das Patentierte Design dr\u00e4ngt die Zutaten von den Seiten zur\u00fcck zur Klinge.<\/p>\n<p>Der Twister Beh\u00e4lter hat folgende Besonderheiten:<\/p>\n<ul>\n<li>Extra-starke patentierte Klinge Einfach abzulesende Markierungen am Beh\u00e4lter<\/li>\n<li>Gefertigt aus Stabilem, BPA freiem, Copolyester<\/li>\n<li>Kompatibel mit allen Blendtec Haushalts Blendern<\/li>\n<\/ul>\n<p>Der Twister jar ist Ideal f\u00fcr:<\/p>\n<ul>\n<li>Brot &amp; Cookie Kr\u00fcmel<\/li>\n<li>Nussbutter<\/li>\n<li>Hummus<\/li>\n<li>Babynahrung<\/li>\n<li>Kleinmengen<\/li>\n<\/ul>\n<p>Die Bedienung ist ganz einfach. Zutaten hinzuf\u00fcgen, Blender einschalten und den Twister Deckel gegen den Uhrzeigersinn drehen bis die gew\u00fcnschte Konsistenz erreicht ist. Diese Drehbewegung dr\u00e4ngt die Zutaten von den Beh\u00e4lterw\u00e4nden zur\u00fcck zur Klinge f\u00fcr ein perfektes Ergebnis.<\/p>\n<p>Auch inbegriffen ist ein Spectacula\u2122 Schaber\u2014speziell entwickelt f\u00fcr den Twister Jar. Der Spatula hat genau die richtige L\u00e4nge und Form um die fertige Mixtur bequem aus dem Beh\u00e4lter zu bekommen.<\/p>\n<p>\u00a0 \u00a0 \u00a0<\/p>\n<a href=\"\/produkt\/twister-jar\/\" class=\"button primary\" >\n\t\t<span>Mehr Details<\/span>\n\t<\/a>\n\n\t\t<\/div>\n\t\t\t\t\t<\/div>\n\n\t\n<\/div>\n<div class=\"is-divider divider clearfix\" style=\"max-width:100%;\"><\/div>\n<span class=\"scroll-to\" data-label=\"Scroll to: #Mini-WildSide-Jar\" data-bullet=\"false\" data-link=\"#Mini-WildSide-Jar\" data-title=\"Mini WildSide jar\"><a name=\"Mini-WildSide-Jar\"><\/a><\/span>\n<div class=\"row\"  id=\"row-1966488441\">\n\n\t<div id=\"col-1648798927\" class=\"col medium-6 small-12 large-6\"  >\n\t\t\t\t<div class=\"col-inner\"  >\n\t\t\t\n\t\t\t\n<h2>Blendtec Mini WildSide Jar<\/h2>\n<p>Der Mini WildSide mixt ganz einfach kleine Mengen Ihrer Rezepturen in sekundenschnelle.<\/p>\n<ul>\n<li>Perfekt f\u00fcr Einzel-Portionen<\/li>\n<li>Der einklinkende Deckel h\u00e4lt selbst<\/li>\n<li>Die patentierte stumpfe Sicherheitsklinge ist 80 % dicker und 10x st\u00e4rker als andere Klingen<\/li>\n<li>Die Safeblade Technologie erlaubt sicheres und einfaches Reinigen<\/li>\n<li>Einfach abzulesende Markierungen am Beh\u00e4lter Gefertigt aus stabilem, BPA-freiem, Copolyester<\/li>\n<li>Kompatibel mit allen Blendtec Blendern<\/li>\n<\/ul>\n<p>Der Mini WildSide Beh\u00e4lter ist der kleine Bruder des WildSide+ Beh\u00e4lters und perfekt um geringe Mengen Ihrer Zutaten zu verarbeiten f\u00fcr z.B. Salat Dressings.<\/p>\n<a href=\"\/produkt\/mini-wildside-jar\/\" class=\"button primary\" >\n\t\t<span>Mehr Details<\/span>\n\t<\/a>\n\n\t\t<\/div>\n\t\t\t\t\t<\/div>\n\n\t\n\n\t<div id=\"col-1660911174\" class=\"col medium-6 small-12 large-6\"  >\n\t\t\t\t<div class=\"col-inner\"  >\n\t\t\t\n\t\t\t\n\t<div class=\"img has-hover x md-x lg-x y md-y lg-y\" id=\"image_478557904\">\n\t\t\t\t\t\t\t\t<div class=\"img-inner dark\" >\n\t\t\t\t\t\t\t\t\t\n\t\t\t\t\t<\/div>\n\t\t\t\t\t\t\t\t\n<style>\n#image_478557904 {\n  width: 72%;\n}\n<\/style>\n\t<\/div>\n\t\n\t\t<\/div>\n\t\t\t\t\t<\/div>\n\n\t\n<\/div>\n<div class=\"is-divider divider clearfix\" style=\"max-width:100%;\"><\/div>\n<span class=\"scroll-to\" data-label=\"Scroll to: #FourSide-Jar\" data-bullet=\"false\" data-link=\"#FourSide-Jar\" data-title=\"FourSide-Jar\"><a name=\"FourSide-Jar\"><\/a><\/span>\n<div class=\"row\"  id=\"row-713165072\">\n\n\t<div id=\"col-2128062522\" class=\"col medium-6 small-12 large-6\"  >\n\t\t\t\t<div class=\"col-inner\"  >\n\t\t\t\n\t\t\t\n\t<div class=\"img has-hover x md-x lg-x y md-y lg-y\" id=\"image_942037911\">\n\t\t\t\t\t\t\t\t<div class=\"img-inner dark\" >\n\t\t\t<img loading=\"lazy\" decoding=\"async\" width=\"728\" height=\"400\" src=\"https:\/\/blendtec.de\/wp-content\/uploads\/2018\/12\/Blendtec-fs-Colored-Lids.jpg\" class=\"attachment-large size-large\" alt=\"\" srcset=\"https:\/\/blendtec.de\/wp-content\/uploads\/2018\/12\/Blendtec-fs-Colored-Lids.jpg 728w, https:\/\/blendtec.de\/wp-content\/uploads\/2018\/12\/Blendtec-fs-Colored-Lids-510x280.jpg 510w, https:\/\/blendtec.de\/wp-content\/uploads\/2018\/12\/Blendtec-fs-Colored-Lids-500x275.jpg 500w\" sizes=\"auto, (max-width: 728px) 100vw, 728px\" \/>\t\t\t\t\t\t\n\t\t\t\t\t<\/div>\n\t\t\t\t\t\t\t\t\n<style>\n#image_942037911 {\n  width: 100%;\n}\n<\/style>\n\t<\/div>\n\t\n\t<div class=\"img has-hover x md-x lg-x y md-y lg-y\" id=\"image_1452483875\">\n\t\t\t\t\t\t\t\t<div class=\"img-inner dark\" >\n\t\t\t<img loading=\"lazy\" decoding=\"async\" width=\"400\" height=\"401\" src=\"https:\/\/blendtec.de\/wp-content\/uploads\/2019\/07\/FourSide-Blendtec.jpg\" class=\"attachment-large size-large\" alt=\"\" srcset=\"https:\/\/blendtec.de\/wp-content\/uploads\/2019\/07\/FourSide-Blendtec.jpg 400w, https:\/\/blendtec.de\/wp-content\/uploads\/2019\/07\/FourSide-Blendtec-100x100.jpg 100w, https:\/\/blendtec.de\/wp-content\/uploads\/2019\/07\/FourSide-Blendtec-280x280.jpg 280w, https:\/\/blendtec.de\/wp-content\/uploads\/2019\/07\/FourSide-Blendtec-399x400.jpg 399w\" sizes=\"auto, (max-width: 400px) 100vw, 400px\" \/>\t\t\t\t\t\t\n\t\t\t\t\t<\/div>\n\t\t\t\t\t\t\t\t\n<style>\n#image_1452483875 {\n  width: 100%;\n}\n<\/style>\n\t<\/div>\n\t\n\t\t<\/div>\n\t\t\t\t\t<\/div>\n\n\t\n\n\t<div id=\"col-1491030497\" class=\"col medium-6 small-12 large-6\"  >\n\t\t\t\t<div class=\"col-inner\"  >\n\t\t\t\n\t\t\t\n<h2>Blendtec FourSide Jar Gewerbe <\/h2>\n<p>Als er auf den Markt eingef\u00fchrt wurde, setzte der FourSide Beh\u00e4lter einen neuen Trend auf dem kommerziellen Blender Markt. Es war daher keine \u00dcberraschung, dass er gewerblich rund um den Globus so beliebt sein w\u00fcrde. Der FourSide Beh\u00e4lter ist kompatibel mit allen Blendtec-Modellen.<\/p>\n<p>Die farbigen Beh\u00e4lter sind in kommerzieller Umgebung gro\u00dfartig, um sicherzustellen, dass z.B. Milchprodukte und Rezepte auf Sojabasis nicht durcheinandergeraten. Farbige Beh\u00e4lter und Deckel machen es Ihnen und Ihren Mitarbeitern leicht, jedes Mal schnell den richtigen Beh\u00e4lter auszuw\u00e4hlen, um eine Kreuzkontamination von Allergenen zu verhindern.<\/p>\n<p>Der FourSide Jar nutzt die Leistung ihres Blendtec effektiv.<\/p>\n<ul>\n<li>Die stumpfe Sicherheitsklinge ist dicker und st\u00e4rker als andere Klingen auf dem Markt<\/li>\n<li>Die Beh\u00e4lter ist aus schlagfestem, BPA-freiem Copolyester hergestellt<\/li>\n<li>Kompatibel mit allen Blendtec Blendern.<\/li>\n<\/ul>\n<p>Die quadratische Form des FourSide Jars mixt viel besser als traditionelle runde Beh\u00e4lter. Das Gef\u00e4\u00df erzeugt auch mehr Reibung, welches zur Erw\u00e4rmung von Suppen und hei\u00dfen Getr\u00e4nken hilfreich ist. Es ist auch besonders gut zum Mahlen von Getreide und die Herstellung kleinerer Mengen.<\/p>\n<h4>Der FourSide ist ideal f\u00fcr:<\/h4>\n<ul>\n<li>Eis<\/li>\n<li>Mahlen von Getreide<\/li>\n<li>Suppen<\/li>\n<li>Smoothies<\/li>\n<li>Dips<\/li>\n<li>Ausbackteig<\/li>\n<\/ul>\n<a href=\"\/produkt\/fourside-jar-gewerbe\/\" class=\"button primary\" >\n\t\t<span>Mehr Details<\/span>\n\t<\/a>\n\n\t\t<\/div>\n\t\t\t\t\t<\/div>\n\n\t\n<\/div>\n<div class=\"is-divider divider clearfix\" style=\"max-width:100%;\"><\/div>\n<span class=\"scroll-to\" data-label=\"Scroll to: #WildSide-Jar\" data-bullet=\"false\" data-link=\"#WildSide-Jar\" data-title=\"WildSide+ Jar\"><a name=\"WildSide-Jar\"><\/a><\/span>\n<div class=\"row\"  id=\"row-291099244\">\n\n\t<div id=\"col-1104981381\" class=\"col medium-6 small-12 large-6\"  >\n\t\t\t\t<div class=\"col-inner\"  >\n\t\t\t\n\t\t\t\n<h2>Blendtec WildSide+ Jar Gewerbe<\/h2>\n<p>Die farbigen Beh\u00e4lter sind in kommerzieller Umgebung gro\u00dfartig um sicherzustellen, dass z.B. Milchprodukte und Rezepte auf Soja-Basis nicht durcheinander geraten. Farbige Beh\u00e4lter und Deckel machen es Ihnen und Ihren Mitarbeitern leicht, jedes Mal schnell den richtigen Beh\u00e4lter auszuw\u00e4hlen, um eine Kreuzkontamination von Allergenen zu verhindern.<\/p>\n<p>Der WildSide+ Beh\u00e4lter in Kombination mit ihrem Blendtec Mixer bringt maximale Leistung.<\/p>\n<ul>\n<li>Erh\u00f6ht die Mischeffektivit\u00e4t gefrorener Zutaten um 25%<\/li>\n<li>Stumpfe Sicherheitsklingen sind bis zu 80% dicker und 10 mal stabiler als andere Klingen<\/li>\n<li>Die patentierte schmale f\u00fcnfte Seite erm\u00f6glicht es schneller, gr\u00f6\u00dfere Mengen zu verarbeiten<\/li>\n<li>Gefertigt aus stabilem, BPA-freiem Copolyester<\/li>\n<li>Kompatibel mit allen Blendtec Haushalts Blendern<\/li>\n<\/ul>\n<p>Der WildSide+ ist perfekt geeignet f\u00fcr:<\/p>\n<ul>\n<li>Gr\u00f6\u00dfere Mengen<\/li>\n<li>Volumin\u00f6se Rezepte<\/li>\n<li>Brotteig<\/li>\n<li>Smoothies<\/li>\n<li>Dips<\/li>\n<li>Teig<\/li>\n<\/ul>\n<p>Der patentierte WildSide+ bietet eine extraweite Form f\u00fcr mehr Volumen. Die schmale f\u00fcnfte Seite sowie die zwei vertikalen Stege auf der Innenseite st\u00f6ren den nat\u00fcrlichen Fluss der Mixtur und sorgen somit f\u00fcr maximale Mixleistung, selbst bei gr\u00f6\u00dferen Mengen und gefrorenen Zutaten.<\/p>\n<a href=\"\/produkt\/wildside-jar-gewerbe\/\" class=\"button primary\" >\n\t\t<span>Mehr Details<\/span>\n\t<\/a>\n\n\t\t<\/div>\n\t\t\t\t\t<\/div>\n\n\t\n\n\t<div id=\"col-32061509\" class=\"col medium-6 small-12 large-6\"  >\n\t\t\t\t<div class=\"col-inner\"  >\n\t\t\t\n\t\t\t\n\t<div class=\"img has-hover x md-x lg-x y md-y lg-y\" id=\"image_215137127\">\n\t\t\t\t\t\t\t\t<div class=\"img-inner dark\" >\n\t\t\t<img loading=\"lazy\" decoding=\"async\" width=\"401\" height=\"500\" src=\"https:\/\/blendtec.de\/wp-content\/uploads\/2019\/07\/Blue-Jar-Front-View.jpg\" class=\"attachment-large size-large\" alt=\"\" \/>\t\t\t\t\t\t\n\t\t\t\t\t<\/div>\n\t\t\t\t\t\t\t\t\n<style>\n#image_215137127 {\n  width: 100%;\n}\n<\/style>\n\t<\/div>\n\t\n\t<div class=\"img has-hover x md-x lg-x y md-y lg-y\" id=\"image_607434897\">\n\t\t\t\t\t\t\t\t<div class=\"img-inner dark\" >\n\t\t\t<img loading=\"lazy\" decoding=\"async\" width=\"400\" height=\"391\" src=\"https:\/\/blendtec.de\/wp-content\/uploads\/2019\/07\/Blue-Jar-Top-View.jpg\" class=\"attachment-large size-large\" alt=\"\" \/>\t\t\t\t\t\t\n\t\t\t\t\t<\/div>\n\t\t\t\t\t\t\t\t\n<style>\n#image_607434897 {\n  width: 100%;\n}\n<\/style>\n\t<\/div>\n\t\n\t\t<\/div>\n\t\t\t\t\t<\/div>\n\n\t\n<\/div>\n<div class=\"is-divider divider clearfix\" style=\"max-width:100%;\"><\/div>\n<span class=\"scroll-to\" data-label=\"Scroll to: #Frothing-Jar\" data-bullet=\"false\" data-link=\"#Frothing-Jar\" data-title=\"Frothing-Jar\"><a name=\"Frothing-Jar\"><\/a><\/span>\n<div class=\"row\"  id=\"row-1455463384\">\n\n\t<div id=\"col-1222296280\" class=\"col medium-6 small-12 large-6\"  >\n\t\t\t\t<div class=\"col-inner\"  >\n\t\t\t\n\t\t\t\n\t<div class=\"img has-hover x md-x lg-x y md-y lg-y\" id=\"image_1585432566\">\n\t\t\t\t\t\t\t\t<div class=\"img-inner dark\" >\n\t\t\t<img loading=\"lazy\" decoding=\"async\" width=\"600\" height=\"800\" src=\"https:\/\/blendtec.de\/wp-content\/uploads\/2018\/12\/foam-4-600x800.jpg\" class=\"attachment-large size-large\" alt=\"\" srcset=\"https:\/\/blendtec.de\/wp-content\/uploads\/2018\/12\/foam-4-600x800.jpg 600w, https:\/\/blendtec.de\/wp-content\/uploads\/2018\/12\/foam-4-510x680.jpg 510w, https:\/\/blendtec.de\/wp-content\/uploads\/2018\/12\/foam-4-300x400.jpg 300w, https:\/\/blendtec.de\/wp-content\/uploads\/2018\/12\/foam-4-500x667.jpg 500w, https:\/\/blendtec.de\/wp-content\/uploads\/2018\/12\/foam-4.jpg 750w\" sizes=\"auto, (max-width: 600px) 100vw, 600px\" \/>\t\t\t\t\t\t\n\t\t\t\t\t<\/div>\n\t\t\t\t\t\t\t\t\n<style>\n#image_1585432566 {\n  width: 100%;\n}\n<\/style>\n\t<\/div>\n\t\n\t\t<\/div>\n\t\t\t\t\t<\/div>\n\n\t\n\n\t<div id=\"col-1508262999\" class=\"col medium-6 small-12 large-6\"  >\n\t\t\t\t<div class=\"col-inner\"  >\n\t\t\t\n\t\t\t\n<h2>Blendtec Frothing (Kaltschaum) Jar<\/h2>\n<p>Blendtec hat einen Beh\u00e4lter entwickelt, welches 200 ml kalte Magermilch (0% Fettgehalt) in nur 18 Sekunden in einen seidenweichen, mousse-\u00e4hnlichen dicken Schaum verwandelt. Ob als eigenst\u00e4ndiger Eiskaffee oder mit einer Vielzahl anderer Zutaten aromatisiert.<\/p>\n<p>Der Blendtec Foam Jar kann mit jedem Blendtec Blender verwendet werden.<\/p>\n<p><strong>Um kalten Schaum zu machen:<\/strong><\/p>\n<ul>\n<li>Gie\u00dfen Sie 200 ml kalte Milch* in den Blendtec Cold Foam Jar<\/li>\n<li>Stellen Sie das Programm auf \u201eCold Foam\u201c (kann online im BlendWizard heruntergeladen werden) oder lassen Sie den Blender f\u00fcr 18 Sekunden auf niedriger Geschwindigkeit laufen.<\/li>\n<li>Gie\u00dfen Sie den Schaum in die Tasse mit z.B. Cold Coffee oder dekorieren Sie Ihre Essenskreationen.<\/li>\n<li>200 ml f\u00fcllen ein etwa 0,33 L Glas mit Schaum.<\/li>\n<\/ul>\n<p>*Mager-Milch mit 0% Fettgehalt ist Ideal und gibt ein sehr festen Schaum, der auch perfekt zur Garnierung von Essenskreationen dient.\u00a0 F\u00fcr ein weniger steifes Resultat kann auch Milch mit 0.5 % Fettgehalt verwendet werden.<\/p>\n<a href=\"\/produkt\/blendtec-frothing-kaltschaum-jar\/\" class=\"button primary\" >\n\t\t<span>Mehr Details<\/span>\n\t<\/a>\n\n\t\t<\/div>\n\t\t\t\t\t<\/div>\n\n\t\n<\/div>\n","protected":false},"excerpt":{"rendered":"","protected":false},"author":177,"featured_media":0,"parent":0,"menu_order":0,"comment_status":"closed","ping_status":"closed","template":"","meta":{"footnotes":""},"class_list":["post-5493","page","type-page","status-publish","hentry"],"_links":{"self":[{"href":"https:\/\/blendtec.de\/at\/wp-json\/wp\/v2\/pages\/5493","targetHints":{"allow":["GET"]}}],"collection":[{"href":"https:\/\/blendtec.de\/at\/wp-json\/wp\/v2\/pages"}],"about":[{"href":"https:\/\/blendtec.de\/at\/wp-json\/wp\/v2\/types\/page"}],"author":[{"embeddable":true,"href":"https:\/\/blendtec.de\/at\/wp-json\/wp\/v2\/users\/177"}],"replies":[{"embeddable":true,"href":"https:\/\/blendtec.de\/at\/wp-json\/wp\/v2\/comments?post=5493"}],"version-history":[{"count":0,"href":"https:\/\/blendtec.de\/at\/wp-json\/wp\/v2\/pages\/5493\/revisions"}],"wp:attachment":[{"href":"https:\/\/blendtec.de\/at\/wp-json\/wp\/v2\/media?parent=5493"}],"curies":[{"name":"wp","href":"https:\/\/api.w.org\/{rel}","templated":true}]}}