{"id":5503,"date":"2019-07-01T13:58:25","date_gmt":"2019-07-01T11:58:25","guid":{"rendered":"https:\/\/dev.blendtec.de\/pro-serie\/"},"modified":"2022-04-25T09:32:08","modified_gmt":"2022-04-25T07:32:08","slug":"pro-serie","status":"publish","type":"page","link":"https:\/\/blendtec.de\/at\/pro-serie\/","title":{"rendered":"PRO SERIE"},"content":{"rendered":"\n  <div class=\"banner has-hover\" id=\"banner-738380473\">\n          <div class=\"banner-inner fill\">\n        <div class=\"banner-bg fill\" >\n            <img loading=\"lazy\" decoding=\"async\" width=\"1020\" height=\"408\" src=\"https:\/\/blendtec.de\/wp-content\/uploads\/2019\/07\/pro-blender-header.jpg\" class=\"bg attachment-large size-large\" alt=\"\" \/>                                    \n                    <\/div>\n\t\t\n        <div class=\"banner-layers container\">\n            <a class=\"fill\" href=\"https:\/\/blendtec.de\/de\/produkt\/professional-800\/\"><div class=\"fill banner-link\"><\/div><\/a>            \n   <div id=\"text-box-1726591260\" class=\"text-box banner-layer x5 md-x5 lg-x5 y50 md-y50 lg-y50 res-text\">\n                                <div class=\"text-box-content text dark\">\n              \n              <div class=\"text-inner text-left\">\n                  \n<h1 class=\"uppercase\"><span style=\"font-size: 75%;\"><strong>PRO SERIE<\/strong><\/span><\/h1>\n<h3>Mixen wie die Profis&#8230;..zu Hause\u00a0<\/h3>\n<p>Der H\u00f6hepunkt von kommerzieller Leistung und Innovation kommt zu dir nach Hause.<\/p>\n              <\/div>\n           <\/div>\n                            \n<style>\n#text-box-1726591260 {\n  width: 60%;\n}\n#text-box-1726591260 .text-box-content {\n  font-size: 100%;\n}\n@media (min-width:550px) {\n  #text-box-1726591260 {\n    width: 45%;\n  }\n}\n<\/style>\n    <\/div>\n \n        <\/div>\n      <\/div>\n\n            \n<style>\n#banner-738380473 {\n  padding-top: 197px;\n}\n@media (min-width:550px) {\n  #banner-738380473 {\n    padding-top: 500px;\n  }\n}\n<\/style>\n  <\/div>\n\n\n<div class=\"row\"  id=\"row-1524657833\">\n\n\t<div id=\"col-1471459407\" class=\"col medium-6 small-12 large-6\"  >\n\t\t\t\t<div class=\"col-inner\"  >\n\t\t\t\n\t\t\t\n\n  <div class=\"banner has-hover\" id=\"banner-1114821396\">\n          <div class=\"banner-inner fill\">\n        <div class=\"banner-bg fill\" >\n            <img loading=\"lazy\" decoding=\"async\" width=\"500\" height=\"500\" src=\"https:\/\/blendtec.de\/wp-content\/uploads\/2019\/07\/Blendtec-Pro-750-2.jpg\" class=\"bg attachment-large size-large\" alt=\"\" \/>                        <div class=\"overlay\"><\/div>            \n                    <\/div>\n\t\t\n        <div class=\"banner-layers container\">\n            <a class=\"fill\" href=\"\/at\/produkt\/professional-750\/\"><div class=\"fill banner-link\"><\/div><\/a>            \n   <div id=\"text-box-776987997\" class=\"text-box banner-layer x50 md-x50 lg-x50 y15 md-y15 lg-y15 res-text\">\n                                <div class=\"text-box-content text dark\">\n              \n              <div class=\"text-inner text-center\">\n                  \n<h2 style=\"text-align: center;\">BLENDTEC<\/h2>\n<h2 style=\"text-align: center;\">PROFESSIONAL 750<\/h2>\n<h4 style=\"text-align: center;\">Platz sparen! Der Blendtec Pro 750 l\u00e4sst sich aus dem Korpus nehmen und in eine Arbeitsplatte einbauen.\u00a0<\/h4>\n<p>\u00a0<\/p>\n<a href=\"\/at\/produkt\/professional-750\/\" class=\"button white is-outline is-larger\" >\n\t\t<span>899 EUR<\/span>\n\t<\/a>\n\n              <\/div>\n           <\/div>\n                            \n<style>\n#text-box-776987997 {\n  width: 60%;\n}\n#text-box-776987997 .text-box-content {\n  font-size: 100%;\n}\n<\/style>\n    <\/div>\n \n        <\/div>\n      <\/div>\n\n            \n<style>\n#banner-1114821396 {\n  padding-top: 500px;\n}\n#banner-1114821396 .overlay {\n  background-color: rgba(0, 0, 0, 0.35);\n}\n<\/style>\n  <\/div>\n\n\n\t\t<\/div>\n\t\t\t\t\t<\/div>\n\n\t\n\n\t<div id=\"col-1794027534\" class=\"col medium-6 small-12 large-6\"  >\n\t\t\t\t<div class=\"col-inner\"  >\n\t\t\t\n\t\t\t\n\n  <div class=\"banner has-hover\" id=\"banner-1306213038\">\n          <div class=\"banner-inner fill\">\n        <div class=\"banner-bg fill\" >\n            <img loading=\"lazy\" decoding=\"async\" width=\"500\" height=\"500\" src=\"https:\/\/blendtec.de\/wp-content\/uploads\/2019\/07\/Blendte-Pro-800.jpg\" class=\"bg attachment-large size-large\" alt=\"\" \/>                        <div class=\"overlay\"><\/div>            \n                    <\/div>\n\t\t\n        <div class=\"banner-layers container\">\n            <a class=\"fill\" href=\"\/at\/produkt\/professional-800\/\"><div class=\"fill banner-link\"><\/div><\/a>            \n   <div id=\"text-box-2055507883\" class=\"text-box banner-layer x50 md-x50 lg-x50 y15 md-y15 lg-y15 res-text\">\n                                <div class=\"text-box-content text dark\">\n              \n              <div class=\"text-inner text-center\">\n                  \n<h2 style=\"text-align: center;\">BLENDTEC<\/h2>\n<h2 style=\"text-align: center;\">PROFESSIONAL 800<\/h2>\n<h4 style=\"text-align: center;\">Der Blendtec Pro 800 ist ein sehr leiser Hochleistungsmixer mit dem besten Schallschutz auf dem Markt.\u00a0<\/h4>\n<p>\u00a0<\/p>\n<a href=\"\/at\/produkt\/professional-800\/\" class=\"button white is-outline is-larger\" >\n\t\t<span>1249,00 EUR<\/span>\n\t<\/a>\n\n              <\/div>\n           <\/div>\n                            \n<style>\n#text-box-2055507883 {\n  width: 68%;\n}\n#text-box-2055507883 .text-box-content {\n  font-size: 100%;\n}\n@media (min-width:550px) {\n  #text-box-2055507883 {\n    width: 60%;\n  }\n}\n<\/style>\n    <\/div>\n \n        <\/div>\n      <\/div>\n\n            \n<style>\n#banner-1306213038 {\n  padding-top: 500px;\n}\n#banner-1306213038 .overlay {\n  background-color: rgba(0, 0, 0, 0.35);\n}\n<\/style>\n  <\/div>\n\n\n\t\t<\/div>\n\t\t\t\t\t<\/div>\n\n\t\n<\/div>\n\n\t<section class=\"section\" id=\"section_138030223\">\n\t\t<div class=\"section-bg fill\" >\n\t\t\t\t\t\t\t<div class=\"video-overlay no-click fill visible\"><\/div>\n\t<video class=\"video-bg fill visible\" preload playsinline autoplay muted loop>\n\t\t<source src=\"https:\/\/blendtec.de\/wp-content\/uploads\/video\/Blendtec_Pro_800_de.mp4\" type=\"video\/mp4\">\t<\/video>\n\t\t\t\n\t\t\t\n\n\t\t<\/div>\n\n\t\t\n\n\t\t<div class=\"section-content relative\">\n\t\t\t\n\t\t<\/div>\n\n\t\t\n<style>\n#section_138030223 {\n  padding-top: 49px;\n  padding-bottom: 49px;\n}\n@media (min-width:550px) {\n  #section_138030223 {\n    padding-top: 157px;\n    padding-bottom: 157px;\n  }\n}\n@media (min-width:850px) {\n  #section_138030223 {\n    padding-top: 263px;\n    padding-bottom: 263px;\n  }\n}\n<\/style>\n\t<\/section>\n\t\n<div class=\"row hide-for-small\"  id=\"row-25434842\">\n\n\t<div id=\"col-638057328\" class=\"col medium-3 small-6 large-3\"  >\n\t\t\t\t<div class=\"col-inner\"  >\n\t\t\t\n\t\t\t\n\t<div class=\"box has-hover   has-hover box-text-bottom\" >\n\n\t\t<div class=\"box-image\" >\n\t\t\t\t\t\t<div class=\"\" >\n\t\t\t\t<img loading=\"lazy\" decoding=\"async\" width=\"490\" height=\"490\" src=\"https:\/\/blendtec.de\/wp-content\/uploads\/2019\/07\/blunt-blade.jpg\" class=\"attachment- size-\" alt=\"\" srcset=\"https:\/\/blendtec.de\/wp-content\/uploads\/2019\/07\/blunt-blade.jpg 490w, https:\/\/blendtec.de\/wp-content\/uploads\/2019\/07\/blunt-blade-100x100.jpg 100w, https:\/\/blendtec.de\/wp-content\/uploads\/2019\/07\/blunt-blade-280x280.jpg 280w, https:\/\/blendtec.de\/wp-content\/uploads\/2019\/07\/blunt-blade-400x400.jpg 400w\" sizes=\"auto, (max-width: 490px) 100vw, 490px\" \/>\t\t\t\t\t\t\t\t\t\t\t<\/div>\n\t\t\t\t\t<\/div>\n\n\t\t<div class=\"box-text text-center\" >\n\t\t\t<div class=\"box-text-inner\">\n\t\t\t\t\n<p>\u00a0<\/p>\n<h4>Stumpfe Klinge<\/h4>\n<p>Um die immense Kraft zu b\u00e4ndigen, muss die Klinge gr\u00f6\u00dfer, dicker und robuster sein als andere Mixerbl\u00e4tter. Die Beh\u00e4lter sind daher mit ultrahartem rostfreien Stahlklingen ausgestattet, welche kaltgeschmiedet auf einen harten Einsatz abgestimmt wurden.<\/p>\n\t\t\t<\/div>\n\t\t<\/div>\n\t<\/div>\n\t\n\t\t<\/div>\n\t\t\t\t\t<\/div>\n\n\t\n\n\t<div id=\"col-176129182\" class=\"col medium-3 small-6 large-3\"  >\n\t\t\t\t<div class=\"col-inner\"  >\n\t\t\t\n\t\t\t\n\t<div class=\"box has-hover   has-hover box-text-bottom\" >\n\n\t\t<div class=\"box-image\" >\n\t\t\t<a href=\"https:\/\/blendtec.de\/de\/produkt\/professional-800\/\" >\t\t\t<div class=\"\" >\n\t\t\t\t<img loading=\"lazy\" decoding=\"async\" width=\"490\" height=\"490\" src=\"https:\/\/blendtec.de\/wp-content\/uploads\/2019\/07\/tamper-free-jar.jpg\" class=\"attachment- size-\" alt=\"\" srcset=\"https:\/\/blendtec.de\/wp-content\/uploads\/2019\/07\/tamper-free-jar.jpg 490w, https:\/\/blendtec.de\/wp-content\/uploads\/2019\/07\/tamper-free-jar-100x100.jpg 100w, https:\/\/blendtec.de\/wp-content\/uploads\/2019\/07\/tamper-free-jar-280x280.jpg 280w, https:\/\/blendtec.de\/wp-content\/uploads\/2019\/07\/tamper-free-jar-400x400.jpg 400w\" sizes=\"auto, (max-width: 490px) 100vw, 490px\" \/>\t\t\t\t\t\t\t\t\t\t\t<\/div>\n\t\t\t<\/a>\t\t<\/div>\n\n\t\t<div class=\"box-text text-center\" >\n\t\t\t<div class=\"box-text-inner\">\n\t\t\t\t\n<p>\u00a0<\/p>\n<h4 class=\"subhead-two\">Genial einfach zu reinigender Beh\u00e4lter, ohne Stopfer<\/h4>\n<p>Die besonders konstruierten und patentierten Beh\u00e4lter unterbrechen durch Stege an den Seiten die Mischstr\u00f6mungen und ziehen die Zutaten zu den stumpfen Klingen. Im Gegensatz zu runden Beh\u00e4ltern, bei denen die Zutaten im Kreis geschleudert werden, gelangen sie bei Blendtec Mixern an die flachen Seiten und werden ohne Einsatz eines Stopfers von den Klingen zerkleinert bzw. p\u00fcriert.<\/p>\n\t\t\t<\/div>\n\t\t<\/div>\n\t<\/div>\n\t\n\t\t<\/div>\n\t\t\t\t\t<\/div>\n\n\t\n\n\t<div id=\"col-1664166169\" class=\"col medium-3 small-6 large-3\"  >\n\t\t\t\t<div class=\"col-inner\"  >\n\t\t\t\n\t\t\t\n\t<div class=\"box has-hover   has-hover box-text-bottom\" >\n\n\t\t<div class=\"box-image\" >\n\t\t\t<a href=\"https:\/\/blendtec.de\/de\/produkt\/professional-800\/\" >\t\t\t<div class=\"\" >\n\t\t\t\t<img loading=\"lazy\" decoding=\"async\" width=\"490\" height=\"490\" src=\"https:\/\/blendtec.de\/wp-content\/uploads\/2019\/07\/sleek-capacitive.jpg\" class=\"attachment- size-\" alt=\"\" srcset=\"https:\/\/blendtec.de\/wp-content\/uploads\/2019\/07\/sleek-capacitive.jpg 490w, https:\/\/blendtec.de\/wp-content\/uploads\/2019\/07\/sleek-capacitive-100x100.jpg 100w, https:\/\/blendtec.de\/wp-content\/uploads\/2019\/07\/sleek-capacitive-280x280.jpg 280w, https:\/\/blendtec.de\/wp-content\/uploads\/2019\/07\/sleek-capacitive-400x400.jpg 400w\" sizes=\"auto, (max-width: 490px) 100vw, 490px\" \/>\t\t\t\t\t\t\t\t\t\t\t<\/div>\n\t\t\t<\/a>\t\t<\/div>\n\n\t\t<div class=\"box-text text-center\" >\n\t\t\t<div class=\"box-text-inner\">\n\t\t\t\t\n<p>\u00a0<\/p>\n<h4>Leichte Bedienung dank TouchScreen<\/h4>\n<p>Blendtec Mixer sehen nicht nur gut aus, sie besitzen auch modernste Automatikprogramme die vom Mixen bis hin zum Reinigen alles einfacher machen. Die moderne Touch-Bedienung erm\u00f6glicht mit einer Ber\u00fchrung m\u00fcheloses Mixen mit optimalen Resultaten.<\/p>\n\t\t\t<\/div>\n\t\t<\/div>\n\t<\/div>\n\t\n\t\t<\/div>\n\t\t\t\t\t<\/div>\n\n\t\n\n\t<div id=\"col-345961030\" class=\"col medium-3 small-6 large-3\"  >\n\t\t\t\t<div class=\"col-inner\"  >\n\t\t\t\n\t\t\t\n\t<div class=\"box has-hover   has-hover box-text-bottom\" >\n\n\t\t<div class=\"box-image\" >\n\t\t\t\t\t\t<div class=\"\" >\n\t\t\t\t<img loading=\"lazy\" decoding=\"async\" width=\"490\" height=\"490\" src=\"https:\/\/blendtec.de\/wp-content\/uploads\/2019\/07\/sound-enclosure.jpg\" class=\"attachment- size-\" alt=\"\" srcset=\"https:\/\/blendtec.de\/wp-content\/uploads\/2019\/07\/sound-enclosure.jpg 490w, https:\/\/blendtec.de\/wp-content\/uploads\/2019\/07\/sound-enclosure-100x100.jpg 100w, https:\/\/blendtec.de\/wp-content\/uploads\/2019\/07\/sound-enclosure-280x280.jpg 280w, https:\/\/blendtec.de\/wp-content\/uploads\/2019\/07\/sound-enclosure-400x400.jpg 400w\" sizes=\"auto, (max-width: 490px) 100vw, 490px\" \/>\t\t\t\t\t\t\t\t\t\t\t<\/div>\n\t\t\t\t\t<\/div>\n\n\t\t<div class=\"box-text text-center\" >\n\t\t\t<div class=\"box-text-inner\">\n\t\t\t\t\n<h4>\u00a0<\/h4>\n<h4>Schallschutzhaube<\/h4>\n<p>Unsere bekannten und bew\u00e4hrten Schallschutzhauben im gewerblichen Bereich wurden nochmals f\u00fcr den Hausgebrauch weiterentwickelt um noch leiser zu sein \u2013 und all das in einer eleganten Optik mit schlanker Schallschutzhaube.<\/p>\n<p>\u00a0<\/p>\n\t\t\t<\/div>\n\t\t<\/div>\n\t<\/div>\n\t\n\t\t<\/div>\n\t\t\t\t\t<\/div>\n\n\t\n<\/div>\n<div class=\"row hide-for-small\"  id=\"row-1187326477\">\n\n\t<div id=\"col-985630295\" class=\"col medium-3 small-6 large-3\"  >\n\t\t\t\t<div class=\"col-inner\"  >\n\t\t\t\n\t\t\t\n\t<div class=\"box has-hover   has-hover box-default box-text-bottom\" >\n\n\t\t<div class=\"box-image\" >\n\t\t\t\t\t\t<div class=\"\" >\n\t\t\t\t<img loading=\"lazy\" decoding=\"async\" width=\"490\" height=\"490\" src=\"https:\/\/blendtec.de\/wp-content\/uploads\/2019\/07\/ice-cream.jpg\" class=\"attachment- size-\" alt=\"\" srcset=\"https:\/\/blendtec.de\/wp-content\/uploads\/2019\/07\/ice-cream.jpg 490w, https:\/\/blendtec.de\/wp-content\/uploads\/2019\/07\/ice-cream-100x100.jpg 100w, https:\/\/blendtec.de\/wp-content\/uploads\/2019\/07\/ice-cream-280x280.jpg 280w, https:\/\/blendtec.de\/wp-content\/uploads\/2019\/07\/ice-cream-400x400.jpg 400w\" sizes=\"auto, (max-width: 490px) 100vw, 490px\" \/>\t\t\t\t\t\t\t\t\t\t\t<\/div>\n\t\t\t\t\t<\/div>\n\n\t\t<div class=\"box-text text-center\" >\n\t\t\t<div class=\"box-text-inner\">\n\t\t\t\t\n<h4>\u00a0<\/h4>\n<h4>Eis<\/h4>\n<p>Die\u00a0leistungsstarken Motoren und das robuste Material machen das Mixen von gefrorenen Leckereien zum Kinderspiel. Eiscreme, Sorbet, Shaved Ice (geschabtes Eis) und gefrorener Joghurt, leicht und lecker zubereitet.<\/p>\n\t\t\t<\/div>\n\t\t<\/div>\n\t<\/div>\n\t\n\t\t<\/div>\n\t\t\t\t\t<\/div>\n\n\t\n\n\t<div id=\"col-130620462\" class=\"col medium-3 small-6 large-3\"  >\n\t\t\t\t<div class=\"col-inner\"  >\n\t\t\t\n\t\t\t\n\t<div class=\"box has-hover   has-hover box-default box-text-bottom\" >\n\n\t\t<div class=\"box-image\" >\n\t\t\t\t\t\t<div class=\"\" >\n\t\t\t\t<img loading=\"lazy\" decoding=\"async\" width=\"490\" height=\"490\" src=\"https:\/\/blendtec.de\/wp-content\/uploads\/2019\/07\/dough-batter.jpg\" class=\"attachment- size-\" alt=\"\" srcset=\"https:\/\/blendtec.de\/wp-content\/uploads\/2019\/07\/dough-batter.jpg 490w, https:\/\/blendtec.de\/wp-content\/uploads\/2019\/07\/dough-batter-100x100.jpg 100w, https:\/\/blendtec.de\/wp-content\/uploads\/2019\/07\/dough-batter-280x280.jpg 280w, https:\/\/blendtec.de\/wp-content\/uploads\/2019\/07\/dough-batter-400x400.jpg 400w\" sizes=\"auto, (max-width: 490px) 100vw, 490px\" \/>\t\t\t\t\t\t\t\t\t\t\t<\/div>\n\t\t\t\t\t<\/div>\n\n\t\t<div class=\"box-text text-center\" >\n\t\t\t<div class=\"box-text-inner\">\n\t\t\t\t\n<h4>\u00a0<\/h4>\n<h4>Brot &amp; Teig<\/h4>\n<p>Mischen Sie schnell die Zutaten f\u00fcr Pfannkuchen, Waffeln, Kekse, Muffins, Cr\u00eapes und Kuchen. Blendtec-Hochleistungsmixer k\u00f6nnen auch dicke Brot- und Pizzateig verarbeiten und werden von renommierten K\u00f6chen aus aller Welt gesch\u00e4tzt.<\/p>\n\t\t\t<\/div>\n\t\t<\/div>\n\t<\/div>\n\t\n\t\t<\/div>\n\t\t\t\t\t<\/div>\n\n\t\n\n\t<div id=\"col-1993518253\" class=\"col medium-3 small-6 large-3\"  >\n\t\t\t\t<div class=\"col-inner\"  >\n\t\t\t\n\t\t\t\n\t<div class=\"box has-hover   has-hover box-default box-text-bottom\" >\n\n\t\t<div class=\"box-image\" >\n\t\t\t\t\t\t<div class=\"\" >\n\t\t\t\t<img loading=\"lazy\" decoding=\"async\" width=\"490\" height=\"490\" src=\"https:\/\/blendtec.de\/wp-content\/uploads\/2019\/07\/hot-soup.jpg\" class=\"attachment- size-\" alt=\"\" srcset=\"https:\/\/blendtec.de\/wp-content\/uploads\/2019\/07\/hot-soup.jpg 490w, https:\/\/blendtec.de\/wp-content\/uploads\/2019\/07\/hot-soup-100x100.jpg 100w, https:\/\/blendtec.de\/wp-content\/uploads\/2019\/07\/hot-soup-280x280.jpg 280w, https:\/\/blendtec.de\/wp-content\/uploads\/2019\/07\/hot-soup-400x400.jpg 400w\" sizes=\"auto, (max-width: 490px) 100vw, 490px\" \/>\t\t\t\t\t\t\t\t\t\t\t<\/div>\n\t\t\t\t\t<\/div>\n\n\t\t<div class=\"box-text text-center\" >\n\t\t\t<div class=\"box-text-inner\">\n\t\t\t\t\n<h4>\u00a0<\/h4>\n<h4>Suppen<\/h4>\n<p>Bereite hei\u00dfe Suppe mit der Kraft der Reibung zu. Einfach kalte, frische Zutaten f\u00fcr die hausgemachte Suppe hinzuf\u00fcgen und in wenigen Minuten Ihre Kreation genie\u00dfen &#8211; dampfend hei\u00df.<\/p>\n\t\t\t<\/div>\n\t\t<\/div>\n\t<\/div>\n\t\n\t\t<\/div>\n\t\t\t\t\t<\/div>\n\n\t\n\n\t<div id=\"col-370540866\" class=\"col medium-3 small-6 large-3\"  >\n\t\t\t\t<div class=\"col-inner\"  >\n\t\t\t\n\t\t\t\n\t<div class=\"box has-hover   has-hover box-default box-text-bottom\" >\n\n\t\t<div class=\"box-image\" >\n\t\t\t\t\t\t<div class=\"\" >\n\t\t\t\t<img loading=\"lazy\" decoding=\"async\" width=\"490\" height=\"490\" src=\"https:\/\/blendtec.de\/wp-content\/uploads\/2019\/07\/cocktails.jpg\" class=\"attachment- size-\" alt=\"\" srcset=\"https:\/\/blendtec.de\/wp-content\/uploads\/2019\/07\/cocktails.jpg 490w, https:\/\/blendtec.de\/wp-content\/uploads\/2019\/07\/cocktails-100x100.jpg 100w, https:\/\/blendtec.de\/wp-content\/uploads\/2019\/07\/cocktails-280x280.jpg 280w, https:\/\/blendtec.de\/wp-content\/uploads\/2019\/07\/cocktails-400x400.jpg 400w\" sizes=\"auto, (max-width: 490px) 100vw, 490px\" \/>\t\t\t\t\t\t\t\t\t\t\t<\/div>\n\t\t\t\t\t<\/div>\n\n\t\t<div class=\"box-text text-center\" >\n\t\t\t<div class=\"box-text-inner\">\n\t\t\t\t\n<h4>\u00a0<\/h4>\n<h4>Cocktails<\/h4>\n<p>Sch\u00f6ne Cocktails werden schnell und einfach zubereitet, Ihre Freunde werden sich freuen und Ihre Party unvergesslich machen.<\/p>\n\t\t\t<\/div>\n\t\t<\/div>\n\t<\/div>\n\t\n\t\t<\/div>\n\t\t\t\t\t<\/div>\n\n\t\n<\/div>\n<div class=\"container section-title-container\" ><h3 class=\"section-title section-title-center\"><b aria-hidden=\"true\"><\/b><span class=\"section-title-main\" >nicht dein Mixer? weiter mit classic und designer series<\/span><b aria-hidden=\"true\"><\/b><\/h3><\/div>\n<div class=\"row\"  id=\"row-88782442\">\n\n\t<div id=\"col-2029593685\" class=\"col medium-4 small-12 large-4\"  >\n\t\t\t\t<div class=\"col-inner\"  >\n\t\t\t\n\t\t\t\n\n  <div class=\"banner has-hover\" id=\"banner-1952252950\">\n          <div class=\"banner-inner fill\">\n        <div class=\"banner-bg fill\" >\n            <img loading=\"lazy\" decoding=\"async\" width=\"600\" height=\"694\" src=\"https:\/\/blendtec.de\/wp-content\/uploads\/2019\/07\/classic-blender.jpg\" class=\"bg attachment-large size-large\" alt=\"\" \/>                                    \n                    <\/div>\n\t\t\n        <div class=\"banner-layers container\">\n            <div class=\"fill banner-link\"><\/div>            \n   <div id=\"text-box-506540583\" class=\"text-box banner-layer x10 md-x10 lg-x10 y50 md-y50 lg-y50 res-text\">\n                                <div class=\"text-box-content text \">\n              \n              <div class=\"text-inner text-left\">\n                  \n<h3 class=\"uppercase\"><strong>CLASSIC Serie<\/strong><\/h3>\n<h4>Druckknopf-Design<\/h4>\n<p>Das ber\u00fchmte, kraftvolle Original. Unsere Mixer der Classic-Serie sind das ultimative All-in-One-Ger\u00e4t.<\/p>\n<a href=\"\/at\/classic-serie\/\" class=\"button white is-outline is-large\" >\n\t\t<span>mehr erfahren<\/span>\n\t<\/a>\n\n              <\/div>\n           <\/div>\n                            \n<style>\n#text-box-506540583 {\n  width: 60%;\n}\n#text-box-506540583 .text-box-content {\n  font-size: 100%;\n}\n@media (min-width:550px) {\n  #text-box-506540583 {\n    width: 40%;\n  }\n}\n<\/style>\n    <\/div>\n \n        <\/div>\n      <\/div>\n\n            \n<style>\n#banner-1952252950 {\n  padding-top: 500px;\n  background-color: rgb(255, 255, 255);\n}\n<\/style>\n  <\/div>\n\n\n\t\t<\/div>\n\t\t\t\t\t<\/div>\n\n\t\n\n\t<div id=\"col-843588924\" class=\"col medium-4 small-12 large-4\"  >\n\t\t\t\t<div class=\"col-inner\"  >\n\t\t\t\n\t\t\t\n\n  <div class=\"banner has-hover\" id=\"banner-895098607\">\n          <div class=\"banner-inner fill\">\n        <div class=\"banner-bg fill\" >\n            <img loading=\"lazy\" decoding=\"async\" width=\"600\" height=\"694\" src=\"https:\/\/blendtec.de\/wp-content\/uploads\/2019\/07\/designer-blender.jpg\" class=\"bg attachment-large size-large\" alt=\"\" \/>                                    \n                    <\/div>\n\t\t\n        <div class=\"banner-layers container\">\n            <div class=\"fill banner-link\"><\/div>            \n   <div id=\"text-box-1148448572\" class=\"text-box banner-layer x10 md-x10 lg-x10 y50 md-y50 lg-y50 res-text\">\n                                <div class=\"text-box-content text dark\">\n              \n              <div class=\"text-inner text-left\">\n                  \n<h3 class=\"uppercase\">DESIGNER Serie<\/h3>\n<h4>Sch\u00f6ner Touchscreen<\/h4>\n<p>Schlankes, modernes Design gepaart mit fortschrittlichen, benutzerfreundlichen Funktionen machen den Designer zu einem modernen K\u00fcchenger\u00e4t.<\/p>\n<a href=\"\/at\/designer-serie\/\" class=\"button white is-outline is-large\" >\n\t\t<span>Mehr erfahren<\/span>\n\t<\/a>\n\n              <\/div>\n           <\/div>\n                            \n<style>\n#text-box-1148448572 {\n  width: 60%;\n}\n#text-box-1148448572 .text-box-content {\n  font-size: 100%;\n}\n@media (min-width:550px) {\n  #text-box-1148448572 {\n    width: 44%;\n  }\n}\n<\/style>\n    <\/div>\n \n        <\/div>\n      <\/div>\n\n            \n<style>\n#banner-895098607 {\n  padding-top: 500px;\n}\n<\/style>\n  <\/div>\n\n\n\t\t<\/div>\n\t\t\t\t\t<\/div>\n\n\t\n\n\t<div id=\"col-1314484556\" class=\"col medium-4 small-12 large-4\"  >\n\t\t\t\t<div class=\"col-inner\"  >\n\t\t\t\n\t\t\t\n\n  <div class=\"banner has-hover\" id=\"banner-1158091650\">\n          <div class=\"banner-inner fill\">\n        <div class=\"banner-bg fill\" >\n            <img loading=\"lazy\" decoding=\"async\" width=\"460\" height=\"460\" src=\"https:\/\/blendtec.de\/wp-content\/uploads\/2019\/07\/rezepte-klein.jpg\" class=\"bg attachment-large size-large\" alt=\"\" \/>                                    \n                    <\/div>\n\t\t\n        <div class=\"banner-layers container\">\n            <div class=\"fill banner-link\"><\/div>            \n   <div id=\"text-box-1727276027\" class=\"text-box banner-layer x5 md-x5 lg-x5 y50 md-y50 lg-y50 res-text\">\n                                <div class=\"text-box-content text \">\n              \n              <div class=\"text-inner text-left\">\n                  \n              <\/div>\n           <\/div>\n                            \n<style>\n#text-box-1727276027 {\n  width: 60%;\n}\n#text-box-1727276027 .text-box-content {\n  font-size: 100%;\n}\n@media (min-width:550px) {\n  #text-box-1727276027 {\n    width: 40%;\n  }\n}\n<\/style>\n    <\/div>\n \n        <\/div>\n      <\/div>\n\n            \n<style>\n#banner-1158091650 {\n  padding-top: 500px;\n  background-color: rgb(255, 255, 255);\n}\n<\/style>\n  <\/div>\n\n\n\t\t<\/div>\n\t\t\t\t\t<\/div>\n\n\t\n<\/div>\n","protected":false},"excerpt":{"rendered":"","protected":false},"author":177,"featured_media":0,"parent":0,"menu_order":0,"comment_status":"closed","ping_status":"closed","template":"","meta":{"footnotes":""},"class_list":["post-5503","page","type-page","status-publish","hentry"],"_links":{"self":[{"href":"https:\/\/blendtec.de\/at\/wp-json\/wp\/v2\/pages\/5503","targetHints":{"allow":["GET"]}}],"collection":[{"href":"https:\/\/blendtec.de\/at\/wp-json\/wp\/v2\/pages"}],"about":[{"href":"https:\/\/blendtec.de\/at\/wp-json\/wp\/v2\/types\/page"}],"author":[{"embeddable":true,"href":"https:\/\/blendtec.de\/at\/wp-json\/wp\/v2\/users\/177"}],"replies":[{"embeddable":true,"href":"https:\/\/blendtec.de\/at\/wp-json\/wp\/v2\/comments?post=5503"}],"version-history":[{"count":0,"href":"https:\/\/blendtec.de\/at\/wp-json\/wp\/v2\/pages\/5503\/revisions"}],"wp:attachment":[{"href":"https:\/\/blendtec.de\/at\/wp-json\/wp\/v2\/media?parent=5503"}],"curies":[{"name":"wp","href":"https:\/\/api.w.org\/{rel}","templated":true}]}}