{"id":5508,"date":"2019-07-01T13:57:54","date_gmt":"2019-07-01T11:57:54","guid":{"rendered":"https:\/\/dev.blendtec.de\/classic-serie\/"},"modified":"2022-04-25T09:25:16","modified_gmt":"2022-04-25T07:25:16","slug":"classic-serie","status":"publish","type":"page","link":"https:\/\/blendtec.de\/at\/classic-serie\/","title":{"rendered":"CLASSIC SERIE"},"content":{"rendered":"\n  <div class=\"banner has-hover\" id=\"banner-260590280\">\n          <div class=\"banner-inner fill\">\n        <div class=\"banner-bg fill\" >\n            <img loading=\"lazy\" decoding=\"async\" width=\"1020\" height=\"408\" src=\"https:\/\/blendtec.de\/wp-content\/uploads\/2019\/07\/classic-blender-header.jpg\" class=\"bg attachment-large size-large\" alt=\"\" \/>                                    \n                    <\/div>\n\t\t\n        <div class=\"banner-layers container\">\n            <div class=\"fill banner-link\"><\/div>            \n   <div id=\"text-box-197990813\" class=\"text-box banner-layer x5 md-x5 lg-x5 y50 md-y50 lg-y50 res-text\">\n                                <div class=\"text-box-content text dark\">\n              \n              <div class=\"text-inner text-left\">\n                  \n<h1 class=\"uppercase\"><span style=\"font-size: 85%;\"><strong>Classic SERIE<\/strong><\/span><\/h1>\n<h3>Hochleistungsmixer f\u00fcr alle!<\/h3>\n<p>Das ber\u00fchmte, kraftvolle Original. Unsere Mixer der Classic-Serie sind das ultimative All-in-One-Ger\u00e4t und dazu noch Preisg\u00fcnstig.\u00a0<\/p>\n              <\/div>\n           <\/div>\n                            \n<style>\n#text-box-197990813 {\n  width: 60%;\n}\n#text-box-197990813 .text-box-content {\n  font-size: 100%;\n}\n@media (min-width:550px) {\n  #text-box-197990813 {\n    width: 40%;\n  }\n}\n<\/style>\n    <\/div>\n \n        <\/div>\n      <\/div>\n\n            \n<style>\n#banner-260590280 {\n  padding-top: 500px;\n}\n#banner-260590280 .banner-bg img {\n  object-position: 75% 45%;\n}\n<\/style>\n  <\/div>\n\n\n\t<div id=\"gap-1741948713\" class=\"gap-element clearfix\" style=\"display:block; height:auto;\">\n\t\t\n<style>\n#gap-1741948713 {\n  padding-top: 26px;\n}\n<\/style>\n\t<\/div>\n\t\n<div class=\"row\"  id=\"row-2130190068\">\n\n\t<div id=\"col-1978313260\" class=\"col medium-6 small-12 large-6\"  >\n\t\t\t\t<div class=\"col-inner\"  >\n\t\t\t\n\t\t\t\n\n  <div class=\"banner has-hover\" id=\"banner-863490712\">\n          <div class=\"banner-inner fill\">\n        <div class=\"banner-bg fill\" >\n            <img loading=\"lazy\" decoding=\"async\" width=\"500\" height=\"500\" src=\"https:\/\/blendtec.de\/wp-content\/uploads\/2015\/05\/Blendtec-Classic-575-2.jpg\" class=\"bg attachment-large size-large\" alt=\"\" \/>                        <div class=\"overlay\"><\/div>            \n                    <\/div>\n\t\t\n        <div class=\"banner-layers container\">\n            <a class=\"fill\" href=\"\/at\/produkt\/classic-575-inkl-fourside-jar\/\"><div class=\"fill banner-link\"><\/div><\/a>            \n   <div id=\"text-box-856692125\" class=\"text-box banner-layer x50 md-x50 lg-x50 y15 md-y15 lg-y15 res-text\">\n                                <div class=\"text-box-content text dark\">\n              \n              <div class=\"text-inner text-center\">\n                  \n<h2 class=\"uppercase\" style=\"text-align: center;\">Blendtec<\/h2>\n<h2 class=\"uppercase\" style=\"text-align: center;\">Classic 575<\/h2>\n<h4 style=\"text-align: center;\">Der preisg\u00fcnstige Einstieg in die Welt der Hochleistungsmixer.\u00a0<\/h4>\n<p>\u00a0<\/p>\n<a href=\"\/at\/produkt\/classic-575-inkl-fourside-jar\/\" class=\"button white is-outline is-larger\" >\n\t\t<span>Nur 449,00 EUR<\/span>\n\t<\/a>\n\n              <\/div>\n           <\/div>\n                            \n<style>\n#text-box-856692125 {\n  width: 60%;\n}\n#text-box-856692125 .text-box-content {\n  font-size: 100%;\n}\n<\/style>\n    <\/div>\n \n        <\/div>\n      <\/div>\n\n            \n<style>\n#banner-863490712 {\n  padding-top: 500px;\n}\n#banner-863490712 .overlay {\n  background-color: rgba(0, 0, 0, 0.32);\n}\n<\/style>\n  <\/div>\n\n\n\t\t<\/div>\n\t\t\t\t\t<\/div>\n\n\t\n\n\t<div id=\"col-465574195\" class=\"col medium-6 small-12 large-6\"  >\n\t\t\t\t<div class=\"col-inner\"  >\n\t\t\t\n\t\t\t\n\n  <div class=\"banner has-hover\" id=\"banner-1499415865\">\n          <div class=\"banner-inner fill\">\n        <div class=\"banner-bg fill\" >\n            <img loading=\"lazy\" decoding=\"async\" width=\"500\" height=\"500\" src=\"https:\/\/blendtec.de\/wp-content\/uploads\/2015\/05\/Blendtec-Total-Blender-2.jpg\" class=\"bg attachment-large size-large\" alt=\"\" \/>                        <div class=\"overlay\"><\/div>            \n                    <\/div>\n\t\t\n        <div class=\"banner-layers container\">\n            <a class=\"fill\" href=\"\/at\/produkt\/total-blender\/\"><div class=\"fill banner-link\"><\/div><\/a>            \n   <div id=\"text-box-1901485640\" class=\"text-box banner-layer x50 md-x50 lg-x50 y15 md-y15 lg-y15 res-text\">\n                                <div class=\"text-box-content text dark\">\n              \n              <div class=\"text-inner text-center\">\n                  \n<h2 class=\"uppercase\">Blendtec<\/h2>\n<h2 class=\"uppercase\">Total Blender<\/h2>\n<h4><strong>Der Kultblender aus der will it blend YouTube Serie.<\/strong><\/h4>\n<p>\u00a0<\/p>\n<a href=\"\/at\/produkt\/total-blender\/\" class=\"button white is-outline is-larger\" >\n\t\t<span>NUR 579,00 EUR<\/span>\n\t<\/a>\n\n              <\/div>\n           <\/div>\n                            \n<style>\n#text-box-1901485640 {\n  width: 60%;\n}\n#text-box-1901485640 .text-box-content {\n  font-size: 100%;\n}\n<\/style>\n    <\/div>\n \n        <\/div>\n      <\/div>\n\n            \n<style>\n#banner-1499415865 {\n  padding-top: 500px;\n}\n#banner-1499415865 .overlay {\n  background-color: rgba(0, 0, 0, 0.32);\n}\n<\/style>\n  <\/div>\n\n\n\t\t<\/div>\n\t\t\t\t\t<\/div>\n\n\t\n<\/div>\n\n\t<section class=\"section dark\" id=\"section_216360417\">\n\t\t<div class=\"section-bg fill\" >\n\t\t\t\t\t\t\t<div class=\"video-overlay no-click fill visible\"><\/div>\n\t<video class=\"video-bg fill visible\" preload playsinline autoplay muted loop>\n\t\t<source src=\"https:\/\/blendtec.de\/wp-content\/uploads\/video\/Blendtec_Classic_575_de.mp4\" type=\"video\/mp4\">\t<\/video>\n\t\t\t\n\t\t\t\n\n\t\t<\/div>\n\n\t\t\n\n\t\t<div class=\"section-content relative\">\n\t\t\t\n\t\t<\/div>\n\n\t\t\n<style>\n#section_216360417 {\n  padding-top: 38px;\n  padding-bottom: 38px;\n}\n@media (min-width:550px) {\n  #section_216360417 {\n    padding-top: 263px;\n    padding-bottom: 263px;\n  }\n}\n<\/style>\n\t<\/section>\n\t\n<div class=\"row hide-for-small\"  id=\"row-466644593\">\n\n\t<div id=\"col-1211293893\" class=\"col medium-3 small-6 large-3\"  >\n\t\t\t\t<div class=\"col-inner\"  >\n\t\t\t\n\t\t\t\n\t<div class=\"box has-hover   has-hover box-text-bottom\" >\n\n\t\t<div class=\"box-image\" >\n\t\t\t\t\t\t<div class=\"\" >\n\t\t\t\t<img loading=\"lazy\" decoding=\"async\" width=\"490\" height=\"490\" src=\"https:\/\/blendtec.de\/wp-content\/uploads\/2019\/07\/blunt-blade.jpg\" class=\"attachment- size-\" alt=\"\" srcset=\"https:\/\/blendtec.de\/wp-content\/uploads\/2019\/07\/blunt-blade.jpg 490w, https:\/\/blendtec.de\/wp-content\/uploads\/2019\/07\/blunt-blade-100x100.jpg 100w, https:\/\/blendtec.de\/wp-content\/uploads\/2019\/07\/blunt-blade-280x280.jpg 280w, https:\/\/blendtec.de\/wp-content\/uploads\/2019\/07\/blunt-blade-400x400.jpg 400w\" sizes=\"auto, (max-width: 490px) 100vw, 490px\" \/>\t\t\t\t\t\t\t\t\t\t\t<\/div>\n\t\t\t\t\t<\/div>\n\n\t\t<div class=\"box-text text-center\" >\n\t\t\t<div class=\"box-text-inner\">\n\t\t\t\t\n<h4>Stumpfe Klinge<\/h4>\n<p>Um die immense Kraft zu b\u00e4ndigen, muss die Klinge gr\u00f6\u00dfer, dicker und robuster sein als andere Mixerbl\u00e4tter. Die Beh\u00e4lter sind daher mit ultrahartem rostfreien Stahlklingen ausgestattet, welche kaltgeschmiedet auf einen harten Einsatz abgestimmt wurden.<\/p>\n\t\t\t<\/div>\n\t\t<\/div>\n\t<\/div>\n\t\n\t\t<\/div>\n\t\t\t\t\t<\/div>\n\n\t\n\n\t<div id=\"col-1517562889\" class=\"col medium-3 small-6 large-3\"  >\n\t\t\t\t<div class=\"col-inner\"  >\n\t\t\t\n\t\t\t\n\t<div class=\"box has-hover   has-hover box-text-bottom\" >\n\n\t\t<div class=\"box-image\" >\n\t\t\t<a href=\"\/at\/produkt\/classic-575-inkl-fourside-jar\/\" >\t\t\t<div class=\"\" >\n\t\t\t\t<img loading=\"lazy\" decoding=\"async\" width=\"490\" height=\"490\" src=\"https:\/\/blendtec.de\/wp-content\/uploads\/2019\/07\/tamper-free-jar-c.jpg\" class=\"attachment- size-\" alt=\"\" srcset=\"https:\/\/blendtec.de\/wp-content\/uploads\/2019\/07\/tamper-free-jar-c.jpg 490w, https:\/\/blendtec.de\/wp-content\/uploads\/2019\/07\/tamper-free-jar-c-100x100.jpg 100w, https:\/\/blendtec.de\/wp-content\/uploads\/2019\/07\/tamper-free-jar-c-280x280.jpg 280w, https:\/\/blendtec.de\/wp-content\/uploads\/2019\/07\/tamper-free-jar-c-400x400.jpg 400w\" sizes=\"auto, (max-width: 490px) 100vw, 490px\" \/>\t\t\t\t\t\t\t\t\t\t\t<\/div>\n\t\t\t<\/a>\t\t<\/div>\n\n\t\t<div class=\"box-text text-center\" >\n\t\t\t<div class=\"box-text-inner\">\n\t\t\t\t\n<h4 class=\"subhead-two\">Genial einfach zu Reinigender Beh\u00e4lter, ohne Stopfer<\/h4>\n<p>Die besonders konstruierten und patentierten Beh\u00e4lter unterbrechen durch Stege an den Seiten die Mischstr\u00f6mungen und ziehen die Zutaten zu den stumpfen Klingen. Im Gegensatz zu runden Beh\u00e4ltern, bei denen die Zutaten im Kreis geschleudert werden, gelangen sie bei Blendtec Mixern an die flachen Seiten und werden ohne Einsatz eines Stopfers von den Klingen zerkleinert bzw. p\u00fcriert.<\/p>\n\t\t\t<\/div>\n\t\t<\/div>\n\t<\/div>\n\t\n\t\t<\/div>\n\t\t\t\t\t<\/div>\n\n\t\n\n\t<div id=\"col-679996609\" class=\"col medium-3 small-6 large-3\"  >\n\t\t\t\t<div class=\"col-inner\"  >\n\t\t\t\n\t\t\t\n\t<div class=\"box has-hover   has-hover box-text-bottom\" >\n\n\t\t<div class=\"box-image\" >\n\t\t\t<a href=\"\/at\/produkt\/classic-575-inkl-fourside-jar\/\" >\t\t\t<div class=\"\" >\n\t\t\t\t<img loading=\"lazy\" decoding=\"async\" width=\"490\" height=\"490\" src=\"https:\/\/blendtec.de\/wp-content\/uploads\/2019\/07\/easy-clean.jpg\" class=\"attachment- size-\" alt=\"\" srcset=\"https:\/\/blendtec.de\/wp-content\/uploads\/2019\/07\/easy-clean.jpg 490w, https:\/\/blendtec.de\/wp-content\/uploads\/2019\/07\/easy-clean-100x100.jpg 100w, https:\/\/blendtec.de\/wp-content\/uploads\/2019\/07\/easy-clean-280x280.jpg 280w, https:\/\/blendtec.de\/wp-content\/uploads\/2019\/07\/easy-clean-400x400.jpg 400w\" sizes=\"auto, (max-width: 490px) 100vw, 490px\" \/>\t\t\t\t\t\t\t\t\t\t\t<\/div>\n\t\t\t<\/a>\t\t<\/div>\n\n\t\t<div class=\"box-text text-center\" >\n\t\t\t<div class=\"box-text-inner\">\n\t\t\t\t\n<h4>Einfache Bedienung<\/h4>\n<p>Blendtec Mixer verf\u00fcgen \u00fcber fortschrittliche Bedienelemente, die nicht nur gut aussehen, sondern auch das Mixen und Reinigen einfacher denn je machen. Erstellen Sie jederzeit wundervolle Rezepte, mit einem einzigen Tastendruck wird gemixt oder gereinigt.\u00a0<\/p>\n\t\t\t<\/div>\n\t\t<\/div>\n\t<\/div>\n\t\n\t\t<\/div>\n\t\t\t\t\t<\/div>\n\n\t\n\n\t<div id=\"col-1482567698\" class=\"col medium-3 small-6 large-3\"  >\n\t\t\t\t<div class=\"col-inner\"  >\n\t\t\t\n\t\t\t\n\t<div class=\"box has-hover   has-hover box-text-bottom\" >\n\n\t\t<div class=\"box-image\" >\n\t\t\t\t\t\t<div class=\"\" >\n\t\t\t\t<img loading=\"lazy\" decoding=\"async\" width=\"490\" height=\"490\" src=\"https:\/\/blendtec.de\/wp-content\/uploads\/2019\/07\/blend-cycles.jpg\" class=\"attachment- size-\" alt=\"\" srcset=\"https:\/\/blendtec.de\/wp-content\/uploads\/2019\/07\/blend-cycles.jpg 490w, https:\/\/blendtec.de\/wp-content\/uploads\/2019\/07\/blend-cycles-100x100.jpg 100w, https:\/\/blendtec.de\/wp-content\/uploads\/2019\/07\/blend-cycles-280x280.jpg 280w, https:\/\/blendtec.de\/wp-content\/uploads\/2019\/07\/blend-cycles-400x400.jpg 400w\" sizes=\"auto, (max-width: 490px) 100vw, 490px\" \/>\t\t\t\t\t\t\t\t\t\t\t<\/div>\n\t\t\t\t\t<\/div>\n\n\t\t<div class=\"box-text text-center\" >\n\t\t\t<div class=\"box-text-inner\">\n\t\t\t\t\n<h4><\/h4>\n<h4>Mischzyklen<\/h4>\n<p>Kreieren sie unglaubliche Mixturen auf Knopfdruck.\u00a0Der Total Blender verf\u00fcgt \u00fcber sechs vorprogrammierte Zyklen: Crushed Ice, Smoothie, hei\u00dfe Suppe, Eis, Saft aus ganzen Fr\u00fcchten und Teig. Diese exklusive Mischzyklus-Technologie schafft die perfekte Mischung mit einem Knopfdruck.<\/p>\n\t\t\t<\/div>\n\t\t<\/div>\n\t<\/div>\n\t\n\t\t<\/div>\n\t\t\t\t\t<\/div>\n\n\t\n<\/div>\n<div class=\"row hide-for-small\"  id=\"row-367201349\">\n\n\t<div id=\"col-315275518\" class=\"col medium-3 small-6 large-3\"  >\n\t\t\t\t<div class=\"col-inner\"  >\n\t\t\t\n\t\t\t\n\t<div class=\"box has-hover   has-hover box-default box-text-bottom\" >\n\n\t\t<div class=\"box-image\" >\n\t\t\t\t\t\t<div class=\"\" >\n\t\t\t\t<img loading=\"lazy\" decoding=\"async\" width=\"490\" height=\"490\" src=\"https:\/\/blendtec.de\/wp-content\/uploads\/2019\/07\/ice-cream.jpg\" class=\"attachment- size-\" alt=\"\" srcset=\"https:\/\/blendtec.de\/wp-content\/uploads\/2019\/07\/ice-cream.jpg 490w, https:\/\/blendtec.de\/wp-content\/uploads\/2019\/07\/ice-cream-100x100.jpg 100w, https:\/\/blendtec.de\/wp-content\/uploads\/2019\/07\/ice-cream-280x280.jpg 280w, https:\/\/blendtec.de\/wp-content\/uploads\/2019\/07\/ice-cream-400x400.jpg 400w\" sizes=\"auto, (max-width: 490px) 100vw, 490px\" \/>\t\t\t\t\t\t\t\t\t\t\t<\/div>\n\t\t\t\t\t<\/div>\n\n\t\t<div class=\"box-text text-center\" >\n\t\t\t<div class=\"box-text-inner\">\n\t\t\t\t\n<h4><\/h4>\n<h4>Eis<\/h4>\n<p>Die\u00a0leistungsstarken Motoren und das robuste Material machen das Mixen von gefrorenen Leckereien zum Kinderspiel. Eiscreme, Sorbet, Shaved Ice (geschabtes Eis) und gefrorener Joghurt, leicht und lecker zubereitet.<\/p>\n\t\t\t<\/div>\n\t\t<\/div>\n\t<\/div>\n\t\n\t\t<\/div>\n\t\t\t\t\t<\/div>\n\n\t\n\n\t<div id=\"col-604080779\" class=\"col medium-3 small-6 large-3\"  >\n\t\t\t\t<div class=\"col-inner\"  >\n\t\t\t\n\t\t\t\n\t<div class=\"box has-hover   has-hover box-default box-text-bottom\" >\n\n\t\t<div class=\"box-image\" >\n\t\t\t\t\t\t<div class=\"\" >\n\t\t\t\t<img loading=\"lazy\" decoding=\"async\" width=\"490\" height=\"490\" src=\"https:\/\/blendtec.de\/wp-content\/uploads\/2019\/07\/dough-batter.jpg\" class=\"attachment- size-\" alt=\"\" srcset=\"https:\/\/blendtec.de\/wp-content\/uploads\/2019\/07\/dough-batter.jpg 490w, https:\/\/blendtec.de\/wp-content\/uploads\/2019\/07\/dough-batter-100x100.jpg 100w, https:\/\/blendtec.de\/wp-content\/uploads\/2019\/07\/dough-batter-280x280.jpg 280w, https:\/\/blendtec.de\/wp-content\/uploads\/2019\/07\/dough-batter-400x400.jpg 400w\" sizes=\"auto, (max-width: 490px) 100vw, 490px\" \/>\t\t\t\t\t\t\t\t\t\t\t<\/div>\n\t\t\t\t\t<\/div>\n\n\t\t<div class=\"box-text text-center\" >\n\t\t\t<div class=\"box-text-inner\">\n\t\t\t\t\n<h4><\/h4>\n<h4>Brot &amp; Teig<\/h4>\n<p>Mischen Sie schnell die Zutaten f\u00fcr Pfannkuchen, Waffeln, Kekse, Muffins, Cr\u00eapes und Kuchen. Blendtec-Hochleistungsmixer k\u00f6nnen auch dicke Brot- und Pizzateig verarbeiten und werden von renommierten K\u00f6chen aus aller Welt gesch\u00e4tzt.<\/p>\n\t\t\t<\/div>\n\t\t<\/div>\n\t<\/div>\n\t\n\t\t<\/div>\n\t\t\t\t\t<\/div>\n\n\t\n\n\t<div id=\"col-1427175900\" class=\"col medium-3 small-6 large-3\"  >\n\t\t\t\t<div class=\"col-inner\"  >\n\t\t\t\n\t\t\t\n\t<div class=\"box has-hover   has-hover box-default box-text-bottom\" >\n\n\t\t<div class=\"box-image\" >\n\t\t\t\t\t\t<div class=\"\" >\n\t\t\t\t<img loading=\"lazy\" decoding=\"async\" width=\"490\" height=\"490\" src=\"https:\/\/blendtec.de\/wp-content\/uploads\/2019\/07\/hot-soup.jpg\" class=\"attachment- size-\" alt=\"\" srcset=\"https:\/\/blendtec.de\/wp-content\/uploads\/2019\/07\/hot-soup.jpg 490w, https:\/\/blendtec.de\/wp-content\/uploads\/2019\/07\/hot-soup-100x100.jpg 100w, https:\/\/blendtec.de\/wp-content\/uploads\/2019\/07\/hot-soup-280x280.jpg 280w, https:\/\/blendtec.de\/wp-content\/uploads\/2019\/07\/hot-soup-400x400.jpg 400w\" sizes=\"auto, (max-width: 490px) 100vw, 490px\" \/>\t\t\t\t\t\t\t\t\t\t\t<\/div>\n\t\t\t\t\t<\/div>\n\n\t\t<div class=\"box-text text-center\" >\n\t\t\t<div class=\"box-text-inner\">\n\t\t\t\t\n<h4><\/h4>\n<h4>Suppen<\/h4>\n<p>Bereite hei\u00dfe Suppe mit der Kraft der Reibung zu. Einfach kalte, frische Zutaten f\u00fcr die hausgemachte Suppe hinzuf\u00fcgen und in wenigen Minuten Ihre Kreation genie\u00dfen &#8211; dampfend hei\u00df.<\/p>\n\t\t\t<\/div>\n\t\t<\/div>\n\t<\/div>\n\t\n\t\t<\/div>\n\t\t\t\t\t<\/div>\n\n\t\n\n\t<div id=\"col-433679835\" class=\"col medium-3 small-6 large-3\"  >\n\t\t\t\t<div class=\"col-inner\"  >\n\t\t\t\n\t\t\t\n\t<div class=\"box has-hover   has-hover box-default box-text-bottom\" >\n\n\t\t<div class=\"box-image\" >\n\t\t\t\t\t\t<div class=\"\" >\n\t\t\t\t<img loading=\"lazy\" decoding=\"async\" width=\"490\" height=\"490\" src=\"https:\/\/blendtec.de\/wp-content\/uploads\/2019\/07\/cocktails.jpg\" class=\"attachment- size-\" alt=\"\" srcset=\"https:\/\/blendtec.de\/wp-content\/uploads\/2019\/07\/cocktails.jpg 490w, https:\/\/blendtec.de\/wp-content\/uploads\/2019\/07\/cocktails-100x100.jpg 100w, https:\/\/blendtec.de\/wp-content\/uploads\/2019\/07\/cocktails-280x280.jpg 280w, https:\/\/blendtec.de\/wp-content\/uploads\/2019\/07\/cocktails-400x400.jpg 400w\" sizes=\"auto, (max-width: 490px) 100vw, 490px\" \/>\t\t\t\t\t\t\t\t\t\t\t<\/div>\n\t\t\t\t\t<\/div>\n\n\t\t<div class=\"box-text text-center\" >\n\t\t\t<div class=\"box-text-inner\">\n\t\t\t\t\n<h4><\/h4>\n<h4>Cocktails<\/h4>\n<p>Sch\u00f6ne Cocktails werden schnell und einfach zubereitet, Ihre Freunde werden sich freuen und Ihre Party unvergesslich machen.<\/p>\n\t\t\t<\/div>\n\t\t<\/div>\n\t<\/div>\n\t\n\t\t<\/div>\n\t\t\t\t\t<\/div>\n\n\t\n<\/div>\n<div class=\"container section-title-container\" ><h3 class=\"section-title section-title-center\"><b aria-hidden=\"true\"><\/b><span class=\"section-title-main\" >Nicht dein Mixer? Weiter mit Designer und Pro Series<\/span><b aria-hidden=\"true\"><\/b><\/h3><\/div>\n<div class=\"row\"  id=\"row-906256019\">\n\n\t<div id=\"col-55230139\" class=\"col medium-4 small-12 large-4\"  >\n\t\t\t\t<div class=\"col-inner\"  >\n\t\t\t\n\t\t\t\n\n  <div class=\"banner has-hover\" id=\"banner-1402346705\">\n          <div class=\"banner-inner fill\">\n        <div class=\"banner-bg fill\" >\n            <img loading=\"lazy\" decoding=\"async\" width=\"460\" height=\"460\" src=\"https:\/\/blendtec.de\/wp-content\/uploads\/2019\/07\/rezepte-klein.jpg\" class=\"bg attachment-large size-large\" alt=\"\" \/>                                    \n                    <\/div>\n\t\t\n        <div class=\"banner-layers container\">\n            <div class=\"fill banner-link\"><\/div>            \n        <\/div>\n      <\/div>\n\n            \n<style>\n#banner-1402346705 {\n  padding-top: 500px;\n  background-color: rgb(255, 255, 255);\n}\n<\/style>\n  <\/div>\n\n\n\t\t<\/div>\n\t\t\t\t\t<\/div>\n\n\t\n\n\t<div id=\"col-18374429\" class=\"col medium-4 small-12 large-4\"  >\n\t\t\t\t<div class=\"col-inner\"  >\n\t\t\t\n\t\t\t\n\n  <div class=\"banner has-hover\" id=\"banner-1353158789\">\n          <div class=\"banner-inner fill\">\n        <div class=\"banner-bg fill\" >\n            <img loading=\"lazy\" decoding=\"async\" width=\"600\" height=\"694\" src=\"https:\/\/blendtec.de\/wp-content\/uploads\/2019\/07\/designer-blender.jpg\" class=\"bg attachment-large size-large\" alt=\"\" \/>                                    \n                    <\/div>\n\t\t\n        <div class=\"banner-layers container\">\n            <div class=\"fill banner-link\"><\/div>            \n   <div id=\"text-box-1055568880\" class=\"text-box banner-layer x10 md-x10 lg-x10 y50 md-y50 lg-y50 res-text\">\n                                <div class=\"text-box-content text dark\">\n              \n              <div class=\"text-inner text-left\">\n                  \n<h3 class=\"uppercase\">DESIGNER Serie<\/h3>\n<h4>Sch\u00f6ner Touchscreen<\/h4>\n<p>Schlankes, modernes Design gepaart mit fortschrittlichen, benutzerfreundlichen Funktionen machen den Designer zu einem modernen K\u00fcchenger\u00e4t.<\/p>\n<a href=\"\/at\/designer-serie\/\" class=\"button white is-outline is-large\" >\n\t\t<span>Mehr erfahren<\/span>\n\t<\/a>\n\n              <\/div>\n           <\/div>\n                            \n<style>\n#text-box-1055568880 {\n  width: 60%;\n}\n#text-box-1055568880 .text-box-content {\n  font-size: 100%;\n}\n@media (min-width:550px) {\n  #text-box-1055568880 {\n    width: 44%;\n  }\n}\n<\/style>\n    <\/div>\n \n        <\/div>\n      <\/div>\n\n            \n<style>\n#banner-1353158789 {\n  padding-top: 500px;\n}\n<\/style>\n  <\/div>\n\n\n\t\t<\/div>\n\t\t\t\t\t<\/div>\n\n\t\n\n\t<div id=\"col-1926217390\" class=\"col medium-4 small-12 large-4\"  >\n\t\t\t\t<div class=\"col-inner\"  >\n\t\t\t\n\t\t\t\n\n  <div class=\"banner has-hover\" id=\"banner-696333590\">\n          <div class=\"banner-inner fill\">\n        <div class=\"banner-bg fill\" >\n            <img loading=\"lazy\" decoding=\"async\" width=\"600\" height=\"694\" src=\"https:\/\/blendtec.de\/wp-content\/uploads\/2019\/07\/pro-blender.jpg\" class=\"bg attachment-large size-large\" alt=\"\" \/>                                    \n                    <\/div>\n\t\t\n        <div class=\"banner-layers container\">\n            <div class=\"fill banner-link\"><\/div>            \n   <div id=\"text-box-529196384\" class=\"text-box banner-layer x10 md-x10 lg-x10 y50 md-y50 lg-y50 res-text\">\n                                <div class=\"text-box-content text dark\">\n              \n              <div class=\"text-inner text-left\">\n                  \n<h3 class=\"uppercase\">PRO Serie<\/h3>\n<h4>Das ultimative Blending-Erlebnis<\/h4>\n<p>Der H\u00f6hepunkt von kommerzieller Leistung und Innovation kommt zu dir nach Hause.<\/p>\n<a href=\"\/at\/pro-serie\/\" class=\"button white is-outline is-large\" >\n\t\t<span>Mehr erfahren<\/span>\n\t<\/a>\n\n              <\/div>\n           <\/div>\n                            \n<style>\n#text-box-529196384 {\n  width: 60%;\n}\n#text-box-529196384 .text-box-content {\n  font-size: 100%;\n}\n@media (min-width:550px) {\n  #text-box-529196384 {\n    width: 40%;\n  }\n}\n<\/style>\n    <\/div>\n \n        <\/div>\n      <\/div>\n\n            \n<style>\n#banner-696333590 {\n  padding-top: 500px;\n}\n<\/style>\n  <\/div>\n\n\n\t\t<\/div>\n\t\t\t\t\t<\/div>\n\n\t\n<\/div>\n","protected":false},"excerpt":{"rendered":"","protected":false},"author":177,"featured_media":0,"parent":0,"menu_order":0,"comment_status":"closed","ping_status":"closed","template":"","meta":{"footnotes":""},"class_list":["post-5508","page","type-page","status-publish","hentry"],"_links":{"self":[{"href":"https:\/\/blendtec.de\/at\/wp-json\/wp\/v2\/pages\/5508","targetHints":{"allow":["GET"]}}],"collection":[{"href":"https:\/\/blendtec.de\/at\/wp-json\/wp\/v2\/pages"}],"about":[{"href":"https:\/\/blendtec.de\/at\/wp-json\/wp\/v2\/types\/page"}],"author":[{"embeddable":true,"href":"https:\/\/blendtec.de\/at\/wp-json\/wp\/v2\/users\/177"}],"replies":[{"embeddable":true,"href":"https:\/\/blendtec.de\/at\/wp-json\/wp\/v2\/comments?post=5508"}],"version-history":[{"count":0,"href":"https:\/\/blendtec.de\/at\/wp-json\/wp\/v2\/pages\/5508\/revisions"}],"wp:attachment":[{"href":"https:\/\/blendtec.de\/at\/wp-json\/wp\/v2\/media?parent=5508"}],"curies":[{"name":"wp","href":"https:\/\/api.w.org\/{rel}","templated":true}]}}