{"id":5510,"date":"2019-07-01T13:55:40","date_gmt":"2019-07-01T11:55:40","guid":{"rendered":"https:\/\/dev.blendtec.de\/designer-serie\/"},"modified":"2022-04-25T09:28:48","modified_gmt":"2022-04-25T07:28:48","slug":"designer-serie","status":"publish","type":"page","link":"https:\/\/blendtec.de\/at\/designer-serie\/","title":{"rendered":"DESIGNER SERIE"},"content":{"rendered":"\n  <div class=\"banner has-hover\" id=\"banner-1981115338\">\n          <div class=\"banner-inner fill\">\n        <div class=\"banner-bg fill\" >\n            <img loading=\"lazy\" decoding=\"async\" width=\"1020\" height=\"408\" src=\"https:\/\/blendtec.de\/wp-content\/uploads\/2019\/07\/designer-blender-header.jpg\" class=\"bg attachment-large size-large\" alt=\"\" \/>                                    \n                    <\/div>\n\t\t\n        <div class=\"banner-layers container\">\n            <div class=\"fill banner-link\"><\/div>            \n   <div id=\"text-box-168483356\" class=\"text-box banner-layer x5 md-x5 lg-x5 y50 md-y50 lg-y50 res-text\">\n                                <div class=\"text-box-content text dark\">\n              \n              <div class=\"text-inner text-left\">\n                  \n<h1 class=\"uppercase\"><span style=\"font-size: 80%;\"><strong>DESIGNER SERIE<\/strong><\/span><\/h1>\n<h3>Touchscreen Mixer<\/h3>\n<p>Schlankes, modernes Design gepaart mit fortschrittlichen, benutzerfreundlichen Funktionen machen den Designer zu einem modernen K\u00fcchenger\u00e4t.<\/p>\n              <\/div>\n           <\/div>\n                            \n<style>\n#text-box-168483356 {\n  width: 60%;\n}\n#text-box-168483356 .text-box-content {\n  font-size: 100%;\n}\n@media (min-width:550px) {\n  #text-box-168483356 {\n    width: 40%;\n  }\n}\n<\/style>\n    <\/div>\n \n        <\/div>\n      <\/div>\n\n            \n<style>\n#banner-1981115338 {\n  padding-top: 210px;\n}\n@media (min-width:550px) {\n  #banner-1981115338 {\n    padding-top: 500px;\n  }\n}\n<\/style>\n  <\/div>\n\n\n<div class=\"row\"  id=\"row-937729234\">\n\n\t<div id=\"col-1036013216\" class=\"col medium-6 small-12 large-6\"  >\n\t\t\t\t<div class=\"col-inner\"  >\n\t\t\t\n\t\t\t\n\n  <div class=\"banner has-hover\" id=\"banner-314761587\">\n          <div class=\"banner-inner fill\">\n        <div class=\"banner-bg fill\" >\n            <img loading=\"lazy\" decoding=\"async\" width=\"500\" height=\"500\" src=\"https:\/\/blendtec.de\/wp-content\/uploads\/2019\/07\/Blendtec-Designer-625.jpg\" class=\"bg attachment-large size-large\" alt=\"\" \/>                        <div class=\"overlay\"><\/div>            \n                    <\/div>\n\t\t\n        <div class=\"banner-layers container\">\n            <a class=\"fill\" href=\"\/at\/produkt\/designer-625\/\"><div class=\"fill banner-link\"><\/div><\/a>            \n   <div id=\"text-box-334083696\" class=\"text-box banner-layer x50 md-x50 lg-x50 y50 md-y50 lg-y50 res-text\">\n                                <div class=\"text-box-content text dark\">\n              \n              <div class=\"text-inner text-center\">\n                  \n<h2 style=\"text-align: center;\"><strong>BLENDTEC<\/strong><\/h2>\n<h2 style=\"text-align: center;\"><strong>DESIGNER 625<\/strong><\/h2>\n<h4 style=\"text-align: center;\">Der Einstieg in die Designer Series. Touchscreen, Programme und ein<\/h4>\n<h4 style=\"text-align: center;\">zeitloses Design.<\/h4>\n<p>\u00a0<\/p>\n<a href=\"\/at\/produkt\/designer-625\/\" class=\"button white is-outline is-larger\" >\n\t\t<span>629 EUR<\/span>\n\t<\/a>\n\n              <\/div>\n           <\/div>\n                            \n<style>\n#text-box-334083696 {\n  width: 79%;\n}\n#text-box-334083696 .text-box-content {\n  font-size: 100%;\n}\n@media (min-width:550px) {\n  #text-box-334083696 {\n    width: 60%;\n  }\n}\n<\/style>\n    <\/div>\n \n        <\/div>\n      <\/div>\n\n            \n<style>\n#banner-314761587 {\n  padding-top: 500px;\n}\n#banner-314761587 .overlay {\n  background-color: rgba(0, 0, 0, 0.24);\n}\n<\/style>\n  <\/div>\n\n\n\t\t<\/div>\n\t\t\t\t\t<\/div>\n\n\t\n\n\t<div id=\"col-2940082\" class=\"col medium-6 small-12 large-6\"  >\n\t\t\t\t<div class=\"col-inner\"  >\n\t\t\t\n\t\t\t\n\n  <div class=\"banner has-hover\" id=\"banner-1296921625\">\n          <div class=\"banner-inner fill\">\n        <div class=\"banner-bg fill\" >\n            <img loading=\"lazy\" decoding=\"async\" width=\"500\" height=\"500\" src=\"https:\/\/blendtec.de\/wp-content\/uploads\/2019\/07\/Blendtec-Designer-650.jpg\" class=\"bg attachment-large size-large\" alt=\"\" \/>                        <div class=\"overlay\"><\/div>            \n                    <\/div>\n\t\t\n        <div class=\"banner-layers container\">\n            <a class=\"fill\" href=\"\/at\/produkt\/designer-650\/\"><div class=\"fill banner-link\"><\/div><\/a>            \n   <div id=\"text-box-1330785535\" class=\"text-box banner-layer x50 md-x50 lg-x50 y50 md-y50 lg-y50 res-text\">\n                                <div class=\"text-box-content text dark\">\n              \n              <div class=\"text-inner text-center\">\n                  \n<h2 style=\"text-align: center;\">BLENDTEC<\/h2>\n<h2 style=\"text-align: center;\">DESIGNER 650<\/h2>\n<h4 style=\"text-align: center;\">Die Mittelklasse der Designer Series mit vielen Funktionen, wundervollem Design, zum fairen Preis.<\/h4>\n<p>\u00a0<\/p>\n<a href=\"\/at\/produkt\/designer-650\/\" class=\"button white is-outline is-larger\" >\n\t\t<span>ab 679 EUR<\/span>\n\t<\/a>\n\n              <\/div>\n           <\/div>\n                            \n<style>\n#text-box-1330785535 {\n  width: 79%;\n}\n#text-box-1330785535 .text-box-content {\n  font-size: 100%;\n}\n@media (min-width:550px) {\n  #text-box-1330785535 {\n    width: 60%;\n  }\n}\n<\/style>\n    <\/div>\n \n        <\/div>\n      <\/div>\n\n            \n<style>\n#banner-1296921625 {\n  padding-top: 500px;\n}\n#banner-1296921625 .overlay {\n  background-color: rgba(0, 0, 0, 0.36);\n}\n@media (min-width:550px) {\n  #banner-1296921625 {\n    padding-top: 500px;\n  }\n}\n<\/style>\n  <\/div>\n\n\n\t\t<\/div>\n\t\t\t\t\t<\/div>\n\n\t\n<\/div>\n\n\t<section class=\"section\" id=\"section_1138095786\">\n\t\t<div class=\"section-bg fill\" >\n\t\t\t\t\t\t\t<div class=\"video-overlay no-click fill visible\"><\/div>\n\t<video class=\"video-bg fill visible\" preload playsinline autoplay muted loop>\n\t\t<source src=\"https:\/\/blendtec.de\/wp-content\/uploads\/video\/Blendtec_Desingner_625_de.mp4\" type=\"video\/mp4\">\t<\/video>\n\t\t\t\n\t\t\t\n\n\t\t<\/div>\n\n\t\t\n\n\t\t<div class=\"section-content relative\">\n\t\t\t\n\t\t<\/div>\n\n\t\t\n<style>\n#section_1138095786 {\n  padding-top: 80px;\n  padding-bottom: 80px;\n}\n@media (min-width:550px) {\n  #section_1138095786 {\n    padding-top: 263px;\n    padding-bottom: 263px;\n  }\n}\n<\/style>\n\t<\/section>\n\t\n<div class=\"row\"  id=\"row-1953599198\">\n\n\t<div id=\"col-1700482062\" class=\"col small-12 large-12\"  >\n\t\t\t\t<div class=\"col-inner\"  >\n\t\t\t\n\t\t\t\n\n  <div class=\"banner has-hover\" id=\"banner-122282147\">\n          <div class=\"banner-inner fill\">\n        <div class=\"banner-bg fill\" >\n            <img loading=\"lazy\" decoding=\"async\" width=\"1020\" height=\"486\" src=\"https:\/\/blendtec.de\/wp-content\/uploads\/2019\/07\/Blendtec-Designer-725.jpg\" class=\"bg attachment-large size-large\" alt=\"\" \/>                        <div class=\"overlay\"><\/div>            \n                    <\/div>\n\t\t\n        <div class=\"banner-layers container\">\n            <a class=\"fill\" href=\"\/at\/produkt\/designer-725\/\"><div class=\"fill banner-link\"><\/div><\/a>            \n   <div id=\"text-box-1698816213\" class=\"text-box banner-layer x50 md-x50 lg-x50 y50 md-y50 lg-y50 res-text\">\n                                <div class=\"text-box-content text dark\">\n              \n              <div class=\"text-inner text-center\">\n                  \n<h2 class=\"uppercase\">Blendtec Designer 725<\/h2>\n<h5>Vollgepackt mit tollen Sachen, die das Leben sch\u00f6ner Machen&#8230;.<\/h5>\n<h5>Unser Blendtec Designer 725 \u00a0hat alles dabei was sich ein Mixer Anwender w\u00fcnscht.<\/h5>\n<p>\u00a0<\/p>\n<a href=\"\/at\/produkt\/designer-725\/\" class=\"button white is-outline\" >\n\t\t<span>899,00 EUR<\/span>\n\t<\/a>\n\n              <\/div>\n           <\/div>\n                            \n<style>\n#text-box-1698816213 {\n  width: 72%;\n}\n#text-box-1698816213 .text-box-content {\n  font-size: 100%;\n}\n<\/style>\n    <\/div>\n \n        <\/div>\n      <\/div>\n\n            \n<style>\n#banner-122282147 {\n  padding-top: 500px;\n}\n#banner-122282147 .overlay {\n  background-color: rgba(0, 0, 0, 0.38);\n}\n<\/style>\n  <\/div>\n\n\n\t\t<\/div>\n\t\t\t\t\t<\/div>\n\n\t\n<\/div>\n\n\t<section class=\"section\" id=\"section_409542409\">\n\t\t<div class=\"section-bg fill\" >\n\t\t\t\t\t\t\t<div class=\"video-overlay no-click fill visible\"><\/div>\n\t<video class=\"video-bg fill visible\" preload playsinline autoplay muted loop>\n\t\t<source src=\"https:\/\/blendtec.de\/wp-content\/uploads\/video\/Blendtec_Desingner_725_de.mp4\" type=\"video\/mp4\">\t<\/video>\n\t\t\t\n\t\t\t\n\n\t\t<\/div>\n\n\t\t\n\n\t\t<div class=\"section-content relative\">\n\t\t\t\n\t\t<\/div>\n\n\t\t\n<style>\n#section_409542409 {\n  padding-top: 80px;\n  padding-bottom: 80px;\n}\n@media (min-width:550px) {\n  #section_409542409 {\n    padding-top: 188px;\n    padding-bottom: 188px;\n  }\n}\n@media (min-width:850px) {\n  #section_409542409 {\n    padding-top: 263px;\n    padding-bottom: 263px;\n  }\n}\n<\/style>\n\t<\/section>\n\t\n<div class=\"row hide-for-small\"  id=\"row-1309556964\">\n\n\t<div id=\"col-2116986604\" class=\"col medium-3 small-6 large-3\"  >\n\t\t\t\t<div class=\"col-inner\"  >\n\t\t\t\n\t\t\t\n\t<div class=\"box has-hover   has-hover box-text-bottom\" >\n\n\t\t<div class=\"box-image\" >\n\t\t\t\t\t\t<div class=\"\" >\n\t\t\t\t<img loading=\"lazy\" decoding=\"async\" width=\"490\" height=\"490\" src=\"https:\/\/blendtec.de\/wp-content\/uploads\/2019\/07\/blunt-blade.jpg\" class=\"attachment- size-\" alt=\"\" srcset=\"https:\/\/blendtec.de\/wp-content\/uploads\/2019\/07\/blunt-blade.jpg 490w, https:\/\/blendtec.de\/wp-content\/uploads\/2019\/07\/blunt-blade-100x100.jpg 100w, https:\/\/blendtec.de\/wp-content\/uploads\/2019\/07\/blunt-blade-280x280.jpg 280w, https:\/\/blendtec.de\/wp-content\/uploads\/2019\/07\/blunt-blade-400x400.jpg 400w\" sizes=\"auto, (max-width: 490px) 100vw, 490px\" \/>\t\t\t\t\t\t\t\t\t\t\t<\/div>\n\t\t\t\t\t<\/div>\n\n\t\t<div class=\"box-text text-center\" >\n\t\t\t<div class=\"box-text-inner\">\n\t\t\t\t\n<h4>Stumpfe Klinge<\/h4>\n<p>Um die immense Kraft zu b\u00e4ndigen, muss die Klinge gr\u00f6\u00dfer, dicker und robuster sein als andere Mixerbl\u00e4tter. Die Beh\u00e4lter sind daher mit ultrahartem rostfreien Stahlklingen ausgestattet, welche kaltgeschmiedet auf einen harten Einsatz abgestimmt wurden.<\/p>\n\t\t\t<\/div>\n\t\t<\/div>\n\t<\/div>\n\t\n\t\t<\/div>\n\t\t\t\t\t<\/div>\n\n\t\n\n\t<div id=\"col-2091276631\" class=\"col medium-3 small-6 large-3\"  >\n\t\t\t\t<div class=\"col-inner\"  >\n\t\t\t\n\t\t\t\n\t<div class=\"box has-hover   has-hover box-text-bottom\" >\n\n\t\t<div class=\"box-image\" >\n\t\t\t\t\t\t<div class=\"\" >\n\t\t\t\t<img loading=\"lazy\" decoding=\"async\" width=\"490\" height=\"490\" src=\"https:\/\/blendtec.de\/wp-content\/uploads\/2019\/07\/tamper-free-jar-d.jpg\" class=\"attachment- size-\" alt=\"\" srcset=\"https:\/\/blendtec.de\/wp-content\/uploads\/2019\/07\/tamper-free-jar-d.jpg 490w, https:\/\/blendtec.de\/wp-content\/uploads\/2019\/07\/tamper-free-jar-d-100x100.jpg 100w, https:\/\/blendtec.de\/wp-content\/uploads\/2019\/07\/tamper-free-jar-d-280x280.jpg 280w, https:\/\/blendtec.de\/wp-content\/uploads\/2019\/07\/tamper-free-jar-d-400x400.jpg 400w\" sizes=\"auto, (max-width: 490px) 100vw, 490px\" \/>\t\t\t\t\t\t\t\t\t\t\t<\/div>\n\t\t\t\t\t<\/div>\n\n\t\t<div class=\"box-text text-center\" >\n\t\t\t<div class=\"box-text-inner\">\n\t\t\t\t\n<h4 class=\"subhead-two\">Genial einfach zu Reinigender Beh\u00e4lter, ohne Stopfer<\/h4>\n<p>Die besonders konstruierten und patentierten Beh\u00e4lter unterbrechen durch Stege an den Seiten die Mischstr\u00f6mungen und ziehen die Zutaten zu den stumpfen Klingen. Im Gegensatz zu runden Beh\u00e4ltern, bei denen die Zutaten im Kreis geschleudert werden, gelangen sie bei Blendtec Mixern an die flachen Seiten und werden ohne Einsatz eines Stopfers von den Klingen zerkleinert bzw. p\u00fcriert.<\/p>\n\t\t\t<\/div>\n\t\t<\/div>\n\t<\/div>\n\t\n\t\t<\/div>\n\t\t\t\t\t<\/div>\n\n\t\n\n\t<div id=\"col-1271617256\" class=\"col medium-3 small-6 large-3\"  >\n\t\t\t\t<div class=\"col-inner\"  >\n\t\t\t\n\t\t\t\n\t<div class=\"box has-hover   has-hover box-text-bottom\" >\n\n\t\t<div class=\"box-image\" >\n\t\t\t\t\t\t<div class=\"\" >\n\t\t\t\t<img loading=\"lazy\" decoding=\"async\" width=\"490\" height=\"490\" src=\"https:\/\/blendtec.de\/wp-content\/uploads\/2019\/07\/sleek-capacitive-d.jpg\" class=\"attachment- size-\" alt=\"\" srcset=\"https:\/\/blendtec.de\/wp-content\/uploads\/2019\/07\/sleek-capacitive-d.jpg 490w, https:\/\/blendtec.de\/wp-content\/uploads\/2019\/07\/sleek-capacitive-d-100x100.jpg 100w, https:\/\/blendtec.de\/wp-content\/uploads\/2019\/07\/sleek-capacitive-d-280x280.jpg 280w, https:\/\/blendtec.de\/wp-content\/uploads\/2019\/07\/sleek-capacitive-d-400x400.jpg 400w\" sizes=\"auto, (max-width: 490px) 100vw, 490px\" \/>\t\t\t\t\t\t\t\t\t\t\t<\/div>\n\t\t\t\t\t<\/div>\n\n\t\t<div class=\"box-text text-center\" >\n\t\t\t<div class=\"box-text-inner\">\n\t\t\t\t\n<h4>Leichte Bedienung dank TouchScreen<\/h4>\n<p>Blendtec Mixer sehen nicht nur gut aus, sie besitzen auch modernste Automatikprogramme die vom Mixen bis hin zum Reinigen alles einfacher machen. Die moderne Touch-Bedienung erm\u00f6glicht mit einer Ber\u00fchrung m\u00fcheloses Mixen mit optimalen Resultaten.<\/p>\n\t\t\t<\/div>\n\t\t<\/div>\n\t<\/div>\n\t\n\t\t<\/div>\n\t\t\t\t\t<\/div>\n\n\t\n\n\t<div id=\"col-1415264236\" class=\"col medium-3 small-6 large-3\"  >\n\t\t\t\t<div class=\"col-inner\"  >\n\t\t\t\n\t\t\t\n\t<div class=\"box has-hover   has-hover box-text-bottom\" >\n\n\t\t<div class=\"box-image\" >\n\t\t\t\t\t\t<div class=\"\" >\n\t\t\t\t<img loading=\"lazy\" decoding=\"async\" width=\"490\" height=\"490\" src=\"https:\/\/blendtec.de\/wp-content\/uploads\/2019\/07\/smartblend.jpg\" class=\"attachment- size-\" alt=\"\" srcset=\"https:\/\/blendtec.de\/wp-content\/uploads\/2019\/07\/smartblend.jpg 490w, https:\/\/blendtec.de\/wp-content\/uploads\/2019\/07\/smartblend-100x100.jpg 100w, https:\/\/blendtec.de\/wp-content\/uploads\/2019\/07\/smartblend-280x280.jpg 280w, https:\/\/blendtec.de\/wp-content\/uploads\/2019\/07\/smartblend-400x400.jpg 400w\" sizes=\"auto, (max-width: 490px) 100vw, 490px\" \/>\t\t\t\t\t\t\t\t\t\t\t<\/div>\n\t\t\t\t\t<\/div>\n\n\t\t<div class=\"box-text text-center\" >\n\t\t\t<div class=\"box-text-inner\">\n\t\t\t\t\n<h4><\/h4>\n<h4>SmartBlend Technologie<\/h4>\n<p>Unsrer exklusive SmartBlend technologie welche eventuelle probleme erkennt und identifiziert\u2014inklusive Belastungsprobleme, \u00fcberhitzen sowie Luftl\u00f6cher in der Mixtur\u2014und Hinweise anbietet zur m\u00f6glichen L\u00f6sung.<\/p>\n\t\t\t<\/div>\n\t\t<\/div>\n\t<\/div>\n\t\n\t\t<\/div>\n\t\t\t\t\t<\/div>\n\n\t\n<\/div>\n<div class=\"row hide-for-small\"  id=\"row-2099186658\">\n\n\t<div id=\"col-1228042608\" class=\"col medium-3 small-6 large-3\"  >\n\t\t\t\t<div class=\"col-inner\"  >\n\t\t\t\n\t\t\t\n\t<div class=\"box has-hover   has-hover box-default box-text-bottom\" >\n\n\t\t<div class=\"box-image\" >\n\t\t\t\t\t\t<div class=\"\" >\n\t\t\t\t<img loading=\"lazy\" decoding=\"async\" width=\"490\" height=\"490\" src=\"https:\/\/blendtec.de\/wp-content\/uploads\/2019\/07\/ice-cream.jpg\" class=\"attachment- size-\" alt=\"\" srcset=\"https:\/\/blendtec.de\/wp-content\/uploads\/2019\/07\/ice-cream.jpg 490w, https:\/\/blendtec.de\/wp-content\/uploads\/2019\/07\/ice-cream-100x100.jpg 100w, https:\/\/blendtec.de\/wp-content\/uploads\/2019\/07\/ice-cream-280x280.jpg 280w, https:\/\/blendtec.de\/wp-content\/uploads\/2019\/07\/ice-cream-400x400.jpg 400w\" sizes=\"auto, (max-width: 490px) 100vw, 490px\" \/>\t\t\t\t\t\t\t\t\t\t\t<\/div>\n\t\t\t\t\t<\/div>\n\n\t\t<div class=\"box-text text-center\" >\n\t\t\t<div class=\"box-text-inner\">\n\t\t\t\t\n<h4><\/h4>\n<h4>Eis<\/h4>\n<p>Die\u00a0leistungsstarken Motoren und das robuste Material machen das Mixen von gefrorenen Leckereien zum Kinderspiel. Eiscreme, Sorbet, Shaved Ice (geschabtes Eis) und gefrorener Joghurt, leicht und lecker zubereitet.<\/p>\n\t\t\t<\/div>\n\t\t<\/div>\n\t<\/div>\n\t\n\t\t<\/div>\n\t\t\t\t\t<\/div>\n\n\t\n\n\t<div id=\"col-709642456\" class=\"col medium-3 small-6 large-3\"  >\n\t\t\t\t<div class=\"col-inner\"  >\n\t\t\t\n\t\t\t\n\t<div class=\"box has-hover   has-hover box-default box-text-bottom\" >\n\n\t\t<div class=\"box-image\" >\n\t\t\t\t\t\t<div class=\"\" >\n\t\t\t\t<img loading=\"lazy\" decoding=\"async\" width=\"490\" height=\"490\" src=\"https:\/\/blendtec.de\/wp-content\/uploads\/2019\/07\/dough-batter.jpg\" class=\"attachment- size-\" alt=\"\" srcset=\"https:\/\/blendtec.de\/wp-content\/uploads\/2019\/07\/dough-batter.jpg 490w, https:\/\/blendtec.de\/wp-content\/uploads\/2019\/07\/dough-batter-100x100.jpg 100w, https:\/\/blendtec.de\/wp-content\/uploads\/2019\/07\/dough-batter-280x280.jpg 280w, https:\/\/blendtec.de\/wp-content\/uploads\/2019\/07\/dough-batter-400x400.jpg 400w\" sizes=\"auto, (max-width: 490px) 100vw, 490px\" \/>\t\t\t\t\t\t\t\t\t\t\t<\/div>\n\t\t\t\t\t<\/div>\n\n\t\t<div class=\"box-text text-center\" >\n\t\t\t<div class=\"box-text-inner\">\n\t\t\t\t\n<h4><\/h4>\n<h4>Brot &amp; Teig<\/h4>\n<p>Mischen Sie schnell die Zutaten f\u00fcr Pfannkuchen, Waffeln, Kekse, Muffins, Cr\u00eapes und Kuchen. Blendtec-Hochleistungsmixer k\u00f6nnen auch dicke Brot- und Pizzateig verarbeiten und werden von renommierten K\u00f6chen aus aller Welt gesch\u00e4tzt.<\/p>\n\t\t\t<\/div>\n\t\t<\/div>\n\t<\/div>\n\t\n\t\t<\/div>\n\t\t\t\t\t<\/div>\n\n\t\n\n\t<div id=\"col-793970437\" class=\"col medium-3 small-6 large-3\"  >\n\t\t\t\t<div class=\"col-inner\"  >\n\t\t\t\n\t\t\t\n\t<div class=\"box has-hover   has-hover box-default box-text-bottom\" >\n\n\t\t<div class=\"box-image\" >\n\t\t\t\t\t\t<div class=\"\" >\n\t\t\t\t<img loading=\"lazy\" decoding=\"async\" width=\"490\" height=\"490\" src=\"https:\/\/blendtec.de\/wp-content\/uploads\/2019\/07\/hot-soup.jpg\" class=\"attachment- size-\" alt=\"\" srcset=\"https:\/\/blendtec.de\/wp-content\/uploads\/2019\/07\/hot-soup.jpg 490w, https:\/\/blendtec.de\/wp-content\/uploads\/2019\/07\/hot-soup-100x100.jpg 100w, https:\/\/blendtec.de\/wp-content\/uploads\/2019\/07\/hot-soup-280x280.jpg 280w, https:\/\/blendtec.de\/wp-content\/uploads\/2019\/07\/hot-soup-400x400.jpg 400w\" sizes=\"auto, (max-width: 490px) 100vw, 490px\" \/>\t\t\t\t\t\t\t\t\t\t\t<\/div>\n\t\t\t\t\t<\/div>\n\n\t\t<div class=\"box-text text-center\" >\n\t\t\t<div class=\"box-text-inner\">\n\t\t\t\t\n<h4><\/h4>\n<h4>Suppen<\/h4>\n<p>Bereite hei\u00dfe Suppe mit der Kraft der Reibung zu. Einfach kalte, frische Zutaten f\u00fcr die hausgemachte Suppe hinzuf\u00fcgen und in wenigen Minuten Ihre Kreation genie\u00dfen &#8211; dampfend hei\u00df.<\/p>\n\t\t\t<\/div>\n\t\t<\/div>\n\t<\/div>\n\t\n\t\t<\/div>\n\t\t\t\t\t<\/div>\n\n\t\n\n\t<div id=\"col-1066247597\" class=\"col medium-3 small-6 large-3\"  >\n\t\t\t\t<div class=\"col-inner\"  >\n\t\t\t\n\t\t\t\n\t<div class=\"box has-hover   has-hover box-default box-text-bottom\" >\n\n\t\t<div class=\"box-image\" >\n\t\t\t\t\t\t<div class=\"\" >\n\t\t\t\t<img loading=\"lazy\" decoding=\"async\" width=\"490\" height=\"490\" src=\"https:\/\/blendtec.de\/wp-content\/uploads\/2019\/07\/cocktails.jpg\" class=\"attachment- size-\" alt=\"\" srcset=\"https:\/\/blendtec.de\/wp-content\/uploads\/2019\/07\/cocktails.jpg 490w, https:\/\/blendtec.de\/wp-content\/uploads\/2019\/07\/cocktails-100x100.jpg 100w, https:\/\/blendtec.de\/wp-content\/uploads\/2019\/07\/cocktails-280x280.jpg 280w, https:\/\/blendtec.de\/wp-content\/uploads\/2019\/07\/cocktails-400x400.jpg 400w\" sizes=\"auto, (max-width: 490px) 100vw, 490px\" \/>\t\t\t\t\t\t\t\t\t\t\t<\/div>\n\t\t\t\t\t<\/div>\n\n\t\t<div class=\"box-text text-center\" >\n\t\t\t<div class=\"box-text-inner\">\n\t\t\t\t\n<h4><\/h4>\n<h4>Cocktails<\/h4>\n<p>Sch\u00f6ne Cocktails werden schnell und einfach zubereitet, Ihre Freunde werden sich freuen und Ihre Party unvergesslich machen.<\/p>\n\t\t\t<\/div>\n\t\t<\/div>\n\t<\/div>\n\t\n\t\t<\/div>\n\t\t\t\t\t<\/div>\n\n\t\n<\/div>\n<div class=\"container section-title-container\" ><h3 class=\"section-title section-title-center\"><b aria-hidden=\"true\"><\/b><span class=\"section-title-main\" >Nicht dein Mixer? Weiter mit Classic und Pro Series<\/span><b aria-hidden=\"true\"><\/b><\/h3><\/div>\n<div class=\"row\"  id=\"row-304293100\">\n\n\t<div id=\"col-1582648860\" class=\"col medium-4 small-12 large-4\"  >\n\t\t\t\t<div class=\"col-inner\"  >\n\t\t\t\n\t\t\t\n\n  <div class=\"banner has-hover\" id=\"banner-1459746432\">\n          <div class=\"banner-inner fill\">\n        <div class=\"banner-bg fill\" >\n            <img loading=\"lazy\" decoding=\"async\" width=\"600\" height=\"694\" src=\"https:\/\/blendtec.de\/wp-content\/uploads\/2019\/07\/classic-blender.jpg\" class=\"bg attachment-large size-large\" alt=\"\" \/>                                    \n                    <\/div>\n\t\t\n        <div class=\"banner-layers container\">\n            <div class=\"fill banner-link\"><\/div>            \n   <div id=\"text-box-619110352\" class=\"text-box banner-layer x10 md-x10 lg-x10 y50 md-y50 lg-y50 res-text\">\n                                <div class=\"text-box-content text \">\n              \n              <div class=\"text-inner text-left\">\n                  \n<h3 class=\"uppercase\"><strong>CLASSIC Serie<\/strong><\/h3>\n<h4>Druckknopf-Design<\/h4>\n<p>Das ber\u00fchmte, kraftvolle Original. Unsere Mixer der Classic-Serie sind das ultimative All-in-One-Ger\u00e4t.<\/p>\n<a href=\"\/at\/classic-serie\/\" class=\"button white is-outline is-large\" >\n\t\t<span>mehr erfahren<\/span>\n\t<\/a>\n\n              <\/div>\n           <\/div>\n                            \n<style>\n#text-box-619110352 {\n  width: 60%;\n}\n#text-box-619110352 .text-box-content {\n  font-size: 100%;\n}\n@media (min-width:550px) {\n  #text-box-619110352 {\n    width: 40%;\n  }\n}\n<\/style>\n    <\/div>\n \n        <\/div>\n      <\/div>\n\n            \n<style>\n#banner-1459746432 {\n  padding-top: 340px;\n  background-color: rgb(255, 255, 255);\n}\n@media (min-width:550px) {\n  #banner-1459746432 {\n    padding-top: 500px;\n  }\n}\n<\/style>\n  <\/div>\n\n\n\t\t<\/div>\n\t\t\t\t\t<\/div>\n\n\t\n\n\t<div id=\"col-797998423\" class=\"col medium-4 small-12 large-4\"  >\n\t\t\t\t<div class=\"col-inner\"  >\n\t\t\t\n\t\t\t\n\n  <div class=\"banner has-hover\" id=\"banner-205117669\">\n          <div class=\"banner-inner fill\">\n        <div class=\"banner-bg fill\" >\n            <img loading=\"lazy\" decoding=\"async\" width=\"460\" height=\"460\" src=\"https:\/\/blendtec.de\/wp-content\/uploads\/2019\/07\/rezepte-klein.jpg\" class=\"bg attachment-large size-large\" alt=\"\" \/>                                    \n                    <\/div>\n\t\t\n        <div class=\"banner-layers container\">\n            <div class=\"fill banner-link\"><\/div>            \n   <div id=\"text-box-1668604368\" class=\"text-box banner-layer x10 md-x10 lg-x10 y50 md-y50 lg-y50 res-text\">\n                                <div class=\"text-box-content text dark\">\n              \n              <div class=\"text-inner text-left\">\n                  \n              <\/div>\n           <\/div>\n                            \n<style>\n#text-box-1668604368 {\n  width: 60%;\n}\n#text-box-1668604368 .text-box-content {\n  font-size: 100%;\n}\n@media (min-width:550px) {\n  #text-box-1668604368 {\n    width: 44%;\n  }\n}\n<\/style>\n    <\/div>\n \n        <\/div>\n      <\/div>\n\n            \n<style>\n#banner-205117669 {\n  padding-top: 250px;\n}\n@media (min-width:550px) {\n  #banner-205117669 {\n    padding-top: 500px;\n  }\n}\n<\/style>\n  <\/div>\n\n\n\t\t<\/div>\n\t\t\t\t\t<\/div>\n\n\t\n\n\t<div id=\"col-2107616607\" class=\"col medium-4 small-12 large-4\"  >\n\t\t\t\t<div class=\"col-inner\"  >\n\t\t\t\n\t\t\t\n\n  <div class=\"banner has-hover\" id=\"banner-1777216513\">\n          <div class=\"banner-inner fill\">\n        <div class=\"banner-bg fill\" >\n            <img loading=\"lazy\" decoding=\"async\" width=\"600\" height=\"694\" src=\"https:\/\/blendtec.de\/wp-content\/uploads\/2019\/07\/pro-blender.jpg\" class=\"bg attachment-large size-large\" alt=\"\" \/>                                    \n                    <\/div>\n\t\t\n        <div class=\"banner-layers container\">\n            <div class=\"fill banner-link\"><\/div>            \n   <div id=\"text-box-759989051\" class=\"text-box banner-layer x10 md-x10 lg-x10 y50 md-y50 lg-y50 res-text\">\n                                <div class=\"text-box-content text dark\">\n              \n              <div class=\"text-inner text-left\">\n                  \n<h3 class=\"uppercase\">PRO Serie<\/h3>\n<h4>Das ultimative Blending-Erlebnis<\/h4>\n<p>Der H\u00f6hepunkt von kommerzieller Leistung und Innovation kommt zu dir nach Hause.<\/p>\n<a href=\"\/at\/pro-serie\/\" class=\"button white is-outline is-large\" >\n\t\t<span>Mehr erfahren<\/span>\n\t<\/a>\n\n              <\/div>\n           <\/div>\n                            \n<style>\n#text-box-759989051 {\n  width: 60%;\n}\n#text-box-759989051 .text-box-content {\n  font-size: 100%;\n}\n@media (min-width:550px) {\n  #text-box-759989051 {\n    width: 40%;\n  }\n}\n<\/style>\n    <\/div>\n \n        <\/div>\n      <\/div>\n\n            \n<style>\n#banner-1777216513 {\n  padding-top: 340px;\n}\n@media (min-width:550px) {\n  #banner-1777216513 {\n    padding-top: 500px;\n  }\n}\n<\/style>\n  <\/div>\n\n\n\t\t<\/div>\n\t\t\t\t\t<\/div>\n\n\t\n<\/div>\n","protected":false},"excerpt":{"rendered":"","protected":false},"author":177,"featured_media":0,"parent":0,"menu_order":0,"comment_status":"closed","ping_status":"closed","template":"","meta":{"footnotes":""},"class_list":["post-5510","page","type-page","status-publish","hentry"],"_links":{"self":[{"href":"https:\/\/blendtec.de\/at\/wp-json\/wp\/v2\/pages\/5510","targetHints":{"allow":["GET"]}}],"collection":[{"href":"https:\/\/blendtec.de\/at\/wp-json\/wp\/v2\/pages"}],"about":[{"href":"https:\/\/blendtec.de\/at\/wp-json\/wp\/v2\/types\/page"}],"author":[{"embeddable":true,"href":"https:\/\/blendtec.de\/at\/wp-json\/wp\/v2\/users\/177"}],"replies":[{"embeddable":true,"href":"https:\/\/blendtec.de\/at\/wp-json\/wp\/v2\/comments?post=5510"}],"version-history":[{"count":0,"href":"https:\/\/blendtec.de\/at\/wp-json\/wp\/v2\/pages\/5510\/revisions"}],"wp:attachment":[{"href":"https:\/\/blendtec.de\/at\/wp-json\/wp\/v2\/media?parent=5510"}],"curies":[{"name":"wp","href":"https:\/\/api.w.org\/{rel}","templated":true}]}}