{"id":5534,"date":"2018-11-22T21:51:53","date_gmt":"2018-11-22T21:51:53","guid":{"rendered":"https:\/\/dev.blendtec.de\/nutzung-reinigung\/"},"modified":"2018-11-22T21:51:53","modified_gmt":"2018-11-22T21:51:53","slug":"nutzung-reinigung","status":"publish","type":"page","link":"https:\/\/blendtec.de\/at\/nutzung-reinigung\/","title":{"rendered":"Nutzung &#038; Reinigung"},"content":{"rendered":"<p><span style=\"font-size: 14.4px;\">Die Verwendung und Pflege Ihres Blendtec-Mixers k\u00f6nnte nicht einfacher sein.<\/span><\/p>\n<p>F\u00fcr detaillierte Informationen zur Bedienung Ihres Blender-Modells lesen Sie bitte die <a href=\"https:\/\/blendtec.de\/manuals\/\">Bedienungsanleitung<\/a>.<\/p>\n<p style=\"color: #58595b;\">\n<h2 class=\"misc-common--content-title\" style=\"font-family: DINWeb-Light; font-weight: lighter; color: #58595b; margin-top: 0px; margin-right: 0px; margin-left: 0px; font-size: 1.78rem; text-transform: uppercase;\">BLENDER<\/h2>\n<div class=\"accordion\">\n\t<div id=\"accordion-3939479067\" class=\"accordion-item\">\n\t\t<a id=\"accordion-3939479067-label\" class=\"accordion-title plain\" href=\"#accordion-item-so-richten-sie-ihren-blender-ein\" aria-expanded=\"false\" aria-controls=\"accordion-3939479067-content\">\n\t\t\t<button class=\"toggle\" aria-label=\"Toggle\"><i class=\"icon-angle-down\" aria-hidden=\"true\"><\/i><\/button>\n\t\t\t<span>So richten Sie Ihren Blender ein<\/span>\n\t\t<\/a>\n\t\t<div id=\"accordion-3939479067-content\" class=\"accordion-inner\" aria-labelledby=\"accordion-3939479067-label\">\n\t\t\t\n<ol class=\"misc-common--content-ordered-list\" style=\"margin-bottom: 0px; padding: 10px 0px 0px 20px;\">\n<li style=\"padding-bottom: 4px;\">Stellen Sie den Blender auf eine ebene, saubere und trockene Oberfl\u00e4che.<\/li>\n<li style=\"padding-bottom: 4px;\">Stellen Sie sicher, dass eine Steckdose in einem Umkreis von 70cm von der Motorbasis verf\u00fcgbar ist.<\/li>\n<li style=\"padding-bottom: 4px;\">Stellen Sie sicher, dass die \u00d6ffnungen an der Unterseite des Ger\u00e4ts nicht blockiert sind, um eine ordnungsgem\u00e4\u00dfe K\u00fchlung zu gew\u00e4hrleisten.<\/li>\n<\/ol>\n\t\t<\/div>\n\t<\/div>\n\t\n\t<div id=\"accordion-215871260\" class=\"accordion-item\">\n\t\t<a id=\"accordion-215871260-label\" class=\"accordion-title plain\" href=\"#accordion-item-so-reinigen-sie-ihren-blender\" aria-expanded=\"false\" aria-controls=\"accordion-215871260-content\">\n\t\t\t<button class=\"toggle\" aria-label=\"Toggle\"><i class=\"icon-angle-down\" aria-hidden=\"true\"><\/i><\/button>\n\t\t\t<span>So reinigen Sie Ihren Blender<\/span>\n\t\t<\/a>\n\t\t<div id=\"accordion-215871260-content\" class=\"accordion-inner\" aria-labelledby=\"accordion-215871260-label\">\n\t\t\t\n<ol class=\"misc-common--content-ordered-list\" style=\"margin-bottom: 0px; padding: 10px 0px 0px 20px;\">\n<li style=\"padding-bottom: 4px;\">Ziehen Sie die Stromstecker vom Motor aus der Steckdose.<\/li>\n<li style=\"padding-bottom: 4px;\">Reinigen Sie die Motorbasis, indem Sie einfach die Basis und die Druckkn\u00f6pfe oder Touchscreen mit einem feuchten Tuch abwischen. Bei Bedarf kann die Antriebsbuchse mit einem Zahnstocher oder Wattest\u00e4bchen gereinigt werden.<\/li>\n<li style=\"padding-bottom: 4px;\">Verwenden Sie keine Scheuermittel oder steife B\u00fcrsten, um die Motorbasis zu reinigen. Die Oberfl\u00e4che wird dadurch Matt oder zerkratzt. Kosmetische Sch\u00e4den fallen nicht unter die Garantie.<\/li>\n<li style=\"padding-bottom: 4px;\">Verwenden Sie keinen Wasserstrahl, um die Motorbasis zu reinigen. Tauchen Sie die Motorbasis NIEMALS in Wasser.<\/li>\n<\/ol>\n\t\t<\/div>\n\t<\/div>\n\t\n<\/div>\n<p>&nbsp;<\/p>\n<h2 class=\"misc-common--content-title\" style=\"font-family: DINWeb-Light; font-weight: lighter; color: #58595b; margin-top: 0px; margin-right: 0px; margin-left: 0px; font-size: 1.78rem; text-transform: uppercase;\">Beh\u00e4lter<\/h2>\n<section class=\"misc-common--content-section\" style=\"margin-top: 40px; color: #58595b; font-family: proxima_nova_ltlight, sans-serif; font-size: 14px;\"><\/section>\n<section class=\"misc-common--content-section\" style=\"margin-top: 40px; color: #58595b; font-family: proxima_nova_ltlight, sans-serif; font-size: 14px;\"><\/section>\n<div class=\"accordion\">\n\t<div id=\"accordion-1946209976\" class=\"accordion-item\">\n\t\t<a id=\"accordion-1946209976-label\" class=\"accordion-title plain\" href=\"#accordion-item-so-verwenden-und-beladen-sie-ihren-beh\u00e4lter\" aria-expanded=\"false\" aria-controls=\"accordion-1946209976-content\">\n\t\t\t<button class=\"toggle\" aria-label=\"Toggle\"><i class=\"icon-angle-down\" aria-hidden=\"true\"><\/i><\/button>\n\t\t\t<span>So verwenden und beladen Sie Ihren Beh\u00e4lter<\/span>\n\t\t<\/a>\n\t\t<div id=\"accordion-1946209976-content\" class=\"accordion-inner\" aria-labelledby=\"accordion-1946209976-label\">\n\t\t\t<span style=\"color: #333333; font-size: 14.4px;\">\u00a0<\/span><\/p>\n<ol class=\"misc-common--content-ordered-list\" style=\"margin-bottom: 0px; padding: 10px 0px 0px 20px;\">\n<li>Drehen Sie die Antriebswelle auf der Unterseite des Beh\u00e4lters f\u00fcr einige Sekunden, bevor Sie den Beh\u00e4lter nutzen wollen. Dies hilft, die Dichtung &amp; die Lager in gutem Zustand zu halten was die Lebensdauer des Beh\u00e4lters verl\u00e4ngert. Wenn sich die Antriebswelle nicht einfach drehen l\u00e4sst, f\u00fcgen Sie hei\u00dfes Wasser in den Beh\u00e4lter hinzu und drehen Sie die Antriebswelle dann von Hand, bis es sich frei drehen kann.<\/li>\n<li><span style=\"font-size: 14.4px;\">Wie wird der Beh\u00e4lter geladen? F\u00fcllen Sie zuerst Fl\u00fcssigkeiten oder Nahrungsmittel mit hohem Feuchtigkeitsgehalt in den Beh\u00e4lter. Als n\u00e4chstes f\u00fcgen Sie Ihre weicheren Lebensmittel hinzu. Zum Schluss Eis und feste Gegenst\u00e4nde einf\u00fcllen.<\/span><\/li>\n<li>Vergewissern Sie sich, dass der Deckel fest sitzt. Die Deckel sind sehr eng anliegend.<\/li>\n<li style=\"padding-bottom: 0px; margin-bottom: 4px;\">Setzen Sie den Beh\u00e4lter auf die Motorbasis und stellen Sie sicher, dass die Antriebswelle vollst\u00e4ndig in der Antriebsbuchse der Motorbasis sitzt.See our FAQ for other ideas on how to get stains and\/or smells out of your jar.<img decoding=\"async\" class=\" alignright size-full wp-image-128\" style=\"float: right;\" src=\"https:\/\/blendtec.de\/wp-content\/uploads\/2016\/10\/spin-the-blade.jpg\" alt=\"spin the blade\" width=\"20%\" height=\"NaN\" \/><\/li>\n<\/ol>\n<p>Besuchen Sie unsere FAQ-Seite f\u00fcr h\u00e4ufig gestellte Fragen und Antworten zu Beh\u00e4ltern.<\/p>\n<p>Auf unserer &#8218;Deep Clean&#8216;-Seite erfahren Sie, wie Sie Ihren Beh\u00e4lter gr\u00fcndlich reinigen.<\/p>\n\t\t<\/div>\n\t<\/div>\n\t\n\t<div id=\"accordion-3898647339\" class=\"accordion-item\">\n\t\t<a id=\"accordion-3898647339-label\" class=\"accordion-title plain\" href=\"#accordion-item-so-reinigen-sie-ihren-beh\u00e4lter-nach-jedem-gebrauch\" aria-expanded=\"false\" aria-controls=\"accordion-3898647339-content\">\n\t\t\t<button class=\"toggle\" aria-label=\"Toggle\"><i class=\"icon-angle-down\" aria-hidden=\"true\"><\/i><\/button>\n\t\t\t<span>So reinigen Sie Ihren Beh\u00e4lter nach jedem Gebrauch<\/span>\n\t\t<\/a>\n\t\t<div id=\"accordion-3898647339-content\" class=\"accordion-inner\" aria-labelledby=\"accordion-3898647339-label\">\n\t\t\t\n<ol class=\"misc-common--content-ordered-list\" style=\"margin-bottom: 0px; padding: 10px 0px 0px 20px;\">\n<li style=\"padding-bottom: 4px;\">F\u00fcgen Sie 1 Tasse (240 ml) hei\u00dfes Wasser und einen Tropfen fl\u00fcssiger Sp\u00fclmittelseife in den Mixbecher.<\/li>\n<li style=\"padding-bottom: 4px;\">Setzen Sie den Deckel fest auf den Beh\u00e4lter.<\/li>\n<li style=\"padding-bottom: 4px;\">Stellen Sie den Beh\u00e4lter auf die Motorbasis und dr\u00fccken Sie 5 Sekunden lang die \u201ePulse\u201c Taste. Wenn Ihr Mixer einen Reinigungszyklus hat, dr\u00fccken Sie die Taste \u201eSelbstreinigung\u201c.<\/li>\n<li style=\"padding-bottom: 4px;\">Gut aussp\u00fclen.<\/li>\n<\/ol>\n<p>In unseren <a href=\"https:\/\/blendtec.de\/faq\/\">FAQ<\/a> finden Sie weitere Informationen, wie Sie Flecken und \/ oder Ger\u00fcche aus Ihrem Beh\u00e4lter entfernen k\u00f6nnen.<\/p>\n\t\t<\/div>\n\t<\/div>\n\t\n\t<div id=\"accordion-862460674\" class=\"accordion-item\">\n\t\t<a id=\"accordion-862460674-label\" class=\"accordion-title plain\" href=\"#accordion-item-so-reinigen-sie-ihren-beh\u00e4lter-(langzeitsanierung)\" aria-expanded=\"false\" aria-controls=\"accordion-862460674-content\">\n\t\t\t<button class=\"toggle\" aria-label=\"Toggle\"><i class=\"icon-angle-down\" aria-hidden=\"true\"><\/i><\/button>\n\t\t\t<span>So reinigen Sie Ihren Beh\u00e4lter (Langzeitsanierung)<\/span>\n\t\t<\/a>\n\t\t<div id=\"accordion-862460674-content\" class=\"accordion-inner\" aria-labelledby=\"accordion-862460674-label\">\n\t\t\t\n<ol class=\"misc-common--content-ordered-list\" style=\"margin-bottom: 0px; padding: 10px 0px 0px 20px;\">\n<li style=\"padding-bottom: 4px;\">F\u00fcllen Sie zur langfristigen Desinfektion den Beh\u00e4lter mit hei\u00dfem Wasser.<\/li>\n<li style=\"padding-bottom: 4px;\">F\u00fcgen Sie 1\u20132 Teel\u00f6ffel (5\u201310 ml) fl\u00fcssiges Chlorbleichmittel in den Beh\u00e4lter hinzu.<\/li>\n<li style=\"padding-bottom: 4px;\">10 Sekunden lang r\u00fchren. Lassen Sie die Mischung 5 Minuten im Beh\u00e4lter stehen.<\/li>\n<li style=\"padding-bottom: 4px;\">Leere die Wasser-Bleichmittel-Mischung aus. Drehen Sie den Beh\u00e4lter um, bis es Luftgetrocknet ist.<\/li>\n<\/ol>\n\t\t<\/div>\n\t<\/div>\n\t\n\t<div id=\"accordion-945768596\" class=\"accordion-item\">\n\t\t<a id=\"accordion-945768596-label\" class=\"accordion-title plain\" href=\"#accordion-item-tipps-und-hinweise-zur-reinigung\" aria-expanded=\"false\" aria-controls=\"accordion-945768596-content\">\n\t\t\t<button class=\"toggle\" aria-label=\"Toggle\"><i class=\"icon-angle-down\" aria-hidden=\"true\"><\/i><\/button>\n\t\t\t<span>Tipps und Hinweise zur Reinigung<\/span>\n\t\t<\/a>\n\t\t<div id=\"accordion-945768596-content\" class=\"accordion-inner\" aria-labelledby=\"accordion-945768596-label\">\n\t\t\t\n<ul class=\"misc-common--content-unordered-list\" style=\"margin-bottom: 0px; padding: 10px 0px 0px 20px;\">\n<li style=\"padding-bottom: 4px;\">Verwenden Sie zum Reinigen des Beh\u00e4lters keine B\u00fcrsten mit steifen Borsten oder Scheuerlappen oder Pads. Dadurch wird die Oberfl\u00e4che milchig oder zerkratzt.<\/li>\n<li style=\"padding-bottom: 4px;\">Vermeiden Sie das Eintauchen der Beh\u00e4lter in Wasser f\u00fcr l\u00e4nger als 5 Minuten, da dies sonst dazu f\u00fchren kann, dass Wasser in die unteren Gef\u00e4\u00dfdichtungen eindringt welches die Lebenserwartung vom Beh\u00e4lter reduziert.<\/li>\n<li style=\"padding-bottom: 4px;\">Stellen Sie den Beh\u00e4lter nach der Reinigung auf den Kopf zum Abtropfen.<\/li>\n<li style=\"padding-bottom: 4px;\">Der Beh\u00e4lter ist Sp\u00fclmaschinen geeignet, jedoch nur im oberen Fach!<\/li>\n<li style=\"padding-bottom: 4px;\">Setzen Sie Ihren Beh\u00e4lter keinen Temperaturen \u00fcber 80 \u00b0 C aus. Die Temperatur der Zutaten sollte 46 \u00b0 C nicht \u00fcberschreiten. Bitte beachten Sie, dass kochendes Wasser f\u00fcr den Beh\u00e4lter zu hei\u00df ist und niemals verwendet werden sollte.<\/li>\n<\/ul>\n\t\t<\/div>\n\t<\/div>\n\t\n<\/div>\n","protected":false},"excerpt":{"rendered":"<p>Die Verwendung und Pflege Ihres Blendtec-Mixers k\u00f6nnte nicht einfacher sein. F\u00fcr detaillierte Informationen zur Bedienung Ihres Blender-Modells lesen Sie bitte die Bedienungsanleitung. BLENDER &nbsp; Beh\u00e4lter<\/p>\n","protected":false},"author":1,"featured_media":0,"parent":0,"menu_order":0,"comment_status":"closed","ping_status":"closed","template":"","meta":{"footnotes":""},"class_list":["post-5534","page","type-page","status-publish","hentry"],"_links":{"self":[{"href":"https:\/\/blendtec.de\/at\/wp-json\/wp\/v2\/pages\/5534","targetHints":{"allow":["GET"]}}],"collection":[{"href":"https:\/\/blendtec.de\/at\/wp-json\/wp\/v2\/pages"}],"about":[{"href":"https:\/\/blendtec.de\/at\/wp-json\/wp\/v2\/types\/page"}],"author":[{"embeddable":true,"href":"https:\/\/blendtec.de\/at\/wp-json\/wp\/v2\/users\/1"}],"replies":[{"embeddable":true,"href":"https:\/\/blendtec.de\/at\/wp-json\/wp\/v2\/comments?post=5534"}],"version-history":[{"count":0,"href":"https:\/\/blendtec.de\/at\/wp-json\/wp\/v2\/pages\/5534\/revisions"}],"wp:attachment":[{"href":"https:\/\/blendtec.de\/at\/wp-json\/wp\/v2\/media?parent=5534"}],"curies":[{"name":"wp","href":"https:\/\/api.w.org\/{rel}","templated":true}]}}