{"id":5559,"date":"2018-11-20T10:01:57","date_gmt":"2018-11-20T10:01:57","guid":{"rendered":"https:\/\/dev.blendtec.de\/will-it-blend\/"},"modified":"2023-04-20T09:45:57","modified_gmt":"2023-04-20T07:45:57","slug":"will-it-blend","status":"publish","type":"page","link":"https:\/\/blendtec.de\/at\/will-it-blend\/","title":{"rendered":"Will It Blend?"},"content":{"rendered":"<h1>Will It Blend?<\/h1>\n<p>Lange bevor die Filme von &#8222;Will it Blend&#8220; 2006 YouTube im Sturm eroberten, hat Erfinder Tom Dickson Holz zu S\u00e4gesp\u00e4ne verarbeitet, um zu testen wie viel Widerstand seine Blendtec Blender aushalten k\u00f6nnen.<\/p>\n<p>Nach all diesen Jahren ist Tom immer noch dabei alles zu mixen, was er in die H\u00e4nde bekommt.<\/p>\n<p>Der Erfolg der Videos fing an, als der Erfinder Tom Dickson seine stabilen und kr\u00e4ftigen Mixer testete. Er steckte Holzkl\u00f6tze, Besenstiele und vieles mehr in seine Blender, um die Qualit\u00e4t der Komponenten immer wieder zu pr\u00fcfen und zu verbessern. Der neu eingestellte Marketingleiter sah dies zuf\u00e4llig und war davon so begeistert, dass er diese Tests via YouTube mit den Kunden teilen wollte. Tom gab ihm ein 50 $ Budget um zu demonstrieren was der Blender so alles klein kriegen kann. Die Reaktion auf die ersten Videos mit einem Holzbesen, einem halben H\u00e4hnchen (inkl. Knochen), Murmeln sowie ein paar Golfb\u00e4llen war ph\u00e4nomenal. Blendtec wurde \u00fcber Nacht zum YouTube Star mit mehr als 6 Millionen Views in nur 5 Tagen. Es kamen tausende Anfragen, was noch versucht werden sollte, um zu sehen was der Blender sonst noch alles kann (bzw. die Youtube Nutzer wollten sehen, was er nicht kann!). Hier kam dann irgendwann nach tausenden von Vorschl\u00e4gen das iPhone dran. Ein Ger\u00e4t aus Metal in einem Haushaltsblender zu mixen war f\u00fcr alle unvorstellbar. Millionen von Nutzern haben bestaunt wie der Blendtec Blender das iPhone schredderte. YouTube Fans hatten dann debatiert wie gro\u00df ein Beh\u00e4lter sein m\u00fcsste um ein iPad zu mixen &#8211; Tom kam auf eine andere L\u00f6sung und demonstrierte kurzerhand die extreme H\u00e4rte des Motorgeh\u00e4uses &#8211; das iPad Video wurde Blendtec&#8217;s ber\u00fcmtestes Video.<\/p>\n<div class=\"row\"  id=\"row-1237145723\">\n\n\t<div id=\"col-2143494078\" class=\"col medium-4 small-12 large-4\"  >\n\t\t\t\t<div class=\"col-inner\"  >\n\t\t\t\n\t\t\t\n<div class=\"video video-fit mb\" style=\"padding-top:56.25%;\"><div class=\"epyt-video-wrapper\"><iframe loading=\"lazy\"  id=\"_ytid_29137\"  width=\"1020\" height=\"574\"  data-origwidth=\"1020\" data-origheight=\"574\" src=\"https:\/\/www.youtube-nocookie.com\/embed\/lAl28d6tbko?enablejsapi=1&#038;autoplay=0&#038;cc_load_policy=0&#038;cc_lang_pref=&#038;iv_load_policy=1&#038;loop=0&#038;rel=0&#038;fs=1&#038;playsinline=1&#038;autohide=2&#038;theme=dark&#038;color=red&#038;controls=1&#038;disablekb=0&#038;\" class=\"__youtube_prefs__  epyt-is-override  no-lazyload\" title=\"YouTube player\"  allow=\"fullscreen; accelerometer; autoplay; clipboard-write; encrypted-media; gyroscope; picture-in-picture; web-share\" referrerpolicy=\"strict-origin-when-cross-origin\" allowfullscreen data-no-lazy=\"1\" data-skipgform_ajax_framebjll=\"\"><\/iframe><\/div>\n<\/div>\n\t\t<\/div>\n\t\t\t\t\n<style>\n#col-2143494078 > .col-inner {\n  padding: 0px 0px 0px 0px;\n  margin: 0px 0px p 0px;\n}\n<\/style>\n\t<\/div>\n\n\t\n\n\t<div id=\"col-1566457215\" class=\"col medium-4 small-12 large-4\"  >\n\t\t\t\t<div class=\"col-inner\"  >\n\t\t\t\n\t\t\t\n<div class=\"video video-fit mb\" style=\"padding-top:56.25%;\"><div class=\"epyt-video-wrapper\"><iframe loading=\"lazy\"  id=\"_ytid_83209\"  width=\"1020\" height=\"574\"  data-origwidth=\"1020\" data-origheight=\"574\" src=\"https:\/\/www.youtube-nocookie.com\/embed\/l69Vi5IDc0g?enablejsapi=1&#038;autoplay=0&#038;cc_load_policy=0&#038;cc_lang_pref=&#038;iv_load_policy=1&#038;loop=0&#038;rel=0&#038;fs=1&#038;playsinline=1&#038;autohide=2&#038;theme=dark&#038;color=red&#038;controls=1&#038;disablekb=0&#038;\" class=\"__youtube_prefs__  epyt-is-override  no-lazyload\" title=\"YouTube player\"  allow=\"fullscreen; accelerometer; autoplay; clipboard-write; encrypted-media; gyroscope; picture-in-picture; web-share\" referrerpolicy=\"strict-origin-when-cross-origin\" allowfullscreen data-no-lazy=\"1\" data-skipgform_ajax_framebjll=\"\"><\/iframe><\/div>\n<\/div>\n\t\t<\/div>\n\t\t\t\t\t<\/div>\n\n\t\n\n\t<div id=\"col-311206545\" class=\"col medium-4 small-12 large-4\"  >\n\t\t\t\t<div class=\"col-inner\"  >\n\t\t\t\n\t\t\t\n<div class=\"video video-fit mb\" style=\"padding-top:56.25%;\"><div class=\"epyt-video-wrapper\"><iframe loading=\"lazy\"  id=\"_ytid_36358\"  width=\"1020\" height=\"574\"  data-origwidth=\"1020\" data-origheight=\"574\" src=\"https:\/\/www.youtube-nocookie.com\/embed\/MC8Zvl-8ziA?enablejsapi=1&#038;autoplay=0&#038;cc_load_policy=0&#038;cc_lang_pref=&#038;iv_load_policy=1&#038;loop=0&#038;rel=0&#038;fs=1&#038;playsinline=1&#038;autohide=2&#038;theme=dark&#038;color=red&#038;controls=1&#038;disablekb=0&#038;\" class=\"__youtube_prefs__  epyt-is-override  no-lazyload\" title=\"YouTube player\"  allow=\"fullscreen; accelerometer; autoplay; clipboard-write; encrypted-media; gyroscope; picture-in-picture; web-share\" referrerpolicy=\"strict-origin-when-cross-origin\" allowfullscreen data-no-lazy=\"1\" data-skipgform_ajax_framebjll=\"\"><\/iframe><\/div>\n<\/div>\n\t\t<\/div>\n\t\t\t\t\t<\/div>\n\n\t\n<\/div>\n<div class=\"row\"  id=\"row-485516030\">\n\n\t<div id=\"col-1299920529\" class=\"col medium-4 small-12 large-4\"  >\n\t\t\t\t<div class=\"col-inner\"  >\n\t\t\t\n\t\t\t\n<div class=\"video video-fit mb\" style=\"padding-top:56.25%;\"><div class=\"epyt-video-wrapper\"><iframe loading=\"lazy\"  id=\"_ytid_22718\"  width=\"1020\" height=\"574\"  data-origwidth=\"1020\" data-origheight=\"574\" src=\"https:\/\/www.youtube-nocookie.com\/embed\/XbKCA1KUeqQ?enablejsapi=1&#038;autoplay=0&#038;cc_load_policy=0&#038;cc_lang_pref=&#038;iv_load_policy=1&#038;loop=0&#038;rel=0&#038;fs=1&#038;playsinline=1&#038;autohide=2&#038;theme=dark&#038;color=red&#038;controls=1&#038;disablekb=0&#038;\" class=\"__youtube_prefs__  epyt-is-override  no-lazyload\" title=\"YouTube player\"  allow=\"fullscreen; accelerometer; autoplay; clipboard-write; encrypted-media; gyroscope; picture-in-picture; web-share\" referrerpolicy=\"strict-origin-when-cross-origin\" allowfullscreen data-no-lazy=\"1\" data-skipgform_ajax_framebjll=\"\"><\/iframe><\/div>\n<\/div>\n\t\t<\/div>\n\t\t\t\t\n<style>\n#col-1299920529 > .col-inner {\n  margin: 0px 0px -70px 0px;\n}\n<\/style>\n\t<\/div>\n\n\t\n\n\t<div id=\"col-1166114470\" class=\"col medium-4 small-12 large-4\"  >\n\t\t\t\t<div class=\"col-inner\"  >\n\t\t\t\n\t\t\t\n<div class=\"video video-fit mb\" style=\"padding-top:56.25%;\"><div class=\"epyt-video-wrapper\"><iframe loading=\"lazy\"  id=\"_ytid_64863\"  width=\"1020\" height=\"574\"  data-origwidth=\"1020\" data-origheight=\"574\" src=\"https:\/\/www.youtube-nocookie.com\/embed\/GAuhUTzNwiY?enablejsapi=1&#038;autoplay=0&#038;cc_load_policy=0&#038;cc_lang_pref=&#038;iv_load_policy=1&#038;loop=0&#038;rel=0&#038;fs=1&#038;playsinline=1&#038;autohide=2&#038;theme=dark&#038;color=red&#038;controls=1&#038;disablekb=0&#038;\" class=\"__youtube_prefs__  epyt-is-override  no-lazyload\" title=\"YouTube player\"  allow=\"fullscreen; accelerometer; autoplay; clipboard-write; encrypted-media; gyroscope; picture-in-picture; web-share\" referrerpolicy=\"strict-origin-when-cross-origin\" allowfullscreen data-no-lazy=\"1\" data-skipgform_ajax_framebjll=\"\"><\/iframe><\/div>\n<\/div>\n\t\t<\/div>\n\t\t\t\t\t<\/div>\n\n\t\n\n\t<div id=\"col-186950425\" class=\"col medium-4 small-12 large-4\"  >\n\t\t\t\t<div class=\"col-inner\"  >\n\t\t\t\n\t\t\t\n<div class=\"video video-fit mb\" style=\"padding-top:56.25%;\"><div class=\"epyt-video-wrapper\"><iframe loading=\"lazy\"  id=\"_ytid_94658\"  width=\"1020\" height=\"574\"  data-origwidth=\"1020\" data-origheight=\"574\" src=\"https:\/\/www.youtube-nocookie.com\/embed\/Ax2BOCoVDJk?enablejsapi=1&#038;autoplay=0&#038;cc_load_policy=0&#038;cc_lang_pref=&#038;iv_load_policy=1&#038;loop=0&#038;rel=0&#038;fs=1&#038;playsinline=1&#038;autohide=2&#038;theme=dark&#038;color=red&#038;controls=1&#038;disablekb=0&#038;\" class=\"__youtube_prefs__  epyt-is-override  no-lazyload\" title=\"YouTube player\"  allow=\"fullscreen; accelerometer; autoplay; clipboard-write; encrypted-media; gyroscope; picture-in-picture; web-share\" referrerpolicy=\"strict-origin-when-cross-origin\" allowfullscreen data-no-lazy=\"1\" data-skipgform_ajax_framebjll=\"\"><\/iframe><\/div>\n<\/div>\n\t\t<\/div>\n\t\t\t\t\t<\/div>\n\n\t\n\n<style>\n#row-485516030 > .col > .col-inner {\n  padding: -px 0px 0px 0px;\n}\n<\/style>\n<\/div>\n<div class=\"row\"  id=\"row-923301868\">\n\n\t<div id=\"col-1345908498\" class=\"col small-12 large-12\"  >\n\t\t\t\t<div class=\"col-inner\"  >\n\t\t\t\n\t\t\t\n<p style=\"text-align: center;\">Hier der Link zum Youtube Channel:\u00a0<a href=\"https:\/\/www.youtube.com\/Blendtec\" target=\"_blank\" rel=\"noopener\">https:\/\/www.youtube.com\/Blendtec<\/a><\/p>\n\t\t<\/div>\n\t\t\t\t\t<\/div>\n\n\t\n<\/div>\n","protected":false},"excerpt":{"rendered":"<p>Will It Blend? Lange bevor die Filme von &#8222;Will it Blend&#8220; 2006 YouTube im Sturm eroberten, hat Erfinder Tom Dickson Holz zu S\u00e4gesp\u00e4ne verarbeitet, um zu testen wie viel Widerstand seine Blendtec Blender aushalten k\u00f6nnen. Nach all diesen Jahren ist Tom immer noch dabei alles zu mixen, was er in die H\u00e4nde bekommt. Der Erfolg [&#8230;]\n","protected":false},"author":1,"featured_media":0,"parent":0,"menu_order":13,"comment_status":"closed","ping_status":"closed","template":"","meta":{"footnotes":""},"class_list":["post-5559","page","type-page","status-publish","hentry"],"_links":{"self":[{"href":"https:\/\/blendtec.de\/at\/wp-json\/wp\/v2\/pages\/5559","targetHints":{"allow":["GET"]}}],"collection":[{"href":"https:\/\/blendtec.de\/at\/wp-json\/wp\/v2\/pages"}],"about":[{"href":"https:\/\/blendtec.de\/at\/wp-json\/wp\/v2\/types\/page"}],"author":[{"embeddable":true,"href":"https:\/\/blendtec.de\/at\/wp-json\/wp\/v2\/users\/1"}],"replies":[{"embeddable":true,"href":"https:\/\/blendtec.de\/at\/wp-json\/wp\/v2\/comments?post=5559"}],"version-history":[{"count":0,"href":"https:\/\/blendtec.de\/at\/wp-json\/wp\/v2\/pages\/5559\/revisions"}],"wp:attachment":[{"href":"https:\/\/blendtec.de\/at\/wp-json\/wp\/v2\/media?parent=5559"}],"curies":[{"name":"wp","href":"https:\/\/api.w.org\/{rel}","templated":true}]}}