{"id":5571,"date":"2018-11-19T17:18:43","date_gmt":"2018-11-19T17:18:43","guid":{"rendered":"https:\/\/dev.blendtec.de\/made-in-usa\/"},"modified":"2023-04-20T08:27:57","modified_gmt":"2023-04-20T06:27:57","slug":"made-in-usa","status":"publish","type":"page","link":"https:\/\/blendtec.de\/at\/made-in-usa\/","title":{"rendered":"Made in USA"},"content":{"rendered":"<div class=\"row\"  id=\"row-556500859\">\n\n\t<div id=\"col-1757721977\" class=\"col small-12 large-12\"  >\n\t\t\t\t<div class=\"col-inner text-center\"  >\n\t\t\t\n\t\t\t\n\n  <div class=\"banner has-hover has-video\" id=\"banner-16464790\">\n          <div class=\"banner-inner fill\">\n        <div class=\"banner-bg fill\" >\n            <img loading=\"lazy\" decoding=\"async\" width=\"1020\" height=\"579\" src=\"https:\/\/blendtec.de\/wp-content\/uploads\/2018\/12\/usa-1400x795.jpg\" class=\"bg attachment-large size-large\" alt=\"\" \/>            \t<div class=\"video-overlay no-click fill hide-for-medium\"><\/div>\n\t<video class=\"video-bg fill hide-for-medium\" preload playsinline autoplay muted loop>\n\t\t<source src=\"\/wp-content\/uploads\/background-videos\/usa.mp4\" type=\"video\/mp4\">\t<\/video>\n            <div class=\"overlay\"><\/div>            \n                    <\/div>\n\t\t\n        <div class=\"banner-layers container\">\n            <div class=\"fill banner-link\"><\/div>            \n   <div id=\"text-box-377664857\" class=\"text-box banner-layer x50 md-x50 lg-x50 y50 md-y50 lg-y50 res-text\">\n                                <div class=\"text-box-content text dark\">\n              \n              <div class=\"text-inner text-center\">\n                  \n<h1 style=\"text-align: center; font-size: 36pt; color: #fff; font-weight: normal;\">HERZ, SEELE &amp; KALTGESCHMIEDETER STAHL<\/h1>\n<p style=\"color: #ec1c2c; font-size: 18pt;\">(In jedem Blender)<\/p>\n              <\/div>\n           <\/div>\n                            \n<style>\n#text-box-377664857 {\n  width: 100%;\n}\n#text-box-377664857 .text-box-content {\n  font-size: 100%;\n}\n<\/style>\n    <\/div>\n \n        <\/div>\n      <\/div>\n\n            \n<style>\n#banner-16464790 {\n  padding-top: 355px;\n}\n#banner-16464790 .overlay {\n  background-color: rgba(0, 0, 0, 0.17);\n}\n<\/style>\n  <\/div>\n\n\n\t\t<\/div>\n\t\t\t\t\n<style>\n#col-1757721977 > .col-inner {\n  padding: 0 0px 0px 0px;\n}\n<\/style>\n\t<\/div>\n\n\t\n\n<style>\n#row-556500859 > .col > .col-inner {\n  padding: 100px 0px 100px 0px;\n  background-color: rgb(0, 0, 0);\n}\n<\/style>\n<\/div>\n<div class=\"row\"  id=\"row-1965170568\">\n\n\t<div id=\"col-634288305\" class=\"col small-12 large-12\"  >\n\t\t\t\t<div class=\"col-inner text-center\"  >\n\t\t\t\n\t\t\t\n\t<div class=\"img has-hover x md-x lg-x y md-y lg-y\" id=\"image_893193648\">\n\t\t\t\t\t\t\t\t<div class=\"img-inner dark\" >\n\t\t\t<img loading=\"lazy\" decoding=\"async\" width=\"218\" height=\"300\" src=\"https:\/\/blendtec.de\/wp-content\/uploads\/2018\/08\/usa_de.png\" class=\"attachment-large size-large\" alt=\"\" \/>\t\t\t\t\t\t\n\t\t\t\t\t<\/div>\n\t\t\t\t\t\t\t\t\n<style>\n#image_893193648 {\n  width: 11%;\n}\n<\/style>\n\t<\/div>\n\t\n\t<div id=\"text-3912317190\" class=\"text\">\n\t\t\n<p><span style=\"color: #ed1c24;\">Viel mehr als nur Schrauben und Platinen, Blendtec&#8217;s entstehen aus einer Leidenschaft zur Perfektion \u2014 Mit dem Ziel, den weltweit modernsten Blender zu produzieren.<\/span><\/p>\n\t\t\n<style>\n#text-3912317190 {\n  font-size: 1.25rem;\n}\n<\/style>\n\t<\/div>\n\t\n\t\t<\/div>\n\t\t\t\t\n<style>\n#col-634288305 > .col-inner {\n  padding: 10px 0px 10px 0px;\n  margin: -30px 0px -25px 0px;\n}\n<\/style>\n\t<\/div>\n\n\t\n\n<style>\n#row-1965170568 > .col > .col-inner {\n  padding: 10px 0px 0px 0px;\n  background-color: rgb(247, 247, 247);\n}\n<\/style>\n<\/div>\n<div class=\"row align-middle\"  id=\"row-794908119\">\n\n\t<div id=\"col-722305817\" class=\"col medium-6 small-12 large-6\"  >\n\t\t\t\t<div class=\"col-inner\"  >\n\t\t\t\n\t\t\t\n\t<div class=\"img has-hover x md-x lg-x y md-y lg-y\" id=\"image_685274993\">\n\t\t\t\t\t\t\t\t<div class=\"img-inner dark\" >\n\t\t\t<img loading=\"lazy\" decoding=\"async\" width=\"570\" height=\"345\" src=\"https:\/\/blendtec.de\/wp-content\/uploads\/2018\/08\/BT_Bld_Aerial-2.jpg\" class=\"attachment-large size-large\" alt=\"\" srcset=\"https:\/\/blendtec.de\/wp-content\/uploads\/2018\/08\/BT_Bld_Aerial-2.jpg 570w, https:\/\/blendtec.de\/wp-content\/uploads\/2018\/08\/BT_Bld_Aerial-2-510x309.jpg 510w, https:\/\/blendtec.de\/wp-content\/uploads\/2018\/08\/BT_Bld_Aerial-2-500x303.jpg 500w\" sizes=\"auto, (max-width: 570px) 100vw, 570px\" \/>\t\t\t\t\t\t\n\t\t\t\t\t<\/div>\n\t\t\t\t\t\t\t\t\n<style>\n#image_685274993 {\n  width: 100%;\n}\n<\/style>\n\t<\/div>\n\t\n\t\t<\/div>\n\t\t\t\t\t<\/div>\n\n\t\n\n\t<div id=\"col-1816636726\" class=\"col medium-6 small-12 large-6\"  >\n\t\t\t\t<div class=\"col-inner\"  >\n\t\t\t\n\t\t\t\n<h4 style=\"font-size: 18px;\">Blendtec &#8211; ein Familienbetrieb<\/h4>\n<p style=\"font-size: 15px;\"><strong>Blendtec mit seinem Werk in Utah richtet sich nach den Anforderungen und Bed\u00fcrfnissen von \u00fcber 400 lokalen Familien. Sie &#8211; und nicht der profitorientierte Handel &#8211; sind als Kunden und Anwender richtungsweisend.<\/strong><\/p>\n\t\t<\/div>\n\t\t\t\t\t<\/div>\n\n\t\n<\/div>\n<div class=\"row align-middle\"  id=\"row-1479026073\">\n\n\t<div id=\"col-1994964283\" class=\"col medium-6 small-12 large-6\"  >\n\t\t\t\t<div class=\"col-inner\"  >\n\t\t\t\n\t\t\t\n<h4 style=\"font-size: 18px;\">Gegr\u00fcndet von einem Mann mit einer Vision<\/h4>\n<p style=\"font-size: 15px;\"><strong>Vor 45 Jahren ging bei Tom Dickson ein Blender kaputt den der Entwickler &amp; Erfinder als Hochzeitsgeschenk bekommen hatte. Er startete seine Lebensaufgabe, einen nahezu unverw\u00fcstlichen Blender zu entwickeln. Heute zeigt Tom auf youtube, welche Kraft und Leistungsf\u00e4higkeit seine Ger\u00e4te schaffen. (Bis heute hat Tom zur Qualit\u00e4tspr\u00fcfung unter anderem ca 7,000 Besenstiele pulverisiert).<\/strong><\/p>\n\t\t<\/div>\n\t\t\t\t\t<\/div>\n\n\t\n\n\t<div id=\"col-406943429\" class=\"col medium-6 small-12 large-6\"  >\n\t\t\t\t<div class=\"col-inner\"  >\n\t\t\t\n\t\t\t\n\t<div class=\"img has-hover x md-x lg-x y md-y lg-y\" id=\"image_1612469645\">\n\t\t\t\t\t\t\t\t<div class=\"img-inner dark\" >\n\t\t\t<img loading=\"lazy\" decoding=\"async\" width=\"570\" height=\"345\" src=\"https:\/\/blendtec.de\/wp-content\/uploads\/2018\/08\/Tom-Jar.jpg\" class=\"attachment-large size-large\" alt=\"\" srcset=\"https:\/\/blendtec.de\/wp-content\/uploads\/2018\/08\/Tom-Jar.jpg 570w, https:\/\/blendtec.de\/wp-content\/uploads\/2018\/08\/Tom-Jar-510x309.jpg 510w, https:\/\/blendtec.de\/wp-content\/uploads\/2018\/08\/Tom-Jar-500x303.jpg 500w\" sizes=\"auto, (max-width: 570px) 100vw, 570px\" \/>\t\t\t\t\t\t\n\t\t\t\t\t<\/div>\n\t\t\t\t\t\t\t\t\n<style>\n#image_1612469645 {\n  width: 100%;\n}\n<\/style>\n\t<\/div>\n\t\n\t\t<\/div>\n\t\t\t\t\t<\/div>\n\n\t\n<\/div>\n<div class=\"row align-middle\"  id=\"row-1112258722\">\n\n\t<div id=\"col-1107151576\" class=\"col medium-6 small-12 large-6\"  >\n\t\t\t\t<div class=\"col-inner\"  >\n\t\t\t\n\t\t\t\n\t<div class=\"img has-hover x md-x lg-x y md-y lg-y\" id=\"image_2026908554\">\n\t\t\t\t\t\t\t\t<div class=\"img-inner dark\" >\n\t\t\t<img loading=\"lazy\" decoding=\"async\" width=\"380\" height=\"286\" src=\"https:\/\/blendtec.de\/wp-content\/uploads\/2018\/08\/lobby_lane.jpg\" class=\"attachment-large size-large\" alt=\"\" \/>\t\t\t\t\t\t\n\t\t\t\t\t<\/div>\n\t\t\t\t\t\t\t\t\n<style>\n#image_2026908554 {\n  width: 100%;\n}\n<\/style>\n\t<\/div>\n\t\n\t\t<\/div>\n\t\t\t\t\t<\/div>\n\n\t\n\n\t<div id=\"col-1856918601\" class=\"col medium-6 small-12 large-6\"  >\n\t\t\t\t<div class=\"col-inner\"  >\n\t\t\t\n\t\t\t\n<h4 style=\"font-size: 18px;\">Besessen von Innovation<\/h4>\n<p style=\"font-size: 15px;\"><strong>Blendtec ist f\u00fcr zahllose Mixer Innovationen und Branchenneuheiten verantwortlich, wie z. B. unsere Oberfl\u00e4chenwellen-Touch-Bedienfl\u00e4che, das f\u00fcnfseitige Beh\u00e4lterdesign und modernste schalld\u00e4mpfende Stealth-Technologie.<\/strong><\/p>\n\t\t<\/div>\n\t\t\t\t\t<\/div>\n\n\t\n<\/div>\n<div class=\"row align-middle\"  id=\"row-568021662\">\n\n\t<div id=\"col-220537583\" class=\"col medium-6 small-12 large-6\"  >\n\t\t\t\t<div class=\"col-inner\"  >\n\t\t\t\n\t\t\t\n<h4 style=\"font-size: 18px;\">Verr\u00fcckt nach Blendern<\/h4>\n<p style=\"font-size: 15px;\"><strong>Niemand denkt oder k\u00fcmmert sich intensiver um Mixer als Blendtec. Das Unternehmen hat sich verpflichtet, Mixer-Technologie zu perfektionieren um den ultimativen Mixer zu bauen. (Die Blendtec-Mitarbeiter bauen Mixer, die Sie selbst in den eigenen K\u00fcchen nutzen).<\/strong><\/p>\n\t\t<\/div>\n\t\t\t\t\t<\/div>\n\n\t\n\n\t<div id=\"col-2141670930\" class=\"col medium-6 small-12 large-6\"  >\n\t\t\t\t<div class=\"col-inner\"  >\n\t\t\t\n\t\t\t\n\t<div class=\"img has-hover x md-x lg-x y md-y lg-y\" id=\"image_1794467694\">\n\t\t\t\t\t\t\t\t<div class=\"img-inner dark\" >\n\t\t\t<img loading=\"lazy\" decoding=\"async\" width=\"380\" height=\"286\" src=\"https:\/\/blendtec.de\/wp-content\/uploads\/2018\/08\/front_blender.jpg\" class=\"attachment-large size-large\" alt=\"\" \/>\t\t\t\t\t\t\n\t\t\t\t\t<\/div>\n\t\t\t\t\t\t\t\t\n<style>\n#image_1794467694 {\n  width: 100%;\n}\n<\/style>\n\t<\/div>\n\t\n\t\t<\/div>\n\t\t\t\t\t<\/div>\n\n\t\n<\/div>\n<div class=\"row align-middle\"  id=\"row-2050340255\">\n\n\t<div id=\"col-329220759\" class=\"col medium-6 small-12 large-6\"  >\n\t\t\t\t<div class=\"col-inner\"  >\n\t\t\t\n\t\t\t\n\t<div class=\"img has-hover x md-x lg-x y md-y lg-y\" id=\"image_273863426\">\n\t\t\t\t\t\t\t\t<div class=\"img-inner dark\" >\n\t\t\t<img loading=\"lazy\" decoding=\"async\" width=\"380\" height=\"286\" src=\"https:\/\/blendtec.de\/wp-content\/uploads\/2018\/08\/box_shoulder.jpg\" class=\"attachment-large size-large\" alt=\"\" \/>\t\t\t\t\t\t\n\t\t\t\t\t<\/div>\n\t\t\t\t\t\t\t\t\n<style>\n#image_273863426 {\n  width: 100%;\n}\n<\/style>\n\t<\/div>\n\t\n\t\t<\/div>\n\t\t\t\t\t<\/div>\n\n\t\n\n\t<div id=\"col-1988555876\" class=\"col medium-6 small-12 large-6\"  >\n\t\t\t\t<div class=\"col-inner\"  >\n\t\t\t\n\t\t\t\n<h4 style=\"font-size: 18px;\">Aus Leidenschaft zur Qualit\u00e4t<\/h4>\n<p style=\"font-size: 15px;\"><strong>Die Marke Blendtec lebt von den Geschichten, die Tagt\u00e4glich von begeisterten Kunden geteilt werden. Menschen dabei zu helfen, Gewicht zu reduzieren und sich gesund zu ern\u00e4hren ist nur der Anfang. Das ist Blendtec&#8217;s Antrieb. Es geht um mehr als Verkaufen &#8211; es geht um Leidenschaft.<\/strong><\/p>\n\t\t<\/div>\n\t\t\t\t\t<\/div>\n\n\t\n<\/div>\n<div class=\"is-divider divider clearfix\" ><\/div>\n\t<div id=\"text-2148733727\" class=\"text\">\n\t\t\n<h2><span style=\"color: #ed1c24;\"><strong>KOMPROMISSLOSE QUALIT\u00c4T &amp; HANDWERKSKUNST<\/strong><\/span><\/h2>\n\t\t\n<style>\n#text-2148733727 {\n  font-size: 1.12rem;\n  text-align: center;\n}\n<\/style>\n\t<\/div>\n\t\n<div class=\"row align-middle\"  id=\"row-794341620\">\n\n\t<div id=\"col-1011479360\" class=\"col medium-6 small-12 large-6\"  >\n\t\t\t\t<div class=\"col-inner\"  >\n\t\t\t\n\t\t\t\n<h4 style=\"font-size: 18px;\">Designed und Entwickelt in den USA<\/h4>\n<p style=\"font-size: 15px;\"><strong>W\u00e4hrend der Trend in Richtung Outsource geht, machen wir bei Blendtec alles M\u00f6gliche in unserem Haus, unter einem Dach. Dieser Aufwand ist der einzige Weg unsere strengen Qualit\u00e4tsstandards zu erf\u00fcllen und Ihre Erwartungen zu \u00fcbertreffen.<\/strong><\/p>\n\t\t<\/div>\n\t\t\t\t\t<\/div>\n\n\t\n\n\t<div id=\"col-1342893537\" class=\"col medium-6 small-12 large-6\"  >\n\t\t\t\t<div class=\"col-inner\"  >\n\t\t\t\n\t\t\t\n\t<div class=\"img has-hover x md-x lg-x y md-y lg-y\" id=\"image_1975967994\">\n\t\t\t\t\t\t\t\t<div class=\"img-inner dark\" >\n\t\t\t<img loading=\"lazy\" decoding=\"async\" width=\"570\" height=\"782\" src=\"https:\/\/blendtec.de\/wp-content\/uploads\/2018\/08\/patrick.jpg\" class=\"attachment-large size-large\" alt=\"\" srcset=\"https:\/\/blendtec.de\/wp-content\/uploads\/2018\/08\/patrick.jpg 570w, https:\/\/blendtec.de\/wp-content\/uploads\/2018\/08\/patrick-510x700.jpg 510w, https:\/\/blendtec.de\/wp-content\/uploads\/2018\/08\/patrick-292x400.jpg 292w, https:\/\/blendtec.de\/wp-content\/uploads\/2018\/08\/patrick-500x686.jpg 500w\" sizes=\"auto, (max-width: 570px) 100vw, 570px\" \/>\t\t\t\t\t\t\n\t\t\t\t\t<\/div>\n\t\t\t\t\t\t\t\t\n<style>\n#image_1975967994 {\n  width: 100%;\n}\n<\/style>\n\t<\/div>\n\t\n\t\t<\/div>\n\t\t\t\t\t<\/div>\n\n\t\n<\/div>\n<div class=\"row align-middle\"  id=\"row-1556118678\">\n\n\t<div id=\"col-790875353\" class=\"col medium-6 small-12 large-6\"  >\n\t\t\t\t<div class=\"col-inner\"  >\n\t\t\t\n\t\t\t\n\t<div class=\"img has-hover x md-x lg-x y md-y lg-y\" id=\"image_1399885400\">\n\t\t\t\t\t\t\t\t<div class=\"img-inner dark\" >\n\t\t\t<img loading=\"lazy\" decoding=\"async\" width=\"570\" height=\"391\" src=\"https:\/\/blendtec.de\/wp-content\/uploads\/2018\/08\/manufacturing_line.jpg\" class=\"attachment-large size-large\" alt=\"\" srcset=\"https:\/\/blendtec.de\/wp-content\/uploads\/2018\/08\/manufacturing_line.jpg 570w, https:\/\/blendtec.de\/wp-content\/uploads\/2018\/08\/manufacturing_line-510x350.jpg 510w, https:\/\/blendtec.de\/wp-content\/uploads\/2018\/08\/manufacturing_line-500x343.jpg 500w\" sizes=\"auto, (max-width: 570px) 100vw, 570px\" \/>\t\t\t\t\t\t\n\t\t\t\t\t<\/div>\n\t\t\t\t\t\t\t\t\n<style>\n#image_1399885400 {\n  width: 100%;\n}\n<\/style>\n\t<\/div>\n\t\n\t\t<\/div>\n\t\t\t\t\t<\/div>\n\n\t\n\n\t<div id=\"col-1165203\" class=\"col medium-6 small-12 large-6\"  >\n\t\t\t\t<div class=\"col-inner\"  >\n\t\t\t\n\t\t\t\n<h4 style=\"font-size: 18px;\">Hergestellt aus hochwertigen Materialien<\/h4>\n<p style=\"font-size: 15px;\"><strong>Wir verwenden nur hochwertigste Rohstoffe und Teile um jahrelang st\u00f6rungsfreies Mixen zu gew\u00e4hrleisten. Unsere kaltgeschmiedeten Stahlklingen zum Beispiel sind bis zu 80% dicker und 10-mal st\u00e4rker als die Messer der Mitbewerber.<\/strong><\/p>\n\t\t<\/div>\n\t\t\t\t\t<\/div>\n\n\t\n<\/div>\n<div class=\"row align-middle\"  id=\"row-829801893\">\n\n\t<div id=\"col-319042258\" class=\"col medium-6 small-12 large-6\"  >\n\t\t\t\t<div class=\"col-inner\"  >\n\t\t\t\n\t\t\t\n<h4 style=\"font-size: 18px;\">Hergestellt nach h\u00f6chsten Standards<\/h4>\n<p style=\"font-size: 15px;\"><strong>Wir machen es gut &#8211; nicht billig. Bei Blendtec trifft Spitzentechnologie auf traditionelle Handwerkskunst, wo jedes Montagestationsteam komplette Ger\u00e4te bauen kann &#8211; von der Montage bis zur Verpackung.<\/strong><\/p>\n\t\t<\/div>\n\t\t\t\t\t<\/div>\n\n\t\n\n\t<div id=\"col-785916436\" class=\"col medium-6 small-12 large-6\"  >\n\t\t\t\t<div class=\"col-inner\"  >\n\t\t\t\n\t\t\t\n\t<div class=\"img has-hover x md-x lg-x y md-y lg-y\" id=\"image_1249626121\">\n\t\t\t\t\t\t\t\t<div class=\"img-inner dark\" >\n\t\t\t<img loading=\"lazy\" decoding=\"async\" width=\"570\" height=\"392\" src=\"https:\/\/blendtec.de\/wp-content\/uploads\/2018\/08\/jar_inspection.jpg\" class=\"attachment-large size-large\" alt=\"\" srcset=\"https:\/\/blendtec.de\/wp-content\/uploads\/2018\/08\/jar_inspection.jpg 570w, https:\/\/blendtec.de\/wp-content\/uploads\/2018\/08\/jar_inspection-510x351.jpg 510w, https:\/\/blendtec.de\/wp-content\/uploads\/2018\/08\/jar_inspection-500x344.jpg 500w\" sizes=\"auto, (max-width: 570px) 100vw, 570px\" \/>\t\t\t\t\t\t\n\t\t\t\t\t<\/div>\n\t\t\t\t\t\t\t\t\n<style>\n#image_1249626121 {\n  width: 100%;\n}\n<\/style>\n\t<\/div>\n\t\n\t\t<\/div>\n\t\t\t\t\t<\/div>\n\n\t\n<\/div>\n<div class=\"is-divider divider clearfix\" ><\/div>\n\t<div id=\"text-1500533892\" class=\"text\">\n\t\t\n<h2><span style=\"color: #ed1c24;\"><strong>EIN MIXER DEM SIE VERTRAUEN K\u00d6NNEN<\/strong><\/span><\/h2>\n\t\t\n<style>\n#text-1500533892 {\n  text-align: center;\n}\n<\/style>\n\t<\/div>\n\t\n<div class=\"row align-middle\"  id=\"row-289593892\">\n\n\t<div id=\"col-798189042\" class=\"col medium-6 small-12 large-6\"  >\n\t\t\t\t<div class=\"col-inner\"  >\n\t\t\t\n\t\t\t\n\t<div class=\"img has-hover x md-x lg-x y md-y lg-y\" id=\"image_1643603566\">\n\t\t\t\t\t\t\t\t<div class=\"img-inner dark\" >\n\t\t\t<img loading=\"lazy\" decoding=\"async\" width=\"570\" height=\"471\" src=\"https:\/\/blendtec.de\/wp-content\/uploads\/2018\/08\/kitchen_model.jpg\" class=\"attachment-large size-large\" alt=\"\" srcset=\"https:\/\/blendtec.de\/wp-content\/uploads\/2018\/08\/kitchen_model.jpg 570w, https:\/\/blendtec.de\/wp-content\/uploads\/2018\/08\/kitchen_model-510x421.jpg 510w, https:\/\/blendtec.de\/wp-content\/uploads\/2018\/08\/kitchen_model-484x400.jpg 484w, https:\/\/blendtec.de\/wp-content\/uploads\/2018\/08\/kitchen_model-500x413.jpg 500w\" sizes=\"auto, (max-width: 570px) 100vw, 570px\" \/>\t\t\t\t\t\t\n\t\t\t\t\t<\/div>\n\t\t\t\t\t\t\t\t\n<style>\n#image_1643603566 {\n  width: 100%;\n}\n<\/style>\n\t<\/div>\n\t\n\t\t<\/div>\n\t\t\t\t\t<\/div>\n\n\t\n\n\t<div id=\"col-1424939244\" class=\"col medium-6 small-12 large-6\"  >\n\t\t\t\t<div class=\"col-inner\"  >\n\t\t\t\n\t\t\t\n<h4 style=\"font-size: 18px;\">Leistungsstark, langlebig, sch\u00f6n<\/h4>\n<p style=\"font-size: 15px;\"><strong>Jeder Blendtec ist ein Profi-Ger\u00e4t, ausgestattet mit den st\u00e4rksten Motoren der Branche und 8 Jahre Garantie, gepaart mit modernem Design um in Ihrer K\u00fcche gut auszusehen.<\/strong><\/p>\n\t\t<\/div>\n\t\t\t\t\t<\/div>\n\n\t\n<\/div>\n<div class=\"row align-middle\"  id=\"row-1091148026\">\n\n\t<div id=\"col-1654740884\" class=\"col medium-6 small-12 large-6\"  >\n\t\t\t\t<div class=\"col-inner\"  >\n\t\t\t\n\t\t\t\n<h4 style=\"font-size: 18px;\">Unglaublich Vielseitig<\/h4>\n<p style=\"font-size: 15px;\"><strong>Von gesunden gr\u00fcnen Smoothies und cremiger Nussbutter bis zu leckeren Eisvariationen, hei\u00dfe Suppen oder einer selbst gemachten Avocado-Maske zur Hautpflege. Mit Blendtec sind die M\u00f6glichkeiten nur durch Ihre Vorstellungskraft begrenzt.<\/strong><\/p>\n\t\t<\/div>\n\t\t\t\t\t<\/div>\n\n\t\n\n\t<div id=\"col-894786355\" class=\"col medium-6 small-12 large-6\"  >\n\t\t\t\t<div class=\"col-inner\"  >\n\t\t\t\n\t\t\t\n\t<div class=\"img has-hover x md-x lg-x y md-y lg-y\" id=\"image_1018085128\">\n\t\t\t\t\t\t\t\t<div class=\"img-inner dark\" >\n\t\t\t<img loading=\"lazy\" decoding=\"async\" width=\"570\" height=\"471\" src=\"https:\/\/blendtec.de\/wp-content\/uploads\/2018\/08\/decola_girl.jpg\" class=\"attachment-large size-large\" alt=\"\" srcset=\"https:\/\/blendtec.de\/wp-content\/uploads\/2018\/08\/decola_girl.jpg 570w, https:\/\/blendtec.de\/wp-content\/uploads\/2018\/08\/decola_girl-510x421.jpg 510w, https:\/\/blendtec.de\/wp-content\/uploads\/2018\/08\/decola_girl-484x400.jpg 484w, https:\/\/blendtec.de\/wp-content\/uploads\/2018\/08\/decola_girl-500x413.jpg 500w\" sizes=\"auto, (max-width: 570px) 100vw, 570px\" \/>\t\t\t\t\t\t\n\t\t\t\t\t<\/div>\n\t\t\t\t\t\t\t\t\n<style>\n#image_1018085128 {\n  width: 100%;\n}\n<\/style>\n\t<\/div>\n\t\n\t\t<\/div>\n\t\t\t\t\t<\/div>\n\n\t\n<\/div>\n<div class=\"row align-middle\"  id=\"row-1250541611\">\n\n\t<div id=\"col-1684419887\" class=\"col medium-6 small-12 large-6\"  >\n\t\t\t\t<div class=\"col-inner\"  >\n\t\t\t\n\t\t\t\n\t<div class=\"img has-hover x md-x lg-x y md-y lg-y\" id=\"image_160357389\">\n\t\t\t\t\t\t\t\t<div class=\"img-inner dark\" >\n\t\t\t<img loading=\"lazy\" decoding=\"async\" width=\"1020\" height=\"421\" src=\"https:\/\/blendtec.de\/wp-content\/uploads\/2018\/08\/crossfit_girl.jpg\" class=\"attachment-large size-large\" alt=\"\" srcset=\"https:\/\/blendtec.de\/wp-content\/uploads\/2018\/08\/crossfit_girl.jpg 1140w, https:\/\/blendtec.de\/wp-content\/uploads\/2018\/08\/crossfit_girl-510x211.jpg 510w, https:\/\/blendtec.de\/wp-content\/uploads\/2018\/08\/crossfit_girl-800x331.jpg 800w, https:\/\/blendtec.de\/wp-content\/uploads\/2018\/08\/crossfit_girl-768x317.jpg 768w, https:\/\/blendtec.de\/wp-content\/uploads\/2018\/08\/crossfit_girl-500x207.jpg 500w\" sizes=\"auto, (max-width: 1020px) 100vw, 1020px\" \/>\t\t\t\t\t\t\n\t\t\t\t\t<\/div>\n\t\t\t\t\t\t\t\t\n<style>\n#image_160357389 {\n  width: 100%;\n}\n<\/style>\n\t<\/div>\n\t\n\t\t<\/div>\n\t\t\t\t\t<\/div>\n\n\t\n\n\t<div id=\"col-250774527\" class=\"col medium-6 small-12 large-6\"  >\n\t\t\t\t<div class=\"col-inner\"  >\n\t\t\t\n\t\t\t\n<h4 style=\"font-size: 18px;\">Viel mehr als nur Mixen<\/h4>\n<p style=\"font-size: 15px;\"><strong>Blendtec erm\u00f6glicht allerlei erstaunliche Dinge. Helfen Sie Ihrer Familie mit einem vitaminreichen Smoothie in den Tag, Athleten erreichen mehr Leistung durch einen Proteindrink und Feinschmecker durchbrechen kulinarische Grenzen. Und was kann ein Blendtec f\u00fcr Sie tun?<\/strong><\/p>\n\t\t<\/div>\n\t\t\t\t\t<\/div>\n\n\t\n<\/div>\n","protected":false},"excerpt":{"rendered":"","protected":false},"author":1,"featured_media":0,"parent":0,"menu_order":0,"comment_status":"closed","ping_status":"closed","template":"","meta":{"footnotes":""},"class_list":["post-5571","page","type-page","status-publish","hentry"],"_links":{"self":[{"href":"https:\/\/blendtec.de\/at\/wp-json\/wp\/v2\/pages\/5571","targetHints":{"allow":["GET"]}}],"collection":[{"href":"https:\/\/blendtec.de\/at\/wp-json\/wp\/v2\/pages"}],"about":[{"href":"https:\/\/blendtec.de\/at\/wp-json\/wp\/v2\/types\/page"}],"author":[{"embeddable":true,"href":"https:\/\/blendtec.de\/at\/wp-json\/wp\/v2\/users\/1"}],"replies":[{"embeddable":true,"href":"https:\/\/blendtec.de\/at\/wp-json\/wp\/v2\/comments?post=5571"}],"version-history":[{"count":0,"href":"https:\/\/blendtec.de\/at\/wp-json\/wp\/v2\/pages\/5571\/revisions"}],"wp:attachment":[{"href":"https:\/\/blendtec.de\/at\/wp-json\/wp\/v2\/media?parent=5571"}],"curies":[{"name":"wp","href":"https:\/\/api.w.org\/{rel}","templated":true}]}}