{"id":5584,"date":"2018-11-17T23:52:20","date_gmt":"2018-11-17T23:52:20","guid":{"rendered":"https:\/\/dev.blendtec.de\/fuenf-gruende\/"},"modified":"2023-04-20T09:43:07","modified_gmt":"2023-04-20T07:43:07","slug":"fuenf-gruende","status":"publish","type":"page","link":"https:\/\/blendtec.de\/at\/fuenf-gruende\/","title":{"rendered":"F\u00fcnf Gr\u00fcnde"},"content":{"rendered":"<div class=\"row\"  id=\"row-332570405\">\n\n\t<div id=\"col-983258469\" class=\"col medium-8 small-12 large-8\"  >\n\t\t\t\t<div class=\"col-inner\"  >\n\t\t\t\n\t\t\t\n<h3><span style=\"font-size: 150%;\">WAS MACHT<\/span><br \/><span style=\"color: #ed1c24; font-size: 180%;\"><span style=\"font-size: 200%;\">BLENDTEC<\/span><br \/><\/span><span style=\"font-size: 150%;\">ZUM WELTKLASSE BLENDER?<\/span><\/h3>\n<p>Blendtec Mixer werden nach h\u00f6chsten Standards gebaut. Dies macht sie zu den fortschrittlichsten aktuell erh\u00e4ltlichen Mixern.<\/p>\n<p>5 Eigenschaften die Blendtec von anderen Mixern unterscheidet:<\/p>\n\t\t<\/div>\n\t\t\t\t\t<\/div>\n\n\t\n\n\t<div id=\"col-388223389\" class=\"col medium-4 small-12 large-4\"  >\n\t\t\t\t<div class=\"col-inner\"  >\n\t\t\t\n\t\t\t\n\t<div class=\"img has-hover x md-x lg-x y md-y lg-y\" id=\"image_1451550171\">\n\t\t\t\t\t\t\t\t<div class=\"img-inner dark\" >\n\t\t\t<img loading=\"lazy\" decoding=\"async\" width=\"490\" height=\"695\" src=\"https:\/\/blendtec.de\/wp-content\/uploads\/2015\/06\/Why-Hero-Blender.jpg\" class=\"attachment-large size-large\" alt=\"\" srcset=\"https:\/\/blendtec.de\/wp-content\/uploads\/2015\/06\/Why-Hero-Blender.jpg 490w, https:\/\/blendtec.de\/wp-content\/uploads\/2015\/06\/Why-Hero-Blender-282x400.jpg 282w\" sizes=\"auto, (max-width: 490px) 100vw, 490px\" \/>\t\t\t\t\t\t\n\t\t\t\t\t<\/div>\n\t\t\t\t\t\t\t\t\n<style>\n#image_1451550171 {\n  width: 100%;\n}\n<\/style>\n\t<\/div>\n\t\n\t\t<\/div>\n\t\t\t\t\t<\/div>\n\n\t\n<\/div>\n\n\t<section class=\"section\" id=\"section_1744331351\">\n\t\t<div class=\"section-bg fill\" >\n\t\t\t\t\t\t\t\t\t\n\t\t\t\n\n\t\t<\/div>\n\n\t\t\n\n\t\t<div class=\"section-content relative\">\n\t\t\t\n<div class=\"row row-collapse\"  id=\"row-666481242\">\n\n\t<div id=\"col-1149204742\" class=\"col medium-8 small-12 large-8\"  >\n\t\t\t\t<div class=\"col-inner\"  >\n\t\t\t\n\t\t\t\n<h2><span style=\"font-size: 100%; color: #ed1c24;\">EASY-CLEAN JAR<\/span><\/h2>\n<h4>Genial einfach zu Reinigender Beh\u00e4lter, ohne Stopfer.<\/h4>\n<p>Mixt alles erstklassig mit perfekten Resultaten. Dank seines einzigartigen quadratischen Designs und den stumpfen Klingen l\u00e4sst sich der Beh\u00e4lter einfach und gefahrlos reinigen. Wasser einf\u00fcllen, ein Tropfen Sp\u00fclmittel dazugeben und das Reinigungsprogramm einschalten. Danach nur noch kurz mit klarem Wasser nachsp\u00fclen. Der Beh\u00e4lter kann zur Reinigung auch in die Sp\u00fclmaschine gestellt werden. Die Ablaufl\u00f6cher am Geh\u00e4useboden sorgen daf\u00fcr, dass kein Restwasser im Beh\u00e4lter bleibt.<\/p>\n<p>Die besonders konstruierten und patentierten Beh\u00e4lter unterbrechen durch Stege an den Seiten die Mischstr\u00f6mungen und ziehen die Zutaten zu den stumpfen Klingen. Im Gegensatz zu runden Beh\u00e4ltern, bei denen die Zutaten im Kreis geschleudert werden, gelangen sie bei Blendtec Mixern an die flachen Seiten und werden ohne Einsatz eines Stopfers von den Klingen zerkleinert bzw. p\u00fcriert.<\/p>\n\t\t<\/div>\n\t\t\t\t\t<\/div>\n\n\t\n\n\t<div id=\"col-833046575\" class=\"col medium-4 small-12 large-4\"  >\n\t\t\t\t<div class=\"col-inner\"  >\n\t\t\t\n\t\t\t\n\t<div class=\"img has-hover x md-x lg-x y md-y lg-y\" id=\"image_1166367998\">\n\t\t\t\t\t\t\t\t<div class=\"img-inner dark\" >\n\t\t\t<img loading=\"lazy\" decoding=\"async\" width=\"490\" height=\"490\" src=\"https:\/\/blendtec.de\/wp-content\/uploads\/2015\/06\/Why-Jar-Frei.png\" class=\"attachment-large size-large\" alt=\"\" srcset=\"https:\/\/blendtec.de\/wp-content\/uploads\/2015\/06\/Why-Jar-Frei.png 490w, https:\/\/blendtec.de\/wp-content\/uploads\/2015\/06\/Why-Jar-Frei-100x100.png 100w, https:\/\/blendtec.de\/wp-content\/uploads\/2015\/06\/Why-Jar-Frei-280x280.png 280w, https:\/\/blendtec.de\/wp-content\/uploads\/2015\/06\/Why-Jar-Frei-400x400.png 400w\" sizes=\"auto, (max-width: 490px) 100vw, 490px\" \/>\t\t\t\t\t\t\n\t\t\t\t\t<\/div>\n\t\t\t\t\t\t\t\t\n<style>\n#image_1166367998 {\n  width: 100%;\n}\n<\/style>\n\t<\/div>\n\t\n\t\t<\/div>\n\t\t\t\t\t<\/div>\n\n\t\n\n<style>\n#row-666481242 > .col > .col-inner {\n  padding: 0px 0px 30px 10px;\n}\n<\/style>\n<\/div>\n\t\t<\/div>\n\n\t\t\n<style>\n#section_1744331351 {\n  padding-top: 30px;\n  padding-bottom: 30px;\n  background-color: rgb(247, 247, 247);\n}\n<\/style>\n\t<\/section>\n\t\n<div class=\"row\"  id=\"row-2094762713\">\n\n\t<div id=\"col-2075445257\" class=\"col medium-7 small-12 large-7\"  >\n\t\t\t\t<div class=\"col-inner\"  >\n\t\t\t\n\t\t\t\n<h2><span style=\"color: #ed1c24;\">STRAPAZIERF\u00c4HIGE SICHERHEITSKLINGE<\/span><\/h2>\n<h4>St\u00e4rker. Sicherer.<\/h4>\n<p>Scharfe d\u00fcnne Klingen werden mit der Zeit durch Eis und gefrorene Fr\u00fcchte stumpf und por\u00f6s. Blendtec Fl\u00fcgelklingen bestehen aus kalt geschmiedetem, geh\u00e4rteten Stahl und sind bis zu 80% dicker und 10-mal st\u00e4rker als andere Mixerklingen. Auch sind sie stumpf und nicht scharf. Warum sind sie stumpf? Da sich die Klinge mit \u00fcber 480 km\/h dreht, sind keine scharfen Klingen n\u00f6tig um ein optimales Ergebnis zu erzielen. Statt zu schneiden, pulverisieren unsere Klingen die Mixtur. Das Reinigen ist durch die stumpfen Klingen besonders sicher.<\/p>\n\t\t<\/div>\n\t\t\t\t\t<\/div>\n\n\t\n\n\t<div id=\"col-2103177241\" class=\"col medium-5 small-12 large-5\"  >\n\t\t\t\t<div class=\"col-inner\"  >\n\t\t\t\n\t\t\t\n\t<div class=\"img has-hover x md-x lg-x y md-y lg-y\" id=\"image_1138061624\">\n\t\t\t\t\t\t\t\t<div class=\"img-inner dark\" >\n\t\t\t<img loading=\"lazy\" decoding=\"async\" width=\"490\" height=\"490\" src=\"https:\/\/blendtec.de\/wp-content\/uploads\/2015\/06\/Why-Blade-Frei.png\" class=\"attachment-large size-large\" alt=\"\" srcset=\"https:\/\/blendtec.de\/wp-content\/uploads\/2015\/06\/Why-Blade-Frei.png 490w, https:\/\/blendtec.de\/wp-content\/uploads\/2015\/06\/Why-Blade-Frei-100x100.png 100w, https:\/\/blendtec.de\/wp-content\/uploads\/2015\/06\/Why-Blade-Frei-280x280.png 280w, https:\/\/blendtec.de\/wp-content\/uploads\/2015\/06\/Why-Blade-Frei-400x400.png 400w\" sizes=\"auto, (max-width: 490px) 100vw, 490px\" \/>\t\t\t\t\t\t\n\t\t\t\t\t<\/div>\n\t\t\t\t\t\t\t\t\n<style>\n#image_1138061624 {\n  width: 100%;\n}\n<\/style>\n\t<\/div>\n\t\n\t\t<\/div>\n\t\t\t\t\t<\/div>\n\n\t\n<\/div>\n\n\t<section class=\"section\" id=\"section_1721232854\">\n\t\t<div class=\"section-bg fill\" >\n\t\t\t\t\t\t\t\t\t\n\t\t\t\n\n\t\t<\/div>\n\n\t\t\n\n\t\t<div class=\"section-content relative\">\n\t\t\t\n<div class=\"row row-collapse\"  id=\"row-76704435\">\n\n\t<div id=\"col-122706812\" class=\"col medium-7 small-12 large-7\"  >\n\t\t\t\t<div class=\"col-inner\"  >\n\t\t\t\n\t\t\t\n<h2><span style=\"color: #ed1c24;\">LEICHTE BEDIENUNG DANK TOUCHSCREEN<\/span><\/h2>\n<h4>Moderne Touch-Bedienung erm\u00f6glicht innovatives Mixen.<\/h4>\n<p>Blendtec Mixer sehen nicht nur gut aus, sie besitzen auch modernste Automatikprogramme die vom Mixen bis hin zum Reinigen alles einfacher machen. Die moderne Touch-Bedienung erm\u00f6glicht mit einer Ber\u00fchrung m\u00fcheloses Mixen mit optimalen Resultaten. Die flache und glatte Bauweise l\u00e4sst sich einfach und hy\u00adgi\u00ade\u00adnisch abwischen.<\/p>\n\t\t<\/div>\n\t\t\t\t\t<\/div>\n\n\t\n\n\t<div id=\"col-1952577814\" class=\"col medium-5 small-12 large-5\"  >\n\t\t\t\t<div class=\"col-inner\"  >\n\t\t\t\n\t\t\t\n\t<div class=\"img has-hover x md-x lg-x y md-y lg-y\" id=\"image_664867038\">\n\t\t\t\t\t\t\t\t<div class=\"img-inner dark\" >\n\t\t\t<img loading=\"lazy\" decoding=\"async\" width=\"460\" height=\"460\" src=\"https:\/\/blendtec.de\/wp-content\/uploads\/2015\/06\/Why-Interface-Frei.png\" class=\"attachment-large size-large\" alt=\"\" srcset=\"https:\/\/blendtec.de\/wp-content\/uploads\/2015\/06\/Why-Interface-Frei.png 460w, https:\/\/blendtec.de\/wp-content\/uploads\/2015\/06\/Why-Interface-Frei-100x100.png 100w, https:\/\/blendtec.de\/wp-content\/uploads\/2015\/06\/Why-Interface-Frei-280x280.png 280w, https:\/\/blendtec.de\/wp-content\/uploads\/2015\/06\/Why-Interface-Frei-400x400.png 400w\" sizes=\"auto, (max-width: 460px) 100vw, 460px\" \/>\t\t\t\t\t\t\n\t\t\t\t\t<\/div>\n\t\t\t\t\t\t\t\t\n<style>\n#image_664867038 {\n  width: 100%;\n}\n<\/style>\n\t<\/div>\n\t\n\t\t<\/div>\n\t\t\t\t\t<\/div>\n\n\t\n\n<style>\n#row-76704435 > .col > .col-inner {\n  padding: 0px 0px 30px 10px;\n}\n<\/style>\n<\/div>\n\t\t<\/div>\n\n\t\t\n<style>\n#section_1721232854 {\n  padding-top: 30px;\n  padding-bottom: 30px;\n  background-color: rgb(247, 247, 247);\n}\n<\/style>\n\t<\/section>\n\t\n<div class=\"row\"  id=\"row-1236183781\">\n\n\t<div id=\"col-89223053\" class=\"col medium-7 small-12 large-7\"  >\n\t\t\t\t<div class=\"col-inner\"  >\n\t\t\t\n\t\t\t\n<h2><span style=\"color: #ed1c24;\">UNZERBRECHLICHE ANTRIEBSWELLE<\/span><\/h2>\n<h4>Kein Austausch n\u00f6tig.<\/h4>\n<p>Die Antriebswelle sorgt daf\u00fcr das die Motorkraft auf die Klinge \u00fcbertragen wird. Anstatt zerbrechliches Plastik zu nutzen, setzt Blendtec auf intelligente Kontrollmechanismen. Blendtec verwendet daher ausschlie\u00dflich Antriebswellen aus geh\u00e4rtetem Metall um eine sehr lange Haltbarkeit zu gew\u00e4hrleisten. Diese m\u00fcssen nicht ersetzt werden und Ihr Mixer meistert Jahr f\u00fcr Jahr anspruchsvolle Aufgaben.<\/p>\n\t\t<\/div>\n\t\t\t\t\t<\/div>\n\n\t\n\n\t<div id=\"col-1705968082\" class=\"col medium-5 small-12 large-5\"  >\n\t\t\t\t<div class=\"col-inner\"  >\n\t\t\t\n\t\t\t\n\t<div class=\"img has-hover x md-x lg-x y md-y lg-y\" id=\"image_1206321556\">\n\t\t\t\t\t\t\t\t<div class=\"img-inner dark\" >\n\t\t\t<img loading=\"lazy\" decoding=\"async\" width=\"460\" height=\"460\" src=\"https:\/\/blendtec.de\/wp-content\/uploads\/2015\/06\/Why-Socket-Frei.png\" class=\"attachment-large size-large\" alt=\"\" srcset=\"https:\/\/blendtec.de\/wp-content\/uploads\/2015\/06\/Why-Socket-Frei.png 460w, https:\/\/blendtec.de\/wp-content\/uploads\/2015\/06\/Why-Socket-Frei-100x100.png 100w, https:\/\/blendtec.de\/wp-content\/uploads\/2015\/06\/Why-Socket-Frei-280x280.png 280w, https:\/\/blendtec.de\/wp-content\/uploads\/2015\/06\/Why-Socket-Frei-400x400.png 400w\" sizes=\"auto, (max-width: 460px) 100vw, 460px\" \/>\t\t\t\t\t\t\n\t\t\t\t\t<\/div>\n\t\t\t\t\t\t\t\t\n<style>\n#image_1206321556 {\n  width: 100%;\n}\n<\/style>\n\t<\/div>\n\t\n\t\t<\/div>\n\t\t\t\t\t<\/div>\n\n\t\n<\/div>\n\n\t<section class=\"section\" id=\"section_646655537\">\n\t\t<div class=\"section-bg fill\" >\n\t\t\t\t\t\t\t\t\t\n\t\t\t\n\n\t\t<\/div>\n\n\t\t\n\n\t\t<div class=\"section-content relative\">\n\t\t\t\n<div class=\"row row-collapse\"  id=\"row-787678571\">\n\n\t<div id=\"col-1118340047\" class=\"col medium-7 small-12 large-7\"  >\n\t\t\t\t<div class=\"col-inner\"  >\n\t\t\t\n\t\t\t\n<h2><span style=\"color: #ed1c24;\">ULTRA HOCHGESCHWINDIGKEITS MOTOR<\/span><\/h2>\n<h4>Zu jeder Herausforderung bereit.<\/h4>\n<p>Blendtec Mixer verf\u00fcgen \u00fcber extrem leistungsstarke Motoren, qualitativ ebenso hochwertig wie bei den industriellen Modellen. Langlebig und stark genug, um alle Zutaten schnell und zuverl\u00e4ssig zu der perfekten Mischung zu verarbeiten &#8211; selbst Eis und gefrorene Fr\u00fcchte.<\/p>\n\t\t<\/div>\n\t\t\t\t\t<\/div>\n\n\t\n\n\t<div id=\"col-1581342122\" class=\"col medium-5 small-12 large-5\"  >\n\t\t\t\t<div class=\"col-inner\"  >\n\t\t\t\n\t\t\t\n\t<div class=\"img has-hover x md-x lg-x y md-y lg-y\" id=\"image_146607501\">\n\t\t\t\t\t\t\t\t<div class=\"img-inner dark\" >\n\t\t\t<img loading=\"lazy\" decoding=\"async\" width=\"490\" height=\"490\" src=\"https:\/\/blendtec.de\/wp-content\/uploads\/2015\/06\/Why-Motor-Frei.png\" class=\"attachment-large size-large\" alt=\"\" srcset=\"https:\/\/blendtec.de\/wp-content\/uploads\/2015\/06\/Why-Motor-Frei.png 490w, https:\/\/blendtec.de\/wp-content\/uploads\/2015\/06\/Why-Motor-Frei-100x100.png 100w, https:\/\/blendtec.de\/wp-content\/uploads\/2015\/06\/Why-Motor-Frei-280x280.png 280w, https:\/\/blendtec.de\/wp-content\/uploads\/2015\/06\/Why-Motor-Frei-400x400.png 400w\" sizes=\"auto, (max-width: 490px) 100vw, 490px\" \/>\t\t\t\t\t\t\n\t\t\t\t\t<\/div>\n\t\t\t\t\t\t\t\t\n<style>\n#image_146607501 {\n  width: 100%;\n}\n<\/style>\n\t<\/div>\n\t\n\t\t<\/div>\n\t\t\t\t\t<\/div>\n\n\t\n\n<style>\n#row-787678571 > .col > .col-inner {\n  padding: 0px 0px 30px 10px;\n}\n<\/style>\n<\/div>\n\t\t<\/div>\n\n\t\t\n<style>\n#section_646655537 {\n  padding-top: 30px;\n  padding-bottom: 30px;\n  background-color: rgb(247, 247, 247);\n}\n<\/style>\n\t<\/section>\n\t\n\t<div id=\"gap-454798599\" class=\"gap-element clearfix\" style=\"display:block; height:auto;\">\n\t\t\n<style>\n#gap-454798599 {\n  padding-top: 30px;\n}\n<\/style>\n\t<\/div>\n\t\n\n\t<section class=\"section\" id=\"section_179224744\">\n\t\t<div class=\"section-bg fill\" >\n\t\t\t\t\t\t\t\t\t\n\t\t\t\n\n\t\t<\/div>\n\n\t\t\n\n\t\t<div class=\"section-content relative\">\n\t\t\t\n<div class=\"row row-collapse\"  id=\"row-509554148\">\n\n\t<div id=\"col-950130127\" class=\"col medium-7 small-12 large-7\"  >\n\t\t\t\t<div class=\"col-inner\"  >\n\t\t\t\n\t\t\t\n<p style=\"line-height: 15.7142858505249px; text-align: center;\"><span style=\"font-family: helvetica;\">Wir stehen hinter der Qualit\u00e4t und Langlebigkeit unserer Mixer, aus diesem Grund bietet Blendtec bis zu 10 Jahre <strong><a href=\"https:\/\/blendtec.de\/garantie\/\">Garantie<\/a><\/strong>.<\/span><\/p>\n\t\t<\/div>\n\t\t\t\t\t<\/div>\n\n\t\n\n\t<div id=\"col-1230084343\" class=\"col medium-5 small-12 large-5\"  >\n\t\t\t\t<div class=\"col-inner\"  >\n\t\t\t\n\t\t\t\n<p style=\"line-height: 15.7142858505249px; text-align: center;\"><a style=\"font-family: helvetica;\" href=\"https:\/\/blendtec.de\/made-in-usa\/\"><img loading=\"lazy\" decoding=\"async\" class=\"aligncenter wp-image-60 size-full\" style=\"line-height: 15.7143px; display: block;\" src=\"https:\/\/blendtec.de\/wp-content\/uploads\/2015\/06\/usa_de.png\" alt=\"usa de\" width=\"108\" height=\"149\" \/><\/a><\/p>\n<p style=\"line-height: 15.7142858505249px; text-align: center;\"><span style=\"font-family: helvetica;\">Blendtec, seit 1975 ein US-amerikanisches Familienunternehmen, bestrebt den besten Mixer in h\u00f6chster Qualit\u00e4t zu entwickeln und zu produzieren.<\/span><\/p>\n\t\t<\/div>\n\t\t\t\t\t<\/div>\n\n\t\n\n<style>\n#row-509554148 > .col > .col-inner {\n  padding: 0px 0px 30px 10px;\n}\n<\/style>\n<\/div>\n\t\t<\/div>\n\n\t\t\n<style>\n#section_179224744 {\n  padding-top: 30px;\n  padding-bottom: 30px;\n  background-color: rgb(247, 247, 247);\n}\n<\/style>\n\t<\/section>\n\t\n","protected":false},"excerpt":{"rendered":"","protected":false},"author":1,"featured_media":0,"parent":0,"menu_order":0,"comment_status":"closed","ping_status":"closed","template":"","meta":{"footnotes":""},"class_list":["post-5584","page","type-page","status-publish","hentry"],"_links":{"self":[{"href":"https:\/\/blendtec.de\/at\/wp-json\/wp\/v2\/pages\/5584","targetHints":{"allow":["GET"]}}],"collection":[{"href":"https:\/\/blendtec.de\/at\/wp-json\/wp\/v2\/pages"}],"about":[{"href":"https:\/\/blendtec.de\/at\/wp-json\/wp\/v2\/types\/page"}],"author":[{"embeddable":true,"href":"https:\/\/blendtec.de\/at\/wp-json\/wp\/v2\/users\/1"}],"replies":[{"embeddable":true,"href":"https:\/\/blendtec.de\/at\/wp-json\/wp\/v2\/comments?post=5584"}],"version-history":[{"count":0,"href":"https:\/\/blendtec.de\/at\/wp-json\/wp\/v2\/pages\/5584\/revisions"}],"wp:attachment":[{"href":"https:\/\/blendtec.de\/at\/wp-json\/wp\/v2\/media?parent=5584"}],"curies":[{"name":"wp","href":"https:\/\/api.w.org\/{rel}","templated":true}]}}