{"id":5600,"date":"2018-10-29T07:14:38","date_gmt":"2018-10-29T07:14:38","guid":{"rendered":"https:\/\/dev.blendtec.de\/zyklen-umrechnungstabelle\/"},"modified":"2019-12-31T14:16:46","modified_gmt":"2019-12-31T13:16:46","slug":"zyklen-umrechnungstabelle","status":"publish","type":"page","link":"https:\/\/blendtec.de\/at\/zyklen-umrechnungstabelle\/","title":{"rendered":"Zyklen Umrechnungstabelle"},"content":{"rendered":"<header class=\"single-post--header\" style=\"color: #6d6f72; font-family: proxima_nova_ltlight, sans-serif; font-size: 14px;\">\n<h1 class=\"single-post--title\" style=\"font-size: 2.4rem; margin: 30px 0px 20px; color: #6d6f72; font-weight: lighter; font-family: DINWeb-Bold, sans-serif; line-height: 2.6rem;\">Blendtec Zyklen<\/h1>\n<\/header>\n<p>Nicht alle Blendtec Blender haben die selben Vorprogrammierten Misch-Zyklen. Was ist, wenn ein Rezept ein vorprogrammieren Misch-Zyklus erw\u00e4hnt, welchen der genutzte Blendtec Mixer nicht hat? Wenn Sie diese Fragen gestellt haben, sind Sie nicht allein.<\/p>\n<p>Auf dieser Seite finden Sie einen Vergleich der Funktionen der verschiedenen Modelle, sowie weiter unten eine Erkl\u00e4rung wie mit jedem Blendtec Blender ein fehlender vorprogrammierter Misch-Zyklus durch Verwendung der manuellen Geschwindigkeitsstufen ein \u00e4hnliches Resultat erziehlt werden kann.<\/p>\n<p><span style=\"font-family: helvetica;\"><img loading=\"lazy\" decoding=\"async\" class=\"size-full wp-image-63 aligncenter\" style=\"max-width: 100%; height: auto;\" src=\"https:\/\/blendtec.de\/wp-content\/uploads\/2015\/07\/Designer725_Interface.png\" alt=\"Designer725 Interface\" width=\"380\" height=\"188\" \/><\/span><\/p>\n<p style=\"text-align: center;\"><span style=\"font-family: helvetica;\">Designer 725 Bedienoberfl\u00e4chen<\/span><\/p>\n\t<div id=\"gap-1409135476\" class=\"gap-element clearfix\" style=\"display:block; height:auto;\">\n\t\t\n<style>\n#gap-1409135476 {\n  padding-top: 30px;\n}\n<\/style>\n\t<\/div>\n\t\n<header class=\"single-post--header\" style=\"color: #6d6f72; font-family: proxima_nova_ltlight, sans-serif; font-size: 14px;\"><\/header>\n<table class=\"table table-striped table-bordered\" style=\"font-size: 14.4px;\" border=\"0\">\n<tbody>\n<tr>\n<td><strong>Programm<\/strong><\/td>\n<td><strong>Knopf<\/strong><\/td>\n<td><strong>\u00a0Classic 575<\/strong><\/td>\n<td><strong>\u00a0Designer 625<\/strong><\/td>\n<td><strong>\u00a0Designer 725<\/strong><\/td>\n<td><strong>\u00a0Professional 800<\/strong><\/td>\n<\/tr>\n<tr>\n<td>\u00a0<\/td>\n<td>\u00a0<\/td>\n<td>\n<h1 class=\"p1\"><img loading=\"lazy\" decoding=\"async\" class=\"\" src=\"https:\/\/blendtec.de\/wp-content\/uploads\/2015\/07\/Classic575_Interface.png\" alt=\"Classic575 Interface\" width=\"84\" height=\"35\" \/><\/h1>\n<\/td>\n<td>\u00a0<img loading=\"lazy\" decoding=\"async\" class=\"\" src=\"https:\/\/blendtec.de\/wp-content\/uploads\/2015\/07\/Designer625_Interface.png\" alt=\"Designer625 Interface\" width=\"79\" height=\"39\" \/><\/td>\n<td>\n<h1 class=\"p1\"><img loading=\"lazy\" decoding=\"async\" class=\"\" src=\"https:\/\/blendtec.de\/wp-content\/uploads\/2015\/07\/Designer725_Interface.png\" alt=\"Designer725 Interface\" width=\"83\" height=\"41\" \/><\/h1>\n<\/td>\n<td>\n<h1 class=\"p1\"><img loading=\"lazy\" decoding=\"async\" class=\"\" src=\"https:\/\/blendtec.de\/wp-content\/uploads\/2015\/07\/Professional800_Interface.png\" alt=\"Professional800 Interface\" width=\"112\" height=\"38\" \/><\/h1>\n<\/td>\n<\/tr>\n<tr>\n<td>Geschwindigkeitsstufen<\/td>\n<td>\u00a0<\/td>\n<td>5 + Pulse<\/td>\n<td>6 + Pulse<\/td>\n<td>100 + Pulse<\/td>\n<td>6 + Pulse<\/td>\n<\/tr>\n<tr>\n<td>Zeitgesteuerte Abl\u00e4ufe<\/td>\n<td>\u00a0<\/td>\n<td>\n<p class=\"p1\">Zwei Tasten fu\u0308r zeitgesteuerte Zyklen: eine 60-Sekunden-Taste und eine 90-Sekunden-Taste.<\/p>\n<\/td>\n<td>Nach Auswahl der Geschwindigkeit zeigt der Blendtec Designer 625 die abgelaufene Zeit an und schaltet automatisch nach 180 Sekunden ab.<\/td>\n<td>Nach Auswahl der Geschwindigkeit zeigt der Blendtec Designer 725 die abgelaufene Zeit an und schaltet automatisch nach 180 Sekunden ab.<\/td>\n<td>Nach Auswahl der Geschwindigkeit zeigt der Blendtec Professional 800 die abgelaufene Zeit an und schaltet automatisch nach 180 Sekunden ab.<\/td>\n<\/tr>\n<tr>\n<td>Dips<\/td>\n<td><img decoding=\"async\" src=\"https:\/\/blendtec.de\/wp-content\/uploads\/2016\/01\/dips.jpg\" alt=\"dips\" \/><\/td>\n<td>\u2717<\/td>\n<td>\u2717<\/td>\n<td>\u2714<\/td>\n<td>\u2717<\/td>\n<\/tr>\n<tr>\n<td>Eiscreme<\/td>\n<td><img decoding=\"async\" src=\"https:\/\/blendtec.de\/wp-content\/uploads\/2016\/01\/icecream.jpg\" alt=\"icecream\" \/><\/td>\n<td>\u2717<\/td>\n<td>\u2714<\/td>\n<td>\u2714<\/td>\n<td>\u2714<\/td>\n<\/tr>\n<tr>\n<td>Hei\u00dfe Suppe<\/td>\n<td><img decoding=\"async\" src=\"https:\/\/blendtec.de\/wp-content\/uploads\/2016\/01\/suppe.jpg\" alt=\"suppe\" \/><\/td>\n<td>\u2717<\/td>\n<td>\u2714<\/td>\n<td>\u2714<\/td>\n<td>\u2714<\/td>\n<\/tr>\n<tr>\n<td>Mixgetr\u00e4nke<\/td>\n<td><img loading=\"lazy\" decoding=\"async\" src=\"https:\/\/blendtec.de\/wp-content\/uploads\/2016\/01\/mixgetraenke.png\" alt=\"mixgetraenke\" width=\"38\" height=\"38\" \/><\/td>\n<td>\u2717<\/td>\n<td>\u2717<\/td>\n<td>\u2717<\/td>\n<td>\u2714<\/td>\n<\/tr>\n<tr>\n<td>Pulse<\/td>\n<td><img loading=\"lazy\" decoding=\"async\" src=\"https:\/\/blendtec.de\/wp-content\/uploads\/2016\/01\/pulse.jpg\" alt=\"pulse\" width=\"38\" height=\"38\" \/><\/td>\n<td>\u2714<\/td>\n<td>\u2714<\/td>\n<td>\u2714 (Auch nutzbar w\u00e4hrend eine ausgew\u00e4hlte Geschwindigkeitsstufe abl\u00e4uft)<\/td>\n<td>\u2714<\/td>\n<\/tr>\n<tr>\n<td>Saft (aus ganzen Fr\u00fcchten)<\/td>\n<td><img decoding=\"async\" src=\"https:\/\/blendtec.de\/wp-content\/uploads\/2016\/01\/saft.jpg\" alt=\"saft\" \/><\/td>\n<td>\u2717<\/td>\n<td>\u2714<\/td>\n<td>\u2714<\/td>\n<td>\u2714<\/td>\n<\/tr>\n<tr>\n<td>Smoothie<\/td>\n<td><img decoding=\"async\" src=\"https:\/\/blendtec.de\/wp-content\/uploads\/2016\/01\/smoothie.jpg\" alt=\"smoothie\" \/><\/td>\n<td>\u2714<\/td>\n<td>\u2714<\/td>\n<td>\u2714<\/td>\n<td>\u2714<\/td>\n<\/tr>\n<tr>\n<td>Reinigen<\/td>\n<td><img decoding=\"async\" src=\"https:\/\/blendtec.de\/wp-content\/uploads\/2016\/01\/reinigen.jpg\" alt=\"reinigen\" \/><\/td>\n<td>\u2714<\/td>\n<td>\u2717<\/td>\n<td>\u2714<\/td>\n<td>\u2717<\/td>\n<\/tr>\n<tr>\n<td>R\u00fchrteig<\/td>\n<td><img loading=\"lazy\" decoding=\"async\" src=\"https:\/\/blendtec.de\/wp-content\/uploads\/2016\/01\/teig.png\" alt=\"teig\" width=\"38\" height=\"38\" \/><\/td>\n<td>\u2717<\/td>\n<td>\u2717<\/td>\n<td>\u2717<\/td>\n<td>\u2714<\/td>\n<\/tr>\n<\/tbody>\n<\/table>\n\t<div id=\"gap-1417170280\" class=\"gap-element clearfix\" style=\"display:block; height:auto;\">\n\t\t\n<style>\n#gap-1417170280 {\n  padding-top: 30px;\n}\n<\/style>\n\t<\/div>\n\t\n<header class=\"single-post--header\" style=\"color: #6d6f72; font-family: proxima_nova_ltlight, sans-serif; font-size: 14px;\"><\/header>\n<table class=\"table table-striped table-bordered\" style=\"font-size: 14.4px;\" border=\"0\">\n<tbody>\n<tr>\n<td>Programm<\/td>\n<td>Beschreibung<\/td>\n<td>Vereinfachte manuelle Alternative<\/td>\n<\/tr>\n<tr>\n<td>Dips<\/td>\n<td><span>Dieser Zyklus mixt mit relativ langsamer Geschwindigkeit und einer kurzen Zeitdauer. Dabei werden die Dip-Zutaten vermengt und die Geschmacksstoffe\u00a0miteinander kombiniert, ohne zu \u201eu\u0308bermixen\u201c.<\/span><\/td>\n<td>Mittel-niedrige Geschwindigkeit f\u00fcr 30 Sekunden<\/td>\n<\/tr>\n<tr>\n<td>Eiscreme<\/td>\n<td><span>Dieser Zyklus dient speziell zur Zubereitung von gefrorenen Desserts wie\u00a0Eiscreme, Sorbet und Joghurteis. Der Mixer erh\u00f6ht und verringert im richtigen\u00a0Moment die Geschwindigkeit automatisch, damit die Mischung gefroren bleibt und schaltet sich anschlie\u00dfend automatisch aus. Servieren\u00a0Sie das gefrorene Dessert sofort und bewahren Sie die Reste in der Tiefk\u00fchltruhe auf.<\/span><\/td>\n<td>\u00a0<\/td>\n<\/tr>\n<tr>\n<td>Hei\u00dfe Suppe<\/td>\n<td><span>Dieser Zyklus dient zur Zubereitung von warmen Speisen. Durch die L\u00e4nge des\u00a0Zyklus und die hohe Drehzahl erw\u00e4rmen sich die Zutaten auf eine hei\u00dfe Temperatur.\u00a0Dieser Zyklus eignet sich auch fu\u0308r hei\u00dfe Schokolade, Sirup und Fondue.\u00a0Denken Sie bei der Verwendung von frischen Zutaten daran, dass die hohe\u00a0Drehzahl des Messers ausreichend W\u00e4rme erzeugt, um das Mixgut zu erhitzen.\u00a0Fu\u0308llen Sie deshalb beim Zubereiten von Suppen oder hei\u00dfen Getr\u00e4nken keine\u00a0Fl\u00fcssigkeiten oder Zutaten ein, die w\u00e4rmer als 46 \u00b0C sind.<\/span><\/td>\n<td>Je nach gew\u00fcnschter Temperatur f\u00fcr 90-180 Sekunden auf h\u00f6chster Stufe<\/td>\n<\/tr>\n<tr>\n<td>Mixgetr\u00e4nke<\/td>\n<td><span>Dieser Zyklus wird f\u00fcr Mixgetr\u00e4nke, Eiskaffee und Milchshakes verwendet. Die L\u00e4nge der Zeit und Intensit\u00e4t erzeugt eine Konsistenz, die sich f\u00fcr diese Arten von Rezepturen eignet.<\/span><\/td>\n<td>50 Sekunden auf einer mittel-schnellen Stufe<\/td>\n<\/tr>\n<tr>\n<td>Pulse<\/td>\n<td><span>Die \u201ePulse\u201c-Taste eignet sich zum Hacken, zerkleinern, Aufschlagen oder fu\u0308r andere\u00a0schnelle Zubereitungsmethoden, die keinen langen Mixzyklus erfordern. Mit der\u00a0Pulse-Taste lassen sich Speisen auch vor dem Servieren noch einmal kurz\u00a0durchr\u00fchren.\u00a0Die \u201ePulse\u201c-Einstellung l\u00e4uft auf einer h\u00f6heren Geschwindigkeitsstufe als die maximale Stufe, solange die Pulse-Taste\u00a0gedru\u0308ckt wird. Beim Loslassen der Taste schaltet sich der Motor aus.<\/span><\/td>\n<td>\u00a0<\/td>\n<\/tr>\n<tr>\n<td>Reinigen<\/td>\n<td>\n<p class=\"p2\"><span style=\"color: #333333;\">Dieser Zyklus reinigt die Innenfl\u00e4chen des Mixbeh\u00e4lters automatisch.<br \/>Verwendung des Reinigungszyklus:<br \/>1. Geben Sie 250 ml Wasser und einen Tropfen Geschirrspu\u0308lmittel in den Mixbeh\u00e4lter.<br \/>2. Verschlie\u00dfen Sie den Beh\u00e4lter mit dem Deckel und setzen Sie den Beh\u00e4lter auf den\u00a0Motorblock.<br \/>3. Dru\u0308cken Sie die Reinigungstaste.<br \/>4. Nach Beendigung des Zyklus nehmen Sie den Beh\u00e4lter heraus und spu\u0308len ihn gut aus. Reinigen Sie den Beh\u00e4lter mit dem Reinigungszyklus am besten sofort nach dem\u00a0Gebrauch des Mixers.<\/span><\/p>\n<\/td>\n<td>5-6 Mal Pulse dr\u00fccken<\/td>\n<\/tr>\n<tr>\n<td>Saft (aus ganzen Fr\u00fcchten)<\/td>\n<td><span>Dieser Zyklus dient zum pu\u0308rieren von harten und festen Zutaten wie M\u00f6hren, Sellerie\u00a0und Samen bzw. Kernen. Verwenden Sie den Saft-Zyklus fu\u0308r das Zerkleinern von\u00a0Obst und Gemu\u0308se mit Stielen, Kernen oder Schalen.\u00a0Bei der Saftzubereitung aus M\u00f6hren oder anderen festen Gemu\u0308sesorten mu\u0308ssen\u00a0Sie den Zyklus eventuell zwei Mal wiederholen, bis die gewu\u0308nschte\u00a0S\u00e4migkeit und Konsistenz erreicht ist.<\/span><\/td>\n<td>50-60 Sekunden auf einer mittel bis mittel-schnellen Stufe<\/td>\n<\/tr>\n<tr>\n<td>Smoothie<\/td>\n<td><span>Dieser Zyklus dient speziell zur Zubereitung von unterschiedlichen Arten von\u00a0Smoothies und dickflu\u0308ssigen Getr\u00e4nken, fu\u0308r die h\u00e4ufig feste oder gefrorene\u00a0Zutaten verwendet werden. In diesem Zyklus nimmt die Geschwindigkeit\u00a0automatisch zu und ab. Dadurch kann der Mixer die Zutaten in den Mixstrudel\u00a0ziehen, bis die gewu\u0308nschte Konsistenz erreicht ist.<\/span><\/td>\n<td>\u00a0&#8211;<\/td>\n<\/tr>\n<tr>\n<td>R\u00fchrteig<\/td>\n<td><span>Dieser Zyklus mixt mit relativ langsamer Geschwindigkeit und einer kurzen Zeitdauer. Dabei wird der Teig vermengt und die Geschmackstoffe\u00a0miteinander kombiniert, ohne zu \u201eu\u0308bermixen\u201c.<\/span><\/td>\n<td>Mittel-niedrige Geschwindigkeit f\u00fcr 30 Sekunden<\/td>\n<\/tr>\n<\/tbody>\n<\/table>\n","protected":false},"excerpt":{"rendered":"<p>Blendtec Zyklen Nicht alle Blendtec Blender haben die selben Vorprogrammierten Misch-Zyklen. Was ist, wenn ein Rezept ein vorprogrammieren Misch-Zyklus erw\u00e4hnt, welchen der genutzte Blendtec Mixer nicht hat? Wenn Sie diese Fragen gestellt haben, sind Sie nicht allein. Auf dieser Seite finden Sie einen Vergleich der Funktionen der verschiedenen Modelle, sowie weiter unten eine Erkl\u00e4rung wie [&#8230;]\n","protected":false},"author":1,"featured_media":0,"parent":0,"menu_order":7,"comment_status":"closed","ping_status":"closed","template":"","meta":{"footnotes":""},"class_list":["post-5600","page","type-page","status-publish","hentry"],"_links":{"self":[{"href":"https:\/\/blendtec.de\/at\/wp-json\/wp\/v2\/pages\/5600","targetHints":{"allow":["GET"]}}],"collection":[{"href":"https:\/\/blendtec.de\/at\/wp-json\/wp\/v2\/pages"}],"about":[{"href":"https:\/\/blendtec.de\/at\/wp-json\/wp\/v2\/types\/page"}],"author":[{"embeddable":true,"href":"https:\/\/blendtec.de\/at\/wp-json\/wp\/v2\/users\/1"}],"replies":[{"embeddable":true,"href":"https:\/\/blendtec.de\/at\/wp-json\/wp\/v2\/comments?post=5600"}],"version-history":[{"count":0,"href":"https:\/\/blendtec.de\/at\/wp-json\/wp\/v2\/pages\/5600\/revisions"}],"wp:attachment":[{"href":"https:\/\/blendtec.de\/at\/wp-json\/wp\/v2\/media?parent=5600"}],"curies":[{"name":"wp","href":"https:\/\/api.w.org\/{rel}","templated":true}]}}