{"id":11969,"date":"2016-12-14T15:16:36","date_gmt":"2016-12-14T15:16:36","guid":{"rendered":"https:\/\/dev.blendtec.de\/produkt\/ws-fs-ersatzteile\/"},"modified":"2026-03-28T11:06:02","modified_gmt":"2026-03-28T10:06:02","slug":"ws-fs-ersatzteile","status":"publish","type":"product","link":"https:\/\/blendtec.de\/at\/produkt\/ws-fs-ersatzteile\/","title":{"rendered":"Ersatzdeckel f\u00fcr FourSide- und WildSide+ Beh\u00e4lter"},"content":{"rendered":"<h2><span style=\"color: #ed1c24;\">WICHTIG<\/span><\/h2>\n<p>Es gibt zwei Versionen des FourSide Jar \/ WildSide+ Jar-Deckels sowie Kunststoffeinsatzes.<br \/>\nBitte stellen Sie sicher, dass Sie das richtige Ersatzteil bestellen, da diese nicht miteinander kompatibel sind!<br \/>\nWenn Ihr Beh\u00e4lter beispielsweise mit einem Gripper-Deckel geliefert wurde, k\u00f6nnen Sie den Latching-Deckel nicht verwenden und umgekehrt.<\/p>\n<div class=\"row\"  id=\"row-883430008\">\n\n\t<div id=\"col-2044284850\" class=\"col medium-6 small-12 large-6\"  >\n\t\t\t\t<div class=\"col-inner\"  >\n\t\t\t\n\t\t\t\n<h3>Kompatibel mit:<\/h3>\n<ul>\n<li>FourSide Jar<\/li>\n<li>WildSide+ Jar<\/li>\n<li>J2 Jar<\/li>\n<li>WildSide Jar<\/li>\n<li>Rebel+ Jar<\/li>\n<li>Frothing Jar<\/li>\n<\/ul>\n\t\t<\/div>\n\t\t\t\t\t<\/div>\n\n\t\n\n\t<div id=\"col-1798450619\" class=\"col medium-6 small-12 large-6\"  >\n\t\t\t\t<div class=\"col-inner\"  >\n\t\t\t\n\t\t\t\n<h3>Nicht kompatibel mit:<\/h3>\n<ul>\n<li>Twister Jar<\/li>\n<li>Mini WildSide Jar<\/li>\n<\/ul>\n\t\t<\/div>\n\t\t\t\t\t<\/div>\n\n\t\n<\/div>\n<p>Der Blendtec Cone Lidl ist aus einem einzigen St\u00fcck gefertigt, wobei die Bel\u00fcftungs\u00f6ffnung im Deckel integriert ist, so dass kein Plastikeinsatz mehr ben\u00f6tigt wird. So k\u00f6nnen Sie w\u00e4hrend des Mixens Fl\u00fcssigkeiten hinzuf\u00fcgen, ohne den Deckel abnehmen zu m\u00fcssen.<\/p>\n<div class=\"row\"  id=\"row-1028500456\">\n\n\t<div id=\"col-969129683\" class=\"col medium-3 small-12 large-3\"  >\n\t\t\t\t<div class=\"col-inner\"  >\n\t\t\t\n\t\t\t\n\t<div class=\"box has-hover   has-hover box-text-bottom\" >\n\n\t\t<div class=\"box-image\" >\n\t\t\t\t\t\t<div class=\"\" >\n\t\t\t\t<img loading=\"lazy\" decoding=\"async\" width=\"700\" height=\"700\" src=\"https:\/\/blendtec.de\/wp-content\/uploads\/2018\/09\/gripper-lid-black.jpg\" class=\"attachment- size-\" alt=\"Blendtec Gripper Lid Deckel\" srcset=\"https:\/\/blendtec.de\/wp-content\/uploads\/2018\/09\/gripper-lid-black.jpg 700w, https:\/\/blendtec.de\/wp-content\/uploads\/2018\/09\/gripper-lid-black-100x100.jpg 100w, https:\/\/blendtec.de\/wp-content\/uploads\/2018\/09\/gripper-lid-black-510x510.jpg 510w, https:\/\/blendtec.de\/wp-content\/uploads\/2018\/09\/gripper-lid-black-280x280.jpg 280w, https:\/\/blendtec.de\/wp-content\/uploads\/2018\/09\/gripper-lid-black-400x400.jpg 400w, https:\/\/blendtec.de\/wp-content\/uploads\/2018\/09\/gripper-lid-black-500x500.jpg 500w\" sizes=\"auto, (max-width: 700px) 100vw, 700px\" \/>\t\t\t\t\t\t\t\t\t\t\t<\/div>\n\t\t\t\t\t<\/div>\n\n\t\t<div class=\"box-text text-center\" >\n\t\t\t<div class=\"box-text-inner\">\n\t\t\t\t\n<h4>Gripper Deckel<\/h4>\n<p>Oben ist der Gripper Lid MIT Kunststoffeinsatz dargestellt.<\/p>\n\t\t\t<\/div>\n\t\t<\/div>\n\t<\/div>\n\t\n\t\t<\/div>\n\t\t\t\t\t<\/div>\n\n\t\n\n\t<div id=\"col-655924913\" class=\"col medium-3 small-12 large-3\"  >\n\t\t\t\t<div class=\"col-inner\"  >\n\t\t\t\n\t\t\t\n\t<div class=\"box has-hover   has-hover box-text-bottom\" >\n\n\t\t<div class=\"box-image\" >\n\t\t\t\t\t\t<div class=\"\" >\n\t\t\t\t<img loading=\"lazy\" decoding=\"async\" width=\"1000\" height=\"1000\" src=\"https:\/\/blendtec.de\/wp-content\/uploads\/2021\/10\/Blendtec-latching-lid.jpg\" class=\"attachment- size-\" alt=\"Blendtec Latching Lid\" srcset=\"https:\/\/blendtec.de\/wp-content\/uploads\/2021\/10\/Blendtec-latching-lid.jpg 1000w, https:\/\/blendtec.de\/wp-content\/uploads\/2021\/10\/Blendtec-latching-lid-100x100.jpg 100w, https:\/\/blendtec.de\/wp-content\/uploads\/2021\/10\/Blendtec-latching-lid-510x510.jpg 510w, https:\/\/blendtec.de\/wp-content\/uploads\/2021\/10\/Blendtec-latching-lid-400x400.jpg 400w, https:\/\/blendtec.de\/wp-content\/uploads\/2021\/10\/Blendtec-latching-lid-800x800.jpg 800w, https:\/\/blendtec.de\/wp-content\/uploads\/2021\/10\/Blendtec-latching-lid-280x280.jpg 280w, https:\/\/blendtec.de\/wp-content\/uploads\/2021\/10\/Blendtec-latching-lid-768x768.jpg 768w, https:\/\/blendtec.de\/wp-content\/uploads\/2021\/10\/Blendtec-latching-lid-700x700.jpg 700w, https:\/\/blendtec.de\/wp-content\/uploads\/2021\/10\/Blendtec-latching-lid-500x500.jpg 500w\" sizes=\"auto, (max-width: 1000px) 100vw, 1000px\" \/>\t\t\t\t\t\t\t\t\t\t\t<\/div>\n\t\t\t\t\t<\/div>\n\n\t\t<div class=\"box-text text-center\" >\n\t\t\t<div class=\"box-text-inner\">\n\t\t\t\t\n<h4>Latching Deckel<\/h4>\n<p>Oben ist der Latching Lid MIT Kunststoffeinsatz dargestellt.<\/p>\n\t\t\t<\/div>\n\t\t<\/div>\n\t<\/div>\n\t\n\t\t<\/div>\n\t\t\t\t\t<\/div>\n\n\t\n\n\t<div id=\"col-2045590558\" class=\"col medium-3 small-12 large-3\"  >\n\t\t\t\t<div class=\"col-inner\"  >\n\t\t\t\n\t\t\t\n\t<div class=\"box has-hover   has-hover box-text-bottom\" >\n\n\t\t<div class=\"box-image\" >\n\t\t\t\t\t\t<div class=\"\" >\n\t\t\t\t<img loading=\"lazy\" decoding=\"async\" width=\"1000\" height=\"1000\" src=\"https:\/\/blendtec.de\/wp-content\/uploads\/2020\/07\/Hard-Lid-Black.jpg\" class=\"attachment- size-\" alt=\"\" srcset=\"https:\/\/blendtec.de\/wp-content\/uploads\/2020\/07\/Hard-Lid-Black.jpg 1000w, https:\/\/blendtec.de\/wp-content\/uploads\/2020\/07\/Hard-Lid-Black-100x100.jpg 100w, https:\/\/blendtec.de\/wp-content\/uploads\/2020\/07\/Hard-Lid-Black-510x510.jpg 510w, https:\/\/blendtec.de\/wp-content\/uploads\/2020\/07\/Hard-Lid-Black-400x400.jpg 400w, https:\/\/blendtec.de\/wp-content\/uploads\/2020\/07\/Hard-Lid-Black-800x800.jpg 800w, https:\/\/blendtec.de\/wp-content\/uploads\/2020\/07\/Hard-Lid-Black-280x280.jpg 280w, https:\/\/blendtec.de\/wp-content\/uploads\/2020\/07\/Hard-Lid-Black-768x768.jpg 768w, https:\/\/blendtec.de\/wp-content\/uploads\/2020\/07\/Hard-Lid-Black-700x700.jpg 700w, https:\/\/blendtec.de\/wp-content\/uploads\/2020\/07\/Hard-Lid-Black-500x500.jpg 500w\" sizes=\"auto, (max-width: 1000px) 100vw, 1000px\" \/>\t\t\t\t\t\t\t\t\t\t\t<\/div>\n\t\t\t\t\t<\/div>\n\n\t\t<div class=\"box-text text-center\" >\n\t\t\t<div class=\"box-text-inner\">\n\t\t\t\t\n<h4>Flacher Hard\/Soft Lid<\/h4>\n<p>Erh\u00e4ltlich in hartem Kunststoff (4 Farben) oder weichem Gummi. Sie sind f\u00fcr h\u00f6chste Effizienz und kleine Mischvolumen mit wenig Spritzern ausgelegt, da sie keine Dichtung oder Verriegelung bieten.<\/p>\n\t\t\t<\/div>\n\t\t<\/div>\n\t<\/div>\n\t\n\t\t<\/div>\n\t\t\t\t\t<\/div>\n\n\t\n\n\t<div id=\"col-1228606536\" class=\"col medium-3 small-12 large-3\"  >\n\t\t\t\t<div class=\"col-inner\"  >\n\t\t\t\n\t\t\t\n\t<div class=\"box has-hover   has-hover box-text-bottom\" >\n\n\t\t<div class=\"box-image\" >\n\t\t\t\t\t\t<div class=\"\" >\n\t\t\t\t<img loading=\"lazy\" decoding=\"async\" width=\"1000\" height=\"1000\" src=\"https:\/\/blendtec.de\/wp-content\/uploads\/2021\/10\/Blendtec-Black-Cone-Latching-Lid-1.jpg\" class=\"attachment- size-\" alt=\"Blendtec Cone Lid Deckel\" srcset=\"https:\/\/blendtec.de\/wp-content\/uploads\/2021\/10\/Blendtec-Black-Cone-Latching-Lid-1.jpg 1000w, https:\/\/blendtec.de\/wp-content\/uploads\/2021\/10\/Blendtec-Black-Cone-Latching-Lid-1-100x100.jpg 100w, https:\/\/blendtec.de\/wp-content\/uploads\/2021\/10\/Blendtec-Black-Cone-Latching-Lid-1-510x510.jpg 510w, https:\/\/blendtec.de\/wp-content\/uploads\/2021\/10\/Blendtec-Black-Cone-Latching-Lid-1-400x400.jpg 400w, https:\/\/blendtec.de\/wp-content\/uploads\/2021\/10\/Blendtec-Black-Cone-Latching-Lid-1-800x800.jpg 800w, https:\/\/blendtec.de\/wp-content\/uploads\/2021\/10\/Blendtec-Black-Cone-Latching-Lid-1-280x280.jpg 280w, https:\/\/blendtec.de\/wp-content\/uploads\/2021\/10\/Blendtec-Black-Cone-Latching-Lid-1-768x768.jpg 768w, https:\/\/blendtec.de\/wp-content\/uploads\/2021\/10\/Blendtec-Black-Cone-Latching-Lid-1-700x700.jpg 700w, https:\/\/blendtec.de\/wp-content\/uploads\/2021\/10\/Blendtec-Black-Cone-Latching-Lid-1-500x500.jpg 500w\" sizes=\"auto, (max-width: 1000px) 100vw, 1000px\" \/>\t\t\t\t\t\t\t\t\t\t\t<\/div>\n\t\t\t\t\t<\/div>\n\n\t\t<div class=\"box-text text-center\" >\n\t\t\t<div class=\"box-text-inner\">\n\t\t\t\t\n<h3>Cone Lid<\/h3>\n<p>\u00c4hnlich wie der Latching Deckel, jedoch aus einem St\u00fcck flexiblem Gummi und ohne Kunststoffteile hergestellt. Der neue K\u00f6nig in der Blendtec-Produktpalette.<\/p>\n\t\t\t<\/div>\n\t\t<\/div>\n\t<\/div>\n\t\n\t\t<\/div>\n\t\t\t\t\t<\/div>\n\n\t\n<\/div>\n","protected":false},"excerpt":{"rendered":"<p>FourSide- und WildSide+ Ersatzteile<\/p>\n","protected":false},"featured_media":22794,"comment_status":"closed","ping_status":"closed","template":"","meta":[],"product_brand":[],"product_cat":[469],"product_tag":[],"class_list":{"0":"post-11969","1":"product","2":"type-product","3":"status-publish","4":"has-post-thumbnail","6":"product_cat-ersatzteile-at","8":"first","9":"instock","10":"taxable","11":"shipping-taxable","12":"purchasable","13":"product-type-variable"},"bundled_by":[],"bundle_stock_status":"instock","bundle_stock_quantity":null,"bundle_virtual":false,"bundle_layout":"","bundle_add_to_cart_form_location":"","bundle_editable_in_cart":false,"bundle_sold_individually_context":"","bundle_item_grouping":"","bundle_min_size":"","bundle_max_size":"","bundle_price":[],"bundled_items":[],"bundle_sell_ids":[],"exclude_global_add_ons":[],"addons":[],"_links":{"self":[{"href":"https:\/\/blendtec.de\/at\/wp-json\/wp\/v2\/product\/11969","targetHints":{"allow":["GET"]}}],"collection":[{"href":"https:\/\/blendtec.de\/at\/wp-json\/wp\/v2\/product"}],"about":[{"href":"https:\/\/blendtec.de\/at\/wp-json\/wp\/v2\/types\/product"}],"replies":[{"embeddable":true,"href":"https:\/\/blendtec.de\/at\/wp-json\/wp\/v2\/comments?post=11969"}],"wp:featuredmedia":[{"embeddable":true,"href":"https:\/\/blendtec.de\/at\/wp-json\/wp\/v2\/media\/22794"}],"wp:attachment":[{"href":"https:\/\/blendtec.de\/at\/wp-json\/wp\/v2\/media?parent=11969"}],"wp:term":[{"taxonomy":"product_brand","embeddable":true,"href":"https:\/\/blendtec.de\/at\/wp-json\/wp\/v2\/product_brand?post=11969"},{"taxonomy":"product_cat","embeddable":true,"href":"https:\/\/blendtec.de\/at\/wp-json\/wp\/v2\/product_cat?post=11969"},{"taxonomy":"product_tag","embeddable":true,"href":"https:\/\/blendtec.de\/at\/wp-json\/wp\/v2\/product_tag?post=11969"}],"curies":[{"name":"wp","href":"https:\/\/api.w.org\/{rel}","templated":true}]}}