{"id":11988,"date":"2016-03-16T19:12:10","date_gmt":"2016-03-16T19:12:10","guid":{"rendered":"https:\/\/dev.blendtec.de\/produkt\/professional-800\/"},"modified":"2023-02-05T03:43:50","modified_gmt":"2023-02-05T02:43:50","slug":"professional-800","status":"publish","type":"product","link":"https:\/\/blendtec.de\/at\/produkt\/professional-800\/","title":{"rendered":"Professional 800 inkl. WildSide+ Jar"},"content":{"rendered":"\n\t<section class=\"section\" id=\"section_2132431163\">\n\t\t<div class=\"section-bg fill\" >\n\t\t\t\t\t\t\t<div class=\"video-overlay no-click fill visible\"><\/div>\n\t<video class=\"video-bg fill visible\" preload playsinline autoplay muted loop>\n\t\t<source src=\"https:\/\/blendtec.de\/wp-content\/uploads\/video\/Blendtec_Pro_800_de.mp4\" type=\"video\/mp4\">\t<\/video>\n\t\t\t\n\t\t\t\n\n\t\t<\/div>\n\n\t\t\n\n\t\t<div class=\"section-content relative\">\n\t\t\t\n\t\t<\/div>\n\n\t\t\n<style>\n#section_2132431163 {\n  padding-top: 300px;\n  padding-bottom: 300px;\n}\n<\/style>\n\t<\/section>\n\t\n<h2><\/h2>\n<h2>Blendtec Pro 800: Der wohl leiseste Blender f\u00fcr den Haushalt.<\/h2>\n<p>Der Blendtec Pro 800 mit 3,8 PS Maximalleistung ist dank\u00a0Blendtec Stealth Technology\u00a0weltweit der leiseste Hochleistungsmixer seiner Klasse. \u00a0Unsere bekannten und bew\u00e4hrten Schallschutzhauben im gewerblichen Bereich wurden nochmals f\u00fcr den Hausgebrauch weiterentwickelt um noch leiser zu sein &#8211; und all das in einer eleganten Optik kombiniert mit modernster Technik. Problemlos k\u00f6nnen Sie sich unterhalten w\u00e4hrend der Pro 800 mit voller Leistung f\u00fcr Sie arbeitet und perfekte Kreationen herstellt.<\/p>\n<h3>Beleuchtete Touch-Bedienoberfl\u00e4che<\/h3>\n<p>Ein intuitives Touchscreen mit einfach abzulesenden Elementen macht den Professional 800 vielseitig und besonders leicht zu bedienen. Angezeigt werden die Programme, Geschwindigkeitsregler sowie Restlaufzeit. Die absolut glatte Oberfl\u00e4che ist mit einem Wisch gereinigt.<\/p>\n<div class=\"row\"  id=\"row-1765690911\">\n\n\t<div id=\"col-1303661179\" class=\"col medium-5 small-12 large-5\"  >\n\t\t\t\t<div class=\"col-inner\"  >\n\t\t\t\n\t\t\t\n\t<div class=\"img has-hover x md-x lg-x y md-y lg-y\" id=\"image_2056371335\">\n\t\t\t\t\t\t\t\t<div class=\"img-inner dark\" >\n\t\t\t<img loading=\"lazy\" decoding=\"async\" width=\"494\" height=\"224\" src=\"https:\/\/blendtec.de\/wp-content\/uploads\/2019\/09\/Professional-800-display.jpg\" class=\"attachment-large size-large\" alt=\"\" \/>\t\t\t\t\t\t\n\t\t\t\t\t<\/div>\n\t\t\t\t\t\t\t\t\n<style>\n#image_2056371335 {\n  width: 100%;\n}\n<\/style>\n\t<\/div>\n\t\n\t\t<\/div>\n\t\t\t\t\t<\/div>\n\n\t\n<\/div>\n<h3>11 Geschwindigkeitsstufen Touchschieberegler + Pulse<\/h3>\n<p>Design trifft Technologie, unser Touchpad strahlt einen gewissen Luxus aus. Streichen Sie einfach mit dem Finger auf dem Schieber nach rechts, um die Geschwindigkeit zu erh\u00f6hen, oder nach links, um sie zu verringern. Nutzen Sie Pulse f\u00fcr einen schnellen Schub an Power. Jegliche Handlung l\u00e4sst sich \u00fcber das Touchpad steuern.<\/p>\n<h3>6 Vorprogrammierte Abl\u00e4ufe<\/h3>\n<p>Der Blendtec Professional 800 bietet sechs ma\u00dfgeschneiderte\u00a0Programmabl\u00e4ufe:\u00a0Teig, Mixgetr\u00e4nke, Smoothie, Sorbet, Saft (aus ganzen Fr\u00fcchten), sowie hei\u00dfe Suppe. Die Programme ver\u00e4ndern automatisch die Mix-Intensit\u00e4t, um dauerhaft beste Resultate zu erm\u00f6glichen &#8211; alles mit einem einzigen Fingerdruck.<\/p>\n<div class=\"row align-center row-divided\"  id=\"row-1657763636\">\n\n\t<div id=\"col-1760709865\" class=\"col medium-2 small-6 large-2\"  >\n\t\t\t\t<div class=\"col-inner text-center\"  >\n\t\t\t\n\t\t\t\n\t<div class=\"img has-hover x md-x lg-x y md-y lg-y\" id=\"image_2054068896\">\n\t\t\t\t\t\t\t\t<div class=\"img-inner dark\" >\n\t\t\t<img loading=\"lazy\" decoding=\"async\" width=\"170\" height=\"170\" src=\"https:\/\/blendtec.de\/wp-content\/uploads\/2019\/09\/dips.jpg\" class=\"attachment-large size-large\" alt=\"\" srcset=\"https:\/\/blendtec.de\/wp-content\/uploads\/2019\/09\/dips.jpg 170w, https:\/\/blendtec.de\/wp-content\/uploads\/2019\/09\/dips-100x100.jpg 100w\" sizes=\"auto, (max-width: 170px) 100vw, 170px\" \/>\t\t\t\t\t\t\n\t\t\t\t\t<\/div>\n\t\t\t\t\t\t\t\t\n<style>\n#image_2054068896 {\n  width: 50%;\n}\n<\/style>\n\t<\/div>\n\t\n<p style=\"text-align: center;\">R\u00fchrteig<\/p>\n\t\t<\/div>\n\t\t\t\t\t<\/div>\n\n\t\n\n\t<div id=\"col-2027104590\" class=\"col medium-2 small-6 large-2\"  >\n\t\t\t\t<div class=\"col-inner text-center\"  >\n\t\t\t\n\t\t\t\n\t<div class=\"img has-hover x md-x lg-x y md-y lg-y\" id=\"image_1220040414\">\n\t\t\t\t\t\t\t\t<div class=\"img-inner dark\" >\n\t\t\t<img loading=\"lazy\" decoding=\"async\" width=\"170\" height=\"170\" src=\"https:\/\/blendtec.de\/wp-content\/uploads\/2019\/09\/milkshake.jpg\" class=\"attachment-large size-large\" alt=\"\" srcset=\"https:\/\/blendtec.de\/wp-content\/uploads\/2019\/09\/milkshake.jpg 170w, https:\/\/blendtec.de\/wp-content\/uploads\/2019\/09\/milkshake-100x100.jpg 100w\" sizes=\"auto, (max-width: 170px) 100vw, 170px\" \/>\t\t\t\t\t\t\n\t\t\t\t\t<\/div>\n\t\t\t\t\t\t\t\t\n<style>\n#image_1220040414 {\n  width: 50%;\n}\n<\/style>\n\t<\/div>\n\t\n<p style=\"text-align: center;\">Mixgetr\u00e4nke<\/p>\n\t\t<\/div>\n\t\t\t\t\t<\/div>\n\n\t\n\n\t<div id=\"col-1041780662\" class=\"col medium-2 small-6 large-2\"  >\n\t\t\t\t<div class=\"col-inner text-center\"  >\n\t\t\t\n\t\t\t\n\t<div class=\"img has-hover x md-x lg-x y md-y lg-y\" id=\"image_12652668\">\n\t\t\t\t\t\t\t\t<div class=\"img-inner dark\" >\n\t\t\t<img loading=\"lazy\" decoding=\"async\" width=\"170\" height=\"170\" src=\"https:\/\/blendtec.de\/wp-content\/uploads\/2019\/09\/smoothie.jpg\" class=\"attachment-large size-large\" alt=\"\" srcset=\"https:\/\/blendtec.de\/wp-content\/uploads\/2019\/09\/smoothie.jpg 170w, https:\/\/blendtec.de\/wp-content\/uploads\/2019\/09\/smoothie-100x100.jpg 100w\" sizes=\"auto, (max-width: 170px) 100vw, 170px\" \/>\t\t\t\t\t\t\n\t\t\t\t\t<\/div>\n\t\t\t\t\t\t\t\t\n<style>\n#image_12652668 {\n  width: 50%;\n}\n<\/style>\n\t<\/div>\n\t\n<p style=\"text-align: center;\">Smoothie<\/p>\n\t\t<\/div>\n\t\t\t\t\t<\/div>\n\n\t\n\n\t<div id=\"col-2073114966\" class=\"col medium-2 small-6 large-2\"  >\n\t\t\t\t<div class=\"col-inner text-center\"  >\n\t\t\t\n\t\t\t\n\t<div class=\"img has-hover x md-x lg-x y md-y lg-y\" id=\"image_1402059100\">\n\t\t\t\t\t\t\t\t<div class=\"img-inner dark\" >\n\t\t\t<img loading=\"lazy\" decoding=\"async\" width=\"170\" height=\"170\" src=\"https:\/\/blendtec.de\/wp-content\/uploads\/2019\/09\/ice-cream.jpg\" class=\"attachment-large size-large\" alt=\"\" srcset=\"https:\/\/blendtec.de\/wp-content\/uploads\/2019\/09\/ice-cream.jpg 170w, https:\/\/blendtec.de\/wp-content\/uploads\/2019\/09\/ice-cream-100x100.jpg 100w\" sizes=\"auto, (max-width: 170px) 100vw, 170px\" \/>\t\t\t\t\t\t\n\t\t\t\t\t<\/div>\n\t\t\t\t\t\t\t\t\n<style>\n#image_1402059100 {\n  width: 50%;\n}\n<\/style>\n\t<\/div>\n\t\n<p style=\"text-align: center;\">Sorbet<\/p>\n\t\t<\/div>\n\t\t\t\t\t<\/div>\n\n\t\n\n\t<div id=\"col-316861206\" class=\"col medium-2 small-6 large-2\"  >\n\t\t\t\t<div class=\"col-inner text-center\"  >\n\t\t\t\n\t\t\t\n\t<div class=\"img has-hover x md-x lg-x y md-y lg-y\" id=\"image_1614491946\">\n\t\t\t\t\t\t\t\t<div class=\"img-inner dark\" >\n\t\t\t<img loading=\"lazy\" decoding=\"async\" width=\"170\" height=\"170\" src=\"https:\/\/blendtec.de\/wp-content\/uploads\/2019\/09\/whole-juice.jpg\" class=\"attachment-large size-large\" alt=\"\" srcset=\"https:\/\/blendtec.de\/wp-content\/uploads\/2019\/09\/whole-juice.jpg 170w, https:\/\/blendtec.de\/wp-content\/uploads\/2019\/09\/whole-juice-100x100.jpg 100w\" sizes=\"auto, (max-width: 170px) 100vw, 170px\" \/>\t\t\t\t\t\t\n\t\t\t\t\t<\/div>\n\t\t\t\t\t\t\t\t\n<style>\n#image_1614491946 {\n  width: 50%;\n}\n<\/style>\n\t<\/div>\n\t\n<p style=\"text-align: center;\">Saft (aus ganzen Fr\u00fcchten)<\/p>\n\t\t<\/div>\n\t\t\t\t\t<\/div>\n\n\t\n\n\t<div id=\"col-387302578\" class=\"col medium-2 small-6 large-2\"  >\n\t\t\t\t<div class=\"col-inner text-center\"  >\n\t\t\t\n\t\t\t\n\t<div class=\"img has-hover x md-x lg-x y md-y lg-y\" id=\"image_2126815607\">\n\t\t\t\t\t\t\t\t<div class=\"img-inner dark\" >\n\t\t\t<img loading=\"lazy\" decoding=\"async\" width=\"170\" height=\"170\" src=\"https:\/\/blendtec.de\/wp-content\/uploads\/2019\/09\/hot-soup.jpg\" class=\"attachment-large size-large\" alt=\"\" srcset=\"https:\/\/blendtec.de\/wp-content\/uploads\/2019\/09\/hot-soup.jpg 170w, https:\/\/blendtec.de\/wp-content\/uploads\/2019\/09\/hot-soup-100x100.jpg 100w\" sizes=\"auto, (max-width: 170px) 100vw, 170px\" \/>\t\t\t\t\t\t\n\t\t\t\t\t<\/div>\n\t\t\t\t\t\t\t\t\n<style>\n#image_2126815607 {\n  width: 50%;\n}\n<\/style>\n\t<\/div>\n\t\n<p style=\"text-align: center;\">Hei\u00dfe Suppe<\/p>\n\t\t<\/div>\n\t\t\t\t\t<\/div>\n\n\t\n<\/div>\n<h3>Besonderheiten des Blendtec Pro 800<\/h3>\n<ul>\n<li>1800 W Nennleistung, 240 V, 3,8 PS Maximalleistung<\/li>\n<li>Beleuchtete Touch-Oberfl\u00e4che\u00a0sowie LCD Display<\/li>\n<li>6 vorprogrammierte Abl\u00e4ufe: R\u00fchrteig, Mixgetr\u00e4nke, Smoothie, Sorbet, Saft (aus ganzen Fr\u00fcchten), sowie hei\u00dfe Suppe<\/li>\n<li>11 ausw\u00e4hlbare Geschwindigkeitsstufen durch\u00a0Touch Schieberegler + Pulse Funktion<\/li>\n<li>Das beleuchtete Display gibt Feedback, Informationen sowie die verbleibende Zeit an<\/li>\n<li>H\u00f6he x Breite x Tiefe: 43,9 cm x 21,8 cm x 22,9 cm &#8211; H\u00f6he mit ge\u00f6ffneter Haube 62 cm<\/li>\n<li>Gewicht 7,2 kg<\/li>\n<li>10 Jahre Garantie<\/li>\n<\/ul>\n<h3>Verpackungsinhalt<\/h3>\n<ul>\n<li>Professional 800 Motorbasis mit Schallschutzhaube<\/li>\n<li>WildSide+ Beh\u00e4lter (BPA-frei) mit ventiliertem Deckel<\/li>\n<li>Schnellstart-Anleitung sowie Rezepte<\/li>\n<\/ul>\n<div class=\"row row-small align-center\"  id=\"row-29963867\">\n\n\t<div id=\"col-1692466869\" class=\"col medium-4 small-12 large-4\"  >\n\t\t\t\t<div class=\"col-inner\"  >\n\t\t\t\n\t\t\t\n\t<div class=\"img has-hover x md-x lg-x y md-y lg-y\" id=\"image_1829590615\">\n\t\t\t\t\t\t\t\t<div class=\"img-inner dark\" >\n\t\t\t<img loading=\"lazy\" decoding=\"async\" width=\"400\" height=\"267\" src=\"https:\/\/blendtec.de\/wp-content\/uploads\/2019\/09\/blendtec-P800-WS-15.jpg\" class=\"attachment-large size-large\" alt=\"\" \/>\t\t\t\t\t\t\n\t\t\t\t\t<\/div>\n\t\t\t\t\t\t\t\t\n<style>\n#image_1829590615 {\n  width: 100%;\n}\n<\/style>\n\t<\/div>\n\t\n\t\t<\/div>\n\t\t\t\t\t<\/div>\n\n\t\n\n\t<div id=\"col-1113450455\" class=\"col medium-4 small-12 large-4\"  >\n\t\t\t\t<div class=\"col-inner\"  >\n\t\t\t\n\t\t\t\n\t<div class=\"img has-hover x md-x lg-x y md-y lg-y\" id=\"image_4411919\">\n\t\t\t\t\t\t\t\t<div class=\"img-inner dark\" >\n\t\t\t<img loading=\"lazy\" decoding=\"async\" width=\"400\" height=\"267\" src=\"https:\/\/blendtec.de\/wp-content\/uploads\/2019\/09\/blendtec-P800_lifestyle_1.jpg\" class=\"attachment-large size-large\" alt=\"\" \/>\t\t\t\t\t\t\n\t\t\t\t\t<\/div>\n\t\t\t\t\t\t\t\t\n<style>\n#image_4411919 {\n  width: 100%;\n}\n<\/style>\n\t<\/div>\n\t\n\t\t<\/div>\n\t\t\t\t\t<\/div>\n\n\t\n\n\t<div id=\"col-615958303\" class=\"col medium-4 small-12 large-4\"  >\n\t\t\t\t<div class=\"col-inner\"  >\n\t\t\t\n\t\t\t\n\t<div class=\"img has-hover x md-x lg-x y md-y lg-y\" id=\"image_1764174975\">\n\t\t\t\t\t\t\t\t<div class=\"img-inner dark\" >\n\t\t\t<img loading=\"lazy\" decoding=\"async\" width=\"400\" height=\"267\" src=\"https:\/\/blendtec.de\/wp-content\/uploads\/2019\/09\/blendtec-P800-WS-9.jpg\" class=\"attachment-large size-large\" alt=\"\" \/>\t\t\t\t\t\t\n\t\t\t\t\t<\/div>\n\t\t\t\t\t\t\t\t\n<style>\n#image_1764174975 {\n  width: 100%;\n}\n<\/style>\n\t<\/div>\n\t\n\t\t<\/div>\n\t\t\t\t\t<\/div>\n\n\t\n<\/div>\n","protected":false},"excerpt":{"rendered":"<div class=\"product-short-description\">Der Blendtec Pro 800 steht f\u00fcr Performance, Wertigkeit, Design, sowie Funktionalit\u00e4t und bringt die kraftvollen Vorteile der gewerblichen Hochleistungsmixer in Ihre K\u00fcche.<\/div>\n<p>&nbsp;<\/p>\n","protected":false},"featured_media":15697,"comment_status":"closed","ping_status":"closed","template":"","meta":[],"product_brand":[],"product_cat":[425,479],"product_tag":[],"class_list":{"0":"post-11988","1":"product","2":"type-product","3":"status-publish","4":"has-post-thumbnail","6":"product_cat-blender-at-2","7":"product_cat-pro-serie-mixer-at","8":"pa_colourselector-schwarz-at","9":"pa_colourselector-weinrot-at","11":"first","12":"instock","13":"sale","14":"taxable","15":"shipping-taxable","16":"purchasable","17":"product-type-simple"},"bundled_by":[],"bundle_stock_status":"instock","bundle_stock_quantity":100,"bundle_virtual":false,"bundle_layout":"","bundle_add_to_cart_form_location":"","bundle_editable_in_cart":false,"bundle_sold_individually_context":"","bundle_item_grouping":"","bundle_min_size":"","bundle_max_size":"","bundle_price":[],"bundled_items":[],"bundle_sell_ids":[],"exclude_global_add_ons":[],"addons":[],"_links":{"self":[{"href":"https:\/\/blendtec.de\/at\/wp-json\/wp\/v2\/product\/11988","targetHints":{"allow":["GET"]}}],"collection":[{"href":"https:\/\/blendtec.de\/at\/wp-json\/wp\/v2\/product"}],"about":[{"href":"https:\/\/blendtec.de\/at\/wp-json\/wp\/v2\/types\/product"}],"replies":[{"embeddable":true,"href":"https:\/\/blendtec.de\/at\/wp-json\/wp\/v2\/comments?post=11988"}],"wp:featuredmedia":[{"embeddable":true,"href":"https:\/\/blendtec.de\/at\/wp-json\/wp\/v2\/media\/15697"}],"wp:attachment":[{"href":"https:\/\/blendtec.de\/at\/wp-json\/wp\/v2\/media?parent=11988"}],"wp:term":[{"taxonomy":"product_brand","embeddable":true,"href":"https:\/\/blendtec.de\/at\/wp-json\/wp\/v2\/product_brand?post=11988"},{"taxonomy":"product_cat","embeddable":true,"href":"https:\/\/blendtec.de\/at\/wp-json\/wp\/v2\/product_cat?post=11988"},{"taxonomy":"product_tag","embeddable":true,"href":"https:\/\/blendtec.de\/at\/wp-json\/wp\/v2\/product_tag?post=11988"}],"curies":[{"name":"wp","href":"https:\/\/api.w.org\/{rel}","templated":true}]}}