{"id":12978,"date":"2015-07-20T21:24:02","date_gmt":"2015-07-20T20:24:02","guid":{"rendered":"https:\/\/dev.blendtec.de\/produkt\/designer-725\/"},"modified":"2022-12-29T09:50:11","modified_gmt":"2022-12-29T08:50:11","slug":"designer-725","status":"publish","type":"product","link":"https:\/\/blendtec.de\/at\/produkt\/designer-725\/","title":{"rendered":"Designer 725 inkl. WildSide+ Jar"},"content":{"rendered":"<h2>Der wohl cleverste Blender der Welt<\/h2>\n<p>Der Blendtec Designer 725 bietet die fortschrittlichste Blender Technologie auf dem Markt die ein einzigartiges Bedienungserlebnis mit sich bringt.<\/p>\n<h3>SmartBlend Technologie<\/h3>\n<p>Der Blendtec Designer 725 beinhaltet die exklusive SmartBlend technologie welche eventuelle probleme erkennt und identifiziert\u2014inklusive Belastungsprobleme, \u00fcberhitzen sowie Luftl\u00f6cher in der Mixtur\u2014und Hinweise anbietet zur m\u00f6glichen L\u00f6sung.<\/p>\n<h3>100-Geschwindigkeitsstufen Touchscreen Schieberegler + Multi-Speed Pulse<\/h3>\n<p>Mit der Touch-Bedienoberfl\u00e4che k\u00f6nnen Sie aus bis zu 100 Geschwindigkeiten ausw\u00e4hlen, dies bietet Ihnen die ultimative Kontrolle. Es zeigt auch folgende Stufen an: Verr\u00fchren, Zerhacken, Kneten, Mixen sowie P\u00fcrieren.<\/p>\n<div class=\"row\"  id=\"row-129265057\">\n\n\t<div id=\"col-2082797563\" class=\"col medium-5 small-12 large-5\"  >\n\t\t\t\t<div class=\"col-inner\"  >\n\t\t\t\n\t\t\t\n\t<div class=\"img has-hover x md-x lg-x y md-y lg-y\" id=\"image_353804188\">\n\t\t\t\t\t\t\t\t<div class=\"img-inner dark\" >\n\t\t\t<img loading=\"lazy\" decoding=\"async\" width=\"380\" height=\"188\" src=\"https:\/\/blendtec.de\/wp-content\/uploads\/2015\/07\/Designer725_Interface.png\" class=\"attachment-large size-large\" alt=\"\" \/>\t\t\t\t\t\t\n\t\t\t\t\t<\/div>\n\t\t\t\t\t\t\t\t\n<style>\n#image_353804188 {\n  width: 100%;\n}\n<\/style>\n\t<\/div>\n\t\n\t\t<\/div>\n\t\t\t\t\t<\/div>\n\n\t\n<\/div>\n<h3>Vorprogrammierte Abl\u00e4ufe<\/h3>\n<p>Der Blendtec Designer 725 bietet sechs ma\u00dfgeschneiderte Programmabl\u00e4ufe: Smoothie, Dips, Sorbet, Saft (aus ganzen Fr\u00fcchten), hei\u00dfe Suppe und Reinigung. Bei der Verwendung eines Programmes werden zus\u00e4tzliche Gerichte angezeigt, die dieses Programm ebenso unterst\u00fctzt, um dem Nutzer die Vielseitigkeit der Funktionen zu verdeutlichen.<\/p>\n<div class=\"row row-small row-divided\"  id=\"row-1369572570\">\n\n\t<div id=\"col-1598301797\" class=\"col medium-2 small-6 large-2\"  >\n\t\t\t\t<div class=\"col-inner text-center\"  >\n\t\t\t\n\t\t\t\n\t<div class=\"img has-hover x md-x lg-x y md-y lg-y\" id=\"image_792916569\">\n\t\t\t\t\t\t\t\t<div class=\"img-inner dark\" >\n\t\t\t<img loading=\"lazy\" decoding=\"async\" width=\"170\" height=\"170\" src=\"https:\/\/blendtec.de\/wp-content\/uploads\/2019\/09\/Designer-Smoothie.jpg\" class=\"attachment-large size-large\" alt=\"\" srcset=\"https:\/\/blendtec.de\/wp-content\/uploads\/2019\/09\/Designer-Smoothie.jpg 170w, https:\/\/blendtec.de\/wp-content\/uploads\/2019\/09\/Designer-Smoothie-100x100.jpg 100w\" sizes=\"auto, (max-width: 170px) 100vw, 170px\" \/>\t\t\t\t\t\t\n\t\t\t\t\t<\/div>\n\t\t\t\t\t\t\t\t\n<style>\n#image_792916569 {\n  width: 50%;\n}\n<\/style>\n\t<\/div>\n\t\n<p style=\"text-align: center;\">Smoothie<\/p>\n\t\t<\/div>\n\t\t\t\t\t<\/div>\n\n\t\n\n\t<div id=\"col-1342755949\" class=\"col medium-2 small-6 large-2\"  >\n\t\t\t\t<div class=\"col-inner text-center\"  >\n\t\t\t\n\t\t\t\n\t<div class=\"img has-hover x md-x lg-x y md-y lg-y\" id=\"image_787091966\">\n\t\t\t\t\t\t\t\t<div class=\"img-inner dark\" >\n\t\t\t<img loading=\"lazy\" decoding=\"async\" width=\"170\" height=\"170\" src=\"https:\/\/blendtec.de\/wp-content\/uploads\/2019\/09\/Designer-Dips.jpg\" class=\"attachment-large size-large\" alt=\"\" srcset=\"https:\/\/blendtec.de\/wp-content\/uploads\/2019\/09\/Designer-Dips.jpg 170w, https:\/\/blendtec.de\/wp-content\/uploads\/2019\/09\/Designer-Dips-100x100.jpg 100w\" sizes=\"auto, (max-width: 170px) 100vw, 170px\" \/>\t\t\t\t\t\t\n\t\t\t\t\t<\/div>\n\t\t\t\t\t\t\t\t\n<style>\n#image_787091966 {\n  width: 50%;\n}\n<\/style>\n\t<\/div>\n\t\n<p style=\"text-align: center;\">Dips<\/p>\n\t\t<\/div>\n\t\t\t\t\t<\/div>\n\n\t\n\n\t<div id=\"col-850735835\" class=\"col medium-2 small-6 large-2\"  >\n\t\t\t\t<div class=\"col-inner text-center\"  >\n\t\t\t\n\t\t\t\n\t<div class=\"img has-hover x md-x lg-x y md-y lg-y\" id=\"image_673970260\">\n\t\t\t\t\t\t\t\t<div class=\"img-inner dark\" >\n\t\t\t<img loading=\"lazy\" decoding=\"async\" width=\"170\" height=\"170\" src=\"https:\/\/blendtec.de\/wp-content\/uploads\/2019\/09\/Designer-Eiscreme.jpg\" class=\"attachment-large size-large\" alt=\"\" srcset=\"https:\/\/blendtec.de\/wp-content\/uploads\/2019\/09\/Designer-Eiscreme.jpg 170w, https:\/\/blendtec.de\/wp-content\/uploads\/2019\/09\/Designer-Eiscreme-100x100.jpg 100w\" sizes=\"auto, (max-width: 170px) 100vw, 170px\" \/>\t\t\t\t\t\t\n\t\t\t\t\t<\/div>\n\t\t\t\t\t\t\t\t\n<style>\n#image_673970260 {\n  width: 50%;\n}\n<\/style>\n\t<\/div>\n\t\n<p style=\"text-align: center;\">Eiscreme<\/p>\n\t\t<\/div>\n\t\t\t\t\t<\/div>\n\n\t\n\n\t<div id=\"col-465922644\" class=\"col medium-2 small-6 large-2\"  >\n\t\t\t\t<div class=\"col-inner text-center\"  >\n\t\t\t\n\t\t\t\n\t<div class=\"img has-hover x md-x lg-x y md-y lg-y\" id=\"image_1644154264\">\n\t\t\t\t\t\t\t\t<div class=\"img-inner dark\" >\n\t\t\t<img loading=\"lazy\" decoding=\"async\" width=\"170\" height=\"170\" src=\"https:\/\/blendtec.de\/wp-content\/uploads\/2019\/09\/Designer-Saft.jpg\" class=\"attachment-large size-large\" alt=\"\" srcset=\"https:\/\/blendtec.de\/wp-content\/uploads\/2019\/09\/Designer-Saft.jpg 170w, https:\/\/blendtec.de\/wp-content\/uploads\/2019\/09\/Designer-Saft-100x100.jpg 100w\" sizes=\"auto, (max-width: 170px) 100vw, 170px\" \/>\t\t\t\t\t\t\n\t\t\t\t\t<\/div>\n\t\t\t\t\t\t\t\t\n<style>\n#image_1644154264 {\n  width: 50%;\n}\n<\/style>\n\t<\/div>\n\t\n<p style=\"text-align: center;\">Saft<br \/>\n(aus ganzen Fr\u00fcchten)<\/p>\n\t\t<\/div>\n\t\t\t\t\t<\/div>\n\n\t\n\n\t<div id=\"col-846927933\" class=\"col medium-2 small-6 large-2\"  >\n\t\t\t\t<div class=\"col-inner text-center\"  >\n\t\t\t\n\t\t\t\n\t<div class=\"img has-hover x md-x lg-x y md-y lg-y\" id=\"image_2062095341\">\n\t\t\t\t\t\t\t\t<div class=\"img-inner dark\" >\n\t\t\t<img loading=\"lazy\" decoding=\"async\" width=\"170\" height=\"170\" src=\"https:\/\/blendtec.de\/wp-content\/uploads\/2019\/09\/Designer-Suppe.jpg\" class=\"attachment-large size-large\" alt=\"\" srcset=\"https:\/\/blendtec.de\/wp-content\/uploads\/2019\/09\/Designer-Suppe.jpg 170w, https:\/\/blendtec.de\/wp-content\/uploads\/2019\/09\/Designer-Suppe-100x100.jpg 100w\" sizes=\"auto, (max-width: 170px) 100vw, 170px\" \/>\t\t\t\t\t\t\n\t\t\t\t\t<\/div>\n\t\t\t\t\t\t\t\t\n<style>\n#image_2062095341 {\n  width: 50%;\n}\n<\/style>\n\t<\/div>\n\t\n<p style=\"text-align: center;\">Heisse Suppe<\/p>\n\t\t<\/div>\n\t\t\t\t\t<\/div>\n\n\t\n\n\t<div id=\"col-947455616\" class=\"col medium-2 small-6 large-2\"  >\n\t\t\t\t<div class=\"col-inner text-center\"  >\n\t\t\t\n\t\t\t\n\t<div class=\"img has-hover x md-x lg-x y md-y lg-y\" id=\"image_1676754837\">\n\t\t\t\t\t\t\t\t<div class=\"img-inner dark\" >\n\t\t\t<img loading=\"lazy\" decoding=\"async\" width=\"170\" height=\"170\" src=\"https:\/\/blendtec.de\/wp-content\/uploads\/2019\/09\/Designer-Reinigen.jpg\" class=\"attachment-large size-large\" alt=\"\" srcset=\"https:\/\/blendtec.de\/wp-content\/uploads\/2019\/09\/Designer-Reinigen.jpg 170w, https:\/\/blendtec.de\/wp-content\/uploads\/2019\/09\/Designer-Reinigen-100x100.jpg 100w\" sizes=\"auto, (max-width: 170px) 100vw, 170px\" \/>\t\t\t\t\t\t\n\t\t\t\t\t<\/div>\n\t\t\t\t\t\t\t\t\n<style>\n#image_1676754837 {\n  width: 50%;\n}\n<\/style>\n\t<\/div>\n\t\n<p style=\"text-align: center;\">Reinigen<\/p>\n\t\t<\/div>\n\t\t\t\t\t<\/div>\n\n\t\n<\/div>\n<div class=\"accordion\">\n\t<div id=\"accordion-1803939993\" class=\"accordion-item\">\n\t\t<a id=\"accordion-1803939993-label\" class=\"accordion-title plain\" href=\"#accordion-item-programm-beschreibung\" aria-expanded=\"false\" aria-controls=\"accordion-1803939993-content\">\n\t\t\t<button class=\"toggle\" aria-label=\"Toggle\"><i class=\"icon-angle-down\" aria-hidden=\"true\"><\/i><\/button>\n\t\t\t<span>Programm Beschreibung<\/span>\n\t\t<\/a>\n\t\t<div id=\"accordion-1803939993-content\" class=\"accordion-inner\" aria-labelledby=\"accordion-1803939993-label\">\n\t\t\t\n<div class=\"row\"  id=\"row-1246716561\">\n\n\t<div id=\"col-329863943\" class=\"col medium-1 small-12 large-1\"  >\n\t\t\t\t<div class=\"col-inner\"  >\n\t\t\t\n\t\t\t\n\t<div class=\"img has-hover x md-x lg-x y md-y lg-y\" id=\"image_1521393844\">\n\t\t\t\t\t\t\t\t<div class=\"img-inner dark\" >\n\t\t\t<img loading=\"lazy\" decoding=\"async\" width=\"170\" height=\"170\" src=\"https:\/\/blendtec.de\/wp-content\/uploads\/2019\/09\/Designer-Smoothie.jpg\" class=\"attachment-large size-large\" alt=\"\" srcset=\"https:\/\/blendtec.de\/wp-content\/uploads\/2019\/09\/Designer-Smoothie.jpg 170w, https:\/\/blendtec.de\/wp-content\/uploads\/2019\/09\/Designer-Smoothie-100x100.jpg 100w\" sizes=\"auto, (max-width: 170px) 100vw, 170px\" \/>\t\t\t\t\t\t\n\t\t\t\t\t<\/div>\n\t\t\t\t\t\t\t\t\n<style>\n#image_1521393844 {\n  width: 100%;\n}\n<\/style>\n\t<\/div>\n\t\n\t\t<\/div>\n\t\t\t\t\t<\/div>\n\n\t\n\n\t<div id=\"col-884264408\" class=\"col medium-10 small-12 large-10\"  >\n\t\t\t\t<div class=\"col-inner\"  >\n\t\t\t\n\t\t\t\n<p><strong>SMOOTHIE<\/strong><br \/>\nDieser Zyklus dient speziell zur Zubereitung von unterschiedliche Arten von\u00a0Smoothies und dickfl\u00fcssigen Getr\u00e4nken, f\u00fcr die h\u00e4ufig feste oder gefrorene\u00a0Zutaten verwendet werden. In diesem Zyklus nimmt die Geschwindigkeit\u00a0automatisch zu und ab. Dadurch kann der Mixer die Zutaten in den Mixstrudel\u00a0ziehen, bis die gew\u00fcnschte Konsistenz erreicht ist.<\/p>\n<p>F\u00fcllen Sie f\u00fcr den Smoothie-Zyklus die Zutaten wie im Rezept angegeben in den\u00a0Mixbeh\u00e4lter ein, legen Sie den Deckel auf und dr\u00fccken Sie die Smoothie-Taste.\u00a0Der Mixer durchl\u00e4uft den Zyklus und schaltet sich dann automatisch aus<\/p>\n\t\t<\/div>\n\t\t\t\t\t<\/div>\n\n\t\n<\/div>\n<div class=\"row\"  id=\"row-722663983\">\n\n\t<div id=\"col-723820038\" class=\"col medium-1 small-12 large-1\"  >\n\t\t\t\t<div class=\"col-inner\"  >\n\t\t\t\n\t\t\t\n\t<div class=\"img has-hover x md-x lg-x y md-y lg-y\" id=\"image_1012263108\">\n\t\t\t\t\t\t\t\t<div class=\"img-inner dark\" >\n\t\t\t<img loading=\"lazy\" decoding=\"async\" width=\"170\" height=\"170\" src=\"https:\/\/blendtec.de\/wp-content\/uploads\/2019\/09\/Designer-Dips.jpg\" class=\"attachment-large size-large\" alt=\"\" srcset=\"https:\/\/blendtec.de\/wp-content\/uploads\/2019\/09\/Designer-Dips.jpg 170w, https:\/\/blendtec.de\/wp-content\/uploads\/2019\/09\/Designer-Dips-100x100.jpg 100w\" sizes=\"auto, (max-width: 170px) 100vw, 170px\" \/>\t\t\t\t\t\t\n\t\t\t\t\t<\/div>\n\t\t\t\t\t\t\t\t\n<style>\n#image_1012263108 {\n  width: 100%;\n}\n<\/style>\n\t<\/div>\n\t\n\t\t<\/div>\n\t\t\t\t\t<\/div>\n\n\t\n\n\t<div id=\"col-129666388\" class=\"col medium-10 small-12 large-10\"  >\n\t\t\t\t<div class=\"col-inner\"  >\n\t\t\t\n\t\t\t\n<p><strong>DIPS<\/strong><br \/>\nDieser Zyklus mixt mit relativ langsamer Geschwindigkeit und einer k\u00fcrzeren\u00a0Zeitdauer. Dabei werden die Dip-Zutaten vermengt und die Geschmackstoffe\u00a0miteinander kombiniert, ohne zu \u201e\u00fcbermixen\u201c.<\/p>\n<p>F\u00fcllen Sie f\u00fcr den Dips-Zyklus die Zutaten wie im Rezept angegeben in den\u00a0Mixbeh\u00e4lter ein, legen Sie den Deckel auf und dr\u00fccken Sie die Dips-Taste. Der\u00a0Mixer durchl\u00e4uft den Zyklus und schaltet sich dann automatisch aus.<\/p>\n\t\t<\/div>\n\t\t\t\t\t<\/div>\n\n\t\n<\/div>\n<div class=\"row\"  id=\"row-2113932903\">\n\n\t<div id=\"col-1627935556\" class=\"col medium-1 small-12 large-1\"  >\n\t\t\t\t<div class=\"col-inner\"  >\n\t\t\t\n\t\t\t\n\t<div class=\"img has-hover x md-x lg-x y md-y lg-y\" id=\"image_765122444\">\n\t\t\t\t\t\t\t\t<div class=\"img-inner dark\" >\n\t\t\t<img loading=\"lazy\" decoding=\"async\" width=\"170\" height=\"170\" src=\"https:\/\/blendtec.de\/wp-content\/uploads\/2019\/09\/Designer-Eiscreme.jpg\" class=\"attachment-large size-large\" alt=\"\" srcset=\"https:\/\/blendtec.de\/wp-content\/uploads\/2019\/09\/Designer-Eiscreme.jpg 170w, https:\/\/blendtec.de\/wp-content\/uploads\/2019\/09\/Designer-Eiscreme-100x100.jpg 100w\" sizes=\"auto, (max-width: 170px) 100vw, 170px\" \/>\t\t\t\t\t\t\n\t\t\t\t\t<\/div>\n\t\t\t\t\t\t\t\t\n<style>\n#image_765122444 {\n  width: 100%;\n}\n<\/style>\n\t<\/div>\n\t\n\t\t<\/div>\n\t\t\t\t\t<\/div>\n\n\t\n\n\t<div id=\"col-1009236155\" class=\"col medium-10 small-12 large-10\"  >\n\t\t\t\t<div class=\"col-inner\"  >\n\t\t\t\n\t\t\t\n<p><strong>EISCREME<\/strong><br \/>\nDieser Zyklus dient speziell zur Zubereitung von gefrorenen Desserts wie\u00a0Eiscreme, Sorbet und Joghurteis. Der Mixer erh\u00f6ht und verringert im richtigen\u00a0Moment die Geschwindigkeit, damit die Mischung gefroren bleibt.<\/p>\n<p>F\u00fcllen Sie f\u00fcr den Eiscreme-Zyklus die Zutaten wie im Rezept angegeben in den\u00a0Mixbeh\u00e4lter ein, legen Sie den Deckel auf und dr\u00fccken Sie die Eiscreme-Taste.\u00a0Der Mixer durchl\u00e4uft den Zyklus und schaltet sich dann automatisch aus. Servieren\u00a0Sie das gefrorene Dessert sofort und stellen Sie die Reste in den Tiefk\u00fchlschrank.<\/p>\n\t\t<\/div>\n\t\t\t\t\t<\/div>\n\n\t\n<\/div>\n<div class=\"row\"  id=\"row-1694672936\">\n\n\t<div id=\"col-349825947\" class=\"col medium-1 small-12 large-1\"  >\n\t\t\t\t<div class=\"col-inner\"  >\n\t\t\t\n\t\t\t\n\t<div class=\"img has-hover x md-x lg-x y md-y lg-y\" id=\"image_18836473\">\n\t\t\t\t\t\t\t\t<div class=\"img-inner dark\" >\n\t\t\t<img loading=\"lazy\" decoding=\"async\" width=\"170\" height=\"170\" src=\"https:\/\/blendtec.de\/wp-content\/uploads\/2019\/09\/Designer-Saft.jpg\" class=\"attachment-large size-large\" alt=\"\" srcset=\"https:\/\/blendtec.de\/wp-content\/uploads\/2019\/09\/Designer-Saft.jpg 170w, https:\/\/blendtec.de\/wp-content\/uploads\/2019\/09\/Designer-Saft-100x100.jpg 100w\" sizes=\"auto, (max-width: 170px) 100vw, 170px\" \/>\t\t\t\t\t\t\n\t\t\t\t\t<\/div>\n\t\t\t\t\t\t\t\t\n<style>\n#image_18836473 {\n  width: 100%;\n}\n<\/style>\n\t<\/div>\n\t\n\t\t<\/div>\n\t\t\t\t\t<\/div>\n\n\t\n\n\t<div id=\"col-1528489994\" class=\"col medium-10 small-12 large-10\"  >\n\t\t\t\t<div class=\"col-inner\"  >\n\t\t\t\n\t\t\t\n<p><strong>SAFT (AUS GANZEN FR\u00dcCHTEN)<\/strong><br \/>\nDieser Zyklus dient zum P\u00fcrieren von harten und festen Zutaten wie M\u00f6hren, Sellerie\u00a0und Samen bzw. Kernen. Verwenden Sie den Saft-Zyklus f\u00fcr das Zerkleinern von\u00a0Obst und Gem\u00fcse mit Stielen, Kernen oder Schalen.<\/p>\n<p>Bei der Saftzubereitung aus M\u00f6hren oder anderen festen Gem\u00fcsesorten m\u00fcssen\u00a0Sie den Zyklus eventuell ein bis zwei Mal wiederholen, bis die gew\u00fcnschte\u00a0S\u00e4migkeit und Konsistenz erreicht ist.<\/p>\n\t\t<\/div>\n\t\t\t\t\t<\/div>\n\n\t\n<\/div>\n<div class=\"row\"  id=\"row-1088385799\">\n\n\t<div id=\"col-45530642\" class=\"col medium-1 small-12 large-1\"  >\n\t\t\t\t<div class=\"col-inner\"  >\n\t\t\t\n\t\t\t\n\t<div class=\"img has-hover x md-x lg-x y md-y lg-y\" id=\"image_1677445923\">\n\t\t\t\t\t\t\t\t<div class=\"img-inner dark\" >\n\t\t\t<img loading=\"lazy\" decoding=\"async\" width=\"170\" height=\"170\" src=\"https:\/\/blendtec.de\/wp-content\/uploads\/2019\/09\/Designer-Suppe.jpg\" class=\"attachment-large size-large\" alt=\"\" srcset=\"https:\/\/blendtec.de\/wp-content\/uploads\/2019\/09\/Designer-Suppe.jpg 170w, https:\/\/blendtec.de\/wp-content\/uploads\/2019\/09\/Designer-Suppe-100x100.jpg 100w\" sizes=\"auto, (max-width: 170px) 100vw, 170px\" \/>\t\t\t\t\t\t\n\t\t\t\t\t<\/div>\n\t\t\t\t\t\t\t\t\n<style>\n#image_1677445923 {\n  width: 100%;\n}\n<\/style>\n\t<\/div>\n\t\n\t\t<\/div>\n\t\t\t\t\t<\/div>\n\n\t\n\n\t<div id=\"col-583993746\" class=\"col medium-10 small-12 large-10\"  >\n\t\t\t\t<div class=\"col-inner\"  >\n\t\t\t\n\t\t\t\n<p><strong>HEISSE SUPPE<\/strong><br \/>\nDieser Zyklus dient zur Zubereitung von warmen Speisen. Durch die L\u00e4nge des\u00a0Zyklus und die hohe Drehzahl erw\u00e4rmen sich die Zutaten auf eine hei\u00dfe Temperatur.\u00a0Dieser Zyklus eignet sich auch f\u00fcr hei\u00dfe Schokolade, Sirup und Fondue.<\/p>\n<p>Denken Sie bei der Verwendung von frischen Zutaten daran, dass die hohe\u00a0Drehzahl des Messers ausreichend W\u00e4rme erzeugt, um das Mixgut zu erhitzen.\u00a0F\u00fcllen Sie deshalb beim Zubereiten von Suppen oder hei\u00dfen Getr\u00e4nken keine\u00a0Fl\u00fcssigkeiten oder Zutaten ein, die w\u00e4rmer als 46 \u00b0C sind.<\/p>\n\t\t<\/div>\n\t\t\t\t\t<\/div>\n\n\t\n<\/div>\n<div class=\"row\"  id=\"row-773673613\">\n\n\t<div id=\"col-1935167085\" class=\"col medium-1 small-12 large-1\"  >\n\t\t\t\t<div class=\"col-inner\"  >\n\t\t\t\n\t\t\t\n\t<div class=\"img has-hover x md-x lg-x y md-y lg-y\" id=\"image_1646215755\">\n\t\t\t\t\t\t\t\t<div class=\"img-inner dark\" >\n\t\t\t<img loading=\"lazy\" decoding=\"async\" width=\"170\" height=\"170\" src=\"https:\/\/blendtec.de\/wp-content\/uploads\/2019\/09\/Designer-Reinigen.jpg\" class=\"attachment-large size-large\" alt=\"\" srcset=\"https:\/\/blendtec.de\/wp-content\/uploads\/2019\/09\/Designer-Reinigen.jpg 170w, https:\/\/blendtec.de\/wp-content\/uploads\/2019\/09\/Designer-Reinigen-100x100.jpg 100w\" sizes=\"auto, (max-width: 170px) 100vw, 170px\" \/>\t\t\t\t\t\t\n\t\t\t\t\t<\/div>\n\t\t\t\t\t\t\t\t\n<style>\n#image_1646215755 {\n  width: 100%;\n}\n<\/style>\n\t<\/div>\n\t\n\t\t<\/div>\n\t\t\t\t\t<\/div>\n\n\t\n\n\t<div id=\"col-2119122676\" class=\"col medium-10 small-12 large-10\"  >\n\t\t\t\t<div class=\"col-inner\"  >\n\t\t\t\n\t\t\t\n<p><strong>REINIGEN<\/strong><br \/>\nDieser Zyklus reinigt die Innenfl\u00e4chen des Mixbeh\u00e4lters automatisch.<\/p>\n<p>Verwendung des Reinigungszyklus:<\/p>\n<ol>\n<li>Geben Sie 240 ml Wasser und einen Tropfen Geschirrsp\u00fclmittel in den Mixbeh\u00e4lter.<\/li>\n<li>Verschlie\u00dfen Sie den Beh\u00e4lter mit dem Deckel und setzen Sie den Beh\u00e4lter auf den\u00a0Motorblock auf.<\/li>\n<li>Dr\u00fccken Sie die Reinigungstaste.<\/li>\n<li>Nach Beendigung des Zyklus nehmen Sie den Beh\u00e4lter heraus und sp\u00fclen ihn aus.<\/li>\n<\/ol>\n<p>Am besten reinigen Sie den Beh\u00e4lter mit dem Reinigungszyklus sofort nach dem\u00a0Gebrauch des Mixers<\/p>\n\t\t<\/div>\n\t\t\t\t\t<\/div>\n\n\t\n<\/div>\n\t\t<\/div>\n\t<\/div>\n\t\n<\/div>\n<div class=\"row row-small\"  id=\"row-910473289\">\n\n\t<div id=\"col-334214408\" class=\"col medium-4 small-12 large-4\"  >\n\t\t\t\t<div class=\"col-inner\"  >\n\t\t\t\n\t\t\t\n\t<div class=\"img has-hover x md-x lg-x y md-y lg-y\" id=\"image_1230066704\">\n\t\t\t\t\t\t\t\t<div class=\"img-inner dark\" >\n\t\t\t<img loading=\"lazy\" decoding=\"async\" width=\"400\" height=\"267\" src=\"https:\/\/blendtec.de\/wp-content\/uploads\/2019\/09\/Blendtec-designer-725-lifestyle-1.jpg\" class=\"attachment-large size-large\" alt=\"\" \/>\t\t\t\t\t\t\n\t\t\t\t\t<\/div>\n\t\t\t\t\t\t\t\t\n<style>\n#image_1230066704 {\n  width: 100%;\n}\n<\/style>\n\t<\/div>\n\t\n\t\t<\/div>\n\t\t\t\t\t<\/div>\n\n\t\n\n\t<div id=\"col-1822427080\" class=\"col medium-4 small-12 large-4\"  >\n\t\t\t\t<div class=\"col-inner\"  >\n\t\t\t\n\t\t\t\n\t<div class=\"img has-hover x md-x lg-x y md-y lg-y\" id=\"image_1484002833\">\n\t\t\t\t\t\t\t\t<div class=\"img-inner dark\" >\n\t\t\t<img loading=\"lazy\" decoding=\"async\" width=\"400\" height=\"267\" src=\"https:\/\/blendtec.de\/wp-content\/uploads\/2019\/09\/Blendtec-designer-725-lifestyle-8.jpg\" class=\"attachment-large size-large\" alt=\"\" \/>\t\t\t\t\t\t\n\t\t\t\t\t<\/div>\n\t\t\t\t\t\t\t\t\n<style>\n#image_1484002833 {\n  width: 100%;\n}\n<\/style>\n\t<\/div>\n\t\n\t\t<\/div>\n\t\t\t\t\t<\/div>\n\n\t\n\n\t<div id=\"col-564597418\" class=\"col medium-4 small-12 large-4\"  >\n\t\t\t\t<div class=\"col-inner\"  >\n\t\t\t\n\t\t\t\n\t<div class=\"img has-hover x md-x lg-x y md-y lg-y\" id=\"image_1788715220\">\n\t\t\t\t\t\t\t\t<div class=\"img-inner dark\" >\n\t\t\t<img loading=\"lazy\" decoding=\"async\" width=\"400\" height=\"267\" src=\"https:\/\/blendtec.de\/wp-content\/uploads\/2019\/09\/Blendtec-designer-725-lifestyle-7.jpg\" class=\"attachment-large size-large\" alt=\"\" \/>\t\t\t\t\t\t\n\t\t\t\t\t<\/div>\n\t\t\t\t\t\t\t\t\n<style>\n#image_1788715220 {\n  width: 100%;\n}\n<\/style>\n\t<\/div>\n\t\n\t\t<\/div>\n\t\t\t\t\t<\/div>\n\n\t\n<\/div>\n<h3><\/h3>\n<h3>Antippen f\u00fcr l\u00e4ngeres mixen.<\/h3>\n<p>W\u00e4hrend dem mixen k\u00f6nnen Sie 10 Sekunden zum Programm hinzuf\u00fcgen durch antippen des Programmes welches Sie momentan nutzen. So bekommen Sie genau die richtige Konsistenz die Sie wollen.<\/p>\n<h3>Funktionen<\/h3>\n<ul>\n<li>1800 W Nennleistung, 240 V,\u00a03,8 PS Maximalleistung<\/li>\n<li>Beleuchtete Touch-Oberfl\u00e4che sowie LCD Display<\/li>\n<li>6 vorprogrammierte Abl\u00e4ufe: Smoothie, Dips, Sorbet, Saft (aus ganzen Fr\u00fcchten), hei\u00dfe Suppe, Reinigung<\/li>\n<li>100 Geschwindigkeitsstufen ausw\u00e4hlbar \u00fcber den Touchscreen Schieberegler.<\/li>\n<li>8 Jahre Garantie<\/li>\n<li>Beleuchtetes Display zeigt die verbliebende Zeit an.<\/li>\n<\/ul>\n<h3>Verpackungsinhalt<\/h3>\n<ul>\n<li>Designer 725 Motorbasis<\/li>\n<li>WildSide+ Beh\u00e4lter (BPA Frei) mit ventiliertem Deckel<\/li>\n<li>Schnellstart-Anleitung sowie Rezepte<\/li>\n<\/ul>\n","protected":false},"excerpt":{"rendered":"<p>SmartBlend Technologie, 100 Geschwindigkeitsstufen ausw\u00e4hlbar \u00fcber den Touchscreen Schieberegler sowie ein fantastisches Design machen den Designer 725 zum Star in jeder K\u00fcche.<br \/>\n&nbsp;<\/p>\n","protected":false},"featured_media":11887,"comment_status":"closed","ping_status":"closed","template":"","meta":[],"product_brand":[],"product_cat":[426,425],"product_tag":[],"class_list":{"0":"post-12978","1":"product","2":"type-product","3":"status-publish","4":"has-post-thumbnail","6":"product_cat-designer-serie-mixer-at","7":"product_cat-blender-at-2","8":"pa_colourselector-designer-725-dunkelgrau-metallic-at","9":"pa_colourselector-designer-725-silber-metallic-at","11":"first","12":"instock","13":"sale","14":"taxable","15":"shipping-taxable","16":"purchasable","17":"product-type-variable"},"bundled_by":[],"bundle_stock_status":"instock","bundle_stock_quantity":null,"bundle_virtual":false,"bundle_layout":"","bundle_add_to_cart_form_location":"","bundle_editable_in_cart":false,"bundle_sold_individually_context":"","bundle_item_grouping":"","bundle_min_size":"","bundle_max_size":"","bundle_price":[],"bundled_items":[],"bundle_sell_ids":[],"exclude_global_add_ons":[],"addons":[],"_links":{"self":[{"href":"https:\/\/blendtec.de\/at\/wp-json\/wp\/v2\/product\/12978","targetHints":{"allow":["GET"]}}],"collection":[{"href":"https:\/\/blendtec.de\/at\/wp-json\/wp\/v2\/product"}],"about":[{"href":"https:\/\/blendtec.de\/at\/wp-json\/wp\/v2\/types\/product"}],"replies":[{"embeddable":true,"href":"https:\/\/blendtec.de\/at\/wp-json\/wp\/v2\/comments?post=12978"}],"wp:featuredmedia":[{"embeddable":true,"href":"https:\/\/blendtec.de\/at\/wp-json\/wp\/v2\/media\/11887"}],"wp:attachment":[{"href":"https:\/\/blendtec.de\/at\/wp-json\/wp\/v2\/media?parent=12978"}],"wp:term":[{"taxonomy":"product_brand","embeddable":true,"href":"https:\/\/blendtec.de\/at\/wp-json\/wp\/v2\/product_brand?post=12978"},{"taxonomy":"product_cat","embeddable":true,"href":"https:\/\/blendtec.de\/at\/wp-json\/wp\/v2\/product_cat?post=12978"},{"taxonomy":"product_tag","embeddable":true,"href":"https:\/\/blendtec.de\/at\/wp-json\/wp\/v2\/product_tag?post=12978"}],"curies":[{"name":"wp","href":"https:\/\/api.w.org\/{rel}","templated":true}]}}