{"id":13248,"date":"2015-07-12T15:55:20","date_gmt":"2015-07-12T14:55:20","guid":{"rendered":"https:\/\/dev.blendtec.de\/produkt\/twister-jar\/"},"modified":"2025-11-11T17:14:28","modified_gmt":"2025-11-11T16:14:28","slug":"twister-jar","status":"publish","type":"product","link":"https:\/\/blendtec.de\/at\/produkt\/twister-jar\/","title":{"rendered":"Twister Jar"},"content":{"rendered":"<h2>Blendtec Twister Jar f\u00fcr die dickfl\u00fcssigsten Rezepte<\/h2>\n<p>Der Twister Jar ist der erste Beh\u00e4lter seiner Art. \u00a0Er kommt inkl. patentierten Schabern, welchen ihn zum idealen Beh\u00e4lter f\u00fcr dickfl\u00fcssige Rezepte machen! Einfach den Deckel w\u00e4hrend dem Mixen drehen. Das Patentierte Design dr\u00e4ngt die Zutaten von den Seiten zur\u00fcck zur Klinge.<\/p>\n<h3>Besonders gut geeignet f\u00fcr:<\/h3>\n<ul>\n<li>Paniermehl und Cookie-Kr\u00fcmel<\/li>\n<li>Nussbutter<\/li>\n<li>Hummus<\/li>\n<li>Babynahrung<\/li>\n<li>Pesto<\/li>\n<\/ul>\n<h3>Der Twister Beh\u00e4lter hat folgende Besonderheiten:<\/h3>\n<ul>\n<li>Extra-starke patentierte Klinge<\/li>\n<li>Einfach abzulesene Makierungen am Beh\u00e4lter<\/li>\n<li>Gefertigt aus Stabilem, BPA freiem, Copolyester<\/li>\n<li>Kompatibel mit allen Blendtec Haushalts Blendern<\/li>\n<\/ul>\n<p>Die Bedienung ist ganz einfach. \u00a0Zutaten hinzuf\u00fcgen, Blender einschalten und den Twister Deckel gegen den Uhrzeigersinn drehen bis die gew\u00fcnschte Konsistenz erreicht ist. \u00a0Diese Drehbewegung dr\u00e4ngt die Zutaten von den Beh\u00e4lterw\u00e4nden zur\u00fcck zur Klinge f\u00fcr ein perfektes Ergebnis. \u00a0Auch inbegriffen ist ein\u00a0Spectacula\u2122 Schaber\u2014speziell entwickelt f\u00fcr den Twister Jar. Der Spatula hat genau die richtige L\u00e4nge und Form um die fertige Mixtur bequem aus dem Beh\u00e4lter zu bekommen.<\/p>\n<ul>\n<li>Fassungsverm\u00f6gen: 1 L, mit Strichen zur Messung bis zu 500 mL.<\/li>\n<li>Beh\u00e4lter Ma\u00dfe: HxBxT: 19 x\u00a014.5\u00a0x\u00a014.5\u00a0cm (17.8 cm Breit mit Auslauf und Griff)<\/li>\n<li>Gewicht: 590 Gramm<\/li>\n<li>3 Jahre Garantie<\/li>\n<\/ul>\n<h4>Inhalt:<\/h4>\n<ul>\n<li>Twister Beh\u00e4lter<\/li>\n<li>Patentierter Twister Deckel<\/li>\n<li>Mini Gripper\u2122Deckel f\u00fcr normales Mixen<\/li>\n<li>Spectacula\u2122 Schaber<\/li>\n<\/ul>\n<p>\u00a0<\/p>\n<p>Der Twister Jar passt bei allen Blendtec Modellen.<\/p>\n","protected":false},"excerpt":{"rendered":"<p>Der Twister Jar mixt sogar die dickfl\u00fcssigsten Rezepte mit Leichtigkeit<\/p>\n","protected":false},"featured_media":15464,"comment_status":"closed","ping_status":"closed","template":"","meta":[],"product_brand":[],"product_cat":[421],"product_tag":[],"class_list":{"0":"post-13248","1":"product","2":"type-product","3":"status-publish","4":"has-post-thumbnail","6":"product_cat-behaelter-at","8":"first","9":"instock","10":"sale","11":"taxable","12":"shipping-taxable","13":"purchasable","14":"product-type-simple"},"bundled_by":[],"bundle_stock_status":"instock","bundle_stock_quantity":100,"bundle_virtual":false,"bundle_layout":"","bundle_add_to_cart_form_location":"","bundle_editable_in_cart":false,"bundle_sold_individually_context":"","bundle_item_grouping":"","bundle_min_size":"","bundle_max_size":"","bundle_price":[],"bundled_items":[],"bundle_sell_ids":[],"exclude_global_add_ons":[],"addons":[],"_links":{"self":[{"href":"https:\/\/blendtec.de\/at\/wp-json\/wp\/v2\/product\/13248","targetHints":{"allow":["GET"]}}],"collection":[{"href":"https:\/\/blendtec.de\/at\/wp-json\/wp\/v2\/product"}],"about":[{"href":"https:\/\/blendtec.de\/at\/wp-json\/wp\/v2\/types\/product"}],"replies":[{"embeddable":true,"href":"https:\/\/blendtec.de\/at\/wp-json\/wp\/v2\/comments?post=13248"}],"wp:featuredmedia":[{"embeddable":true,"href":"https:\/\/blendtec.de\/at\/wp-json\/wp\/v2\/media\/15464"}],"wp:attachment":[{"href":"https:\/\/blendtec.de\/at\/wp-json\/wp\/v2\/media?parent=13248"}],"wp:term":[{"taxonomy":"product_brand","embeddable":true,"href":"https:\/\/blendtec.de\/at\/wp-json\/wp\/v2\/product_brand?post=13248"},{"taxonomy":"product_cat","embeddable":true,"href":"https:\/\/blendtec.de\/at\/wp-json\/wp\/v2\/product_cat?post=13248"},{"taxonomy":"product_tag","embeddable":true,"href":"https:\/\/blendtec.de\/at\/wp-json\/wp\/v2\/product_tag?post=13248"}],"curies":[{"name":"wp","href":"https:\/\/api.w.org\/{rel}","templated":true}]}}