{"id":13252,"date":"2015-07-12T15:07:26","date_gmt":"2015-07-12T14:07:26","guid":{"rendered":"https:\/\/dev.blendtec.de\/produkt\/wildside-jar\/"},"modified":"2025-01-17T11:46:56","modified_gmt":"2025-01-17T10:46:56","slug":"wildside-jar","status":"publish","type":"product","link":"https:\/\/blendtec.de\/at\/produkt\/wildside-jar\/","title":{"rendered":"WildSide+ Jar"},"content":{"rendered":"<h2>F\u00fcr gr\u00f6\u00dfere Mengen und schnelleres Mixen<\/h2>\n<h3>Der WildSide+ Beh\u00e4lter in Kombination mit ihrem Blendtec Mixer bringt maximale Leistung.<\/h3>\n<ul>\n<li>Erh\u00f6ht die Mischeffektivit\u00e4t gefrorener Zutaten um 25%<\/li>\n<li>Stumpfe Sicherheitsklingen sind bis zu 80% dicker und 10 mal stabiler als andere Klingen<\/li>\n<li>Die patentierte schmale f\u00fcnfte Seite erm\u00f6glicht es schneller, gr\u00f6\u00dfere Mengen zu verarbeiten<\/li>\n<li>Gefertigt aus stabilem, BPA-freiem Copolyester<\/li>\n<li>Kompatibel mit allen Blendtec Haushalts Blendern<\/li>\n<\/ul>\n<h3>Der WildSide+ ist perfekt geeignet f\u00fcr:<\/h3>\n<ul>\n<li>Gr\u00f6\u00dfere Mengen<\/li>\n<li>Volumin\u00f6se Rezepte<\/li>\n<li>Brotteig<\/li>\n<li>Smoothies<\/li>\n<li>Dips und Teig<\/li>\n<\/ul>\n<p>Der patentierte WildSide+ bietet eine extraweite Form f\u00fcr mehr Volumen. Die schmale f\u00fcnfte Seite sowie die zwei vertikalen Stege auf der Innenseite st\u00f6ren den nat\u00fcrlichen Fluss der Mixtur und sorgen somit f\u00fcr maximale Mixleistung, selbst bei gr\u00f6\u00dferen Mengen und gefrorenen Zutaten.<\/p>\n<ul>\n<li>Fassungsverm\u00f6gen: 2,6 L, mit Mess-Strichen bis 1.1 L<\/li>\n<li>Beh\u00e4lter Ma\u00dfe: HxBxT: 23 x 14 x 14 cm (12 cm Breit\/Tief \u00a0\u00fcber der Basis)<\/li>\n<li>Verpackungs Ma\u00dfe: HxBxT: 24 x 18 x 18 cm<\/li>\n<li>Gewicht: 680 Gramm<\/li>\n<li>3 Jahre Garantie<\/li>\n<\/ul>\n<h3>Inhalt:<\/h3>\n<ul>\n<li>WildSide+\u00ae Beh\u00e4lter<\/li>\n<li>ventilierter Gripper\u2122 Deckel<\/li>\n<\/ul>\n<p>Der WildSide+ Beh\u00e4lter ist kompatibel mit allen Blendtec Blender Modellen.<\/p>\n","protected":false},"excerpt":{"rendered":"<p>Der Beh\u00e4lter der Hochgeschwindigkeits-mixen revolutioniert hat! Der WildSide+ ist ideal f\u00fcr: \u2022 Gr\u00f6\u00dfere Mengen \u2022 Brotteig \u2022 Smoothies<\/p>\n","protected":false},"featured_media":30446,"comment_status":"closed","ping_status":"closed","template":"","meta":[],"product_brand":[],"product_cat":[421],"product_tag":[],"class_list":{"0":"post-13252","1":"product","2":"type-product","3":"status-publish","4":"has-post-thumbnail","6":"product_cat-behaelter-at","8":"first","9":"instock","10":"sale","11":"taxable","12":"shipping-taxable","13":"purchasable","14":"product-type-simple"},"bundled_by":[],"bundle_stock_status":"instock","bundle_stock_quantity":98,"bundle_virtual":false,"bundle_layout":"","bundle_add_to_cart_form_location":"","bundle_editable_in_cart":false,"bundle_sold_individually_context":"","bundle_item_grouping":"","bundle_min_size":"","bundle_max_size":"","bundle_price":[],"bundled_items":[],"bundle_sell_ids":[],"exclude_global_add_ons":[],"addons":[],"_links":{"self":[{"href":"https:\/\/blendtec.de\/at\/wp-json\/wp\/v2\/product\/13252","targetHints":{"allow":["GET"]}}],"collection":[{"href":"https:\/\/blendtec.de\/at\/wp-json\/wp\/v2\/product"}],"about":[{"href":"https:\/\/blendtec.de\/at\/wp-json\/wp\/v2\/types\/product"}],"replies":[{"embeddable":true,"href":"https:\/\/blendtec.de\/at\/wp-json\/wp\/v2\/comments?post=13252"}],"wp:featuredmedia":[{"embeddable":true,"href":"https:\/\/blendtec.de\/at\/wp-json\/wp\/v2\/media\/30446"}],"wp:attachment":[{"href":"https:\/\/blendtec.de\/at\/wp-json\/wp\/v2\/media?parent=13252"}],"wp:term":[{"taxonomy":"product_brand","embeddable":true,"href":"https:\/\/blendtec.de\/at\/wp-json\/wp\/v2\/product_brand?post=13252"},{"taxonomy":"product_cat","embeddable":true,"href":"https:\/\/blendtec.de\/at\/wp-json\/wp\/v2\/product_cat?post=13252"},{"taxonomy":"product_tag","embeddable":true,"href":"https:\/\/blendtec.de\/at\/wp-json\/wp\/v2\/product_tag?post=13252"}],"curies":[{"name":"wp","href":"https:\/\/api.w.org\/{rel}","templated":true}]}}