{"id":13256,"date":"2015-07-10T21:24:58","date_gmt":"2015-07-10T20:24:58","guid":{"rendered":"https:\/\/dev.blendtec.de\/produkt\/fourside-jar\/"},"modified":"2026-02-04T17:09:06","modified_gmt":"2026-02-04T16:09:06","slug":"fourside-jar","status":"publish","type":"product","link":"https:\/\/blendtec.de\/at\/produkt\/fourside-jar\/","title":{"rendered":"FourSide Jar"},"content":{"rendered":"<h2>Der Original quadratische Beh\u00e4lter<\/h2>\n<h4>Der FourSide Jar nutzt die Leistung ihres Blendtec effektiv.<\/h4>\n<ul>\n<li>Die stumpfe Sicherheitsklinge ist dicker und st\u00e4rker als andere Klingen auf dem Markt<\/li>\n<li>Die Beh\u00e4lter ist aus schlagfestem, BPA-freiem Copolyester hergestellt<\/li>\n<li>Kompatibel mit allen Blendtec Blendern.<\/li>\n<\/ul>\n<h4>Der FourSide ist ideal f\u00fcr:<\/h4>\n<ul>\n<li>Eis<\/li>\n<li>Mahlen von Getreide<\/li>\n<li>Suppen<\/li>\n<li>Smoothies<\/li>\n<li>Dips und Ausbackteig<\/li>\n<\/ul>\n<p>Die quadratische Form des FourSide Jars mixt viel besser als traditionelle runde Beh\u00e4lter. Das Gef\u00e4\u00df erzeugt auch mehr Reibung, welches zur Erw\u00e4rmung von Suppen und hei\u00dfen Getr\u00e4nken hilfreich ist. Es ist auch besonders gut zum Mahlen von Getreide und die Herstellung kleinerer Mengen.<\/p>\n<ul>\n<li>Fassungsverm\u00f6gen: 2.2 L mit Strichen zur Messung bis zu 1 L.<\/li>\n<li>Beh\u00e4lter Ma\u00dfe: H x B 23 x\u00a014 cm (10\u00a0cm breit direkt \u00fcber der Basis)<\/li>\n<li>Verpackungsma\u00dfe: HxBxT:\u00a024 x 18 x 18 cm<\/li>\n<li>Gewicht: 680 Gramm<\/li>\n<li>3 Jahre Garantie<\/li>\n<\/ul>\n<h4>Inhalt:<\/h4>\n<ul>\n<li>FourSide Jar<\/li>\n<li>Bel\u00fcfteter Gripper\u2122 Deckel<\/li>\n<\/ul>\n<p>Der FourSide Beh\u00e4lter ist kompatibel mit allen Blendtec Blendern.<\/p>\n","protected":false},"excerpt":{"rendered":"<p>Als er auf den Markt eingef\u00fchrt wurde, setzte der FourSide Beh\u00e4lter einen neuen Trend auf dem kommerziellen Blender Markt. Es war daher keine \u00dcberraschung, dass er in Haushalten rund um den Globus so beliebt sein w\u00fcrde.<\/p>\n","protected":false},"featured_media":30440,"comment_status":"closed","ping_status":"closed","template":"","meta":[],"product_brand":[],"product_cat":[421],"product_tag":[],"class_list":{"0":"post-13256","1":"product","2":"type-product","3":"status-publish","4":"has-post-thumbnail","6":"product_cat-behaelter-at","8":"first","9":"outofstock","10":"sale","11":"taxable","12":"shipping-taxable","13":"purchasable","14":"product-type-simple"},"bundled_by":[],"bundle_stock_status":"outofstock","bundle_stock_quantity":-27,"bundle_virtual":false,"bundle_layout":"","bundle_add_to_cart_form_location":"","bundle_editable_in_cart":false,"bundle_sold_individually_context":"","bundle_item_grouping":"","bundle_min_size":"","bundle_max_size":"","bundle_price":[],"bundled_items":[],"bundle_sell_ids":[],"exclude_global_add_ons":[],"addons":[],"_links":{"self":[{"href":"https:\/\/blendtec.de\/at\/wp-json\/wp\/v2\/product\/13256","targetHints":{"allow":["GET"]}}],"collection":[{"href":"https:\/\/blendtec.de\/at\/wp-json\/wp\/v2\/product"}],"about":[{"href":"https:\/\/blendtec.de\/at\/wp-json\/wp\/v2\/types\/product"}],"replies":[{"embeddable":true,"href":"https:\/\/blendtec.de\/at\/wp-json\/wp\/v2\/comments?post=13256"}],"wp:featuredmedia":[{"embeddable":true,"href":"https:\/\/blendtec.de\/at\/wp-json\/wp\/v2\/media\/30440"}],"wp:attachment":[{"href":"https:\/\/blendtec.de\/at\/wp-json\/wp\/v2\/media?parent=13256"}],"wp:term":[{"taxonomy":"product_brand","embeddable":true,"href":"https:\/\/blendtec.de\/at\/wp-json\/wp\/v2\/product_brand?post=13256"},{"taxonomy":"product_cat","embeddable":true,"href":"https:\/\/blendtec.de\/at\/wp-json\/wp\/v2\/product_cat?post=13256"},{"taxonomy":"product_tag","embeddable":true,"href":"https:\/\/blendtec.de\/at\/wp-json\/wp\/v2\/product_tag?post=13256"}],"curies":[{"name":"wp","href":"https:\/\/api.w.org\/{rel}","templated":true}]}}