{"id":13273,"date":"2015-05-31T11:34:32","date_gmt":"2015-05-31T11:34:32","guid":{"rendered":"https:\/\/dev.blendtec.de\/produkt\/designer-625\/"},"modified":"2022-12-29T09:50:12","modified_gmt":"2022-12-29T08:50:12","slug":"designer-625","status":"publish","type":"product","link":"https:\/\/blendtec.de\/at\/produkt\/designer-625\/","title":{"rendered":"Designer 625 inkl. WildSide+ Jar"},"content":{"rendered":"<h3>Design trifft Funktion<\/h3>\n<p>Der Blendtec Designer 625 bietet alles was Sie ben\u00f6tigen, um gesunde Smoothies, kleine sowie gro\u00dfe Gerichte in wenigen Sekunden herzustellen &#8211; und dabei sieht er auch noch gut aus. Die fortschrittliche Mixtechnologie &#8211; in sieben Farben erh\u00e4ltlich &#8211; machen ihn zu einem Hingucker auf Ihrer Arbeitsfl\u00e4che.<\/p>\n<h3>Beleuchtete Touch-Bedienoberfl\u00e4che<\/h3>\n<p>Ein intuitives Touchscreen mit einfach abzulesenden Elementen machen den Designer 625 vielseitig und besonders leicht zu bedienen. Ein einziger Fingerdruck und die Bedieneroberfl\u00e4che leuchtet auf. Sie schaltet auch automatisch ab, und dank absolut glatter Oberfl\u00e4che ist mit einem Wisch alles gereinigt.<\/p>\n<div class=\"row\"  id=\"row-1030042273\">\n\n\t<div id=\"col-1012287758\" class=\"col medium-5 small-12 large-5\"  >\n\t\t\t\t<div class=\"col-inner\"  >\n\t\t\t\n\t\t\t\n\t<div class=\"img has-hover x md-x lg-x y md-y lg-y\" id=\"image_146297443\">\n\t\t\t\t\t\t\t\t<div class=\"img-inner dark\" >\n\t\t\t<img loading=\"lazy\" decoding=\"async\" width=\"380\" height=\"189\" src=\"https:\/\/blendtec.de\/wp-content\/uploads\/2015\/07\/Designer625_Interface.png\" class=\"attachment-large size-large\" alt=\"\" \/>\t\t\t\t\t\t\n\t\t\t\t\t<\/div>\n\t\t\t\t\t\t\t\t\n<style>\n#image_146297443 {\n  width: 100%;\n}\n<\/style>\n\t<\/div>\n\t\n\t\t<\/div>\n\t\t\t\t\t<\/div>\n\n\t\n<\/div>\n<h3>Sechs-Geschwindigkeitsstufen Touchschieberegler + Pulse<\/h3>\n<div>\n<p>Streichen Sie einfach mit dem Finger auf dem Schieber nach rechts, um die Geschwindigkeit zu erh\u00f6hen, oder nach links, um sie zu verringern. Nutzen Sie Pulse f\u00fcr einen schnellen Schub an Power.<\/p>\n<\/div>\n<div>\n<h3>Vier Vorprogrammierte Abl\u00e4ufe<\/h3>\n<p>Der Blendtec Designer 625 beinhaltet vier verschiedene Programmabl\u00e4ufe: Smoothies, Sorbet, Saft (aus ganzen Fr\u00fcchten) sowie hei\u00dfe Suppe. Die Programme ver\u00e4ndern automatisch die Mix-Intensit\u00e4t, um dauerhaft beste Resultate zu erm\u00f6glichen &#8211; alles mit einem einzigen Fingerdruck.<\/p>\n<\/div>\n<div class=\"row row-small row-divided\"  id=\"row-1646711396\">\n\n\t<div id=\"col-1648979092\" class=\"col medium-2 small-6 large-2\"  >\n\t\t\t\t<div class=\"col-inner text-center\"  >\n\t\t\t\n\t\t\t\n\t<div class=\"img has-hover x md-x lg-x y md-y lg-y\" id=\"image_201862859\">\n\t\t\t\t\t\t\t\t<div class=\"img-inner dark\" >\n\t\t\t<img loading=\"lazy\" decoding=\"async\" width=\"170\" height=\"170\" src=\"https:\/\/blendtec.de\/wp-content\/uploads\/2019\/09\/Designer-Smoothie.jpg\" class=\"attachment-large size-large\" alt=\"\" srcset=\"https:\/\/blendtec.de\/wp-content\/uploads\/2019\/09\/Designer-Smoothie.jpg 170w, https:\/\/blendtec.de\/wp-content\/uploads\/2019\/09\/Designer-Smoothie-100x100.jpg 100w\" sizes=\"auto, (max-width: 170px) 100vw, 170px\" \/>\t\t\t\t\t\t\n\t\t\t\t\t<\/div>\n\t\t\t\t\t\t\t\t\n<style>\n#image_201862859 {\n  width: 50%;\n}\n<\/style>\n\t<\/div>\n\t\n<p style=\"text-align: center;\">Smoothie<\/p>\n\t\t<\/div>\n\t\t\t\t\t<\/div>\n\n\t\n\n\t<div id=\"col-460020499\" class=\"col medium-2 small-6 large-2\"  >\n\t\t\t\t<div class=\"col-inner text-center\"  >\n\t\t\t\n\t\t\t\n\t<div class=\"img has-hover x md-x lg-x y md-y lg-y\" id=\"image_1327800196\">\n\t\t\t\t\t\t\t\t<div class=\"img-inner dark\" >\n\t\t\t<img loading=\"lazy\" decoding=\"async\" width=\"170\" height=\"170\" src=\"https:\/\/blendtec.de\/wp-content\/uploads\/2019\/09\/Designer-Eiscreme.jpg\" class=\"attachment-large size-large\" alt=\"\" srcset=\"https:\/\/blendtec.de\/wp-content\/uploads\/2019\/09\/Designer-Eiscreme.jpg 170w, https:\/\/blendtec.de\/wp-content\/uploads\/2019\/09\/Designer-Eiscreme-100x100.jpg 100w\" sizes=\"auto, (max-width: 170px) 100vw, 170px\" \/>\t\t\t\t\t\t\n\t\t\t\t\t<\/div>\n\t\t\t\t\t\t\t\t\n<style>\n#image_1327800196 {\n  width: 50%;\n}\n<\/style>\n\t<\/div>\n\t\n<p style=\"text-align: center;\">Eiscreme<\/p>\n\t\t<\/div>\n\t\t\t\t\t<\/div>\n\n\t\n\n\t<div id=\"col-657931736\" class=\"col medium-2 small-6 large-2\"  >\n\t\t\t\t<div class=\"col-inner text-center\"  >\n\t\t\t\n\t\t\t\n\t<div class=\"img has-hover x md-x lg-x y md-y lg-y\" id=\"image_466807251\">\n\t\t\t\t\t\t\t\t<div class=\"img-inner dark\" >\n\t\t\t<img loading=\"lazy\" decoding=\"async\" width=\"170\" height=\"170\" src=\"https:\/\/blendtec.de\/wp-content\/uploads\/2019\/09\/Designer-Saft.jpg\" class=\"attachment-large size-large\" alt=\"\" srcset=\"https:\/\/blendtec.de\/wp-content\/uploads\/2019\/09\/Designer-Saft.jpg 170w, https:\/\/blendtec.de\/wp-content\/uploads\/2019\/09\/Designer-Saft-100x100.jpg 100w\" sizes=\"auto, (max-width: 170px) 100vw, 170px\" \/>\t\t\t\t\t\t\n\t\t\t\t\t<\/div>\n\t\t\t\t\t\t\t\t\n<style>\n#image_466807251 {\n  width: 50%;\n}\n<\/style>\n\t<\/div>\n\t\n<p style=\"text-align: center;\">Saft<br \/>\n(aus ganzen Fr\u00fcchten)<\/p>\n\t\t<\/div>\n\t\t\t\t\t<\/div>\n\n\t\n\n\t<div id=\"col-1990878715\" class=\"col medium-2 small-6 large-2\"  >\n\t\t\t\t<div class=\"col-inner text-center\"  >\n\t\t\t\n\t\t\t\n\t<div class=\"img has-hover x md-x lg-x y md-y lg-y\" id=\"image_2020938964\">\n\t\t\t\t\t\t\t\t<div class=\"img-inner dark\" >\n\t\t\t<img loading=\"lazy\" decoding=\"async\" width=\"170\" height=\"170\" src=\"https:\/\/blendtec.de\/wp-content\/uploads\/2019\/09\/Designer-Suppe.jpg\" class=\"attachment-large size-large\" alt=\"\" srcset=\"https:\/\/blendtec.de\/wp-content\/uploads\/2019\/09\/Designer-Suppe.jpg 170w, https:\/\/blendtec.de\/wp-content\/uploads\/2019\/09\/Designer-Suppe-100x100.jpg 100w\" sizes=\"auto, (max-width: 170px) 100vw, 170px\" \/>\t\t\t\t\t\t\n\t\t\t\t\t<\/div>\n\t\t\t\t\t\t\t\t\n<style>\n#image_2020938964 {\n  width: 50%;\n}\n<\/style>\n\t<\/div>\n\t\n<p style=\"text-align: center;\">Heisse Suppe<\/p>\n\t\t<\/div>\n\t\t\t\t\t<\/div>\n\n\t\n<\/div>\n<div class=\"accordion\">\n\t<div id=\"accordion-4101354867\" class=\"accordion-item\">\n\t\t<a id=\"accordion-4101354867-label\" class=\"accordion-title plain\" href=\"#accordion-item-programm-beschreibung\" aria-expanded=\"false\" aria-controls=\"accordion-4101354867-content\">\n\t\t\t<button class=\"toggle\" aria-label=\"Toggle\"><i class=\"icon-angle-down\" aria-hidden=\"true\"><\/i><\/button>\n\t\t\t<span>Programm Beschreibung<\/span>\n\t\t<\/a>\n\t\t<div id=\"accordion-4101354867-content\" class=\"accordion-inner\" aria-labelledby=\"accordion-4101354867-label\">\n\t\t\t\n<div class=\"row\"  id=\"row-1791752071\">\n\n\t<div id=\"col-1503795678\" class=\"col medium-1 small-12 large-1\"  >\n\t\t\t\t<div class=\"col-inner\"  >\n\t\t\t\n\t\t\t\n\t<div class=\"img has-hover x md-x lg-x y md-y lg-y\" id=\"image_1951856453\">\n\t\t\t\t\t\t\t\t<div class=\"img-inner dark\" >\n\t\t\t<img loading=\"lazy\" decoding=\"async\" width=\"170\" height=\"170\" src=\"https:\/\/blendtec.de\/wp-content\/uploads\/2019\/09\/Designer-Smoothie.jpg\" class=\"attachment-large size-large\" alt=\"\" srcset=\"https:\/\/blendtec.de\/wp-content\/uploads\/2019\/09\/Designer-Smoothie.jpg 170w, https:\/\/blendtec.de\/wp-content\/uploads\/2019\/09\/Designer-Smoothie-100x100.jpg 100w\" sizes=\"auto, (max-width: 170px) 100vw, 170px\" \/>\t\t\t\t\t\t\n\t\t\t\t\t<\/div>\n\t\t\t\t\t\t\t\t\n<style>\n#image_1951856453 {\n  width: 100%;\n}\n<\/style>\n\t<\/div>\n\t\n\t\t<\/div>\n\t\t\t\t\t<\/div>\n\n\t\n\n\t<div id=\"col-1470082357\" class=\"col medium-10 small-12 large-10\"  >\n\t\t\t\t<div class=\"col-inner\"  >\n\t\t\t\n\t\t\t\n<p><strong>SMOOTHIE<\/strong><br \/>\nDieser Zyklus dient speziell zur Zubereitung von unterschiedliche Arten von\u00a0Smoothies und dickfl\u00fcssigen Getr\u00e4nken, f\u00fcr die h\u00e4ufig feste oder gefrorene\u00a0Zutaten verwendet werden. In diesem Zyklus nimmt die Geschwindigkeit\u00a0automatisch zu und ab. Dadurch kann der Mixer die Zutaten in den Mixstrudel\u00a0ziehen, bis die gew\u00fcnschte Konsistenz erreicht ist.<\/p>\n<p>F\u00fcllen Sie f\u00fcr den Smoothie-Zyklus die Zutaten wie im Rezept angegeben in den\u00a0Mixbeh\u00e4lter ein, legen Sie den Deckel auf und dr\u00fccken Sie die Smoothie-Taste.\u00a0Der Mixer durchl\u00e4uft den Zyklus und schaltet sich dann automatisch aus<\/p>\n\t\t<\/div>\n\t\t\t\t\t<\/div>\n\n\t\n<\/div>\n<div class=\"row\"  id=\"row-842830477\">\n\n\t<div id=\"col-732244142\" class=\"col medium-1 small-12 large-1\"  >\n\t\t\t\t<div class=\"col-inner\"  >\n\t\t\t\n\t\t\t\n\t<div class=\"img has-hover x md-x lg-x y md-y lg-y\" id=\"image_794090473\">\n\t\t\t\t\t\t\t\t<div class=\"img-inner dark\" >\n\t\t\t<img loading=\"lazy\" decoding=\"async\" width=\"170\" height=\"170\" src=\"https:\/\/blendtec.de\/wp-content\/uploads\/2019\/09\/Designer-Eiscreme.jpg\" class=\"attachment-large size-large\" alt=\"\" srcset=\"https:\/\/blendtec.de\/wp-content\/uploads\/2019\/09\/Designer-Eiscreme.jpg 170w, https:\/\/blendtec.de\/wp-content\/uploads\/2019\/09\/Designer-Eiscreme-100x100.jpg 100w\" sizes=\"auto, (max-width: 170px) 100vw, 170px\" \/>\t\t\t\t\t\t\n\t\t\t\t\t<\/div>\n\t\t\t\t\t\t\t\t\n<style>\n#image_794090473 {\n  width: 100%;\n}\n<\/style>\n\t<\/div>\n\t\n\t\t<\/div>\n\t\t\t\t\t<\/div>\n\n\t\n\n\t<div id=\"col-218335862\" class=\"col medium-10 small-12 large-10\"  >\n\t\t\t\t<div class=\"col-inner\"  >\n\t\t\t\n\t\t\t\n<p><strong>EISCREME<\/strong><br \/>\nDieser Zyklus dient speziell zur Zubereitung von gefrorenen Desserts wie\u00a0Eiscreme, Sorbet und Joghurteis. Der Mixer erh\u00f6ht und verringert im richtigen\u00a0Moment die Geschwindigkeit, damit die Mischung gefroren bleibt.<\/p>\n<p>F\u00fcllen Sie f\u00fcr den Eiscreme-Zyklus die Zutaten wie im Rezept angegeben in den\u00a0Mixbeh\u00e4lter ein, legen Sie den Deckel auf und dr\u00fccken Sie die Eiscreme-Taste.\u00a0Der Mixer durchl\u00e4uft den Zyklus und schaltet sich dann automatisch aus. Servieren\u00a0Sie das gefrorene Dessert sofort und stellen Sie die Reste in den Tiefk\u00fchlschrank.<\/p>\n\t\t<\/div>\n\t\t\t\t\t<\/div>\n\n\t\n<\/div>\n<div class=\"row\"  id=\"row-1982735319\">\n\n\t<div id=\"col-109437964\" class=\"col medium-1 small-12 large-1\"  >\n\t\t\t\t<div class=\"col-inner\"  >\n\t\t\t\n\t\t\t\n\t<div class=\"img has-hover x md-x lg-x y md-y lg-y\" id=\"image_123779611\">\n\t\t\t\t\t\t\t\t<div class=\"img-inner dark\" >\n\t\t\t<img loading=\"lazy\" decoding=\"async\" width=\"170\" height=\"170\" src=\"https:\/\/blendtec.de\/wp-content\/uploads\/2019\/09\/Designer-Saft.jpg\" class=\"attachment-large size-large\" alt=\"\" srcset=\"https:\/\/blendtec.de\/wp-content\/uploads\/2019\/09\/Designer-Saft.jpg 170w, https:\/\/blendtec.de\/wp-content\/uploads\/2019\/09\/Designer-Saft-100x100.jpg 100w\" sizes=\"auto, (max-width: 170px) 100vw, 170px\" \/>\t\t\t\t\t\t\n\t\t\t\t\t<\/div>\n\t\t\t\t\t\t\t\t\n<style>\n#image_123779611 {\n  width: 100%;\n}\n<\/style>\n\t<\/div>\n\t\n\t\t<\/div>\n\t\t\t\t\t<\/div>\n\n\t\n\n\t<div id=\"col-403901163\" class=\"col medium-10 small-12 large-10\"  >\n\t\t\t\t<div class=\"col-inner\"  >\n\t\t\t\n\t\t\t\n<p><strong>SAFT (AUS GANZEN FR\u00dcCHTEN)<\/strong><br \/>\nDieser Zyklus dient zum P\u00fcrieren von harten und festen Zutaten wie M\u00f6hren, Sellerie\u00a0und Samen bzw. Kernen. Verwenden Sie den Saft-Zyklus f\u00fcr das Zerkleinern von\u00a0Obst und Gem\u00fcse mit Stielen, Kernen oder Schalen.<\/p>\n<p>Bei der Saftzubereitung aus M\u00f6hren oder anderen festen Gem\u00fcsesorten m\u00fcssen\u00a0Sie den Zyklus eventuell ein bis zwei Mal wiederholen, bis die gew\u00fcnschte\u00a0S\u00e4migkeit und Konsistenz erreicht ist.<\/p>\n\t\t<\/div>\n\t\t\t\t\t<\/div>\n\n\t\n<\/div>\n<div class=\"row\"  id=\"row-1839504553\">\n\n\t<div id=\"col-7160725\" class=\"col medium-1 small-12 large-1\"  >\n\t\t\t\t<div class=\"col-inner\"  >\n\t\t\t\n\t\t\t\n\t<div class=\"img has-hover x md-x lg-x y md-y lg-y\" id=\"image_180933391\">\n\t\t\t\t\t\t\t\t<div class=\"img-inner dark\" >\n\t\t\t<img loading=\"lazy\" decoding=\"async\" width=\"170\" height=\"170\" src=\"https:\/\/blendtec.de\/wp-content\/uploads\/2019\/09\/Designer-Suppe.jpg\" class=\"attachment-large size-large\" alt=\"\" srcset=\"https:\/\/blendtec.de\/wp-content\/uploads\/2019\/09\/Designer-Suppe.jpg 170w, https:\/\/blendtec.de\/wp-content\/uploads\/2019\/09\/Designer-Suppe-100x100.jpg 100w\" sizes=\"auto, (max-width: 170px) 100vw, 170px\" \/>\t\t\t\t\t\t\n\t\t\t\t\t<\/div>\n\t\t\t\t\t\t\t\t\n<style>\n#image_180933391 {\n  width: 100%;\n}\n<\/style>\n\t<\/div>\n\t\n\t\t<\/div>\n\t\t\t\t\t<\/div>\n\n\t\n\n\t<div id=\"col-1461996974\" class=\"col medium-10 small-12 large-10\"  >\n\t\t\t\t<div class=\"col-inner\"  >\n\t\t\t\n\t\t\t\n<p><strong>HEISSE SUPPE<\/strong><br \/>\nDieser Zyklus dient zur Zubereitung von warmen Speisen. Durch die L\u00e4nge des\u00a0Zyklus und die hohe Drehzahl erw\u00e4rmen sich die Zutaten auf eine hei\u00dfe Temperatur.\u00a0Dieser Zyklus eignet sich auch f\u00fcr hei\u00dfe Schokolade, Sirup und Fondue.<\/p>\n<p>Denken Sie bei der Verwendung von frischen Zutaten daran, dass die hohe\u00a0Drehzahl des Messers ausreichend W\u00e4rme erzeugt, um das Mixgut zu erhitzen.\u00a0F\u00fcllen Sie deshalb beim Zubereiten von Suppen oder hei\u00dfen Getr\u00e4nken keine\u00a0Fl\u00fcssigkeiten oder Zutaten ein, die w\u00e4rmer als 46 \u00b0C sind.<\/p>\n\t\t<\/div>\n\t\t\t\t\t<\/div>\n\n\t\n<\/div>\n\t\t<\/div>\n\t<\/div>\n\t\n<\/div>\n<div class=\"row row-small\"  id=\"row-1981365150\">\n\n\t<div id=\"col-382313985\" class=\"col medium-4 small-12 large-4\"  >\n\t\t\t\t<div class=\"col-inner\"  >\n\t\t\t\n\t\t\t\n\t<div class=\"img has-hover x md-x lg-x y md-y lg-y\" id=\"image_1632522100\">\n\t\t\t\t\t\t\t\t<div class=\"img-inner dark\" >\n\t\t\t<img loading=\"lazy\" decoding=\"async\" width=\"400\" height=\"267\" src=\"https:\/\/blendtec.de\/wp-content\/uploads\/2019\/10\/blendtec-designer-625-2.jpg\" class=\"attachment-large size-large\" alt=\"\" \/>\t\t\t\t\t\t\n\t\t\t\t\t<\/div>\n\t\t\t\t\t\t\t\t\n<style>\n#image_1632522100 {\n  width: 100%;\n}\n<\/style>\n\t<\/div>\n\t\n\t\t<\/div>\n\t\t\t\t\t<\/div>\n\n\t\n\n\t<div id=\"col-642078706\" class=\"col medium-4 small-12 large-4\"  >\n\t\t\t\t<div class=\"col-inner\"  >\n\t\t\t\n\t\t\t\n\t<div class=\"img has-hover x md-x lg-x y md-y lg-y\" id=\"image_737464789\">\n\t\t\t\t\t\t\t\t<div class=\"img-inner dark\" >\n\t\t\t<img loading=\"lazy\" decoding=\"async\" width=\"400\" height=\"267\" src=\"https:\/\/blendtec.de\/wp-content\/uploads\/2019\/10\/blendtec-designer-625-1.jpg\" class=\"attachment-large size-large\" alt=\"\" \/>\t\t\t\t\t\t\n\t\t\t\t\t<\/div>\n\t\t\t\t\t\t\t\t\n<style>\n#image_737464789 {\n  width: 100%;\n}\n<\/style>\n\t<\/div>\n\t\n\t\t<\/div>\n\t\t\t\t\t<\/div>\n\n\t\n\n\t<div id=\"col-110247328\" class=\"col medium-4 small-12 large-4\"  >\n\t\t\t\t<div class=\"col-inner\"  >\n\t\t\t\n\t\t\t\n\t<div class=\"img has-hover x md-x lg-x y md-y lg-y\" id=\"image_1472463457\">\n\t\t\t\t\t\t\t\t<div class=\"img-inner dark\" >\n\t\t\t<img loading=\"lazy\" decoding=\"async\" width=\"400\" height=\"267\" src=\"https:\/\/blendtec.de\/wp-content\/uploads\/2019\/10\/blendtec-designer-625-3.jpg\" class=\"attachment-large size-large\" alt=\"\" \/>\t\t\t\t\t\t\n\t\t\t\t\t<\/div>\n\t\t\t\t\t\t\t\t\n<style>\n#image_1472463457 {\n  width: 100%;\n}\n<\/style>\n\t<\/div>\n\t\n\t\t<\/div>\n\t\t\t\t\t<\/div>\n\n\t\n<\/div>\n<h3><\/h3>\n<h3>Besonderheiten<\/h3>\n<ul>\n<li>1560 W Nennleistung, 240 V,\u00a03,0 PS Maximalleistung<\/li>\n<li>Beleuchtete Touch-Oberfl\u00e4che<\/li>\n<li>4 vorprogrammierte Abl\u00e4ufe: Smoothie, Sorbet, Saft (aus ganzen Fr\u00fcchten), hei\u00dfe Suppe<\/li>\n<li>6 Ausw\u00e4hlbare Geschwindigkeitsstufen durch\u00a0Touch Schieberegler + Pulse Funktion<\/li>\n<li>Das beleuchtete Display zeigt die verbleibende Zeit an<\/li>\n<li>H\u00f6he x Breite x Tiefe:\u00a039,6 cm x 17,8 cm x 23,4 cm<\/li>\n<\/ul>\n<h3>Verpackungsinhalt<\/h3>\n<ul>\n<li>Designer 625 Motorbasis<\/li>\n<li>WildSide+ Beh\u00e4lter (BPA Frei) mit ventiliertem Deckel<\/li>\n<li>Schnellstart-Anleitung sowie Rezepte<\/li>\n<\/ul>\n","protected":false},"excerpt":{"rendered":"<p>Der Designer 625 wurde nicht nur entwickelt um so effektiv wie m\u00f6glich zu sein, sondern auch um gut auszusehen.<\/p>\n","protected":false},"featured_media":24472,"comment_status":"closed","ping_status":"closed","template":"","meta":[],"product_brand":[],"product_cat":[425,426],"product_tag":[],"class_list":{"0":"post-13273","1":"product","2":"type-product","3":"status-publish","4":"has-post-thumbnail","6":"product_cat-blender-at-2","7":"product_cat-designer-serie-mixer-at","8":"pa_colourselector-designer-625-avocado-at","9":"pa_colourselector-designer-625-orchidee-at","10":"pa_colourselector-designer-625-polar-weis-at","11":"pa_colourselector-designer-625-schiefergrau-at","12":"pa_colourselector-designer-625-schwarz-at","13":"pa_colourselector-designer-625-tuerkis-at","14":"pa_colourselector-designer-625-weinrot-at","16":"first","17":"instock","18":"sale","19":"taxable","20":"shipping-taxable","21":"purchasable","22":"product-type-variable"},"bundled_by":[],"bundle_stock_status":"instock","bundle_stock_quantity":null,"bundle_virtual":false,"bundle_layout":"","bundle_add_to_cart_form_location":"","bundle_editable_in_cart":false,"bundle_sold_individually_context":"","bundle_item_grouping":"","bundle_min_size":"","bundle_max_size":"","bundle_price":[],"bundled_items":[],"bundle_sell_ids":[],"exclude_global_add_ons":[],"addons":[],"_links":{"self":[{"href":"https:\/\/blendtec.de\/at\/wp-json\/wp\/v2\/product\/13273","targetHints":{"allow":["GET"]}}],"collection":[{"href":"https:\/\/blendtec.de\/at\/wp-json\/wp\/v2\/product"}],"about":[{"href":"https:\/\/blendtec.de\/at\/wp-json\/wp\/v2\/types\/product"}],"replies":[{"embeddable":true,"href":"https:\/\/blendtec.de\/at\/wp-json\/wp\/v2\/comments?post=13273"}],"wp:featuredmedia":[{"embeddable":true,"href":"https:\/\/blendtec.de\/at\/wp-json\/wp\/v2\/media\/24472"}],"wp:attachment":[{"href":"https:\/\/blendtec.de\/at\/wp-json\/wp\/v2\/media?parent=13273"}],"wp:term":[{"taxonomy":"product_brand","embeddable":true,"href":"https:\/\/blendtec.de\/at\/wp-json\/wp\/v2\/product_brand?post=13273"},{"taxonomy":"product_cat","embeddable":true,"href":"https:\/\/blendtec.de\/at\/wp-json\/wp\/v2\/product_cat?post=13273"},{"taxonomy":"product_tag","embeddable":true,"href":"https:\/\/blendtec.de\/at\/wp-json\/wp\/v2\/product_tag?post=13273"}],"curies":[{"name":"wp","href":"https:\/\/api.w.org\/{rel}","templated":true}]}}