{"id":13288,"date":"2015-05-31T11:11:38","date_gmt":"2015-05-31T10:11:38","guid":{"rendered":"https:\/\/dev.blendtec.de\/produkt\/classic-575-inkl-fourside-jar\/"},"modified":"2023-01-06T07:31:10","modified_gmt":"2023-01-06T06:31:10","slug":"classic-575-inkl-fourside-jar","status":"publish","type":"product","link":"https:\/\/blendtec.de\/at\/produkt\/classic-575-inkl-fourside-jar\/","title":{"rendered":"Classic 575 inkl. FourSide Jar"},"content":{"rendered":"<h4>DAS ULTIMATIVE ALL-IN-ONE GER\u00c4T!<\/h4>\n<p>Kommerzielle Power und unglaubliche Vielseitigkeit vereinen sich zum Blendtec Classic 575, dem ultimativen All-in-One-Ger\u00e4t. Vorprogrammierte Zyklen machen es einfacher denn je, Smoothies, Salsas, hei\u00dfe Suppen und mehr zu kreieren.<\/p>\n<h4>BESONDERHEITEN:<\/h4>\n<ul>\n<li>3,0 PS Maximalleistung<\/li>\n<li>Einfach zu bedienende und reinigende Druckkn\u00f6pfe<\/li>\n<li>4 vorprogrammierte Mix-Abl\u00e4ufe: Smoothie, Reinigung sowie 60- und 90- Sekunden lange Abl\u00e4ufe<\/li>\n<li>5 Ausw\u00e4hlbare Geschwindigkeitsstufen + Pulse Funktion<\/li>\n<li>Beleuchtetes LCD-Display zeigt die Restlaufzeit des Vorgangs an<\/li>\n<li>H\u00f6he x Breite x Tiefe: 38,1 x 17,8 cm x 20,3 cm<\/li>\n<li>1560 Watt,\u00a0230 V.<\/li>\n<li>2 Jahre Garantie<\/li>\n<\/ul>\n<h4>VERPACKUNGSINHALT<\/h4>\n<ul>\n<li>Classic 575 Motorbasis<\/li>\n<li>FourSide Beh\u00e4lter (BPA Frei) mit ventiliertem Deckel<\/li>\n<li>Schnellstart-Anleitung sowie Rezepte<\/li>\n<\/ul>\n<h4>VORPROGRAMMIERTE MIX-ABL\u00c4UFE<\/h4>\n<p>Machen Sie Ihre Lieblings-Smoothies und Cocktails zu Hause! Der Blendtec Classic 575 hat ein integriertes Smoothie-Programm f\u00fcr perfekt geschmeidige Smoothies. Das Reinigungsprogramm nimmt Ihnen danach die Arbeit ab.\u00a0Einfach Wasser und ein Tropfen Sp\u00fclmittel in den Beh\u00e4lter geben, auf Reinigen dr\u00fccken &#8211; fertig.<\/p>\n<div>\n<h4>ZEITGESTEUERTE ABL\u00c4UFE<\/h4>\n<p>Der Blendtec Classic 575 bietet Ihnen ein 60 sowie 90 Sekunden zeitgesteuertes Programm. Ihr Blender bereitet eine breite Palette an Rezepten zu, wie z.B. Suppe, Brotteig und Eis, w\u00e4hrend Sie sich anderen Dingen widmen k\u00f6nnen.<\/p>\n<\/div>\n<div>\n<h4>F\u00dcNF GESCHWINDIGKEITSSTUFEN + PULSE FUNKTION<\/h4>\n<p>Der Classic 575 bietet f\u00fcnf Geschwindigkeitsstufen. Jede Stufe l\u00e4uft f\u00fcr 50 Sekunden, bevor automatisch abgeschaltet wird. Sie k\u00f6nnen zwischen den Geschwindigkeitsstufen wechseln um perfekt auf die Mixtur abzustimmen, oder auf Pulse dr\u00fccken, um die Geschwindigkeit kurzzeitig zu erh\u00f6hen.<\/p>\n<\/div>\n<div>\n<p>\u00a0<img loading=\"lazy\" decoding=\"async\" src=\"https:\/\/blendtec.de\/wp-content\/uploads\/2015\/07\/Classic575_Interface.png\" alt=\"Classic575 Interface\" width=\"380\" height=\"159\" \/><\/p>\n<\/div>\n<div class=\"accordion\">\n\t<div id=\"accordion-2537822055\" class=\"accordion-item\">\n\t\t<a id=\"accordion-2537822055-label\" class=\"accordion-title plain\" href=\"#accordion-item-klicken-sie-hier-f\u00fcr-weitere-informationen-zu-den-zyklen\" aria-expanded=\"false\" aria-controls=\"accordion-2537822055-content\">\n\t\t\t<button class=\"toggle\" aria-label=\"Toggle\"><i class=\"icon-angle-down\" aria-hidden=\"true\"><\/i><\/button>\n\t\t\t<span>Klicken Sie hier f\u00fcr weitere Informationen zu den Zyklen<\/span>\n\t\t<\/a>\n\t\t<div id=\"accordion-2537822055-content\" class=\"accordion-inner\" aria-labelledby=\"accordion-2537822055-label\">\n\t\t\t\n<h4>SMOOTHIE<\/h4>\n<p>Dieser Zyklus dient speziell zur Zubereitung von unterschiedlichen Arten von Smoothies und dickfl\u00fcssigen Getr\u00e4nken, f\u00fcr die h\u00e4ufig feste oder gefrorene Zutaten verwendet werden. In diesem Zyklus nimmt die Geschwindigkeit automatisch zu und ab. Dadurch kann der Mixer die Zutaten in den Mixstrudel ziehen, bis die gew\u00fcnschte Konsistenz erreicht ist. F\u00fcllen Sie f\u00fcr den \u201eSmoothie\u201c-Zyklus die Zutaten wie im Rezept angegeben in den Mixbeh\u00e4lter ein, legen Sie den Deckel auf und dr\u00fccken Sie die \u201eSmoothie\u201c-Taste. Der Mixer durchl\u00e4uft den Zyklus und schaltet sich anschlie\u00dfend automatisch aus.<\/p>\n<h4>ZEITGESTEUERTE MIX-ABL\u00c4UFE<\/h4>\n<p>Der Classic 575 verf\u00fcgt \u00fcber zwei Zeitzyklen: einen 60-Sekunden- und einen 90-Sekunden-Zyklus. Diese Zyklen befreien Ihre H\u00e4nde f\u00fcr andere K\u00fcchenaufgaben und sind ideal f\u00fcr Rezepte, die l\u00e4ngere Mischzeiten erfordern, wie hei\u00dfe Suppen oder R\u00fchrteige.<\/p>\n<h4>SELBST-REINIGUNG<\/h4>\n<p>Dieser Zyklus reinigt die Innenfl\u00e4chen des Mixbeh\u00e4lters automatisch.<br \/>\nVerwendung des Reinigungszyklus:<\/p>\n<ol>\n<li>Geben Sie 250 ml Wasser und einen Tropfen Geschirrsp\u00fclmittel in den Mixbeh\u00e4lter.<\/li>\n<li>Verschlie\u00dfen Sie den Beh\u00e4lter mit dem Deckel und setzen Sie den Beh\u00e4lter auf den Motorblock.<\/li>\n<li>Dr\u00fccken Sie die Reinigungstaste.<\/li>\n<li>Nach Beendigung des Zyklus nehmen Sie den Beh\u00e4lter heraus und sp\u00fclen ihn gut aus. Reinigen Sie den Beh\u00e4lter mit dem Reinigungszyklus am besten sofort nach dem Gebrauch des Mixers.<\/li>\n<\/ol>\n<h4>PULSE<\/h4>\n<p>Die \u201ePulse\u201c-Taste eignet sich zum Hacken, zerkleinern, Aufschlagen oder f\u00fcr andere schnelle Zubereitungsmethoden, die keinen langen Mixzyklus erfordern. Mit der Pulse-Taste lassen sich Speisen auch vor dem Servieren noch einmal kurz durchr\u00fchren. Die \u201ePulse\u201c-Einstellung l\u00e4uft auf einer h\u00f6heren Geschwindigkeitsstufe als die maximale Stufe, solange die Pulse-Taste gedr\u00fcckt wird. Beim Loslassen der Taste schaltet sich der Motor aus.<\/p>\n<h4>MANUELLE GESCHWINDIGKEITSSTUFEN<\/h4>\n<p>Der Classic 575 bietet f\u00fcnf inkrementelle Geschwindigkeitszyklen, mit denen die Konsistenz der Mischung angepasst werden kann. Jeder manuelle Zyklus ist 50 Sekunden lang und blendet mit den folgenden Geschwindigkeiten:<\/p>\n<ul>\n<li>Knopf 1: Geschwindigkeitsstufe 1<\/li>\n<li>Knopf 2: Geschwindigkeitsstufe 3<\/li>\n<li>Knopf 3: Geschwindigkeitsstufe 5<\/li>\n<li>Knopf 4: Geschwindigkeitsstufe 7<\/li>\n<li>Knopf 5: Geschwindigkeitsstufe 9<\/li>\n<\/ul>\n<p>Es kann zu jedem Zeitpunkt w\u00e4hrend des Zyklus zu einer anderen Geschwindigkeitstufe gewechselt werden. Um den Zyklus w\u00e4hrend des Mischens zu stoppen, reicht es die Stop Taste zu dr\u00fccken.<\/p>\n\t\t<\/div>\n\t<\/div>\n\t\n<\/div>\n<div class=\"accordion\">\n\t<div id=\"accordion-2022772398\" class=\"accordion-item\">\n\t\t<a id=\"accordion-2022772398-label\" class=\"accordion-title plain\" href=\"#accordion-item-fehlt-ein-erhoffter-vorprogrammierter-mischzyklus?\" aria-expanded=\"false\" aria-controls=\"accordion-2022772398-content\">\n\t\t\t<button class=\"toggle\" aria-label=\"Toggle\"><i class=\"icon-angle-down\" aria-hidden=\"true\"><\/i><\/button>\n\t\t\t<span>Fehlt ein erhoffter vorprogrammierter Mischzyklus?<\/span>\n\t\t<\/a>\n\t\t<div id=\"accordion-2022772398-content\" class=\"accordion-inner\" aria-labelledby=\"accordion-2022772398-label\">\n\t\t\t\n<p>Wenn dieses Modell nicht \u00fcber einen erhofften vorprogrammierten Mischzyklus verf\u00fcgt, kann anhand unserer <a href=\"https:\/\/blendtec.de\/at\/zyklen-umrechnungstabelle\/\">Konvertierungstabelle<\/a> ermittelt werden, wie es mithilfe der manuellen Geschwindigkeitsstufen \u00e4hnliche Ergebnisse erzielt werden k\u00f6nnen.<\/p>\n\t\t<\/div>\n\t<\/div>\n\t\n<\/div>\n","protected":false},"excerpt":{"rendered":"<p>DAS ULTIMATIVE ALL-IN-ONE GER\u00c4T! Kommerzielle Power und unglaubliche Vielseitigkeit vereinen sich zum Blendtec Classic 575, dem ultimativen All-in-One-Ger\u00e4t. Vorprogrammierte Zyklen machen es einfacher denn je, Smoothies, Salsas, hei\u00dfe Suppen und mehr zu kreieren. BESONDERHEITEN: 3,0 PS Maximalleistung Einfach zu bedienende und reinigende Druckkn\u00f6pfe 4 vorprogrammierte Mix-Abl\u00e4ufe: Smoothie, Reinigung sowie 60- und 90- Sekunden lange Abl\u00e4ufe [&#8230;]\n","protected":false},"featured_media":15599,"comment_status":"closed","ping_status":"closed","template":"","meta":[],"product_brand":[],"product_cat":[577,425],"product_tag":[],"class_list":{"0":"post-13288","1":"product","2":"type-product","3":"status-publish","4":"has-post-thumbnail","6":"product_cat-classic-serie-mixer-at","7":"product_cat-blender-at-2","8":"pa_colourselector-classic-575-karibik-at","9":"pa_colourselector-classic-575-orchidee-at","10":"pa_colourselector-classic-575-polar-weis-at","11":"pa_colourselector-classic-575-royal-rot-at","12":"pa_colourselector-classic-575-schiefergrau-at","13":"pa_colourselector-classic-575-schwarz-at","15":"first","16":"instock","17":"sale","18":"taxable","19":"shipping-taxable","20":"purchasable","21":"product-type-simple"},"bundled_by":[],"bundle_stock_status":"instock","bundle_stock_quantity":100,"bundle_virtual":false,"bundle_layout":"","bundle_add_to_cart_form_location":"","bundle_editable_in_cart":false,"bundle_sold_individually_context":"","bundle_item_grouping":"","bundle_min_size":"","bundle_max_size":"","bundle_price":[],"bundled_items":[],"bundle_sell_ids":[],"exclude_global_add_ons":[],"addons":[],"_links":{"self":[{"href":"https:\/\/blendtec.de\/at\/wp-json\/wp\/v2\/product\/13288","targetHints":{"allow":["GET"]}}],"collection":[{"href":"https:\/\/blendtec.de\/at\/wp-json\/wp\/v2\/product"}],"about":[{"href":"https:\/\/blendtec.de\/at\/wp-json\/wp\/v2\/types\/product"}],"replies":[{"embeddable":true,"href":"https:\/\/blendtec.de\/at\/wp-json\/wp\/v2\/comments?post=13288"}],"wp:featuredmedia":[{"embeddable":true,"href":"https:\/\/blendtec.de\/at\/wp-json\/wp\/v2\/media\/15599"}],"wp:attachment":[{"href":"https:\/\/blendtec.de\/at\/wp-json\/wp\/v2\/media?parent=13288"}],"wp:term":[{"taxonomy":"product_brand","embeddable":true,"href":"https:\/\/blendtec.de\/at\/wp-json\/wp\/v2\/product_brand?post=13288"},{"taxonomy":"product_cat","embeddable":true,"href":"https:\/\/blendtec.de\/at\/wp-json\/wp\/v2\/product_cat?post=13288"},{"taxonomy":"product_tag","embeddable":true,"href":"https:\/\/blendtec.de\/at\/wp-json\/wp\/v2\/product_tag?post=13288"}],"curies":[{"name":"wp","href":"https:\/\/api.w.org\/{rel}","templated":true}]}}