{"id":19712,"date":"2020-08-14T09:29:29","date_gmt":"2020-08-14T07:29:29","guid":{"rendered":"https:\/\/blendtec.de\/produkt\/schallschutzhaube-825\/"},"modified":"2026-04-20T14:53:51","modified_gmt":"2026-04-20T12:53:51","slug":"schallschutzhaube-825","status":"publish","type":"product","link":"https:\/\/blendtec.de\/at\/produkt\/schallschutzhaube-825\/","title":{"rendered":"Schallschutzhaube 825"},"content":{"rendered":"<p>Die Schallschutzhaube minimiert das Betriebsger\u00e4usch und sorgt in den Gesch\u00e4ftsr\u00e4umen f\u00fcr eine angenehme akustische Umgebung.<\/p>\n<p>F\u00fcr Connoisseur 825 und Professional 750<\/p>\n","protected":false},"excerpt":{"rendered":"<p>Die Schallschutzhaube minimiert das Betriebsger\u00e4usch und sorgt in den Gesch\u00e4ftsr\u00e4umen f\u00fcr eine angenehme akustische Umgebung. F\u00fcr Connoisseur 825 und Professional 750<\/p>\n","protected":false},"featured_media":19702,"comment_status":"open","ping_status":"closed","template":"","meta":[],"product_brand":[],"product_cat":[469,653],"product_tag":[],"class_list":{"0":"post-19712","1":"product","2":"type-product","3":"status-publish","4":"has-post-thumbnail","6":"product_cat-ersatzteile-at","7":"product_cat-zubehoer-ersatzteile-at","9":"first","10":"instock","11":"taxable","12":"shipping-taxable","13":"purchasable","14":"product-type-simple"},"bundled_by":[],"bundle_stock_status":"instock","bundle_stock_quantity":100,"bundle_virtual":false,"bundle_layout":"","bundle_add_to_cart_form_location":"","bundle_editable_in_cart":false,"bundle_sold_individually_context":"","bundle_item_grouping":"","bundle_min_size":"","bundle_max_size":"","bundle_price":[],"bundled_items":[],"bundle_sell_ids":[],"exclude_global_add_ons":[],"addons":[],"_links":{"self":[{"href":"https:\/\/blendtec.de\/at\/wp-json\/wp\/v2\/product\/19712","targetHints":{"allow":["GET"]}}],"collection":[{"href":"https:\/\/blendtec.de\/at\/wp-json\/wp\/v2\/product"}],"about":[{"href":"https:\/\/blendtec.de\/at\/wp-json\/wp\/v2\/types\/product"}],"replies":[{"embeddable":true,"href":"https:\/\/blendtec.de\/at\/wp-json\/wp\/v2\/comments?post=19712"}],"wp:featuredmedia":[{"embeddable":true,"href":"https:\/\/blendtec.de\/at\/wp-json\/wp\/v2\/media\/19702"}],"wp:attachment":[{"href":"https:\/\/blendtec.de\/at\/wp-json\/wp\/v2\/media?parent=19712"}],"wp:term":[{"taxonomy":"product_brand","embeddable":true,"href":"https:\/\/blendtec.de\/at\/wp-json\/wp\/v2\/product_brand?post=19712"},{"taxonomy":"product_cat","embeddable":true,"href":"https:\/\/blendtec.de\/at\/wp-json\/wp\/v2\/product_cat?post=19712"},{"taxonomy":"product_tag","embeddable":true,"href":"https:\/\/blendtec.de\/at\/wp-json\/wp\/v2\/product_tag?post=19712"}],"curies":[{"name":"wp","href":"https:\/\/api.w.org\/{rel}","templated":true}]}}