{"id":6572,"date":"2018-09-09T00:39:31","date_gmt":"2018-09-08T23:39:31","guid":{"rendered":"https:\/\/dev.blendtec.de\/produkt\/professional-750\/"},"modified":"2023-01-26T16:50:15","modified_gmt":"2023-01-26T15:50:15","slug":"professional-750","status":"publish","type":"product","link":"https:\/\/blendtec.de\/at\/produkt\/professional-750\/","title":{"rendered":"Professional 750 inkl. WildSide+ Jar"},"content":{"rendered":"<h2>Der wohl vielseitigste Blender der Welt<\/h2>\n<p>Der Professional 750 kann super leicht vom normalen Mixer zum versenkten Mixer in der Tischplatte gewandelt werden f\u00fcr das unaufdringlichste Design auf dem Markt.<\/p>\n<p>Der Professional 750 ist nur f\u00fcr den Gebrauch im Haushalt bestimmt. Bei kommerzieller Verwendung erlischt die Garantie<\/p>\n<h3>Mixzyklen auf Knopfdruck<\/h3>\n<p>Das Mixen war noch nie so einfach. Dr\u00fccken Sie einfach eine Zyklus-Taste, und der Professional 750 erledigt den Rest, indem er den Motor automatisch beschleunigt, verlangsamt und abschaltet. Das Ergebnis? Perfekte Mischungen, jedes Mal.<\/p>\n<h3>6 vorprogrammierte Mischzyklen<\/h3>\n<p>Sechs vorprogrammierte Mischzyklen sind so angepasst, dass sie jedes Rezept &#8211; von gr\u00fcnen Smoothies \u00fcber Margaritas bis hin zu hei\u00dfen Suppen &#8211; mit dem Touch eines Icons zur perfektion zaubern k\u00f6nnen.<\/p>\n<div class=\"row align-center row-divided\"  id=\"row-690430924\">\n\n\t<div id=\"col-1676224185\" class=\"col medium-2 small-6 large-2\"  >\n\t\t\t\t<div class=\"col-inner text-center\"  >\n\t\t\t\n\t\t\t\n\t<div class=\"img has-hover x md-x lg-x y md-y lg-y\" id=\"image_565411027\">\n\t\t\t\t\t\t\t\t<div class=\"img-inner dark\" >\n\t\t\t<img loading=\"lazy\" decoding=\"async\" width=\"170\" height=\"170\" src=\"https:\/\/blendtec.de\/wp-content\/uploads\/2019\/09\/dips.jpg\" class=\"attachment-large size-large\" alt=\"\" srcset=\"https:\/\/blendtec.de\/wp-content\/uploads\/2019\/09\/dips.jpg 170w, https:\/\/blendtec.de\/wp-content\/uploads\/2019\/09\/dips-100x100.jpg 100w\" sizes=\"auto, (max-width: 170px) 100vw, 170px\" \/>\t\t\t\t\t\t\n\t\t\t\t\t<\/div>\n\t\t\t\t\t\t\t\t\n<style>\n#image_565411027 {\n  width: 50%;\n}\n<\/style>\n\t<\/div>\n\t\n<p style=\"text-align: center;\">R\u00fchrteig<\/p>\n\t\t<\/div>\n\t\t\t\t\t<\/div>\n\n\t\n\n\t<div id=\"col-1018234507\" class=\"col medium-2 small-6 large-2\"  >\n\t\t\t\t<div class=\"col-inner text-center\"  >\n\t\t\t\n\t\t\t\n\t<div class=\"img has-hover x md-x lg-x y md-y lg-y\" id=\"image_45657872\">\n\t\t\t\t\t\t\t\t<div class=\"img-inner dark\" >\n\t\t\t<img loading=\"lazy\" decoding=\"async\" width=\"170\" height=\"170\" src=\"https:\/\/blendtec.de\/wp-content\/uploads\/2019\/09\/milkshake.jpg\" class=\"attachment-large size-large\" alt=\"\" srcset=\"https:\/\/blendtec.de\/wp-content\/uploads\/2019\/09\/milkshake.jpg 170w, https:\/\/blendtec.de\/wp-content\/uploads\/2019\/09\/milkshake-100x100.jpg 100w\" sizes=\"auto, (max-width: 170px) 100vw, 170px\" \/>\t\t\t\t\t\t\n\t\t\t\t\t<\/div>\n\t\t\t\t\t\t\t\t\n<style>\n#image_45657872 {\n  width: 50%;\n}\n<\/style>\n\t<\/div>\n\t\n<p style=\"text-align: center;\">Mixgetr\u00e4nke<\/p>\n\t\t<\/div>\n\t\t\t\t\t<\/div>\n\n\t\n\n\t<div id=\"col-954953768\" class=\"col medium-2 small-6 large-2\"  >\n\t\t\t\t<div class=\"col-inner text-center\"  >\n\t\t\t\n\t\t\t\n\t<div class=\"img has-hover x md-x lg-x y md-y lg-y\" id=\"image_1934181979\">\n\t\t\t\t\t\t\t\t<div class=\"img-inner dark\" >\n\t\t\t<img loading=\"lazy\" decoding=\"async\" width=\"170\" height=\"170\" src=\"https:\/\/blendtec.de\/wp-content\/uploads\/2019\/09\/smoothie.jpg\" class=\"attachment-large size-large\" alt=\"\" srcset=\"https:\/\/blendtec.de\/wp-content\/uploads\/2019\/09\/smoothie.jpg 170w, https:\/\/blendtec.de\/wp-content\/uploads\/2019\/09\/smoothie-100x100.jpg 100w\" sizes=\"auto, (max-width: 170px) 100vw, 170px\" \/>\t\t\t\t\t\t\n\t\t\t\t\t<\/div>\n\t\t\t\t\t\t\t\t\n<style>\n#image_1934181979 {\n  width: 50%;\n}\n<\/style>\n\t<\/div>\n\t\n<p style=\"text-align: center;\">Smoothie<\/p>\n\t\t<\/div>\n\t\t\t\t\t<\/div>\n\n\t\n\n\t<div id=\"col-1024017153\" class=\"col medium-2 small-6 large-2\"  >\n\t\t\t\t<div class=\"col-inner text-center\"  >\n\t\t\t\n\t\t\t\n\t<div class=\"img has-hover x md-x lg-x y md-y lg-y\" id=\"image_1207398234\">\n\t\t\t\t\t\t\t\t<div class=\"img-inner dark\" >\n\t\t\t<img loading=\"lazy\" decoding=\"async\" width=\"170\" height=\"170\" src=\"https:\/\/blendtec.de\/wp-content\/uploads\/2019\/09\/ice-cream.jpg\" class=\"attachment-large size-large\" alt=\"\" srcset=\"https:\/\/blendtec.de\/wp-content\/uploads\/2019\/09\/ice-cream.jpg 170w, https:\/\/blendtec.de\/wp-content\/uploads\/2019\/09\/ice-cream-100x100.jpg 100w\" sizes=\"auto, (max-width: 170px) 100vw, 170px\" \/>\t\t\t\t\t\t\n\t\t\t\t\t<\/div>\n\t\t\t\t\t\t\t\t\n<style>\n#image_1207398234 {\n  width: 50%;\n}\n<\/style>\n\t<\/div>\n\t\n<p style=\"text-align: center;\">Sorbet<\/p>\n\t\t<\/div>\n\t\t\t\t\t<\/div>\n\n\t\n\n\t<div id=\"col-1050370668\" class=\"col medium-2 small-6 large-2\"  >\n\t\t\t\t<div class=\"col-inner text-center\"  >\n\t\t\t\n\t\t\t\n\t<div class=\"img has-hover x md-x lg-x y md-y lg-y\" id=\"image_1940274044\">\n\t\t\t\t\t\t\t\t<div class=\"img-inner dark\" >\n\t\t\t<img loading=\"lazy\" decoding=\"async\" width=\"170\" height=\"170\" src=\"https:\/\/blendtec.de\/wp-content\/uploads\/2019\/09\/whole-juice.jpg\" class=\"attachment-large size-large\" alt=\"\" srcset=\"https:\/\/blendtec.de\/wp-content\/uploads\/2019\/09\/whole-juice.jpg 170w, https:\/\/blendtec.de\/wp-content\/uploads\/2019\/09\/whole-juice-100x100.jpg 100w\" sizes=\"auto, (max-width: 170px) 100vw, 170px\" \/>\t\t\t\t\t\t\n\t\t\t\t\t<\/div>\n\t\t\t\t\t\t\t\t\n<style>\n#image_1940274044 {\n  width: 50%;\n}\n<\/style>\n\t<\/div>\n\t\n<p style=\"text-align: center;\">Saft (aus ganzen Fr\u00fcchten)<\/p>\n\t\t<\/div>\n\t\t\t\t\t<\/div>\n\n\t\n\n\t<div id=\"col-1469295186\" class=\"col medium-2 small-6 large-2\"  >\n\t\t\t\t<div class=\"col-inner text-center\"  >\n\t\t\t\n\t\t\t\n\t<div class=\"img has-hover x md-x lg-x y md-y lg-y\" id=\"image_1819777887\">\n\t\t\t\t\t\t\t\t<div class=\"img-inner dark\" >\n\t\t\t<img loading=\"lazy\" decoding=\"async\" width=\"170\" height=\"170\" src=\"https:\/\/blendtec.de\/wp-content\/uploads\/2019\/09\/hot-soup.jpg\" class=\"attachment-large size-large\" alt=\"\" srcset=\"https:\/\/blendtec.de\/wp-content\/uploads\/2019\/09\/hot-soup.jpg 170w, https:\/\/blendtec.de\/wp-content\/uploads\/2019\/09\/hot-soup-100x100.jpg 100w\" sizes=\"auto, (max-width: 170px) 100vw, 170px\" \/>\t\t\t\t\t\t\n\t\t\t\t\t<\/div>\n\t\t\t\t\t\t\t\t\n<style>\n#image_1819777887 {\n  width: 50%;\n}\n<\/style>\n\t<\/div>\n\t\n<p style=\"text-align: center;\">Hei\u00dfe Suppe<\/p>\n\t\t<\/div>\n\t\t\t\t\t<\/div>\n\n\t\n<\/div>\n<h3>Einfache Umwandlung in einen in die K\u00fcchentheke versenkten Mixer<\/h3>\n<p>Der Professional 750 ist ein sehr kompakter, metallgekapselter Motorblock, der in einem Kunststoffgeh\u00e4use untergebracht ist. Dieses Geh\u00e4use kann ohne Werkzeug entfernt werden, so dass Sie es in einen Ausschnitt in Ihrer Arbeitsplatte platzieren k\u00f6nnen. Es k\u00f6nnte wirklich nicht einfacher sein.<\/p>\n<p><strong>Bei Verwendung auf der K\u00fcchentheke:<\/strong><br \/>\nGeformtes Kunststoffgeh\u00e4use<br \/>\nFarben: Chrom \/ Schwarz<br \/>\nAbmessungen (LxBxH): 15x20x19 cm (39,5 cm mit Beh\u00e4lter).<\/p>\n<div>\n<p><strong>Eingebautem Zustand:<\/strong><br \/>\nEdelstahlgeh\u00e4use<br \/>\nFarben: Chrome-Oberfl\u00e4che<br \/>\nAbmessungen (LxBxH): 15x20x 2cm (20cm mit Beh\u00e4lter)<\/p>\n<\/div>\n<h3>Besonderheiten<\/h3>\n<ul>\n<li>1560 W Nennleistung, 240 V,\u00a03,0 PS Maximalleistung<\/li>\n<li>Druckknopf-Design<\/li>\n<li>6 vorprogrammierte Zyklen: R\u00fchrteige, Mixgetr\u00e4nke, Smoothie, Tiefk\u00fchlleckereien, Saft aus ganzen Fr\u00fcchten und hei\u00dfe Suppe<\/li>\n<li>Beleuchtetes Display liefert Informationen und verbleibende Zeit<\/li>\n<li>Gewicht: 4,3 kg<\/li>\n<li>230 Volt<\/li>\n<li>Netzkabel: Deutscher-Stecker<\/li>\n<li>8 Jahre Garantie<\/li>\n<\/ul>\n<h3>Paket beinhaltet:<\/h3>\n<ul>\n<li>Professional 750 Motor + Motorgeh\u00e4use<\/li>\n<li>Ein BPA-freier WildSide+ Jar mit bel\u00fcftetem Latching \u2122 Deckel<\/li>\n<li>Blending 101 Kurzanleitung und Rezepte.<\/li>\n<\/ul>\n<div class=\"row\"  id=\"row-1587791396\">\n\n\t<div id=\"col-1930823997\" class=\"col medium-5 small-12 large-5\"  >\n\t\t\t\t<div class=\"col-inner\"  >\n\t\t\t\n\t\t\t\n\t<div class=\"img has-hover x md-x lg-x y md-y lg-y\" id=\"image_1823206914\">\n\t\t\t\t\t\t\t\t<div class=\"img-inner dark\" >\n\t\t\t<img loading=\"lazy\" decoding=\"async\" width=\"500\" height=\"176\" src=\"https:\/\/blendtec.de\/wp-content\/uploads\/2019\/09\/blendtec-pro-750-interface.jpg\" class=\"attachment-large size-large\" alt=\"\" \/>\t\t\t\t\t\t\n\t\t\t\t\t<\/div>\n\t\t\t\t\t\t\t\t\n<style>\n#image_1823206914 {\n  width: 100%;\n}\n<\/style>\n\t<\/div>\n\t\n\t\t<\/div>\n\t\t\t\t\t<\/div>\n\n\t\n<\/div>\n<div class=\"row row-small\"  id=\"row-1843357383\">\n\n\t<div id=\"col-24143671\" class=\"col medium-4 small-12 large-4\"  >\n\t\t\t\t<div class=\"col-inner\"  >\n\t\t\t\n\t\t\t\n\t<div class=\"img has-hover x md-x lg-x y md-y lg-y\" id=\"image_152295487\">\n\t\t\t\t\t\t\t\t<div class=\"img-inner dark\" >\n\t\t\t<img loading=\"lazy\" decoding=\"async\" width=\"400\" height=\"267\" src=\"https:\/\/blendtec.de\/wp-content\/uploads\/2019\/09\/P750-Lifestyle-WS-16.jpg\" class=\"attachment-large size-large\" alt=\"\" \/>\t\t\t\t\t\t\n\t\t\t\t\t<\/div>\n\t\t\t\t\t\t\t\t\n<style>\n#image_152295487 {\n  width: 100%;\n}\n<\/style>\n\t<\/div>\n\t\n\t\t<\/div>\n\t\t\t\t\t<\/div>\n\n\t\n\n\t<div id=\"col-1316380662\" class=\"col medium-4 small-12 large-4\"  >\n\t\t\t\t<div class=\"col-inner\"  >\n\t\t\t\n\t\t\t\n\t<div class=\"img has-hover x md-x lg-x y md-y lg-y\" id=\"image_1386069825\">\n\t\t\t\t\t\t\t\t<div class=\"img-inner dark\" >\n\t\t\t<img loading=\"lazy\" decoding=\"async\" width=\"400\" height=\"267\" src=\"https:\/\/blendtec.de\/wp-content\/uploads\/2019\/09\/P750-Wildside2.jpg\" class=\"attachment-large size-large\" alt=\"\" \/>\t\t\t\t\t\t\n\t\t\t\t\t<\/div>\n\t\t\t\t\t\t\t\t\n<style>\n#image_1386069825 {\n  width: 100%;\n}\n<\/style>\n\t<\/div>\n\t\n\t\t<\/div>\n\t\t\t\t\t<\/div>\n\n\t\n\n\t<div id=\"col-907789487\" class=\"col medium-4 small-12 large-4\"  >\n\t\t\t\t<div class=\"col-inner\"  >\n\t\t\t\n\t\t\t\n\t<div class=\"img has-hover x md-x lg-x y md-y lg-y\" id=\"image_1985726024\">\n\t\t\t\t\t\t\t\t<div class=\"img-inner dark\" >\n\t\t\t<img loading=\"lazy\" decoding=\"async\" width=\"400\" height=\"267\" src=\"https:\/\/blendtec.de\/wp-content\/uploads\/2019\/09\/P750-Lifestyle-WS-20.jpg\" class=\"attachment-large size-large\" alt=\"\" \/>\t\t\t\t\t\t\n\t\t\t\t\t<\/div>\n\t\t\t\t\t\t\t\t\n<style>\n#image_1985726024 {\n  width: 100%;\n}\n<\/style>\n\t<\/div>\n\t\n\t\t<\/div>\n\t\t\t\t\t<\/div>\n\n\t\n<\/div>\n","protected":false},"excerpt":{"rendered":"<p>Bringen Sie den vielseitigsten kommerziellen Mixer in Ihre K\u00fcche. Verwenden Sie ihn auf Ihrer Theke oder bauen Sie ihn in Ihre Theke ein.<br \/>\n&nbsp;<\/p>\n","protected":false},"featured_media":15495,"comment_status":"closed","ping_status":"closed","template":"","meta":[],"product_brand":[],"product_cat":[425,479],"product_tag":[],"class_list":{"0":"post-6572","1":"product","2":"type-product","3":"status-publish","4":"has-post-thumbnail","6":"product_cat-blender-at-2","7":"product_cat-pro-serie-mixer-at","9":"first","10":"outofstock","11":"sale","12":"taxable","13":"shipping-taxable","14":"purchasable","15":"product-type-simple"},"bundled_by":[],"bundle_stock_status":"outofstock","bundle_stock_quantity":0,"bundle_virtual":false,"bundle_layout":"","bundle_add_to_cart_form_location":"","bundle_editable_in_cart":false,"bundle_sold_individually_context":"","bundle_item_grouping":"","bundle_min_size":"","bundle_max_size":"","bundle_price":[],"bundled_items":[],"bundle_sell_ids":[],"exclude_global_add_ons":[],"addons":[],"_links":{"self":[{"href":"https:\/\/blendtec.de\/at\/wp-json\/wp\/v2\/product\/6572","targetHints":{"allow":["GET"]}}],"collection":[{"href":"https:\/\/blendtec.de\/at\/wp-json\/wp\/v2\/product"}],"about":[{"href":"https:\/\/blendtec.de\/at\/wp-json\/wp\/v2\/types\/product"}],"replies":[{"embeddable":true,"href":"https:\/\/blendtec.de\/at\/wp-json\/wp\/v2\/comments?post=6572"}],"wp:featuredmedia":[{"embeddable":true,"href":"https:\/\/blendtec.de\/at\/wp-json\/wp\/v2\/media\/15495"}],"wp:attachment":[{"href":"https:\/\/blendtec.de\/at\/wp-json\/wp\/v2\/media?parent=6572"}],"wp:term":[{"taxonomy":"product_brand","embeddable":true,"href":"https:\/\/blendtec.de\/at\/wp-json\/wp\/v2\/product_brand?post=6572"},{"taxonomy":"product_cat","embeddable":true,"href":"https:\/\/blendtec.de\/at\/wp-json\/wp\/v2\/product_cat?post=6572"},{"taxonomy":"product_tag","embeddable":true,"href":"https:\/\/blendtec.de\/at\/wp-json\/wp\/v2\/product_tag?post=6572"}],"curies":[{"name":"wp","href":"https:\/\/api.w.org\/{rel}","templated":true}]}}