{"id":9107,"date":"2018-12-06T23:42:31","date_gmt":"2018-12-07T09:29:32","guid":{"rendered":"https:\/\/dev.blendtec.de\/produkt\/wildside-jar-gewerbe\/"},"modified":"2025-06-10T10:07:26","modified_gmt":"2025-06-10T08:07:26","slug":"wildside-jar-gewerbe","status":"publish","type":"product","link":"https:\/\/blendtec.de\/at\/produkt\/wildside-jar-gewerbe\/","title":{"rendered":"WildSide+ Jar"},"content":{"rendered":"<h2>F\u00fcr gr\u00f6\u00dfere Mengen und schnelleres Mixen<\/h2>\n<p>Der WildSide+ Beh\u00e4lter in Kombination mit ihrem Blendtec Mixer bringt maximale Leistung.<\/p>\n<ul>\n<li>Erh\u00f6ht die Mischeffektivit\u00e4t gefrorener Zutaten um 25%<\/li>\n<li>Stumpfe Sicherheitsklingen sind bis zu 80% dicker und 10 mal stabiler als andere Klingen<\/li>\n<li>Die patentierte schmale f\u00fcnfte Seite erm\u00f6glicht es schneller, gr\u00f6\u00dfere Mengen zu verarbeiten<\/li>\n<li>Gefertigt aus stabilem, BPA-freiem Copolyester<\/li>\n<li>Kompatibel mit allen Blendtec Gewerbe Blendern<\/li>\n<\/ul>\n<h3>Der WildSide+ ist perfekt geeignet f\u00fcr:<\/h3>\n<ul>\n<li>Gr\u00f6\u00dfere Mengen<\/li>\n<li>Volumin\u00f6se Rezepte<\/li>\n<li>Brotteig<\/li>\n<li>Smoothies<\/li>\n<li>Dips und Teig<\/li>\n<\/ul>\n<p>Der patentierte WildSide+ bietet eine extraweite Form f\u00fcr mehr Volumen. Die schmale f\u00fcnfte Seite sowie die zwei vertikalen Stege auf der Innenseite st\u00f6ren den nat\u00fcrlichen Fluss der Mixtur und sorgen somit f\u00fcr maximale Mixleistung, selbst bei gr\u00f6\u00dferen Mengen und gefrorenen Zutaten.<\/p>\n<ul>\n<li>Fassungsverm\u00f6gen: 2,6 L, mit Mess-Strichen bis 1.1 L<\/li>\n<li>Beh\u00e4lter Ma\u00dfe: HxBxT: 23 x 14 x 14 cm (12 cm Breit\/Tief \u00a0\u00fcber der Basis)<\/li>\n<li>Verpackungs Ma\u00dfe: HxBxT: 24 x 18 x 18 cm<\/li>\n<li>Gewicht: 680 Gramm<\/li>\n<li>1 Jahr Garantie bei Gewerblicher Nutzung<\/li>\n<li>Die WildSide+ Beh\u00e4lter sind kompatibel mit allen Blendtec Blender Modellen.<\/li>\n<\/ul>\n<p><strong>Der transparente WildSide+ Beh\u00e4lter kommt mit dem Latching Lid Deckel.<\/strong><br \/>\n<strong>Die farbigen Varianten kommen mit einem harten Plastikdeckel in der selben Farbe.<\/strong><\/p>\n<h3>Verschiedene Farben<\/h3>\n<p>Die farbigen Beh\u00e4lter sind in kommerzieller Umgebung gro\u00dfartig um sicherzustellen, dass z.B. Milchprodukte und Rezepte auf Soja-Basis nicht durcheinander geraten. Farbige Beh\u00e4lter und Deckel machen es Ihnen und Ihren Mitarbeitern leicht, jedes Mal schnell den richtigen Beh\u00e4lter auszuw\u00e4hlen, um eine Kreuzkontamination von Allergenen zu verhindern.<\/p>\n<ul>\n<li>Der Gelbe Beh\u00e4lter wird im Gewerbe meist f\u00fcr Laktosefreie Produkte genutzt. Sie k\u00f6nnen den Beh\u00e4lter jedoch wie unsere Farblose Variante f\u00fcr alles andere verwenden.<\/li>\n<li>Der rote Beh\u00e4lter wird im Gewerbe meist f\u00fcr Nussfreie oder Soyahaltige Rezepte genutzt. Sie k\u00f6nnen den Beh\u00e4lter jedoch wie unsere farblose Variante f\u00fcr alles andere verwenden.<\/li>\n<\/ul>\n","protected":false},"excerpt":{"rendered":"<p>Der Beh\u00e4lter der Hochgeschwindigkeits-mixen revolutioniert hat! Der WildSide+ ist ideal f\u00fcr gr\u00f6\u00dfere Mengen. Der WildSide+ Beh\u00e4lter ist kompatibel mit allen Blendtec Modellen.<\/p>\n","protected":false},"featured_media":6363,"comment_status":"open","ping_status":"closed","template":"","meta":[],"product_brand":[],"product_cat":[422],"product_tag":[],"class_list":{"0":"post-9107","1":"product","2":"type-product","3":"status-publish","4":"has-post-thumbnail","6":"product_cat-behaelter-zubehoer-at","8":"first","9":"instock","10":"sale","11":"taxable","12":"shipping-taxable","13":"purchasable","14":"product-type-variable"},"bundled_by":[],"bundle_stock_status":"instock","bundle_stock_quantity":null,"bundle_virtual":false,"bundle_layout":"","bundle_add_to_cart_form_location":"","bundle_editable_in_cart":false,"bundle_sold_individually_context":"","bundle_item_grouping":"","bundle_min_size":"","bundle_max_size":"","bundle_price":[],"bundled_items":[],"bundle_sell_ids":[],"exclude_global_add_ons":[],"addons":[],"_links":{"self":[{"href":"https:\/\/blendtec.de\/at\/wp-json\/wp\/v2\/product\/9107","targetHints":{"allow":["GET"]}}],"collection":[{"href":"https:\/\/blendtec.de\/at\/wp-json\/wp\/v2\/product"}],"about":[{"href":"https:\/\/blendtec.de\/at\/wp-json\/wp\/v2\/types\/product"}],"replies":[{"embeddable":true,"href":"https:\/\/blendtec.de\/at\/wp-json\/wp\/v2\/comments?post=9107"}],"wp:featuredmedia":[{"embeddable":true,"href":"https:\/\/blendtec.de\/at\/wp-json\/wp\/v2\/media\/6363"}],"wp:attachment":[{"href":"https:\/\/blendtec.de\/at\/wp-json\/wp\/v2\/media?parent=9107"}],"wp:term":[{"taxonomy":"product_brand","embeddable":true,"href":"https:\/\/blendtec.de\/at\/wp-json\/wp\/v2\/product_brand?post=9107"},{"taxonomy":"product_cat","embeddable":true,"href":"https:\/\/blendtec.de\/at\/wp-json\/wp\/v2\/product_cat?post=9107"},{"taxonomy":"product_tag","embeddable":true,"href":"https:\/\/blendtec.de\/at\/wp-json\/wp\/v2\/product_tag?post=9107"}],"curies":[{"name":"wp","href":"https:\/\/api.w.org\/{rel}","templated":true}]}}