{"id":13447,"date":"2019-07-18T19:00:48","date_gmt":"2019-07-18T17:00:48","guid":{"rendered":"https:\/\/blendtec.de\/gewerbegarantie\/"},"modified":"2021-09-22T15:32:58","modified_gmt":"2021-09-22T13:32:58","slug":"gewerbegarantie","status":"publish","type":"page","link":"https:\/\/blendtec.de\/ch\/gewerbegarantie\/","title":{"rendered":"Gewerbegarantie"},"content":{"rendered":"<h2><span style=\"color: #ed1c24;\">Blendtec Blender sind f\u00fcr Langlebigkeit gebaut. \u00a0<\/span><\/h2>\n<h3>Die Kommerziellen Blendtec Ger\u00e4te kommen mit 1-3 Jahren Garantie ohne Zyklenbeschr\u00e4nkung.<\/h3>\n<p>Die Garantiebestimmungen finden Sie weiter unten auf dieser Seite sowie in der Gebrauchsanweisung.<\/p>\n<h3>EINFACHE GARANTIEABWICKLUNG<\/h3>\n<ol>\n<li><strong>Finden Sie die Seriennummer.<\/strong><br \/>\nDiese befindet sich unter dem Motor sowie unter dem Beh\u00e4lter.<\/li>\n<li><strong>Formular Online ausf\u00fcllen.<\/strong><br \/>\nF\u00fcllen Sie das jeweilige Formular aus. Dies erm\u00f6glicht es uns Ihr Anliegen schnellstm\u00f6glichst zu bearbeiten.<\/p>\n<p><strong><a href=\"https:\/\/blendtec.de\/ch\/behaelter-reparatur-formular\/\">Beh\u00e4lter-Austausch<\/a> <\/strong><br \/>\n<strong><a href=\"https:\/\/blendtec.de\/ch\/blendtec-motorbasis-reparaturanfrage\/\">Motorbasis-Reparatur<\/a>\u00a0<\/strong><\/li>\n<\/ol>\n<p>&nbsp;<\/p>\n<p><strong><span style=\"font-size: 100%;\">Gerne k\u00f6nnen Sie auch unseren Support anrufen unter +49 (0) 6172 94800<\/span><\/strong><\/p>\n<p>Unsere Support Mitarbeiter werden Ihnen helfen, das Problem zu ermittlen und alles daran setzen, dass Sie schnellstm\u00f6glich wieder mixen k\u00f6nnen.<\/p>\n<h1><span style=\"color: #ed1c24;\">GARANTIEBESTIMMUNGEN F\u00dcR\u00a0<strong>GEWERBEGER\u00c4TE<\/strong><\/span><\/h1>\n<h3 class=\"warranty--full-section-head\">BESCHREIBUNG DER GARANTIE<\/h3>\n<p class=\"warranty--full-copy-section\">Fu\u0308r den Motorblock und die Beh\u00e4lterbaugruppe, einschlie\u00dflich aller beweglichen Teile des Mixbeh\u00e4lters, gilt die Garantie auf Auslaufen und Bruch. Die Garantiezeit beginnt ab Kaufdatum durch den Ersterwerber (den Endkunden).<\/p>\n<p class=\"warranty--full-copy-section\">Kosmetische Sch\u00e4den; die missbr\u00e4uchliche oder unsachgem\u00e4\u00dfe Verwendung des Produkts; durch Unf\u00e4lle verursachte Sch\u00e4den (einschlie\u00dflich Brand, \u00dcberschwemmung, Erdbeben oder andere Naturkatastrophen); Produktverf\u00e4lschungen; Verwendung von Zubeh\u00f6r, das nicht von Blendtec genehmigt wurde; von nicht autorisierten Serviceanbietern durchgefu\u0308hrter Service; Ger\u00e4te mit Ver\u00e4nderungen oder Ger\u00e4te, sind von dieser Garantie ausgeschlossen.<\/p>\n<p class=\"warranty--full-copy-section\">Die Qualit\u00e4t der Blendtec Blender ist unu\u0308bertroffen. Sie werden viele Jahre an Ihrem wunderbaren und zuverl\u00e4ssigen Blendtec Blender Freude haben.<\/p>\n<h4 class=\"warranty--full-italic-header\">DIESE GARANTIE GILT NUR F\u00dcR PRODUKTE, DIE VON LUBA GMBH ODER EINEM VERTRAGSH\u00c4NDLER VERKAUFT WURDEN.<\/h4>\n<p class=\"warranty--full-copy-section\">Ihre gesetzlichen Gew\u00e4hrleistungsanspr\u00fcche werden durch unsere Herstellergarantie nat\u00fcrlich nicht eingeschr\u00e4nkt. Unsere Herstellergarantie gilt zus\u00e4tzlich zur ihrem gesetzlichen Gew\u00e4hrleistungsanspruch.<\/p>\n<h3 class=\"warranty--full-section-head\">GARANTIE LAUFZEITEN<\/h3>\n<p class=\"warranty--full-copy-section\">Hier finden Sie die Garantielaufzeiten der aktuellen Modellbaureihe<\/p>\n<table>\n<tbody>\n<tr>\n<td>Beh\u00e4lter<\/td>\n<td>1 Jahr<\/td>\n<\/tr>\n<tr>\n<td>Schallschutzhaube<\/td>\n<td>1 Jahr<\/td>\n<\/tr>\n<tr>\n<td>EZ 600 Motorbasis<\/td>\n<td>1 Jahr<\/td>\n<\/tr>\n<tr>\n<td>Connisseur 825 Motorbasis<\/td>\n<td>3 Jahre<\/td>\n<\/tr>\n<tr>\n<td>Stealth 885 Motorbasis<\/td>\n<td>3 Jahre<\/td>\n<\/tr>\n<tr>\n<td>Stealth 895 Motorbasis<\/td>\n<td>3 Jahre<\/td>\n<\/tr>\n<tr>\n<td>NBS Beh\u00e4lter System<\/td>\n<td>1 Jahr<\/td>\n<\/tr>\n<tr>\n<td>Rapid Rinser<\/td>\n<td>1 Jahr<\/td>\n<\/tr>\n<tr>\n<td>Rapid Rinsing Station<\/td>\n<td>1 Jahr<\/td>\n<\/tr>\n<\/tbody>\n<\/table>\n<p class=\"warranty--full-copy-section\">Garantiebedingungen von \u00e4lteren Modellen:<\/p>\n<table>\n<tbody>\n<tr>\n<td>HP3A Motorbasis<\/td>\n<td>1 Jahr<\/td>\n<\/tr>\n<tr>\n<td>Q-Series Motorbasis<\/td>\n<td>1 Jahr<\/td>\n<\/tr>\n<tr>\n<td>Chef 600 Motorbasis<\/td>\n<td>1 Jahr<\/td>\n<\/tr>\n<tr>\n<td>Stealth 875 Motorbasis<\/td>\n<td>2 Jahre<\/td>\n<\/tr>\n<tr>\n<td>Chef 775 Motorbasis<\/td>\n<td>2 Jahre<\/td>\n<\/tr>\n<tr>\n<td>\u00a0XPress Motorbasis<\/td>\n<td>1 Jahr<\/td>\n<\/tr>\n<tr>\n<td>Eazy<\/td>\n<td>1 Jahr<\/td>\n<\/tr>\n<\/tbody>\n<\/table>\n<p class=\"warranty--full-copy-section\">Innerhalb der gesamten Garantiezeit \u00fcbernimmt Blendtec 100% der Materialkosten.\u00a0 Innerhalb des ersten Jahres \u00fcbernimmt Blendtec ebenso die Lohnkosten der Reparaturwerkstatt bei Garantief\u00e4llen.<\/p>\n<p class=\"warranty--full-copy-section\">Ihre gesetzlichen Gew\u00e4hrleistungsanspr\u00fcche werden durch unsere Herstellergarantie nat\u00fcrlich nicht eingeschr\u00e4nkt. Unsere Herstellergarantie gilt zus\u00e4tzlich zur ihrem gesetzlichen Gew\u00e4hrleistungsanspruch.<\/p>\n<h3 class=\"warranty--full-section-head\">BEGRENZTE GARANTIE<\/h3>\n<p class=\"warranty--full-copy-section\">Blendtec gew\u00e4hrleistet, dass die Produkte w\u00e4rend dem Garantiezeitraum frei von Material- und Verarbeitungssch\u00e4den ist. W\u00e4hrend des Garantiezeitraums werden derartige Sch\u00e4den repariert oder das Produkt wird von Blendtec nach eigenem Ermessen durch ein wiederaufgearbeitetes Ger\u00e4t ersetzt. Die Garantie deckt keine Sch\u00e4den ab, die auf missbr\u00e4uchliche Verwendung, Unfall oder Fahrl\u00e4ssigkeit zuru\u0308ckzufu\u0308hren sind. Alle stillschweigenden Garantien, einschlie\u00dflich, aber nicht beschr\u00e4nkt auf konkludente Gew\u00e4hrleistungen der Marktg\u00e4ngigkeit oder Eignung fu\u0308r einen bestimmten Zweck, sind auf die Dauer des Garantiezeitraums fu\u0308r Motor und Mixbeh\u00e4lter beschr\u00e4nkt. Von der Garantie ausgeschlossen sind Grauimporte.\u00a0 Nur Ger\u00e4te die f\u00fcr die M\u00e4rkte Deutschland, \u00d6sterreich sowie Schweiz in den Vertrieb gebracht wurden werden von dieser Gerantie abgedeckt. Bei Nutzung eines Ger\u00e4tes au\u00dferhalb von Deutschland, \u00d6sterreich oder Schweiz erlicht die Garantie. Jedes Ger\u00e4t muss zusammen mit dem Originalkaufbeleg zur Reparatur eingeschickt werden.\u00a0 \u00a0Ger\u00e4te sind zur Reparatur an folgende Adresse zu schicken:<\/p>\n<p class=\"warranty--full-copy-section\">LUBA GmbH<\/p>\n<p class=\"warranty--full-copy-section\">Massenheimer Weg 25<\/p>\n<p class=\"warranty--full-copy-section\">61352 Bad Homburg<\/p>\n<p class=\"warranty--full-copy-section\">Deutschland<\/p>\n<p class=\"warranty--full-section-head\">INNERHALB DER GARANTIEZEIT<\/p>\n<p class=\"warranty--full-section-head\">1. Wenden Sie sich bei einem Problem mit dem Ger\u00e4t umgehend an LUBA GmbH. Halten Sie die Seriennummer des Blenders griffbereit und u\u0308berlegen Sie, wie Sie das Problem am besten beschreiben k\u00f6nnen. Versuchen Sie nicht, das Ger\u00e4t eigenh\u00e4ndig zu reparieren. Die Garantie wird ungu\u0308ltig, wenn Reparaturen von anderen Personen als von Blendtec autorisiertem Servicepersonal durchgefu\u0308hrt werden. Viele Probleme lassen sich schnell und leicht am Telefon kl\u00e4ren.<\/p>\n<div class=\"warranty--full-section-head\">2. Wenn sich ein Problem nicht telefonisch beheben l\u00e4sst, muss Ihr Ger\u00e4t m\u00f6glicherweise repariert oder ersetzt werden. Wenn der Blender noch Garantie hat, wird er von LUBA GmbH kostenfrei repariert oder ersetzt. Kosmetische Sch\u00e4den oder Besch\u00e4digungen durch missbr\u00e4uchliche Verwendung werden nicht von der Garantie abgedeckt.<\/div>\n<div class=\"warranty--full-section-head\">3. Nach Erhalt der Lieferinformationen von LUBA GmbH verpacken Sie das Ger\u00e4t und legen folgende Informationen bei<\/div>\n<p class=\"warranty--full-details-list\">Ihr Name:<br \/>\nAnschrift:<br \/>\nTelefonnummer:<br \/>\nMotor-Seriennummer (Sie finden diese auf der Unterseite des Motorblocks):<br \/>\nZykluszahl (Auf der LCD-Anzeige):<br \/>\nKaufdatum:<br \/>\nKaufort:<br \/>\nBeschreibung des Problems:<\/p>\n<h3 class=\"warranty--full-section-head\">AUSSERHALB DER GARANTIE<\/h3>\n<p class=\"warranty--full-section-head\">1. Wenden Sie sich bei einem Problem mit dem Ger\u00e4t an LUBA GmbH. Halten Sie die Seriennummer des Blenders griffbereit und u\u0308berlegen Sie, wie Sie das Problem am besten beschreiben k\u00f6nnen. Versuchen Sie nicht, das Ger\u00e4t eigenh\u00e4ndig zu reparieren. Viele Probleme lassen sich schnell und leicht am Telefon kl\u00e4ren.<\/p>\n<p class=\"warranty--full-section-head\">2. Wenn die Garantie des Blenders abgelaufen ist und Sie ihn reparieren lassen m\u00f6chten, wenden Sie sich bitte an den Kundendienst und geben Sie die Seriennummer, den Kaufort und das Kaufdatum an. Sie erhalten von uns Informationen zum Einsenden des Ger\u00e4ts fu\u0308r eine Reparatur nach Ablauf der Garantiezeit.<\/p>\n<p class=\"warranty--full-section-head\">3. Wenn mit LUBA GmbH abgesprochen, bitte das Ger\u00e4t sicher verpacken. \u00a0Legen Sie bitte folgende Informationen dem Paket bei:<\/p>\n<p class=\"warranty--full-section-head\">Ihr Name:<br \/>\nAnschrift:<br \/>\nTelefonnummer:<br \/>\nMotor-Seriennummer (Sie finden diese auf der Unterseite des Motorblocks):<br \/>\nZykluszahl (Auf der LCD-Anzeige):<br \/>\nKaufdatum:<br \/>\nKaufort:<br \/>\nBeschreibung des Problems:<\/p>\n","protected":false},"excerpt":{"rendered":"<p>Blendtec Blender sind f\u00fcr Langlebigkeit gebaut. \u00a0 Die Kommerziellen Blendtec Ger\u00e4te kommen mit 1-3 Jahren Garantie ohne Zyklenbeschr\u00e4nkung. Die Garantiebestimmungen finden Sie weiter unten auf dieser Seite sowie in der Gebrauchsanweisung. EINFACHE GARANTIEABWICKLUNG Finden Sie die Seriennummer. Diese befindet sich unter dem Motor sowie unter dem Beh\u00e4lter. Formular Online ausf\u00fcllen. F\u00fcllen Sie das jeweilige Formular [&#8230;]\n","protected":false},"author":177,"featured_media":0,"parent":0,"menu_order":0,"comment_status":"closed","ping_status":"closed","template":"","meta":{"footnotes":""},"class_list":["post-13447","page","type-page","status-publish","hentry"],"_links":{"self":[{"href":"https:\/\/blendtec.de\/ch\/wp-json\/wp\/v2\/pages\/13447","targetHints":{"allow":["GET"]}}],"collection":[{"href":"https:\/\/blendtec.de\/ch\/wp-json\/wp\/v2\/pages"}],"about":[{"href":"https:\/\/blendtec.de\/ch\/wp-json\/wp\/v2\/types\/page"}],"author":[{"embeddable":true,"href":"https:\/\/blendtec.de\/ch\/wp-json\/wp\/v2\/users\/177"}],"replies":[{"embeddable":true,"href":"https:\/\/blendtec.de\/ch\/wp-json\/wp\/v2\/comments?post=13447"}],"version-history":[{"count":0,"href":"https:\/\/blendtec.de\/ch\/wp-json\/wp\/v2\/pages\/13447\/revisions"}],"wp:attachment":[{"href":"https:\/\/blendtec.de\/ch\/wp-json\/wp\/v2\/media?parent=13447"}],"curies":[{"name":"wp","href":"https:\/\/api.w.org\/{rel}","templated":true}]}}