{"id":26007,"date":"2020-11-12T21:42:35","date_gmt":"2020-11-12T20:42:35","guid":{"rendered":"https:\/\/blendtec.de\/mixer-vergleich-haushalt\/"},"modified":"2024-08-23T12:37:24","modified_gmt":"2024-08-23T10:37:24","slug":"mixer-vergleich-haushalt","status":"publish","type":"page","link":"https:\/\/blendtec.de\/ch\/mixer-vergleich-haushalt\/","title":{"rendered":"Mixer Vergleich Haushalt"},"content":{"rendered":"\n  <div class=\"banner has-hover\" id=\"banner-324551859\">\n          <div class=\"banner-inner fill\">\n        <div class=\"banner-bg fill\" >\n            <img loading=\"lazy\" decoding=\"async\" width=\"1020\" height=\"574\" src=\"https:\/\/blendtec.de\/wp-content\/uploads\/2020\/11\/Blendtec_Homepage_Banner_Lids_1600x-1.jpg\" class=\"bg attachment-large size-large\" alt=\"\" \/>                        <div class=\"overlay\"><\/div>            \n                    <\/div>\n\t\t\n        <div class=\"banner-layers container\">\n            <div class=\"fill banner-link\"><\/div>            \n   <div id=\"text-box-1853722156\" class=\"text-box banner-layer x50 md-x50 lg-x50 y50 md-y50 lg-y50 res-text\">\n                                <div class=\"text-box-content text dark\">\n              \n              <div class=\"text-inner text-center\">\n                  \n<h3 class=\"uppercase\"><strong>Finde den richtigen\u00a0Blendtec Mixer f\u00fcr dich!<\/strong><\/h3>\n<p>In unserem Mixer Vergleich zeigen wir dir die Unterschiede zwischen den Modellen, das macht die Suche leichter. Los gehts mit unserem Mixer Vergleich.<\/p>\n              <\/div>\n           <\/div>\n                            \n<style>\n#text-box-1853722156 {\n  width: 60%;\n}\n#text-box-1853722156 .text-box-content {\n  font-size: 100%;\n}\n<\/style>\n    <\/div>\n \n        <\/div>\n      <\/div>\n\n            \n<style>\n#banner-324551859 {\n  padding-top: 409px;\n}\n#banner-324551859 .overlay {\n  background-color: rgba(0, 0, 0, 0.5);\n}\n<\/style>\n  <\/div>\n\n\n<div class=\"container section-title-container\" ><h1 class=\"section-title section-title-center\"><b aria-hidden=\"true\"><\/b><span class=\"section-title-main\" ><i class=\"icon-heart-o\" aria-hidden=\"true\"><\/i>Blendtec Mixer Vergleich<\/span><b aria-hidden=\"true\"><\/b><\/h1><\/div>\n\t<div class=\"img has-hover x md-x lg-x y md-y lg-y\" id=\"image_1787410557\">\n\t\t<a class=\"\" href=\"#haushalt\" >\t\t\t\t\t\t<div class=\"img-inner dark\" >\n\t\t\t<img loading=\"lazy\" decoding=\"async\" width=\"1020\" height=\"434\" src=\"https:\/\/blendtec.de\/wp-content\/uploads\/2024\/08\/Blendtec-Haushalt-Vergleich-Aug-24-1.png\" class=\"attachment-large size-large\" alt=\"\" srcset=\"https:\/\/blendtec.de\/wp-content\/uploads\/2024\/08\/Blendtec-Haushalt-Vergleich-Aug-24-1.png 1200w, https:\/\/blendtec.de\/wp-content\/uploads\/2024\/08\/Blendtec-Haushalt-Vergleich-Aug-24-1-510x217.png 510w, https:\/\/blendtec.de\/wp-content\/uploads\/2024\/08\/Blendtec-Haushalt-Vergleich-Aug-24-1-800x340.png 800w, https:\/\/blendtec.de\/wp-content\/uploads\/2024\/08\/Blendtec-Haushalt-Vergleich-Aug-24-1-768x326.png 768w\" sizes=\"auto, (max-width: 1020px) 100vw, 1020px\" \/>\t\t\t\t\t\t\n\t\t\t\t\t<\/div>\n\t\t\t\t\t\t<\/a>\t\t\n<style>\n#image_1787410557 {\n  width: 100%;\n}\n<\/style>\n\t<\/div>\n\t\n\t<div id=\"haushalt\"\n\t     class=\"lightbox-by-id lightbox-content mfp-hide lightbox-white \"\n\t     style=\"max-width:100% ;padding:20px\">\n\t\t\t<div class=\"img has-hover x md-x lg-x y md-y lg-y\" id=\"image_2109210465\">\n\t\t\t\t\t\t\t\t<div class=\"img-inner dark\" >\n\t\t\t<img loading=\"lazy\" decoding=\"async\" width=\"1020\" height=\"434\" src=\"https:\/\/blendtec.de\/wp-content\/uploads\/2024\/08\/Blendtec-Haushalt-Vergleich-Aug-24-1.png\" class=\"attachment-large size-large\" alt=\"\" srcset=\"https:\/\/blendtec.de\/wp-content\/uploads\/2024\/08\/Blendtec-Haushalt-Vergleich-Aug-24-1.png 1200w, https:\/\/blendtec.de\/wp-content\/uploads\/2024\/08\/Blendtec-Haushalt-Vergleich-Aug-24-1-510x217.png 510w, https:\/\/blendtec.de\/wp-content\/uploads\/2024\/08\/Blendtec-Haushalt-Vergleich-Aug-24-1-800x340.png 800w, https:\/\/blendtec.de\/wp-content\/uploads\/2024\/08\/Blendtec-Haushalt-Vergleich-Aug-24-1-768x326.png 768w\" sizes=\"auto, (max-width: 1020px) 100vw, 1020px\" \/>\t\t\t\t\t\t\n\t\t\t\t\t<\/div>\n\t\t\t\t\t\t\t\t\n<style>\n#image_2109210465 {\n  width: 100%;\n}\n<\/style>\n\t<\/div>\n\t\t<\/div>\n\t\n\t\n\n\t<section class=\"section\" id=\"section_11984813\">\n\t\t<div class=\"section-bg fill\" >\n\t\t\t\t\t\t\t\t\t\n\t\t\t\n\n\t\t<\/div>\n\n\t\t\n\n\t\t<div class=\"section-content relative\">\n\t\t\t\n<div class=\"container section-title-container\" ><h2 class=\"section-title section-title-center\"><b aria-hidden=\"true\"><\/b><span class=\"section-title-main\" >Erkl\u00e4rungen Zum Blendtec Mixer Vergleich<\/span><b aria-hidden=\"true\"><\/b><\/h2><\/div>\n<h4><b>Blendtec\u00a0SMARTBLEND\u2122 TECHNOLOGIE.<\/b><b>\u00a0<\/b><\/h4>\n<p>Sie erkennt und identifiziert eventuelle Probleme \u2013 inklusive Belastungsprobleme, \u00dcbererhitzen sowie Luftl\u00f6cher\u00a0in der Mixtur \u2013 und zeigt dann Hinweise zur L\u00f6sung an.<\/p>\n<h4><b>Schallschutzhaube<\/b><\/h4>\n<p>Mit der Blendtec Stealth Technology\u00a0wurde der weltweit leiseste Hochleistungsmixer seiner Klasse f\u00fcr den Hausgebrauch entwickelt.<\/p>\n<p>Unsere bekannten und bew\u00e4hrten Schallschutzhauben, aus dem gewerblichen Bereich, wurden nochmals f\u00fcr den Hausgebrauch weiterentwickelt, um noch leiser zu sein \u2013 und all das in einer eleganten Optik kombiniert mit modernster Technik.<span class=\"Apple-converted-space\">\u00a0<\/span><\/p>\n<p>Problemlos k\u00f6nnen Sie sich unterhalten w\u00e4hrend der Pro 800 mit voller Leistung f\u00fcr Sie arbeitet und perfekte Kreationen herstellt.<\/p>\n<h4><b>Pulse<span class=\"Apple-converted-space\">\u00a0Funktion<\/span><\/b><\/h4>\n<p>Mit dem dr\u00fccken der Pulse-Taste, geht der Mixer auf Geschwindigkeit, wird der Finger entfernt, h\u00e4llt dein Mixer wieder an.<\/p>\n<p>Diese Funktion ist wichtig, wenn dein Mixgut mal abdichtet und sich Luft um das Messer angesammelt hat. Hier verwenden andere Hersteller einen Stampfer welcher bei Blendtec durch diese Funktion entf\u00e4llt.<span class=\"Apple-converted-space\">\u00a0<\/span><\/p>\n<p>Unser Designer 725 hat nicht nur eine Pulse Geschwindigkeit, sondern 100!\u00a0 Die Pulse Taste ausw\u00e4hlen und der Touch Slider wird zur ultra-genauen Pulsegeschwindigkeits-Auswahlm\u00f6glichkeit.<\/p>\n<h4><b>Slider<\/b><\/h4>\n<p>Der Slider ist Blendtecs digitales Drehrad. Wo andere Mixer ein manuelles Drehrad, meist in der Mitte zur Bedienung zur verf\u00fcgung stellen, arbeitet Blendtec mit einem digitalen Slider. Dieser gibt dir die M\u00f6glichkeit, Geschwindigkeiten manuell einzustellen.<span class=\"Apple-converted-space\">\u00a0<\/span><\/p>\n\t\t<\/div>\n\n\t\t\n<style>\n#section_11984813 {\n  padding-top: 30px;\n  padding-bottom: 30px;\n}\n<\/style>\n\t<\/section>\n\t\n","protected":false},"excerpt":{"rendered":"","protected":false},"author":178,"featured_media":0,"parent":0,"menu_order":0,"comment_status":"closed","ping_status":"closed","template":"","meta":{"footnotes":""},"class_list":["post-26007","page","type-page","status-publish","hentry"],"_links":{"self":[{"href":"https:\/\/blendtec.de\/ch\/wp-json\/wp\/v2\/pages\/26007","targetHints":{"allow":["GET"]}}],"collection":[{"href":"https:\/\/blendtec.de\/ch\/wp-json\/wp\/v2\/pages"}],"about":[{"href":"https:\/\/blendtec.de\/ch\/wp-json\/wp\/v2\/types\/page"}],"author":[{"embeddable":true,"href":"https:\/\/blendtec.de\/ch\/wp-json\/wp\/v2\/users\/178"}],"replies":[{"embeddable":true,"href":"https:\/\/blendtec.de\/ch\/wp-json\/wp\/v2\/comments?post=26007"}],"version-history":[{"count":0,"href":"https:\/\/blendtec.de\/ch\/wp-json\/wp\/v2\/pages\/26007\/revisions"}],"wp:attachment":[{"href":"https:\/\/blendtec.de\/ch\/wp-json\/wp\/v2\/media?parent=26007"}],"curies":[{"name":"wp","href":"https:\/\/api.w.org\/{rel}","templated":true}]}}