{"id":5490,"date":"2019-07-09T17:19:55","date_gmt":"2019-07-09T15:19:55","guid":{"rendered":"https:\/\/dev.blendtec.de\/gebrauch-und-pflege\/"},"modified":"2020-07-14T15:16:43","modified_gmt":"2020-07-14T13:16:43","slug":"gebrauch-und-pflege","status":"publish","type":"page","link":"https:\/\/blendtec.de\/ch\/gebrauch-und-pflege\/","title":{"rendered":"Gebrauch und Pflege"},"content":{"rendered":"\t<div class=\"img has-hover x md-x lg-x y md-y lg-y\" id=\"image_397194377\">\n\t\t\t\t\t\t\t\t<div class=\"img-inner dark\" >\n\t\t\t<img loading=\"lazy\" decoding=\"async\" width=\"1020\" height=\"408\" src=\"https:\/\/blendtec.de\/wp-content\/uploads\/2019\/07\/pflege.jpg\" class=\"attachment-large size-large\" alt=\"\" srcset=\"https:\/\/blendtec.de\/wp-content\/uploads\/2019\/07\/pflege.jpg 1050w, https:\/\/blendtec.de\/wp-content\/uploads\/2019\/07\/pflege-510x204.jpg 510w, https:\/\/blendtec.de\/wp-content\/uploads\/2019\/07\/pflege-800x320.jpg 800w, https:\/\/blendtec.de\/wp-content\/uploads\/2019\/07\/pflege-768x307.jpg 768w, https:\/\/blendtec.de\/wp-content\/uploads\/2019\/07\/pflege-500x200.jpg 500w\" sizes=\"auto, (max-width: 1020px) 100vw, 1020px\" \/>\t\t\t\t\t\t\n\t\t\t\t\t<\/div>\n\t\t\t\t\t\t\t\t\n<style>\n#image_397194377 {\n  width: 100%;\n}\n<\/style>\n\t<\/div>\n\t\n<h1>Gebrauch und Pflege<\/h1>\n<h2>Jars \/ Beh\u00e4lter<\/h2>\n<h3><strong>Wie man den Beh\u00e4lter nutzt &amp; bef\u00fcllt<\/strong><\/h3>\n<ol>\n<li>Bevor Sie Ihren Beh\u00e4lter bef\u00fcllen, drehen Sie die Antriebswelle auf der Unterseite des Beh\u00e4lters f\u00fcr einige Sekunden. Dies tr\u00e4gt dazu bei, das die Siegel in guter Form bleiben was die Lebensdauer des Beh\u00e4lters verl\u00e4ngert. Wenn sich die Antriebswelle nicht frei dreht, etwas hei\u00dfes Wasser in den Beh\u00e4lter geben, dann die Antriebswelle von Hand drehen, bis sie sich frei dreht.<\/li>\n<li>So bef\u00fcllen Sie Ihren Beh\u00e4lter: Zuerst, gie\u00dfen Sie Ihre Fl\u00fcssigkeiten und\/oder Nahrungsmittel mit hohem Feuchtigkeitsgehalt in den Beh\u00e4lter. Als n\u00e4chstes f\u00fcgen Sie Ihre weicheren Speisen hinzu. Zum Schluss k\u00f6nnen Eis und feste Nahrungsmittel in den Beh\u00e4lter.<\/li>\n<li>Stellen Sie sicher, dass der Deckel fest sitzt. Die Deckel sind f\u00fcr einen sehr engen Sitz ausgelegt. Auch wenn es scheint als ob der Deckel fest sitzt, ist es eine gute Idee die Ecken ein wenig zus\u00e4tzliche zuzudr\u00fccken. Hierf\u00fcr bitte noch einmal vor dem Mischen etwas runterdr\u00fccken.<\/li>\n<li>Stellen Sie den Beh\u00e4lter auf die Motorbasis und achten Sie darauf, dass die Antriebswelle vollst\u00e4ndig in der Antriebsbuchse des Motorblocks sitzt.<\/li>\n<\/ol>\n<p>Besuchen Sie unsere <a href=\"\/faq\/\">FAQ-Seite<\/a> f\u00fcr h\u00e4ufig gestellte Fragen und Antworten zu Beh\u00e4ltern.<\/p>\n<h3><strong>Wie man Ihren Beh\u00e4lter nach jedem Gebrauch s\u00e4ubert<\/strong><\/h3>\n<ol>\n<li>F\u00fcgen Sie 1 Tasse (240ml) hei\u00dfes Wasser und einen Tropfen fl\u00fcssiges Sp\u00fclmittel in den Beh\u00e4lter.<\/li>\n<li>Setzen Sie den Deckel fest auf den Beh\u00e4lter.<\/li>\n<li>Stellen Sie den Beh\u00e4lter auf den Motorblock und dr\u00fccken Sie die &#171;Pulse&#187; Taste f\u00fcr 5 Sekunden. Wenn Ihr Mixer einen Reinigungs-Zyklus hat, dr\u00fccken Sie die Taste &#171;Reinigen&#187;.<\/li>\n<li>Gut aussp\u00fclen.<\/li>\n<li>Drehen Sie den Beh\u00e4lter auf den Kopf und lassen ihn trocknen.<\/li>\n<\/ol>\n<p>Besuchen Sie unsere <a href=\"\/faq\/\">FAQ-Seite<\/a> f\u00fcr h\u00e4ufig gestellte Fragen und Antworten z.B. wie man Verf\u00e4rbungen oder Ger\u00fcche aus dem Beh\u00e4lter bekommt.<\/p>\n<h3><strong>Wie man Ihren Beh\u00e4lter reinigt <\/strong><\/h3>\n<ol>\n<li>F\u00fcr die intensive Reinigung, f\u00fcllen Sie den Beh\u00e4lter mit hei\u00dfem Wasser.<\/li>\n<li>F\u00fcgen Sie 1-2 Teel\u00f6ffel (5-10ml) fl\u00fcssiges Chlorbleichmittel dem Beh\u00e4lter hinzu.<\/li>\n<li>R\u00fchre 10 Sekunden lang. Die Mixtur 5 Minuten im Beh\u00e4lter stehen lassen.<\/li>\n<li>Leere die Wasser \/ Bleichmittel-Mixtur. Drehen Sie den Beh\u00e4lter auf den Kopf und stellen Sie den Beh\u00e4lter auf das Geschirrgestell bis es trocken ist.<\/li>\n<\/ol>\n<h3><strong>Reinigungstipps und Vorsichtsma\u00dfnahmen<\/strong><\/h3>\n<ul>\n<li>Verwenden Sie zum Reinigen des Beh\u00e4lters keine steifen B\u00fcrsten oder Scheuermittel oder Pads. Dies wird die Oberfl\u00e4che vernebeln oder verkratzen.<\/li>\n<li>Vermeiden Sie das Eintauchen vom Beh\u00e4lter unter Wasser f\u00fcr l\u00e4nger als 5 Minuten, da es die Lebensdauer des Beh\u00e4lters verringern kann weil unter Umst\u00e4nden Wasser in die unteren Dichtungselemente eindringt. Nach der Reinigung den Beh\u00e4lter aufrecht lagern (auf dem Kopf stehend).<\/li>\n<li>BEH\u00c4LTER IST SP\u00dcLMASCHINENFEST &#8211; Hierzu bitte max 40\u00baC nutzen sowie Sp\u00fclmittel das nicht zu aggressiv ist da einige Zus\u00e4tze bei den Reinigungsmitteln den Kunststoff unsch\u00f6n machen k\u00f6nnen.<\/li>\n<li>Setzen Sie den Beh\u00e4lter keinen Temperaturen \u00fcber 80\u00b0 C aus. Die Zutaten sollten 46\u00b0 C nicht \u00fcberschreiten. Bitte beachten Sie, dass kochendes Wasser zu hei\u00df f\u00fcr das Gef\u00e4\u00df ist, es sollte daher nie verwendet werden.<\/li>\n<\/ul>\n<h2><\/h2>\n<h2>BLENDER<\/h2>\n<h3><strong>So nutzen Sie Ihren Mixer<\/strong><\/h3>\n<ol>\n<li>Stellen Sie den Blender auf eine gerade, saubere und trockene Oberfl\u00e4che.<\/li>\n<li>Stellen Sie sicher, dass eine Steckdose innerhalb von einem Meter des Blenders zur Verf\u00fcgung steht.<\/li>\n<li>Stellen Sie sicher, dass der Blender an der Unterseite nicht blockiert ist um eine ordnungsgem\u00e4\u00dfe K\u00fchlung zu erlauben.<\/li>\n<\/ol>\n<h3><strong>Wie Sie Ihren Mixer reinigen<\/strong><\/h3>\n<ol>\n<li>Ziehen Sie das Stromkabel aus der Steckdose.<\/li>\n<li>Reinigen Sie die Motorbasis durch einfaches Abwischen der Basis und dem Touchpad \/ Bedienfeld mit einem feuchten Tuch.<\/li>\n<li>Bei Bedarf kann die Antriebsbuchse des Motorblocks mit einem Zahnstocher oder Wattest\u00e4bchen gereinigt werden.<\/li>\n<li>Verwenden Sie zum Reinigen des Mixers keine Scheuermittel oder steifen B\u00fcrsten. Dies wird die Oberfl\u00e4che vernebeln oder verkratzten. Kosmetische Sch\u00e4den sind nicht durch die Garantie abgedeckt.<\/li>\n<li><span style=\"color: #555555;\">Verwenden Sie zum Reinigen des Mixers keinen Wasserstrahl. NIEMALS die Motorbasis in Wasser eintauchen &#8211; dadurch erlischt die Garantie.<\/span><\/li>\n<\/ol>\n<p>Detaillierte Informationen zum Betrieb des Mixers finden Sie in der <a href=\"\/bedienungsanleitungen\/\">Bedienungsanleitung<\/a>.<\/p>\n","protected":false},"excerpt":{"rendered":"<p>Gebrauch und Pflege Jars \/ Beh\u00e4lter Wie man den Beh\u00e4lter nutzt &amp; bef\u00fcllt Bevor Sie Ihren Beh\u00e4lter bef\u00fcllen, drehen Sie die Antriebswelle auf der Unterseite des Beh\u00e4lters f\u00fcr einige Sekunden. Dies tr\u00e4gt dazu bei, das die Siegel in guter Form bleiben was die Lebensdauer des Beh\u00e4lters verl\u00e4ngert. Wenn sich die Antriebswelle nicht frei dreht, etwas [&#8230;]\n","protected":false},"author":177,"featured_media":0,"parent":0,"menu_order":0,"comment_status":"closed","ping_status":"closed","template":"","meta":{"footnotes":""},"class_list":["post-5490","page","type-page","status-publish","hentry"],"_links":{"self":[{"href":"https:\/\/blendtec.de\/ch\/wp-json\/wp\/v2\/pages\/5490","targetHints":{"allow":["GET"]}}],"collection":[{"href":"https:\/\/blendtec.de\/ch\/wp-json\/wp\/v2\/pages"}],"about":[{"href":"https:\/\/blendtec.de\/ch\/wp-json\/wp\/v2\/types\/page"}],"author":[{"embeddable":true,"href":"https:\/\/blendtec.de\/ch\/wp-json\/wp\/v2\/users\/177"}],"replies":[{"embeddable":true,"href":"https:\/\/blendtec.de\/ch\/wp-json\/wp\/v2\/comments?post=5490"}],"version-history":[{"count":0,"href":"https:\/\/blendtec.de\/ch\/wp-json\/wp\/v2\/pages\/5490\/revisions"}],"wp:attachment":[{"href":"https:\/\/blendtec.de\/ch\/wp-json\/wp\/v2\/media?parent=5490"}],"curies":[{"name":"wp","href":"https:\/\/api.w.org\/{rel}","templated":true}]}}