{"id":5526,"date":"2018-12-09T16:18:00","date_gmt":"2018-12-09T16:18:00","guid":{"rendered":"https:\/\/dev.blendtec.de\/gewerbe-blender\/"},"modified":"2021-04-26T11:22:23","modified_gmt":"2021-04-26T09:22:23","slug":"gewerbe-blender","status":"publish","type":"page","link":"https:\/\/blendtec.de\/ch\/gewerbe-blender\/","title":{"rendered":"Gewerbe Blender"},"content":{"rendered":"\n  <div class=\"banner has-hover\" id=\"banner-501158975\">\n          <div class=\"banner-inner fill\">\n        <div class=\"banner-bg fill\" >\n            <img loading=\"lazy\" decoding=\"async\" width=\"1020\" height=\"486\" src=\"https:\/\/blendtec.de\/wp-content\/uploads\/2019\/07\/Blendtec-Gewerbe-Mixer.jpg\" class=\"bg attachment-large size-large\" alt=\"\" \/>                        <div class=\"overlay\"><\/div>            \n                    <\/div>\n\t\t\n        <div class=\"banner-layers container\">\n            <div class=\"fill banner-link\"><\/div>            \n   <div id=\"text-box-1542383633\" class=\"text-box banner-layer x95 md-x95 lg-x95 y20 md-y20 lg-y20 res-text\">\n                                <div class=\"text-box-content text dark\">\n              \n              <div class=\"text-inner text-center\">\n                  \n<h1 class=\"uppercase thin-font\" style=\"text-align: right;\">blendtec<\/h1>\n<h1 class=\"uppercase thin-font\" style=\"text-align: right;\">gewerbe mixer<\/h1>\n<p style=\"text-align: right;\"><strong>Ob Smoothies, Kaffee Kaltgetr\u00e4nke, ihrer Kreativit\u00e4t sind mit Blendtec Gewerbe Mixern keine Grenzen gesetzt. Finden sie hier ihren zuk\u00fcnftigen und zuverl\u00e4ssigen Partner f\u00fcr ihre Kreationen.\u00a0<\/strong><\/p>\n              <\/div>\n           <\/div>\n                            \n<style>\n#text-box-1542383633 {\n  width: 62%;\n}\n#text-box-1542383633 .text-box-content {\n  font-size: 100%;\n}\n@media (min-width:550px) {\n  #text-box-1542383633 {\n    width: 50%;\n  }\n}\n<\/style>\n    <\/div>\n \n        <\/div>\n      <\/div>\n\n            \n<style>\n#banner-501158975 {\n  padding-top: 500px;\n}\n#banner-501158975 .overlay {\n  background-color: rgba(0, 0, 0, 0.35);\n}\n<\/style>\n  <\/div>\n\n\n\t<div id=\"gap-693481897\" class=\"gap-element clearfix\" style=\"display:block; height:auto;\">\n\t\t\n<style>\n#gap-693481897 {\n  padding-top: 30px;\n}\n<\/style>\n\t<\/div>\n\t\n\n  <div class=\"banner has-hover\" id=\"banner-849409268\">\n          <div class=\"banner-inner fill\">\n        <div class=\"banner-bg fill\" >\n            <img loading=\"lazy\" decoding=\"async\" width=\"1020\" height=\"486\" src=\"https:\/\/blendtec.de\/wp-content\/uploads\/2019\/07\/Blendtec-Stealth.jpg\" class=\"bg attachment-large size-large\" alt=\"\" \/>                        <div class=\"overlay\"><\/div>            \n                    <\/div>\n\t\t\n        <div class=\"banner-layers container\">\n            <a class=\"fill\" href=\"https:\/\/blendtec.de\/produkt\/stealth-885\/\"><div class=\"fill banner-link\"><\/div><\/a>            \n   <div id=\"text-box-850378857\" class=\"text-box banner-layer x5 md-x5 lg-x5 y10 md-y10 lg-y10 res-text\">\n                                <div class=\"text-box-content text dark\">\n              \n              <div class=\"text-inner text-left\">\n                  \n<h3 class=\"uppercase\" style=\"text-align: left;\">Blendtec<\/h3>\n<h3 class=\"uppercase\" style=\"text-align: left;\">Stealth 885<\/h3>\n<p style=\"text-align: left;\">Die Ultimative Schallschutzhaube und ein Schwingender Motor machen den Stealth 885 um ein vielfaches Leiser als den Rest der Ger\u00e4te am Markt. Schonen sie die Ohren ihrer Kunden, jedoch ohne Verzicht auf Leistung.\u00a0<\/p>\n<p style=\"text-align: left;\">\u00a0<\/p>\n<a href=\"https:\/\/blendtec.de\/produkt\/stealth-885\/\" class=\"button white is-outline\" >\n\t\t<span>zum Blendtec stealth<\/span>\n\t<\/a>\n\n              <\/div>\n           <\/div>\n                            \n<style>\n#text-box-850378857 {\n  width: 55%;\n}\n#text-box-850378857 .text-box-content {\n  font-size: 100%;\n}\n@media (min-width:550px) {\n  #text-box-850378857 {\n    width: 29%;\n  }\n}\n<\/style>\n    <\/div>\n \n        <\/div>\n      <\/div>\n\n            \n<style>\n#banner-849409268 {\n  padding-top: 500px;\n}\n#banner-849409268 .overlay {\n  background-color: rgba(0, 0, 0, 0.35);\n}\n<\/style>\n  <\/div>\n\n\n\t<div id=\"gap-1504132180\" class=\"gap-element clearfix\" style=\"display:block; height:auto;\">\n\t\t\n<style>\n#gap-1504132180 {\n  padding-top: 30px;\n}\n<\/style>\n\t<\/div>\n\t\n\n  <div class=\"banner has-hover\" id=\"banner-633571488\">\n          <div class=\"banner-inner fill\">\n        <div class=\"banner-bg fill\" >\n            <img loading=\"lazy\" decoding=\"async\" width=\"1020\" height=\"486\" src=\"https:\/\/blendtec.de\/wp-content\/uploads\/2019\/07\/Blendtec-Connoisseur-Mixer-2.jpg\" class=\"bg attachment-large size-large\" alt=\"\" \/>                        <div class=\"overlay\"><\/div>            \n                    <\/div>\n\t\t\n        <div class=\"banner-layers container\">\n            <a class=\"fill\" href=\"https:\/\/blendtec.de\/produkt\/connoisseur-825\/\"><div class=\"fill banner-link\"><\/div><\/a>            \n   <div id=\"text-box-1480524089\" class=\"text-box banner-layer x5 md-x5 lg-x5 y50 md-y50 lg-y50 res-text\">\n                                <div class=\"text-box-content text dark\">\n              \n              <div class=\"text-inner text-left\">\n                  \n<h3 class=\"uppercase\" style=\"text-align: left;\">blendtec<\/h3>\n<h3 class=\"uppercase\" style=\"text-align: left;\">Connoisseur 825<\/h3>\n<p style=\"text-align: left;\">Der Connoisseur 825 ist ein leistungsf\u00e4higes und langlebiges Arbeitsger\u00e4t. Er verkraftet eine hohe t\u00e4gliche Beanspruchung und eignet sich ideal f\u00fcr umsatzstarke Gesch\u00e4fte. Wer einen relativ leisen, zuverl\u00e4ssigen Gewerbe Mixer sucht, wird hier f\u00fcndig.\u00a0<\/p>\n<p style=\"text-align: left;\">\u00a0<\/p>\n<a href=\"https:\/\/blendtec.de\/produkt\/connoisseur-825\/\" class=\"button white is-outline\" >\n\t\t<span>zum Blendtec connoisseur<\/span>\n\t<\/a>\n\n              <\/div>\n           <\/div>\n                            \n<style>\n#text-box-1480524089 {\n  width: 62%;\n}\n#text-box-1480524089 .text-box-content {\n  font-size: 100%;\n}\n@media (min-width:550px) {\n  #text-box-1480524089 {\n    width: 34%;\n  }\n}\n@media (min-width:850px) {\n  #text-box-1480524089 {\n    width: 30%;\n  }\n}\n<\/style>\n    <\/div>\n \n        <\/div>\n      <\/div>\n\n            \n<style>\n#banner-633571488 {\n  padding-top: 500px;\n}\n#banner-633571488 .overlay {\n  background-color: rgba(0, 0, 0, 0.36);\n}\n<\/style>\n  <\/div>\n\n\n\t<div id=\"gap-461451469\" class=\"gap-element clearfix\" style=\"display:block; height:auto;\">\n\t\t\n<style>\n#gap-461451469 {\n  padding-top: 30px;\n}\n<\/style>\n\t<\/div>\n\t\n\n  <div class=\"banner has-hover\" id=\"banner-1906691588\">\n          <div class=\"banner-inner fill\">\n        <div class=\"banner-bg fill\" >\n            <img loading=\"lazy\" decoding=\"async\" width=\"1020\" height=\"486\" src=\"https:\/\/blendtec.de\/wp-content\/uploads\/2019\/07\/Blendtec-Commercial-Gewerbe.jpg\" class=\"bg attachment-large size-large\" alt=\"\" \/>                        <div class=\"overlay\"><\/div>            \n                    <\/div>\n\t\t\n        <div class=\"banner-layers container\">\n            <a class=\"fill\" href=\"https:\/\/blendtec.de\/produkt\/stealth-895-nbs\/\"><div class=\"fill banner-link\"><\/div><\/a>            \n   <div id=\"text-box-76130898\" class=\"text-box banner-layer x95 md-x95 lg-x95 y50 md-y50 lg-y50 res-text\">\n                                <div class=\"text-box-content text dark\">\n              \n              <div class=\"text-inner text-left\">\n                  \n<h3 class=\"uppercase\" style=\"text-align: left;\"><span style=\"font-size: 100%;\">Blendtec<\/span><\/h3>\n<h3 class=\"uppercase\" style=\"text-align: left;\"><span style=\"font-size: 100%;\">stealth 895 NITRO<\/span><\/h3>\n<p style=\"text-align: left;\">Das Nitro Blending System (NBS) erlaub das mixen von Getr\u00e4nken direkt im Einwegbecher den Sie dem Kunden geben.\u00a0 Dies spart Zeit und kann Ihnen mehrere Zehntausend Euro an Zutaten einsparen.<\/p>\n<p style=\"text-align: left;\">Der Stealth 895 hat alle Vorz\u00fcge des Stealth 885 und kann mit allen Blendtec Beh\u00e4ltern verwendet werden sowie dem mitgelieferten NBS Beh\u00e4lter System.<\/p>\n<p style=\"text-align: left;\">\u00a0<\/p>\n<a href=\"https:\/\/blendtec.de\/produkt\/stealth-895-nbs\/\" class=\"button white is-outline\" >\n\t\t<span>zum Blendtec stealth NITRO<\/span>\n\t<\/a>\n\n              <\/div>\n           <\/div>\n                            \n<style>\n#text-box-76130898 {\n  width: 58%;\n}\n#text-box-76130898 .text-box-content {\n  font-size: 100%;\n}\n@media (min-width:550px) {\n  #text-box-76130898 {\n    width: 35%;\n  }\n}\n@media (min-width:850px) {\n  #text-box-76130898 {\n    width: 34%;\n  }\n}\n<\/style>\n    <\/div>\n \n        <\/div>\n      <\/div>\n\n            \n<style>\n#banner-1906691588 {\n  padding-top: 500px;\n}\n#banner-1906691588 .overlay {\n  background-color: rgba(0, 0, 0, 0.35);\n}\n<\/style>\n  <\/div>\n\n\n\t<div id=\"gap-1104011601\" class=\"gap-element clearfix\" style=\"display:block; height:auto;\">\n\t\t\n<style>\n#gap-1104011601 {\n  padding-top: 30px;\n}\n<\/style>\n\t<\/div>\n\t\n\n  <div class=\"banner has-hover\" id=\"banner-1821559710\">\n          <div class=\"banner-inner fill\">\n        <div class=\"banner-bg fill\" >\n            <img loading=\"lazy\" decoding=\"async\" width=\"1020\" height=\"486\" src=\"https:\/\/blendtec.de\/wp-content\/uploads\/2019\/07\/Blendtec-EZ600-2.jpg\" class=\"bg attachment-large size-large\" alt=\"\" \/>                        <div class=\"overlay\"><\/div>            \n                    <\/div>\n\t\t\n        <div class=\"banner-layers container\">\n            <a class=\"fill\" href=\"https:\/\/blendtec.de\/produkt\/ez-600\/\"><div class=\"fill banner-link\"><\/div><\/a>            \n   <div id=\"text-box-2038720662\" class=\"text-box banner-layer x95 md-x95 lg-x95 y50 md-y50 lg-y50 res-text\">\n                                <div class=\"text-box-content text dark\">\n              \n              <div class=\"text-inner text-left\">\n                  \n<h3 class=\"uppercase\" style=\"text-align: left;\">blendtec<\/h3>\n<h3 class=\"uppercase\" style=\"text-align: left;\">ez 600<\/h3>\n<p style=\"text-align: left;\">Der EZ 600 eignet sich ideal f\u00fcr Unternehmen, die ein kleines Getr\u00e4nkeangebot starten wollen oder So\u00dfen und Cremes im K\u00fcchenbereich herstellen. Drei Automatisierte Programme (Klein, Mittel &amp; Gro\u00df) stehen ihnen als Anwender zur verf\u00fcgung.\u00a0<\/p>\n<p style=\"text-align: right;\">\u00a0<\/p>\n<a href=\"https:\/\/blendtec.de\/produkt\/ez-600\/\" class=\"button white is-outline\" >\n\t\t<span>zum blendtec ez 600<\/span>\n\t<\/a>\n\n              <\/div>\n           <\/div>\n                            \n<style>\n#text-box-2038720662 {\n  width: 45%;\n}\n#text-box-2038720662 .text-box-content {\n  font-size: 100%;\n}\n@media (min-width:550px) {\n  #text-box-2038720662 {\n    width: 34%;\n  }\n}\n@media (min-width:850px) {\n  #text-box-2038720662 {\n    width: 33%;\n  }\n}\n<\/style>\n    <\/div>\n \n        <\/div>\n      <\/div>\n\n            \n<style>\n#banner-1821559710 {\n  padding-top: 500px;\n}\n#banner-1821559710 .overlay {\n  background-color: rgba(0, 0, 0, 0.38);\n}\n<\/style>\n  <\/div>\n\n\n\n\t<div id=\"gap-779703238\" class=\"gap-element clearfix\" style=\"display:block; height:auto;\">\n\t\t\n<style>\n#gap-779703238 {\n  padding-top: 30px;\n}\n<\/style>\n\t<\/div>\n\t\n\n\t<section class=\"section\" id=\"section_663223316\">\n\t\t<div class=\"section-bg fill\" >\n\t\t\t\t\t\t\t\t\t\n\t\t\t\n\n\t\t<\/div>\n\n\t\t\n\n\t\t<div class=\"section-content relative\">\n\t\t\t\n<h4 style=\"text-align: center;\"><strong><span style=\"color: #ffffff;\">Haben Sie Fragen zu unseren\u00a0<\/span><\/strong><b><span><span><span style=\"color: #ffffff;\"><span style=\"caret-color: #ffffff;\">Hochleistungsmixern?\u00a0<\/span><\/span><\/span><\/span><\/b><\/h4>\n<p style=\"text-align: center;\"><span style=\"color: #ffffff;\">W\u00fcnschen Sie eine pers\u00f6nliche Beratung zu Blendtec Gewerbe Mixern, dann rufen sie uns an. Wir finden die richtige Konfiguration f\u00fcr ihre Smoothie Bar oder ihren Coffee Shop.\u00a0<\/span><\/p>\n<h4 style=\"text-align: center;\"><strong><span style=\"color: #ffffff;\">Tel: +49 6172-948030<\/span><\/strong><\/h4>\n\t\t<\/div>\n\n\t\t\n<style>\n#section_663223316 {\n  padding-top: 30px;\n  padding-bottom: 30px;\n  background-color: rgb(109, 107, 107);\n}\n<\/style>\n\t<\/section>\n\t\n","protected":false},"excerpt":{"rendered":"","protected":false},"author":1,"featured_media":0,"parent":0,"menu_order":0,"comment_status":"closed","ping_status":"closed","template":"","meta":{"footnotes":""},"class_list":["post-5526","page","type-page","status-publish","hentry"],"_links":{"self":[{"href":"https:\/\/blendtec.de\/ch\/wp-json\/wp\/v2\/pages\/5526","targetHints":{"allow":["GET"]}}],"collection":[{"href":"https:\/\/blendtec.de\/ch\/wp-json\/wp\/v2\/pages"}],"about":[{"href":"https:\/\/blendtec.de\/ch\/wp-json\/wp\/v2\/types\/page"}],"author":[{"embeddable":true,"href":"https:\/\/blendtec.de\/ch\/wp-json\/wp\/v2\/users\/1"}],"replies":[{"embeddable":true,"href":"https:\/\/blendtec.de\/ch\/wp-json\/wp\/v2\/comments?post=5526"}],"version-history":[{"count":0,"href":"https:\/\/blendtec.de\/ch\/wp-json\/wp\/v2\/pages\/5526\/revisions"}],"wp:attachment":[{"href":"https:\/\/blendtec.de\/ch\/wp-json\/wp\/v2\/media?parent=5526"}],"curies":[{"name":"wp","href":"https:\/\/api.w.org\/{rel}","templated":true}]}}