{"id":5528,"date":"2018-12-09T11:48:36","date_gmt":"2018-12-09T11:48:36","guid":{"rendered":"https:\/\/dev.blendtec.de\/gewerbe\/"},"modified":"2020-07-04T16:11:21","modified_gmt":"2020-07-04T14:11:21","slug":"gewerbe","status":"publish","type":"page","link":"https:\/\/blendtec.de\/ch\/gewerbe\/","title":{"rendered":"Gewerbe"},"content":{"rendered":"\n  <div class=\"banner has-hover\" id=\"banner-712313157\">\n          <div class=\"banner-inner fill\">\n        <div class=\"banner-bg fill\" >\n            <img loading=\"lazy\" decoding=\"async\" width=\"995\" height=\"800\" src=\"https:\/\/blendtec.de\/wp-content\/uploads\/2020\/07\/Full-countertop-lineup-1-995x800.jpg\" class=\"bg attachment-large size-large\" alt=\"\" \/>                                    \n                    <\/div>\n\t\t\n        <div class=\"banner-layers container\">\n            <div class=\"fill banner-link\"><\/div>            \n   <div id=\"text-box-1080252295\" class=\"text-box banner-layer x50 md-x50 lg-x50 y95 md-y95 lg-y95 res-text\">\n                                <div class=\"text-box-content text \">\n              \n              <div class=\"text-inner text-center\">\n                  \n<h1>Unsere Gewerbeger\u00e4te<\/h1>\n              <\/div>\n           <\/div>\n                            \n<style>\n#text-box-1080252295 .text-box-content {\n  background-color: rgba(255, 255, 255, 0.76);\n  font-size: 100%;\n}\n#text-box-1080252295 .text-inner {\n  padding: 5% 5% % 0px;\n}\n#text-box-1080252295 {\n  width: 60%;\n}\n<\/style>\n    <\/div>\n \n        <\/div>\n      <\/div>\n\n            \n<style>\n#banner-712313157 {\n  padding-top: 500px;\n}\n<\/style>\n  <\/div>\n\n\n<div class=\"row row-box-shadow-3\"  id=\"row-1429685927\">\n\n\t<div id=\"col-372844304\" class=\"col medium-4 small-12 large-4\"  >\n\t\t\t\t<div class=\"col-inner text-center\"  >\n\t\t\t\n\t\t\t\n<h2><a href=\"\/#blender\">Blender<\/a><\/h2>\n\t\t<\/div>\n\t\t\t\t\n<style>\n#col-372844304 > .col-inner {\n  margin: 5% 5% 5% 5%;\n}\n<\/style>\n\t<\/div>\n\n\t\n\n\t<div id=\"col-147028771\" class=\"col medium-4 small-12 large-4\"  >\n\t\t\t\t<div class=\"col-inner text-center\"  >\n\t\t\t\n\t\t\t\n<h2><a href=\"\/#jars\">Beh\u00e4lter<\/a><\/h2>\n\t\t<\/div>\n\t\t\t\t\n<style>\n#col-147028771 > .col-inner {\n  margin: 5% 5% 5% 5%;\n}\n<\/style>\n\t<\/div>\n\n\t\n\n\t<div id=\"col-622945293\" class=\"col medium-4 small-12 large-4\"  >\n\t\t\t\t<div class=\"col-inner text-center\"  >\n\t\t\t\n\t\t\t\n<h2><a href=\"\/#accessories\">Zubeh\u00f6r<\/a><\/h2>\n\t\t<\/div>\n\t\t\t\t\n<style>\n#col-622945293 > .col-inner {\n  margin: 5% 5% 5% 5%;\n}\n<\/style>\n\t<\/div>\n\n\t\n<\/div>\n<span class=\"scroll-to\" data-label=\"Scroll to: #blender\" data-bullet=\"true\" data-link=\"#blender\" data-title=\"Blender\"><a name=\"blender\"><\/a><\/span>\n\n  <div class=\"banner has-hover\" id=\"banner-1443133003\">\n          <div class=\"banner-inner fill\">\n        <div class=\"banner-bg fill\" >\n            <img loading=\"lazy\" decoding=\"async\" width=\"1020\" height=\"425\" src=\"https:\/\/blendtec.de\/wp-content\/uploads\/2018\/12\/ez-600-header.jpg\" class=\"bg attachment-large size-large\" alt=\"\" \/>                        <div class=\"overlay\"><\/div>            \n                    <\/div>\n\t\t\n        <div class=\"banner-layers container\">\n            <div class=\"fill banner-link\"><\/div>            \n   <div id=\"text-box-7878765\" class=\"text-box banner-layer x5 md-x5 lg-x5 y50 md-y50 lg-y50 res-text\">\n                                <div class=\"text-box-content text \">\n              \n              <div class=\"text-inner text-left\">\n                  \n<h2 class=\"uppercase\"><strong>EZ 600<\/strong><\/h2>\n<h3>Der Ideale Einsteiger<\/h3>\n<p>Der EZ 600 eignet sich ideal f\u00fcr Unternehmen, die ein Getr\u00e4nkeangebot starten wollen. Dies ist die preisg\u00fcnstige L\u00f6sung mit der Leistung und Qualit\u00e4t von Blendtec.\u00a0 Drei Automatisierte Programme (Klein, Mittel &amp; Gro\u00df)<\/p>\n<a href=\"\/produkt\/ez-600\/\" class=\"button primary\" >\n\t\t<span>EZ 600<\/span>\n\t<\/a>\n\n              <\/div>\n           <\/div>\n                            \n<style>\n#text-box-7878765 {\n  width: 60%;\n}\n#text-box-7878765 .text-box-content {\n  font-size: 100%;\n}\n@media (min-width:550px) {\n  #text-box-7878765 {\n    width: 51%;\n  }\n}\n<\/style>\n    <\/div>\n \n        <\/div>\n      <\/div>\n\n            \n<style>\n#banner-1443133003 {\n  padding-top: 500px;\n  background-color: rgb(255, 255, 255);\n}\n#banner-1443133003 .overlay {\n  background-color: rgba(190, 190, 190, 0.2);\n}\n#banner-1443133003 .banner-bg img {\n  object-position: 50% 0%;\n}\n<\/style>\n  <\/div>\n\n\n\n  <div class=\"banner has-hover\" id=\"banner-1546952295\">\n          <div class=\"banner-inner fill\">\n        <div class=\"banner-bg fill\" >\n            <img loading=\"lazy\" decoding=\"async\" width=\"1020\" height=\"425\" src=\"https:\/\/blendtec.de\/wp-content\/uploads\/2018\/12\/825-header.jpg\" class=\"bg attachment-large size-large\" alt=\"\" \/>                        <div class=\"overlay\"><\/div>            \n                    <\/div>\n\t\t\n        <div class=\"banner-layers container\">\n            <div class=\"fill banner-link\"><\/div>            \n   <div id=\"text-box-212724949\" class=\"text-box banner-layer x5 md-x95 lg-x95 y15 md-y15 lg-y10 res-text\">\n                                <div class=\"text-box-content text dark\">\n              \n              <div class=\"text-inner text-right\">\n                  \n<h2 class=\"uppercase\"><strong>Connoisseur 825<\/strong><\/h2>\n<h3>Gro\u00dfes Volumen, leiser Betrieb<\/h3>\n<p>Der Connoisseur 825 ist ein leistungsf\u00e4higes und langlebiges Arbeitsger\u00e4t. Er verkraftet eine hohe t\u00e4gliche Beanspruchung und eignet sich ideal f\u00fcr umsatzstarke Gesch\u00e4fte.<\/p>\n<p>Die Schallschutzhaube macht den Connoisseur 825 perfekt f\u00fcr \u00fcberall wo Ger\u00e4usche minimiert werden sollen.<\/p>\n<a href=\"\/produkt\/connoisseur-825\/\" class=\"button primary\" >\n\t\t<span>Connoisseur 825<\/span>\n\t<\/a>\n\n              <\/div>\n           <\/div>\n                            \n<style>\n#text-box-212724949 {\n  width: 60%;\n}\n#text-box-212724949 .text-box-content {\n  font-size: 100%;\n}\n@media (min-width:550px) {\n  #text-box-212724949 {\n    width: 58%;\n  }\n}\n@media (min-width:850px) {\n  #text-box-212724949 {\n    width: 49%;\n  }\n}\n<\/style>\n    <\/div>\n \n        <\/div>\n      <\/div>\n\n            \n<style>\n#banner-1546952295 {\n  padding-top: 650px;\n}\n#banner-1546952295 .overlay {\n  background-color: rgba(0, 0, 0, 0.31);\n}\n#banner-1546952295 .banner-bg img {\n  object-position: 47% 2%;\n}\n@media (min-width:550px) {\n  #banner-1546952295 {\n    padding-top: 600px;\n  }\n}\n<\/style>\n  <\/div>\n\n\n\n  <div class=\"banner has-hover\" id=\"banner-1531739425\">\n          <div class=\"banner-inner fill\">\n        <div class=\"banner-bg fill\" >\n            <img loading=\"lazy\" decoding=\"async\" width=\"1000\" height=\"500\" src=\"https:\/\/blendtec.de\/wp-content\/uploads\/2018\/12\/Stealth-885-header.jpg\" class=\"bg attachment-large size-large\" alt=\"\" \/>                        <div class=\"overlay\"><\/div>            \n                    <\/div>\n\t\t\n        <div class=\"banner-layers container\">\n            <div class=\"fill banner-link\"><\/div>            \n   <div id=\"text-box-1330241487\" class=\"text-box banner-layer x5 md-x5 lg-x5 y50 md-y50 lg-y50 res-text\">\n                                <div class=\"text-box-content text dark\">\n              \n              <div class=\"text-inner text-left\">\n                  \n<h2 class=\"uppercase\"><strong>Stealth 885<\/strong><\/h2>\n<h3>Das ultimative Mix-Erlebnis<\/h3>\n<p>Die Ultimative Schallschutzhaube &amp; Schwingender Motor machen den Stealth 885 um ein vielfaches Leiser als den Connoisseur 825.<\/p>\n<a href=\"\/produkt\/stealth-885\" class=\"button primary\" >\n\t\t<span>Stealth 885<\/span>\n\t<\/a>\n\n              <\/div>\n           <\/div>\n                            \n<style>\n#text-box-1330241487 {\n  width: 60%;\n}\n#text-box-1330241487 .text-box-content {\n  font-size: 100%;\n}\n@media (min-width:550px) {\n  #text-box-1330241487 {\n    width: 52%;\n  }\n}\n<\/style>\n    <\/div>\n \n        <\/div>\n      <\/div>\n\n            \n<style>\n#banner-1531739425 {\n  padding-top: 500px;\n  background-color: rgb(255, 255, 255);\n}\n#banner-1531739425 .overlay {\n  background-color: rgba(190, 190, 190, 0.2);\n}\n#banner-1531739425 .banner-bg img {\n  object-position: 45% 0%;\n}\n<\/style>\n  <\/div>\n\n\n\n  <div class=\"banner has-hover\" id=\"banner-24483984\">\n          <div class=\"banner-inner fill\">\n        <div class=\"banner-bg fill\" >\n            <img loading=\"lazy\" decoding=\"async\" width=\"1000\" height=\"500\" src=\"https:\/\/blendtec.de\/wp-content\/uploads\/2018\/12\/stealth-895-header.jpg\" class=\"bg attachment-large size-large\" alt=\"\" \/>                        <div class=\"overlay\"><\/div>            \n                    <\/div>\n\t\t\n        <div class=\"banner-layers container\">\n            <div class=\"fill banner-link\"><\/div>            \n   <div id=\"text-box-836338380\" class=\"text-box banner-layer x5 md-x5 lg-x5 y50 md-y50 lg-y50 res-text\">\n                                <div class=\"text-box-content text dark\">\n              \n              <div class=\"text-inner text-left\">\n                  \n<h2 class=\"uppercase\"><strong>Stealth 895 NBS<\/strong><\/h2>\n<h3>Nitro Blending System<\/h3>\n<p>Der Stealth 895 hat alle Vorz\u00fcge desStealth 885 und kann mit allen Blendtec Beh\u00e4ltern verwendet werden sowie dem mitgelieferten NBS Beh\u00e4lter System.<\/p>\n<p>Das Nitro Blending System erlaub das mixen von Getr\u00e4nken direkt im Einwegbecher den Sie dem Kunden geben.\u00a0 Dies spart Zeit und kann Ihnen mehrere Zehntausend Euro an Zutaten einsparen.<\/p>\n<a href=\"\/produkt\/stealth-895-nbs\" class=\"button primary\" >\n\t\t<span>Stealth 895<\/span>\n\t<\/a>\n\n              <\/div>\n           <\/div>\n                            \n<style>\n#text-box-836338380 {\n  width: 60%;\n}\n#text-box-836338380 .text-box-content {\n  font-size: 100%;\n}\n@media (min-width:550px) {\n  #text-box-836338380 {\n    width: 52%;\n  }\n}\n<\/style>\n    <\/div>\n \n        <\/div>\n      <\/div>\n\n            \n<style>\n#banner-24483984 {\n  padding-top: 500px;\n  background-color: rgb(255, 255, 255);\n}\n#banner-24483984 .overlay {\n  background-color: rgba(190, 190, 190, 0.2);\n}\n#banner-24483984 .banner-bg img {\n  object-position: 45% 0%;\n}\n<\/style>\n  <\/div>\n\n\n<span class=\"scroll-to\" data-label=\"Scroll to: #jars\" data-bullet=\"true\" data-link=\"#jars\" data-title=\"Beh\u00e4lter\"><a name=\"jars\"><\/a><\/span>\n<div class=\"row row-box-shadow-3 row-box-shadow-5-hover\"  id=\"row-2121708647\">\n\n\t<div id=\"col-701816340\" class=\"col medium-4 small-12 large-4\"  >\n\t\t\t\t<div class=\"col-inner text-center\"  >\n\t\t\t\n\t\t\t\n\t<div class=\"box has-hover   has-hover box-text-bottom\" >\n\n\t\t<div class=\"box-image\" >\n\t\t\t\t\t\t<div class=\"\" >\n\t\t\t\t<img loading=\"lazy\" decoding=\"async\" width=\"1500\" height=\"1467\" src=\"https:\/\/blendtec.de\/wp-content\/uploads\/2018\/12\/81xdNk8z-ZL._SL1500_.jpg\" class=\"attachment- size-\" alt=\"\" srcset=\"https:\/\/blendtec.de\/wp-content\/uploads\/2018\/12\/81xdNk8z-ZL._SL1500_.jpg 1500w, https:\/\/blendtec.de\/wp-content\/uploads\/2018\/12\/81xdNk8z-ZL._SL1500_-510x499.jpg 510w, https:\/\/blendtec.de\/wp-content\/uploads\/2018\/12\/81xdNk8z-ZL._SL1500_-409x400.jpg 409w, https:\/\/blendtec.de\/wp-content\/uploads\/2018\/12\/81xdNk8z-ZL._SL1500_-768x751.jpg 768w, https:\/\/blendtec.de\/wp-content\/uploads\/2018\/12\/81xdNk8z-ZL._SL1500_-818x800.jpg 818w, https:\/\/blendtec.de\/wp-content\/uploads\/2018\/12\/81xdNk8z-ZL._SL1500_-500x489.jpg 500w\" sizes=\"auto, (max-width: 1500px) 100vw, 1500px\" \/>\t\t\t\t\t\t\t\t\t\t\t<\/div>\n\t\t\t\t\t<\/div>\n\n\t\t<div class=\"box-text text-center\" >\n\t\t\t<div class=\"box-text-inner\">\n\t\t\t\t\n<p>\u00a0<\/p>\n<h4>Unsere Standard Beh\u00e4lter<\/h4>\n<p>Der FourSide Jar (2.2 L) sowie WildSide+ (2.6 L) sind mit allen Blendtec Gewerbemixern Kompatibel.<\/p>\n\t\t\t<\/div>\n\t\t<\/div>\n\t<\/div>\n\t\n<a href=\"\/produkt\/fourside-jar-gewerbe\/\" class=\"button primary\" >\n\t\t<span>FourSide<\/span>\n\t<\/a>\n\n<a href=\"\/produkt\/wildside-jar-gewerbe\/\" class=\"button primary\" >\n\t\t<span>WildSide+<\/span>\n\t<\/a>\n\n\t\t<\/div>\n\t\t\t\t\t<\/div>\n\n\t\n\n\t<div id=\"col-124144080\" class=\"col medium-4 small-12 large-4\"  >\n\t\t\t\t<div class=\"col-inner\"  >\n\t\t\t\n\t\t\t\n\t<div class=\"box has-hover   has-hover box-text-bottom\" >\n\n\t\t<div class=\"box-image\" >\n\t\t\t\t\t\t<div class=\"\" >\n\t\t\t\t<img loading=\"lazy\" decoding=\"async\" width=\"400\" height=\"397\" src=\"https:\/\/blendtec.de\/wp-content\/uploads\/2018\/12\/lighter-1-1.png\" class=\"attachment- size-\" alt=\"\" srcset=\"https:\/\/blendtec.de\/wp-content\/uploads\/2018\/12\/lighter-1-1.png 400w, https:\/\/blendtec.de\/wp-content\/uploads\/2018\/12\/lighter-1-1-100x100.png 100w\" sizes=\"auto, (max-width: 400px) 100vw, 400px\" \/>\t\t\t\t\t\t\t\t\t\t\t<\/div>\n\t\t\t\t\t<\/div>\n\n\t\t<div class=\"box-text text-center\" >\n\t\t\t<div class=\"box-text-inner\">\n\t\t\t\t\n<p>\u00a0<\/p>\n<h4>Kaltschaum Beh\u00e4lter<\/h4>\n<p>In nur 18 Sekunden Magermilch zu festen Schaum wandeln f\u00fcr Eis-Cappuccino oder Schaum Kreationen in High-End Restaurants.<\/p>\n<a href=\"\/produkt\/blendtec-frothing-kaltschaum-jar\/\" class=\"button primary\" >\n\t\t<span>Frothing Jar<\/span>\n\t<\/a>\n\n\t\t\t<\/div>\n\t\t<\/div>\n\t<\/div>\n\t\n\t\t<\/div>\n\t\t\t\t\t<\/div>\n\n\t\n\n\t<div id=\"col-780885571\" class=\"col medium-4 small-12 large-4\"  >\n\t\t\t\t<div class=\"col-inner\"  >\n\t\t\t\n\t\t\t\n\t<div class=\"box has-hover   has-hover box-text-bottom\" >\n\n\t\t<div class=\"box-image\" >\n\t\t\t\t\t\t<div class=\"\" >\n\t\t\t\t\t\t\t\t\t\t\t\t\t\t\t<\/div>\n\t\t\t\t\t<\/div>\n\n\t\t<div class=\"box-text text-center\" >\n\t\t\t<div class=\"box-text-inner\">\n\t\t\t\t\n<p>\u00a0<\/p>\n<h4>Rebel Jar f\u00fcr Vitamix Mixer<\/h4>\n<p>Wenn Sie einen Vitamix* Hochleistungsmixer besitzen, jedoch die Mischleistung des WildSide+ Jars genie\u00dfen wollen haben wir die L\u00f6sung.<\/p>\n<a href=\"\/produkt\/rebel-jar-behaelter-fuer-vitamix\/\" class=\"button primary\" >\n\t\t<span>Rebel Jar<\/span>\n\t<\/a>\n\n\t\t\t<\/div>\n\t\t<\/div>\n\t<\/div>\n\t\n\t\t<\/div>\n\t\t\t\t\t<\/div>\n\n\t\n<\/div>\n<p>*Vitamix ist eine eingetragene Marke der Vitamix Corporation.<\/p>\n<span class=\"scroll-to\" data-label=\"Scroll to: #accessories\" data-bullet=\"true\" data-link=\"#accessories\" data-title=\"Zubeh\u00f6r\"><a name=\"accessories\"><\/a><\/span>\n\n\t<section class=\"section\" id=\"section_2053551860\">\n\t\t<div class=\"section-bg fill\" >\n\t\t\t\t\t\t\t\t\t<div class=\"section-bg-overlay absolute fill\"><\/div>\n\t\t\t\n\n\t\t<\/div>\n\n\t\t\n\n\t\t<div class=\"section-content relative\">\n\t\t\t\n<div class=\"row row-collapse row-full-width align-middle\"  id=\"row-614854030\">\n\n\t<div id=\"col-2101465334\" class=\"col medium-4 small-12 large-4\"  >\n\t\t\t\t<div class=\"col-inner\"  >\n\t\t\t\n\t\t\t\n\t<div class=\"img has-hover x md-x lg-x y md-y lg-y\" id=\"image_2087996392\">\n\t\t\t\t\t\t\t\t<div class=\"img-inner dark\" >\n\t\t\t<img loading=\"lazy\" decoding=\"async\" width=\"650\" height=\"650\" src=\"https:\/\/blendtec.de\/wp-content\/uploads\/2018\/12\/Rapid-Rinser-single.jpg\" class=\"attachment-large size-large\" alt=\"\" srcset=\"https:\/\/blendtec.de\/wp-content\/uploads\/2018\/12\/Rapid-Rinser-single.jpg 650w, https:\/\/blendtec.de\/wp-content\/uploads\/2018\/12\/Rapid-Rinser-single-100x100.jpg 100w, https:\/\/blendtec.de\/wp-content\/uploads\/2018\/12\/Rapid-Rinser-single-510x510.jpg 510w, https:\/\/blendtec.de\/wp-content\/uploads\/2018\/12\/Rapid-Rinser-single-280x280.jpg 280w, https:\/\/blendtec.de\/wp-content\/uploads\/2018\/12\/Rapid-Rinser-single-400x400.jpg 400w, https:\/\/blendtec.de\/wp-content\/uploads\/2018\/12\/Rapid-Rinser-single-500x500.jpg 500w\" sizes=\"auto, (max-width: 650px) 100vw, 650px\" \/>\t\t\t\t\t\t\n\t\t\t\t\t<\/div>\n\t\t\t\t\t\t\t\t\n<style>\n#image_2087996392 {\n  width: 100%;\n}\n<\/style>\n\t<\/div>\n\t\n\t\t<\/div>\n\t\t\t\t\t<\/div>\n\n\t\n\n\t<div id=\"col-1968119036\" class=\"col medium-4 small-12 large-4\"  >\n\t\t\t\t<div class=\"col-inner text-center\"  >\n\t\t\t\n\t\t\t\n<h2>Rapid Rinser System<\/h2>\n<p>Beh\u00e4lter in weniger als 7 Sekunden reinigen.<br \/>Verf\u00fcgbar als einzelner Rapid Rinser, oder komplette &#8218;Rapid Rinser Station&#8216; mit integriertem Abwasserablauf.<\/p>\n<a href=\"\/produkt\/rapid-rinser\/\" class=\"button primary\" >\n\t\t<span>Rapid Rinser<\/span>\n\t<\/a>\n\n\t\t<\/div>\n\t\t\t\t\n<style>\n#col-1968119036 > .col-inner {\n  padding: 10% 10% 10% 10%;\n  max-width: 520px;\n}\n<\/style>\n\t<\/div>\n\n\t\n\n\t<div id=\"col-130478889\" class=\"col medium-4 small-12 large-4\"  >\n\t\t\t\t<div class=\"col-inner\"  >\n\t\t\t\n\t\t\t\n\t<div class=\"img has-hover x md-x lg-x y md-y lg-y\" id=\"image_1810373499\">\n\t\t\t\t\t\t\t\t<div class=\"img-inner dark\" >\n\t\t\t<img loading=\"lazy\" decoding=\"async\" width=\"700\" height=\"700\" src=\"https:\/\/blendtec.de\/wp-content\/uploads\/2018\/12\/Rapid_Rinser_Station.jpg\" class=\"attachment-large size-large\" alt=\"\" srcset=\"https:\/\/blendtec.de\/wp-content\/uploads\/2018\/12\/Rapid_Rinser_Station.jpg 700w, https:\/\/blendtec.de\/wp-content\/uploads\/2018\/12\/Rapid_Rinser_Station-100x100.jpg 100w, https:\/\/blendtec.de\/wp-content\/uploads\/2018\/12\/Rapid_Rinser_Station-510x510.jpg 510w, https:\/\/blendtec.de\/wp-content\/uploads\/2018\/12\/Rapid_Rinser_Station-280x280.jpg 280w, https:\/\/blendtec.de\/wp-content\/uploads\/2018\/12\/Rapid_Rinser_Station-400x400.jpg 400w, https:\/\/blendtec.de\/wp-content\/uploads\/2018\/12\/Rapid_Rinser_Station-500x500.jpg 500w\" sizes=\"auto, (max-width: 700px) 100vw, 700px\" \/>\t\t\t\t\t\t\n\t\t\t\t\t<\/div>\n\t\t\t\t\t\t\t\t\n<style>\n#image_1810373499 {\n  width: 100%;\n}\n<\/style>\n\t<\/div>\n\t\n\t\t<\/div>\n\t\t\t\t\t<\/div>\n\n\t\n<\/div>\n\t\t<\/div>\n\n\t\t\n<style>\n#section_2053551860 {\n  padding-top: 0px;\n  padding-bottom: 0px;\n  background-color: rgb(247, 247, 247);\n}\n#section_2053551860 .section-bg-overlay {\n  background-color: rgba(255, 255, 255, 0.85);\n}\n<\/style>\n\t<\/section>\n\t\n","protected":false},"excerpt":{"rendered":"<p>*Vitamix ist eine eingetragene Marke der Vitamix Corporation.<\/p>\n","protected":false},"author":1,"featured_media":0,"parent":0,"menu_order":0,"comment_status":"closed","ping_status":"closed","template":"","meta":{"footnotes":""},"class_list":["post-5528","page","type-page","status-publish","hentry"],"_links":{"self":[{"href":"https:\/\/blendtec.de\/ch\/wp-json\/wp\/v2\/pages\/5528","targetHints":{"allow":["GET"]}}],"collection":[{"href":"https:\/\/blendtec.de\/ch\/wp-json\/wp\/v2\/pages"}],"about":[{"href":"https:\/\/blendtec.de\/ch\/wp-json\/wp\/v2\/types\/page"}],"author":[{"embeddable":true,"href":"https:\/\/blendtec.de\/ch\/wp-json\/wp\/v2\/users\/1"}],"replies":[{"embeddable":true,"href":"https:\/\/blendtec.de\/ch\/wp-json\/wp\/v2\/comments?post=5528"}],"version-history":[{"count":0,"href":"https:\/\/blendtec.de\/ch\/wp-json\/wp\/v2\/pages\/5528\/revisions"}],"wp:attachment":[{"href":"https:\/\/blendtec.de\/ch\/wp-json\/wp\/v2\/media?parent=5528"}],"curies":[{"name":"wp","href":"https:\/\/api.w.org\/{rel}","templated":true}]}}