{"id":5544,"date":"2018-11-22T19:44:49","date_gmt":"2018-11-22T19:44:49","guid":{"rendered":"https:\/\/dev.blendtec.de\/ruecknahmegarantie\/"},"modified":"2020-12-14T14:15:38","modified_gmt":"2020-12-14T13:15:38","slug":"ruecknahmegarantie","status":"publish","type":"page","link":"https:\/\/blendtec.de\/ch\/ruecknahmegarantie\/","title":{"rendered":"R\u00fccknahmegarantie"},"content":{"rendered":"<h2>Versandkosten<\/h2>\n<p>Bestellungen \u00fcber 100 \u20ac sind f\u00fcr den kostenlosen Versand innerhalb von Deutschland berechtigt.<\/p>\n<h2>R\u00fccknahmegarantie<\/h2>\n<p>Ihre 14 T\u00e4giges Widerrufsrecht bleibt durch unsere zus\u00e4tzliche R\u00fccknahmegarantie nat\u00fcrlich unber\u00fchrt.<br \/>Dank des Z\u00e4hlwerkes im Display von jedem Blendtec-Mixer k\u00f6nnen Sie immer sehen was f\u00fcr eine Super Investition Ihr Blendtec ist. Aufgrund unserer hohen Qualit\u00e4t und fantastischen Leistung bieten wir Ihnen gerne einen risikofreien 30-Tage-Testzeitraum f\u00fcr zu Hause an. Kundenzufriedenheit ist f\u00fcr uns sehr wichtig, und wenn Sie nicht vollst\u00e4ndig zufrieden sind, senden Sie Ihre Bestellung einfach innerhalb von 30 Tagen zur\u00fcck, um eine vollst\u00e4ndige R\u00fcckerstattung zu erhalten.\u00a0 Die R\u00fccknahmegarantie greift nicht bei Gewerbekunden, Gewerbemixern oder Nutzung der Haushaltsger\u00e4te f\u00fcr Veranstaltungen und sonstigen Gewerblichen oder gewerbe\u00e4hnlichen Aktivit\u00e4ten.<\/p>\n<h2>Erweiterte R\u00fccknahmegarantie<\/h2>\n<p>Wenn Sie Ihren Blendtec-Mixer nach Ablauf der 30-t\u00e4gigen Testphase zur\u00fccksenden m\u00f6chten (Ideal f\u00fcr Studenten, Wohngemeinschaften, US Armed Forces etc), wird eine R\u00fccknahmegeb\u00fchr + 15 \u20ac Versandkosten erhoben. Um einen Blendtec-Mixer oder ein anderes von unserer Website erworbenes Produkt zur\u00fcckzugeben, ben\u00f6tigen Sie eine Retouren-ID (RMA). Um diese Retouren-ID zu erhalten, kontaktieren Sie uns bitte per Telefon, E-Mail oder Online-Chat. Sie erhalten von unserem Support-Team ein Retourenlabel per E-Mail. Sie m\u00fcssen Ihr Paket dann nur noch in einer DHL Filiale abgeben. R\u00fccksendungen werden entweder auf die gleiche Weise wie die urspr\u00fcngliche Zahlung erstattet oder, falls nicht m\u00f6glich, per \u00dcberweisung.<\/p>\n<h4><strong>R\u00fccknahmegeb\u00fchr:<\/strong><\/h4>\n<p>R\u00fcckgabe des Produkts zwischen:<\/p>\n<ul>\n<li>30 Tage &#8211; 90 Tage (max. 180 Zyklen)<br \/>Die R\u00fccknahmegeb\u00fchr betr\u00e4gt 20% des Kaufpreises * + 15 \u20ac Versand<\/li>\n<li>91 Tage &#8211; 6 Monate (max. 365 Zyklen)<br \/>Die R\u00fccknahmegeb\u00fchr betr\u00e4gt 30% des Kaufpreises* + 15 \u20ac Versand<\/li>\n<li>6 Monate &#8211; 1 Jahr (max. 750 Zyklen)<br \/>Die R\u00fccknahmegeb\u00fchr betr\u00e4gt 40% des Kaufpreises* + 15 \u20ac Versand<\/li>\n<li>1+ Jahre (750+ Zyklen)<br \/>Bitte kontaktieren Sie uns f\u00fcr ein Individuelles Angebot.<\/li>\n<\/ul>\n<p>Sie k\u00f6nnen egal wann ihren aktuellen Blendtec Blender einsenden und als Teilzahlung nutzen f\u00fcr ein neuen Blendec Blender &#8211; egal in was f\u00fcr einem Zustand dieser sich befindet.<\/p>\n<p>*Als &#171;Kaufpreis&#187; wird der niedrigere Wert vom &#8218;damaligen Verkaufspreis&#8216; sowie &#8218;aktuellem Verkaufspreis&#8216; genutzt.<\/p>\n","protected":false},"excerpt":{"rendered":"<p>Versandkosten Bestellungen \u00fcber 100 \u20ac sind f\u00fcr den kostenlosen Versand innerhalb von Deutschland berechtigt. R\u00fccknahmegarantie Ihre 14 T\u00e4giges Widerrufsrecht bleibt durch unsere zus\u00e4tzliche R\u00fccknahmegarantie nat\u00fcrlich unber\u00fchrt.Dank des Z\u00e4hlwerkes im Display von jedem Blendtec-Mixer k\u00f6nnen Sie immer sehen was f\u00fcr eine Super Investition Ihr Blendtec ist. Aufgrund unserer hohen Qualit\u00e4t und fantastischen Leistung bieten wir Ihnen [&#8230;]\n","protected":false},"author":1,"featured_media":0,"parent":0,"menu_order":1,"comment_status":"closed","ping_status":"closed","template":"","meta":{"footnotes":""},"class_list":["post-5544","page","type-page","status-publish","hentry"],"_links":{"self":[{"href":"https:\/\/blendtec.de\/ch\/wp-json\/wp\/v2\/pages\/5544","targetHints":{"allow":["GET"]}}],"collection":[{"href":"https:\/\/blendtec.de\/ch\/wp-json\/wp\/v2\/pages"}],"about":[{"href":"https:\/\/blendtec.de\/ch\/wp-json\/wp\/v2\/types\/page"}],"author":[{"embeddable":true,"href":"https:\/\/blendtec.de\/ch\/wp-json\/wp\/v2\/users\/1"}],"replies":[{"embeddable":true,"href":"https:\/\/blendtec.de\/ch\/wp-json\/wp\/v2\/comments?post=5544"}],"version-history":[{"count":0,"href":"https:\/\/blendtec.de\/ch\/wp-json\/wp\/v2\/pages\/5544\/revisions"}],"wp:attachment":[{"href":"https:\/\/blendtec.de\/ch\/wp-json\/wp\/v2\/media?parent=5544"}],"curies":[{"name":"wp","href":"https:\/\/api.w.org\/{rel}","templated":true}]}}