{"id":5574,"date":"2018-11-19T17:10:12","date_gmt":"2018-11-19T17:10:12","guid":{"rendered":"https:\/\/dev.blendtec.de\/behaelter-tiefenreinigung\/"},"modified":"2018-11-19T17:10:12","modified_gmt":"2018-11-19T17:10:12","slug":"behaelter-tiefenreinigung","status":"publish","type":"page","link":"https:\/\/blendtec.de\/ch\/behaelter-tiefenreinigung\/","title":{"rendered":"Beh\u00e4lter &#8211; Tiefenreinigung"},"content":{"rendered":"<p><img decoding=\"async\" class=\" size-full wp-image-134\" style=\"display: block; margin-left: auto; margin-right: auto;\" src=\"https:\/\/blendtec.de\/wp-content\/uploads\/2017\/01\/deep-clean.jpg\" alt=\"deep clean\" width=\"60%\" height=\"NaN\" \/><\/p>\n<p>&nbsp;<\/p>\n<header class=\"single-post--header\" style=\"color: #6d6f72; font-family: proxima_nova_ltlight, sans-serif; font-size: 14px;\">\n<h1 class=\"single-post--title\" style=\"font-size: 2.4rem; margin: 30px 0px 20px; color: #6d6f72; font-weight: lighter; font-family: DINWeb-Bold, sans-serif; line-height: 2.6rem;\">So reinigen Sie Ihren Beh\u00e4lter gr\u00fcndlich<\/h1>\n<p style=\"font-family: proxima_nova_ltlight, sans-serif; font-size: 15.12px; line-height: 1.45rem; color: #6d6f72;\">W\u00e4hrend Blendtec-Beh\u00e4lter sich fast selbst reinigen, will man nat\u00fcrlich diese, wie Weingl\u00e4ser, polieren und Gl\u00e4nzen sehen.<\/p>\n<p style=\"font-family: proxima_nova_ltlight, sans-serif; font-size: 15.12px; line-height: 1.45rem; color: #6d6f72;\">In der Regel f\u00fcgen zur Reinigung einfach ein wenig Wasser und <strong>einen Tropfen<\/strong> Sp\u00fclmittel hinzu (beachten Sie die Worte \u201eein Tropfen\u201c) und setze den Beh\u00e4lter mit dem Deckel wieder auf den Mixer-Motorblock. Dr\u00fccke ein paar Mal auf \u201ePulse\u201c, lass das Seifenwasser abfallen, sp\u00fcle das Gef\u00e4\u00df unter flie\u00dfendem Leitungswasser ab und stell den Beh\u00e4lter auf dem Kopfstehend auf\u00a0ein Geschirrtuch um den Beh\u00e4lter an der Luft zu trocknen. Das Wasser l\u00e4uft mit Hilfe der kleinen Abflussl\u00f6cher am Boden des Beh\u00e4lters aus dem Fu\u00df vom Beh\u00e4lter. Der Schwerkraft sei Dank! (Und danke an die Ingenieure!)<\/p>\n<p>&nbsp;<\/p>\n<p><img loading=\"lazy\" decoding=\"async\" class=\" size-full wp-image-135\" style=\"display: block; margin-left: auto; margin-right: auto;\" src=\"https:\/\/blendtec.de\/wp-content\/uploads\/2017\/01\/soapdrop.jpg\" alt=\"soapdrop\" width=\"300\" height=\"247\" \/><\/p>\n<p>&nbsp;<\/p>\n<p style=\"font-family: proxima_nova_ltlight, sans-serif; font-size: 15.12px; line-height: 1.45rem; color: #6d6f72;\">Wenn Sie den Twister Jar haben, k\u00f6nnen alle Zutaten mit dem Spectacula-Spatel ganz einfach heraus bekommen.\u00a0 Setze danach den Twister Jar mit dem Twister Deckel wieder auf die Mixer-Motorbasis und dr\u00fccke kurz die \u201ePulse\u201c Taste. Dadurch werden die restlichen klebrigen Zutaten, die sich unter der Klinge festgeklammert haben, an die Seitenw\u00e4nde vom Beh\u00e4lter geworfen. Kratze den Beh\u00e4lter erneut mit dem Spectacula aus und geben ein paar Essl\u00f6ffel Wasser und einen Tropfen Sp\u00fclmittel in den Beh\u00e4lter. Dr\u00fccke die Pulse-Taste und sp\u00fcle anschlie\u00dfend unter flie\u00dfendem Wasser den Beh\u00e4lter aus. Wenn der Beh\u00e4lter nicht wie gew\u00fcnscht sauber ist, stellen den Beh\u00e4lter auf die oberste Etage im Geschirrsp\u00fcler.<\/p>\n<p style=\"font-family: proxima_nova_ltlight, sans-serif; font-size: 15.12px; line-height: 1.45rem; color: #6d6f72;\">Hier sind einige weitere Tipps zum Entfernen von Flecken aus dem Beh\u00e4lter:<\/p>\n<ul style=\"color: #6d6f72; font-family: proxima_nova_ltlight, sans-serif; font-size: 15.12px;\">\n<li>Saft von 1 Zitrone, 2-3 EL Backpulver und etwas Wasser. 60 Sekunden lang auf der h\u00f6chsten Geschwindigkeit mixen und\u00a0danach mit einem nicht kratzenden Schwamm den Beh\u00e4lter schrubben.<\/li>\n<li>Essig mit Backpulver (und etwas Wasser) gemischt funktioniert ebenfalls.\u00a0 60 Sekunden lang auf der h\u00f6chsten Geschwindigkeit mixen und\u00a0danach mit einem nicht kratzenden Schwamm den Beh\u00e4lter schrubben<\/li>\n<li>1-2 Essl\u00f6ffel pulver-Geschirrsp\u00fclmittel in 1-2 Tassen hei\u00dfem Wasser aufl\u00f6sen und dann 1 Stunde im Beh\u00e4lter ziehen lassen. Dann mit einem kratzfreien Schwamm abreiben.<\/li>\n<li>Um Ger\u00fcche zu bekommen, mahlen Sie einfach eine Zitrone.<\/li>\n<li>Sechs Spritzer Bleichmittel in den Beh\u00e4lter geben und nach ca. 5 Minuten den Beh\u00e4lter gut aussp\u00fclen<\/li>\n<li>Zitronens\u00e4ure kann als Sp\u00fclmittelzusatz verwendet werden. Zitronens\u00e4ure entfernt in Kombination mit Ihrem Standard-Geschirrsp\u00fclmittel hartes Wasser, Flecken und Filme w\u00e4hrend des Hauptwaschgangs.<\/li>\n<li>Proteinpulverablag &#8211; Zitronens\u00e4ure hilft auch beim Proteinpulver. Lassen Sie den Beh\u00e4lter 20 Minuten mit etwas Zitronens\u00e4ure-Pulver einweichen.<\/li>\n<\/ul>\n<p><span style=\"color: #6d6f72; font-family: proxima_nova_ltlight, sans-serif; font-size: 14px;\">Diese L\u00f6sungen helfen, harte Wasserflecken zu entfernen. Da Blendtec-Beh\u00e4lter aus einem Copolyester hergestellt werden, kann es bei einer chemischen Wechselwirkung mit einigen Reinigern oder einem \u00d6len (beispielsweise einem \u00e4therischen \u00d6), zu sehr kleine und feine Materialrissen kommen. Risse k\u00f6nnen als bew\u00f6lkter Nebel oder winzige Risse erscheinen. Diese Effekte sind nur kosmetisch und der Beh\u00e4lter kann trotzdem problemlos verwendet werden. Es gibt keine L\u00f6sung zum Entfernen von Rissen. Weitere Informationen zum Thema Spannungsrissen finden Sie in diesem <a href=\"https:\/\/de.wikipedia.org\/wiki\/Spannungsriss\" target=\"_blank\" rel=\"noopener\">Wikipedia<\/a>-Artikel.<\/span><\/p>\n<\/header>\n","protected":false},"excerpt":{"rendered":"<p>&nbsp; So reinigen Sie Ihren Beh\u00e4lter gr\u00fcndlich W\u00e4hrend Blendtec-Beh\u00e4lter sich fast selbst reinigen, will man nat\u00fcrlich diese, wie Weingl\u00e4ser, polieren und Gl\u00e4nzen sehen. In der Regel f\u00fcgen zur Reinigung einfach ein wenig Wasser und einen Tropfen Sp\u00fclmittel hinzu (beachten Sie die Worte \u201eein Tropfen\u201c) und setze den Beh\u00e4lter mit dem Deckel wieder auf den Mixer-Motorblock. [&#8230;]\n","protected":false},"author":1,"featured_media":0,"parent":0,"menu_order":0,"comment_status":"closed","ping_status":"closed","template":"","meta":{"footnotes":""},"class_list":["post-5574","page","type-page","status-publish","hentry"],"_links":{"self":[{"href":"https:\/\/blendtec.de\/ch\/wp-json\/wp\/v2\/pages\/5574","targetHints":{"allow":["GET"]}}],"collection":[{"href":"https:\/\/blendtec.de\/ch\/wp-json\/wp\/v2\/pages"}],"about":[{"href":"https:\/\/blendtec.de\/ch\/wp-json\/wp\/v2\/types\/page"}],"author":[{"embeddable":true,"href":"https:\/\/blendtec.de\/ch\/wp-json\/wp\/v2\/users\/1"}],"replies":[{"embeddable":true,"href":"https:\/\/blendtec.de\/ch\/wp-json\/wp\/v2\/comments?post=5574"}],"version-history":[{"count":0,"href":"https:\/\/blendtec.de\/ch\/wp-json\/wp\/v2\/pages\/5574\/revisions"}],"wp:attachment":[{"href":"https:\/\/blendtec.de\/ch\/wp-json\/wp\/v2\/media?parent=5574"}],"curies":[{"name":"wp","href":"https:\/\/api.w.org\/{rel}","templated":true}]}}