{"id":5591,"date":"2018-11-11T14:53:08","date_gmt":"2018-11-11T14:53:08","guid":{"rendered":"https:\/\/dev.blendtec.de\/besonderheiten\/"},"modified":"2019-07-15T18:29:09","modified_gmt":"2019-07-15T16:29:09","slug":"besonderheiten","status":"publish","type":"page","link":"https:\/\/blendtec.de\/ch\/besonderheiten\/","title":{"rendered":"Besonderheiten"},"content":{"rendered":"<h3><span style=\"color: #ff0000; font-size: 100%; line-height: 36px; font-family: helvetica;\">Performance, Design und Funktion bringt beste Ergebnisse<\/span><\/h3>\n<div>\n<div>\n<div>\n<p>Wenn Sie einen Blendtec Mixer live in Aktion sehen ist dass das Ergebnis einer langen Prozedur. Jede einzelne Komponente wurde aufw\u00e4ndig durch unser Ingenieurteam entworfen. Immer wieder wurden neue Tests gestartet und mit den ungew\u00f6hnlichsten Materialien h\u00e4rteste Funktionspr\u00fcfungen durchgef\u00fchrt. Jedes kleinste Detail hat seinen bestimmten Zweck und seine eigene Geschichte. Nachfolgend ein kleiner \u00dcberblick \u00fcber die Geheimnisse unseres weltbekannten Mixers.<\/p>\n<\/div>\n<\/div>\n<\/div>\n<p>\u00a0<\/p>\n\n\t<section class=\"section\" id=\"section_865071904\">\n\t\t<div class=\"section-bg fill\" >\n\t\t\t\t\t\t\t\t\t\n\t\t\t\n\n\t\t<\/div>\n\n\t\t\n\n\t\t<div class=\"section-content relative\">\n\t\t\t\n<div class=\"row\"  id=\"row-1526721838\">\n\n\t<div id=\"col-771782415\" class=\"col medium-7 small-12 large-7\"  >\n\t\t\t\t<div class=\"col-inner\"  >\n\t\t\t\n\t\t\t\n<h3><span style=\"color: #ed1c24;\">Besonderheit 1: Alle Rundungen an der richtigen Stelle<\/span><\/h3>\n<p>Durch die abgerundete Unterseite des Bechers sowie die kleinen Ablaufl\u00f6cher am Geh\u00e4useboden bleibt auch in der Sp\u00fclmaschine kein Restwasser im umgekippten Beh\u00e4lter. Der speziell f\u00fcr Blendtec gefertigte Spatel passt sich optimal dem Gef\u00e4\u00df an und kommt bequem auch zwischen die Klingen. Es bleibt kein Rest im Gef\u00e4\u00df und das Reinigungsprogramm erledigt alles weitere.<\/p>\n\t\t<\/div>\n\t\t\t\t\t<\/div>\n\n\t\n\n\t<div id=\"col-418980522\" class=\"col medium-5 small-12 large-5\"  >\n\t\t\t\t<div class=\"col-inner\"  >\n\t\t\t\n\t\t\t\n\t<div class=\"box has-hover   has-hover box-text-bottom\" >\n\n\t\t<div class=\"box-image\" >\n\t\t\t\t\t\t<div class=\"\" >\n\t\t\t\t\t\t\t\t\t\t\t\t\t\t\t<\/div>\n\t\t\t\t\t<\/div>\n\n\t\t<div class=\"box-text text-center\" >\n\t\t\t<div class=\"box-text-inner\">\n\t\t\t\t\n<p>Ablaufl\u00f6cher helfen dem Blendtec Beh\u00e4lter schneller zu trocknen.<\/p>\n\t\t\t<\/div>\n\t\t<\/div>\n\t<\/div>\n\t\n\t\t<\/div>\n\t\t\t\t\t<\/div>\n\n\t\n<\/div>\n\t\t<\/div>\n\n\t\t\n<style>\n#section_865071904 {\n  padding-top: 30px;\n  padding-bottom: 30px;\n  background-color: rgb(247, 247, 247);\n}\n<\/style>\n\t<\/section>\n\t\n\n\t<section class=\"section\" id=\"section_749359381\">\n\t\t<div class=\"section-bg fill\" >\n\t\t\t\t\t\t\t\t\t\n\t\t\t\n\n\t\t<\/div>\n\n\t\t\n\n\t\t<div class=\"section-content relative\">\n\t\t\t\n<h3><span style=\"color: #ed1c24;\">Besonderheit 2: Freude beim Mixen &#8211; und bei der Reinigung<\/span><\/h3>\n<div class=\"row\"  id=\"row-1625566221\">\n\n\t<div id=\"col-1388569042\" class=\"col medium-5 small-12 large-5\"  >\n\t\t\t\t<div class=\"col-inner\"  >\n\t\t\t\n\t\t\t\n\t<div class=\"box has-hover   has-hover box-text-bottom\" >\n\n\t\t<div class=\"box-image\" >\n\t\t\t\t\t\t<div class=\"\" >\n\t\t\t\t\t\t\t\t\t\t\t\t\t\t\t<\/div>\n\t\t\t\t\t<\/div>\n\n\t\t<div class=\"box-text text-center\" >\n\t\t\t<div class=\"box-text-inner\">\n\t\t\t\t\n<h4>\u00a0<\/h4>\n<p>Nur ein\/zweimal abwischen und Ihr Blendtec Mixer sieht wieder wie neu aus.<\/p>\n\t\t\t<\/div>\n\t\t<\/div>\n\t<\/div>\n\t\n\t\t<\/div>\n\t\t\t\t\t<\/div>\n\n\t\n\n\t<div id=\"col-348573033\" class=\"col medium-7 small-12 large-7\"  >\n\t\t\t\t<div class=\"col-inner\"  >\n\t\t\t\n\t\t\t\n<p>Blendtec Mixer sind rundum glatt &#8211; vom Geh\u00e4use bis zur Touch-Steuerung.<\/p>\n<p>Dadurch ist das Reinigen \u00e4u\u00dferst bequem, einfach das Ger\u00e4t mit einem feuchten Tuch abwischen! Alle Steuerbereiche sind durch Versiegelung vor Fl\u00fcssigkeiten gesch\u00fctzt.<\/p>\n\t\t<\/div>\n\t\t\t\t\t<\/div>\n\n\t\n<\/div>\n\t\t<\/div>\n\n\t\t\n<style>\n#section_749359381 {\n  padding-top: 30px;\n  padding-bottom: 30px;\n}\n<\/style>\n\t<\/section>\n\t\n\n\t<section class=\"section\" id=\"section_471639379\">\n\t\t<div class=\"section-bg fill\" >\n\t\t\t\t\t\t\t\t\t\n\t\t\t\n\n\t\t<\/div>\n\n\t\t\n\n\t\t<div class=\"section-content relative\">\n\t\t\t\n<div class=\"row\"  id=\"row-1772229162\">\n\n\t<div id=\"col-640393805\" class=\"col medium-8 small-12 large-8\"  >\n\t\t\t\t<div class=\"col-inner\"  >\n\t\t\t\n\t\t\t\n<h3><span style=\"color: #ed1c24;\">Besonderheit 3: Informatives Display<\/span><\/h3>\n<p>Blendtec Blender verf\u00fcgen \u00fcber eine digitale Anzeige, die Ihnen sagt wie lange der Mixvorgang noch dauert. Das informative Display beh\u00e4lt auch den \u00dcberblick \u00fcber die Nutzung.<\/p>\n<p>Es macht erstaunlich viel Spa\u00df dabei zuzusehen wie die Anzahl mit jedem Mixen ansteigt. Warum feiern Sie nicht einfach mit einem leckeren Smoothie das 1000. Mal?<\/p>\n\t\t<\/div>\n\t\t\t\t\t<\/div>\n\n\t\n\n\t<div id=\"col-1367582836\" class=\"col medium-4 small-12 large-4\"  >\n\t\t\t\t<div class=\"col-inner\"  >\n\t\t\t\n\t\t\t\n\t<div class=\"box has-hover   has-hover box-text-bottom\" >\n\n\t\t<div class=\"box-image\" >\n\t\t\t\t\t\t<div class=\"\" >\n\t\t\t\t\t\t\t\t\t\t\t\t\t\t\t<\/div>\n\t\t\t\t\t<\/div>\n\n\t\t<div class=\"box-text text-center\" >\n\t\t\t<div class=\"box-text-inner\">\n\t\t\t\t\n<p>Alle Blendtec Blender kommen mit einer informativen Digitalanzeige.<\/p>\n\t\t\t<\/div>\n\t\t<\/div>\n\t<\/div>\n\t\n\t\t<\/div>\n\t\t\t\t\t<\/div>\n\n\t\n<\/div>\n\t\t<\/div>\n\n\t\t\n<style>\n#section_471639379 {\n  padding-top: 30px;\n  padding-bottom: 30px;\n  background-color: rgb(247, 247, 247);\n}\n<\/style>\n\t<\/section>\n\t\n\n\t<section class=\"section\" id=\"section_1458705288\">\n\t\t<div class=\"section-bg fill\" >\n\t\t\t\t\t\t\t\t\t\n\t\t\t\n\n\t\t<\/div>\n\n\t\t\n\n\t\t<div class=\"section-content relative\">\n\t\t\t\n<h3><span style=\"color: #ed1c24;\">Besonderheit 4: Hochleistungskraft<\/span><\/h3>\n<div class=\"row\"  id=\"row-977602546\">\n\n\t<div id=\"col-1070057347\" class=\"col medium-3 small-12 large-3\"  >\n\t\t\t\t<div class=\"col-inner\"  >\n\t\t\t\n\t\t\t\n\t<div class=\"img has-hover x md-x lg-x y md-y lg-y\" id=\"image_2049563716\">\n\t\t\t\t\t\t\t\t<div class=\"img-inner dark\" >\n\t\t\t\t\t\t\t\t\t\n\t\t\t\t\t<\/div>\n\t\t\t\t\t\t\t\t\n<style>\n#image_2049563716 {\n  width: 100%;\n}\n<\/style>\n\t<\/div>\n\t\n\t\t<\/div>\n\t\t\t\t\t<\/div>\n\n\t\n\n\t<div id=\"col-1128145209\" class=\"col medium-9 small-12 large-9\"  >\n\t\t\t\t<div class=\"col-inner\"  >\n\t\t\t\n\t\t\t\n<p>Testen Sie unseren Hochleistungsmixer neben einem Low-Power-Mixer und \u00fcberzeugen Sie sich von Qualit\u00e4t und Leistung. Der von uns verbaute Industriemotor hat eine Leistung von 1560 Watt &#8211; das ist das mehrfache eines Mixers mit niedriger Leistungsaufnahme. Zur Verdeutlichung: Ein normaler Waschmaschinenmotor hat etwa 920 Watt w\u00e4hrend ein Staubsauger oder eine Mikrowelle auf etwa 1000 Watt kommen.<\/p>\n<p>Diese ganze Kraft kann schnell viel Hitze erzeugen. Wir k\u00fchlen unseren Motor durch einen speziel entwickelten sieben-bl\u00e4ttrigen L\u00fcfter. Diese Bl\u00e4tter sind unterschiedlich gro\u00df und unterschiedlich weit auseinander &#8211; was auch den L\u00e4rm vermindert, den man von handels\u00fcblichen L\u00fcftern kennt.<\/p>\n\t\t<\/div>\n\t\t\t\t\t<\/div>\n\n\t\n<\/div>\n<div class=\"row\"  id=\"row-1104884475\">\n\n\t<div id=\"col-669828717\" class=\"col medium-9 small-12 large-9\"  >\n\t\t\t\t<div class=\"col-inner\"  >\n\t\t\t\n\t\t\t\n<p>Im Gegensatz zu den Bronzebuchsen, die in den meisten Low-Power-Mixern verwendet werden, montieren wir den Rotor mit zwei Karbonstahllagern. Diese Lager sind leiser als Buchsen, erm\u00f6glichen h\u00f6here Geschwindigkeiten und bieten eine l\u00e4ngere Lebensdauer.<\/p>\n<p>Ist es wirklich notwendig, einen so gro\u00dfen Motor zu haben? Wir sind der Meinung: Ja! Denn das pulverisieren von gefrorenen Fr\u00fcchten, Kristallzucker zu Puderzucker, Getreide zu Mehl, das crushen von Eis, die Zubereitung eines gr\u00fcnen Smoothies oder einer hei\u00dfen Suppe erfordert Kraft und Ausdauer.<\/p>\n\t\t<\/div>\n\t\t\t\t\t<\/div>\n\n\t\n\n\t<div id=\"col-775302385\" class=\"col medium-3 small-12 large-3\"  >\n\t\t\t\t<div class=\"col-inner\"  >\n\t\t\t\n\t\t\t\n\t<div class=\"box has-hover   has-hover box-text-bottom\" >\n\n\t\t<div class=\"box-image\" >\n\t\t\t\t\t\t<div class=\"\" >\n\t\t\t\t\t\t\t\t\t\t\t\t\t\t\t<\/div>\n\t\t\t\t\t<\/div>\n\n\t\t<div class=\"box-text text-center\" >\n\t\t\t<div class=\"box-text-inner\">\n\t\t\t\t\n<p>Stahl-auf-Stahl Kupplung f\u00fcr ultimative Langlebigkeit und Performance.\u00a0<\/p>\n\t\t\t<\/div>\n\t\t<\/div>\n\t<\/div>\n\t\n\t\t<\/div>\n\t\t\t\t\t<\/div>\n\n\t\n<\/div>\n\t\t<\/div>\n\n\t\t\n<style>\n#section_1458705288 {\n  padding-top: 30px;\n  padding-bottom: 30px;\n}\n<\/style>\n\t<\/section>\n\t\n\n\t<section class=\"section\" id=\"section_1417464299\">\n\t\t<div class=\"section-bg fill\" >\n\t\t\t\t\t\t\t\t\t\n\t\t\t\n\n\t\t<\/div>\n\n\t\t\n\n\t\t<div class=\"section-content relative\">\n\t\t\t\n<div class=\"row\"  id=\"row-2108594579\">\n\n\t<div id=\"col-1297781876\" class=\"col medium-9 small-12 large-9\"  >\n\t\t\t\t<div class=\"col-inner\"  >\n\t\t\t\n\t\t\t\n<h3><span style=\"color: #ed1c24;\">Besonderheit 5: Leicht zu reinigen<\/span><\/h3>\n<div class=\"wrap\">\n<div class=\"single-post--content\" style=\"color: #6d6f72; font-family: proxima_nova_ltlight, sans-serif; font-size: 14px; line-height: 19.999979019165px;\">\n<div style=\"font-size: 1.08rem; line-height: 1.45rem;\">\n<p>Falls Sie jemals einen Standard Mixbeh\u00e4lter verwendet haben wissen Sie wie schwierig die Reinigung werden kann &#8211; vor allem bei Rillen und unter den scharfen Messern. Blendtec&#8217;s Beh\u00e4lter sind nicht nur Superstars beim Mixen, sie sind auch super einfach zu reinigen!<\/p>\n<p>Der beim Twister Jar mitgelieferte Spatel macht es einfach Reste zu entfernen und die stumpfen Klingen erm\u00f6glichen ein gefahrloses auswischen des Beh\u00e4lters. Keine Demontage erforderlich. Selbsverst\u00e4ndlich sind Blendtec Beh\u00e4lter sp\u00fclmaschinenfest. Kaum etwas ist einfacher als die Reinigung eines Blendtec Beh\u00e4lters.<span style=\"font-size: 12pt;\"><br \/><\/span><\/p>\n<\/div>\n<\/div>\n<\/div>\n\t\t<\/div>\n\t\t\t\t\t<\/div>\n\n\t\n\n\t<div id=\"col-545192287\" class=\"col medium-3 small-12 large-3\"  >\n\t\t\t\t<div class=\"col-inner\"  >\n\t\t\t\n\t\t\t\n\t<div class=\"box has-hover   has-hover box-text-bottom\" >\n\n\t\t<div class=\"box-image\" >\n\t\t\t\t\t\t<div class=\"\" >\n\t\t\t\t\t\t\t\t\t\t\t\t\t\t\t<\/div>\n\t\t\t\t\t<\/div>\n\n\t\t<div class=\"box-text text-center\" >\n\t\t\t<div class=\"box-text-inner\">\n\t\t\t\t\n<p>Bei Blendtec macht sogar die Reinigung des Beh\u00e4lters Freude.<\/p>\n\t\t\t<\/div>\n\t\t<\/div>\n\t<\/div>\n\t\n\t\t<\/div>\n\t\t\t\t\t<\/div>\n\n\t\n<\/div>\n\t\t<\/div>\n\n\t\t\n<style>\n#section_1417464299 {\n  padding-top: 30px;\n  padding-bottom: 30px;\n  background-color: rgb(247, 247, 247);\n}\n<\/style>\n\t<\/section>\n\t\n\n\t<section class=\"section\" id=\"section_497110404\">\n\t\t<div class=\"section-bg fill\" >\n\t\t\t\t\t\t\t\t\t\n\t\t\t\n\n\t\t<\/div>\n\n\t\t\n\n\t\t<div class=\"section-content relative\">\n\t\t\t\n<h3><span style=\"color: #ed1c24;\">Besonderheit 6: Eine gr\u00f6\u00dfere und st\u00e4rkere Klinge<\/span><\/h3>\n<div class=\"row\"  id=\"row-1796511849\">\n\n\t<div id=\"col-685791230\" class=\"col medium-3 small-12 large-3\"  >\n\t\t\t\t<div class=\"col-inner\"  >\n\t\t\t\n\t\t\t\n\t<div class=\"box has-hover   has-hover box-text-bottom\" >\n\n\t\t<div class=\"box-image\" >\n\t\t\t\t\t\t<div class=\"\" >\n\t\t\t\t\t\t\t\t\t\t\t\t\t\t\t<\/div>\n\t\t\t\t\t<\/div>\n\n\t\t<div class=\"box-text text-center\" >\n\t\t\t<div class=\"box-text-inner\">\n\t\t\t\t\n<p>Nur Blendtec\u2019s Klingen k\u00f6nnen die gewaltige Kraft eines Blendtec Motors voll ausnutzen.<\/p>\n\t\t\t<\/div>\n\t\t<\/div>\n\t<\/div>\n\t\n\t\t<\/div>\n\t\t\t\t\t<\/div>\n\n\t\n\n\t<div id=\"col-1569231837\" class=\"col medium-9 small-12 large-9\"  >\n\t\t\t\t<div class=\"col-inner\"  >\n\t\t\t\n\t\t\t\n<p>Blendtec&#8217;s unglaubliche Mixer sind f\u00fcr enorme Leistung bekannt. Wenn Sie noch nicht mit der extremen Kraft von Blendtec Mixern vertraut sind, schauen Sie sich eines der <a href=\"https:\/\/www.youtube.com\/user\/Blendtec\/videos\" target=\"_blank\" rel=\"noopener\">Will It Blend?<\/a> Videos auf YouTube an und lassen sich \u00fcberzeugen.<\/p>\n<p>Einer der Gr\u00fcnde warum Blendtec Klingen so ziemlich alles pulverisieren k\u00f6nnen ist, dass die patentierten, vertikalen Fl\u00fcgelspitzen und Pr\u00e4zisions-Winkel es erlauben, mehr Leistung auf die Klingen zu \u00fcbertragen. Blendtec hat ein ausgefallenens Einzelblatt-Klingendesign entwickelt damit die Kraft des Blendtec Motors optimal genutzt wird.<\/p>\n<p>Dar\u00fcber hinaus erm\u00f6glicht dieses Einzel-Klingendesign, dass die Zutaten auf einfache Weise vor und hinter die Klinge fallen, anstatt nach oben wegzudr\u00e4ngen. Um die immense Kraft zu b\u00e4ndigen, muss die Klinge gr\u00f6\u00dfer, dicker und robuster sein als andere Mixerbl\u00e4tter. Die Beh\u00e4lter sind daher mit ultrahartem rostfreien Stahlklingen ausgestattet, welche kaltgeschmiedet auf einen harten Einsatz abgestimmt wurden. Diese Klingen widerstehen Korrosion wesentlich besser als viele Standardmixer auf dem Markt.<\/p>\n\t\t<\/div>\n\t\t\t\t\t<\/div>\n\n\t\n<\/div>\n\t\t<\/div>\n\n\t\t\n<style>\n#section_497110404 {\n  padding-top: 30px;\n  padding-bottom: 30px;\n}\n<\/style>\n\t<\/section>\n\t\n\n\t<section class=\"section\" id=\"section_1182389488\">\n\t\t<div class=\"section-bg fill\" >\n\t\t\t\t\t\t\t\t\t\n\t\t\t\n\n\t\t<\/div>\n\n\t\t\n\n\t\t<div class=\"section-content relative\">\n\t\t\t\n<div class=\"row\"  id=\"row-2068733202\">\n\n\t<div id=\"col-781292065\" class=\"col medium-9 small-12 large-9\"  >\n\t\t\t\t<div class=\"col-inner\"  >\n\t\t\t\n\t\t\t\n<h3><span style=\"color: #ed1c24;\">Besonderheit 7: Sicher und einfach ablesbar<\/span><\/h3>\n<div>\n<div>\n<div>\n<p>Blendtec Beh\u00e4lter sind sicher, stark und leicht in der Handhabung. Die Beh\u00e4lter sind aus strapazierf\u00e4higem Eastman Copolyester Tritan\u2122 hergestellt, sind BPA-frei sowie mit NSF Standard f\u00fcr Lebensmittelsicherheit in der K\u00fcche zertifiziert. Das Material wurde f\u00fcr eine besonders lange Lebensdauer entwickelt.<\/p>\n<p>Die zus\u00e4tzlich kontrastreichen Messmarken (f\u00fcr Becher, Unzen, Milliliter, und Zentiliter) auf den Blendtec Beh\u00e4ltern vereinfachen das Ablesen auch bei internationalen Mengenangaben.<\/p>\n<\/div>\n<\/div>\n<\/div>\n\t\t<\/div>\n\t\t\t\t\t<\/div>\n\n\t\n\n\t<div id=\"col-64045714\" class=\"col medium-3 small-12 large-3\"  >\n\t\t\t\t<div class=\"col-inner\"  >\n\t\t\t\n\t\t\t\n\t<div class=\"box has-hover   has-hover box-text-bottom\" >\n\n\t\t<div class=\"box-image\" >\n\t\t\t\t\t\t<div class=\"\" >\n\t\t\t\t\t\t\t\t\t\t\t\t\t\t\t<\/div>\n\t\t\t\t\t<\/div>\n\n\t\t<div class=\"box-text text-center\" >\n\t\t\t<div class=\"box-text-inner\">\n\t\t\t\t\n<p>Blendtec Beh\u00e4lter sind sicher, stark und super einfach in der Handhabung.<\/p>\n\t\t\t<\/div>\n\t\t<\/div>\n\t<\/div>\n\t\n\t\t<\/div>\n\t\t\t\t\t<\/div>\n\n\t\n<\/div>\n\t\t<\/div>\n\n\t\t\n<style>\n#section_1182389488 {\n  padding-top: 30px;\n  padding-bottom: 30px;\n  background-color: rgb(247, 247, 247);\n}\n<\/style>\n\t<\/section>\n\t\n\n\t<section class=\"section\" id=\"section_1382669607\">\n\t\t<div class=\"section-bg fill\" >\n\t\t\t\t\t\t\t\t\t\n\t\t\t\n\n\t\t<\/div>\n\n\t\t\n\n\t\t<div class=\"section-content relative\">\n\t\t\t\n<h3><span style=\"color: #ed1c24;\">Besonderheit 8: Leicht zu stapeln, leicht zu verstauen<\/span><\/h3>\n<div class=\"row\"  id=\"row-1103164078\">\n\n\t<div id=\"col-1705420710\" class=\"col medium-3 small-12 large-3\"  >\n\t\t\t\t<div class=\"col-inner\"  >\n\t\t\t\n\t\t\t\n\t<div class=\"box has-hover   has-hover box-text-bottom\" >\n\n\t\t<div class=\"box-image\" >\n\t\t\t\t\t\t<div class=\"\" >\n\t\t\t\t\t\t\t\t\t\t\t\t\t\t\t<\/div>\n\t\t\t\t\t<\/div>\n\n\t\t<div class=\"box-text text-center\" >\n\t\t\t<div class=\"box-text-inner\">\n\t\t\t\t\n<p>Blendtec&#8217;s FourSide und WildSide Beh\u00e4lter sind stapelbar, platzsparend und machen das Verstauen zum Kinderspiel.<\/p>\n\t\t\t<\/div>\n\t\t<\/div>\n\t<\/div>\n\t\n\t\t<\/div>\n\t\t\t\t\t<\/div>\n\n\t\n\n\t<div id=\"col-1574916734\" class=\"col medium-9 small-12 large-9\"  >\n\t\t\t\t<div class=\"col-inner\"  >\n\t\t\t\n\t\t\t\n<p>Blendtec Beh\u00e4lter sind stapelbar konzipiert damit das Verstauen ein Kinderspiel wird. Blendtec hatte sich zu Beginn auf den kommerziellen Markt konzentriert, wo Platz ungeheuer wertvoll ist und erkannte schnell, dass Zuhause solche Platzersparnisse auch gesch\u00e4tzt werden. Somit wurden die platzsparenden Beh\u00e4lter auch bei den Haushaltsger\u00e4ten eingef\u00fchrt.<\/p>\n<p>Gestapelte Beh\u00e4lter k\u00f6nnen sich verkeilen und sind dann schwer zu trennen. Um dies zu verhindern f\u00fcgt Blendtec an den \u00e4u\u00dferen Ecken Abkantungen ein, welche Verkeilungen verhindert und sicherstellt, das die Beh\u00e4lter immer leicht zu trennen sind.<\/p>\n\t\t<\/div>\n\t\t\t\t\t<\/div>\n\n\t\n<\/div>\n\t\t<\/div>\n\n\t\t\n<style>\n#section_1382669607 {\n  padding-top: 30px;\n  padding-bottom: 30px;\n}\n<\/style>\n\t<\/section>\n\t\n\n\t<section class=\"section\" id=\"section_2124395655\">\n\t\t<div class=\"section-bg fill\" >\n\t\t\t\t\t\t\t\t\t\n\t\t\t\n\n\t\t<\/div>\n\n\t\t\n\n\t\t<div class=\"section-content relative\">\n\t\t\t\n<h3><span style=\"color: #ed1c24;\">Besonderheit 9: Leistungsstarke Antriebsstange &#8211; Stahl auf Stahl<\/span><\/h3>\n<div class=\"row\"  id=\"row-145654674\">\n\n\t<div id=\"col-744669360\" class=\"col medium-3 small-12 large-3\"  >\n\t\t\t\t<div class=\"col-inner\"  >\n\t\t\t\n\t\t\t\n<div>\n<div>\n<div>\n<p>In einem Blendtec Mixer wird der Strom direkt vom Motor auf die Klinge \u00fcbertragen. Alle dazwischenliegenden Teile sind aus Stahl, hochpr\u00e4zise hergestellt f\u00fcr beste Passgenauigkeit. Diese Stahl-auf-Stahl Verkupplung verringert die Vibration, ist ger\u00e4usch\u00e4rmer und erh\u00f6ht die Zuverl\u00e4ssigkeit.<\/p>\n<\/div>\n<\/div>\n<\/div>\n\t\t<\/div>\n\t\t\t\t\t<\/div>\n\n\t\n\n\t<div id=\"col-1267117856\" class=\"col medium-3 small-12 large-3\"  >\n\t\t\t\t<div class=\"col-inner\"  >\n\t\t\t\n\t\t\t\n\t<div class=\"img has-hover x md-x lg-x y md-y lg-y\" id=\"image_776439429\">\n\t\t\t\t\t\t\t\t<div class=\"img-inner dark\" >\n\t\t\t\t\t\t\t\t\t\n\t\t\t\t\t<\/div>\n\t\t\t\t\t\t\t\t\n<style>\n#image_776439429 {\n  width: 100%;\n}\n<\/style>\n\t<\/div>\n\t\n\t\t<\/div>\n\t\t\t\t\t<\/div>\n\n\t\n\n\t<div id=\"col-1812991985\" class=\"col medium-2 small-12 large-2\"  >\n\t\t\t\t<div class=\"col-inner\"  >\n\t\t\t\n\t\t\t\n\t<div class=\"img has-hover x md-x lg-x y md-y lg-y\" id=\"image_1793921544\">\n\t\t\t\t\t\t\t\t<div class=\"img-inner dark\" >\n\t\t\t\t\t\t\t\t\t\n\t\t\t\t\t<\/div>\n\t\t\t\t\t\t\t\t\n<style>\n#image_1793921544 {\n  width: 100%;\n}\n<\/style>\n\t<\/div>\n\t\n\t\t<\/div>\n\t\t\t\t\t<\/div>\n\n\t\n\n\t<div id=\"col-295153823\" class=\"col medium-4 small-12 large-4\"  >\n\t\t\t\t<div class=\"col-inner\"  >\n\t\t\t\n\t\t\t\n<p>In vielen anderen Mixern f\u00fchrt die Leistung vom Motor durch eine anf\u00e4llige Kunststoffkupplung. Die Kupplung ist so konzipiert, das sie bricht um den Motor bei \u00dcberlastung zu sch\u00fctzen. Diese Konstruktionsart f\u00fchrt leider dazu, das die Leistung und die Lebensdauer der Kupplung begrenzt wird.<\/p>\n<p>Ein Blendtec Mixer hingegen erkennt eine \u00dcberlastung und f\u00e4hrt automatisch herunter, wodurch die Notwendigkeit dieser Sollbruchstelle wegf\u00e4llt.<\/p>\n<p>Haben Sie dieses Problem vielleicht selbst mit Ihrem alten Mixer erlebt? Falls ja, kennen Sie jetzt den Hintergrund.<\/p>\n\t\t<\/div>\n\t\t\t\t\t<\/div>\n\n\t\n<\/div>\n\t\t<\/div>\n\n\t\t\n<style>\n#section_2124395655 {\n  padding-top: 30px;\n  padding-bottom: 30px;\n  background-color: rgb(247, 247, 247);\n}\n<\/style>\n\t<\/section>\n\t\n\n\t<section class=\"section\" id=\"section_724880725\">\n\t\t<div class=\"section-bg fill\" >\n\t\t\t\t\t\t\t\t\t\n\t\t\t\n\n\t\t<\/div>\n\n\t\t\n\n\t\t<div class=\"section-content relative\">\n\t\t\t\n<h3><span style=\"color: #ed1c24;\">Besonderheit 10: Ein bel\u00fcfteter Deckel<\/span><\/h3>\n<div class=\"row\"  id=\"row-311390117\">\n\n\t<div id=\"col-980767332\" class=\"col medium-3 small-12 large-3\"  >\n\t\t\t\t<div class=\"col-inner\"  >\n\t\t\t\n\t\t\t\n\t<div class=\"box has-hover   has-hover box-text-bottom\" >\n\n\t\t<div class=\"box-image\" >\n\t\t\t\t\t\t<div class=\"\" >\n\t\t\t\t\t\t\t\t\t\t\t\t\t\t\t<\/div>\n\t\t\t\t\t<\/div>\n\n\t\t<div class=\"box-text text-center\" >\n\t\t\t<div class=\"box-text-inner\">\n\t\t\t\t\n<p>Blendtec Beh\u00e4lter haben bel\u00fcftete Spezialdeckel, sodass hei\u00dfe Luft entweichen kann und es einfacher denn je ist, Zutaten w\u00e4hrend des Mixens hinzuzuf\u00fcgen.<\/p>\n\t\t\t<\/div>\n\t\t<\/div>\n\t<\/div>\n\t\n\t\t<\/div>\n\t\t\t\t\t<\/div>\n\n\t\n\n\t<div id=\"col-1055155413\" class=\"col medium-9 small-12 large-9\"  >\n\t\t\t\t<div class=\"col-inner\"  >\n\t\t\t\n\t\t\t\n<p>Ein Deckel muss viel mehr k\u00f6nnen als nur die Mixtur im Beh\u00e4lter halten. Nicht zuletzt wenn es um das Mixen hei\u00dfer Suppen geht, da die erw\u00e4rmte Luft Druck gegen den verschlossenen Deckel erzeugt. Blendtec hat einen abnehmbaren Innendeckel mit L\u00fcftungsrillen entwickelt, sodass der Wasserdampf entweichen kann.<\/p>\n<p>Daraufhin \u00fcberlegten wir uns: &#171;Wenn der Innendeckel Dampf entweichen lassen kann, k\u00f6nnten wir das doch evtl. auch nutzen um fl\u00fcssige Zutaten zuzuf\u00fchren&#187;. Daf\u00fcr entwickelten wir dann spezielle \u00d6ffnungen. Jetzt haben Sie die M\u00f6glichkeit, w\u00e4hrend des Mixens Zutaten hinzuzuf\u00fcgen ohne den Mixer auszuschalten oder den Deckel zu entfernen. Bequemer geht es kaum!<\/p>\n\t\t<\/div>\n\t\t\t\t\t<\/div>\n\n\t\n<\/div>\n\t\t<\/div>\n\n\t\t\n<style>\n#section_724880725 {\n  padding-top: 30px;\n  padding-bottom: 30px;\n}\n<\/style>\n\t<\/section>\n\t\n","protected":false},"excerpt":{"rendered":"<p>Performance, Design und Funktion bringt beste Ergebnisse Wenn Sie einen Blendtec Mixer live in Aktion sehen ist dass das Ergebnis einer langen Prozedur. Jede einzelne Komponente wurde aufw\u00e4ndig durch unser Ingenieurteam entworfen. Immer wieder wurden neue Tests gestartet und mit den ungew\u00f6hnlichsten Materialien h\u00e4rteste Funktionspr\u00fcfungen durchgef\u00fchrt. Jedes kleinste Detail hat seinen bestimmten Zweck und seine [&#8230;]\n","protected":false},"author":132,"featured_media":0,"parent":0,"menu_order":0,"comment_status":"closed","ping_status":"closed","template":"","meta":{"footnotes":""},"class_list":["post-5591","page","type-page","status-publish","hentry"],"_links":{"self":[{"href":"https:\/\/blendtec.de\/ch\/wp-json\/wp\/v2\/pages\/5591","targetHints":{"allow":["GET"]}}],"collection":[{"href":"https:\/\/blendtec.de\/ch\/wp-json\/wp\/v2\/pages"}],"about":[{"href":"https:\/\/blendtec.de\/ch\/wp-json\/wp\/v2\/types\/page"}],"author":[{"embeddable":true,"href":"https:\/\/blendtec.de\/ch\/wp-json\/wp\/v2\/users\/132"}],"replies":[{"embeddable":true,"href":"https:\/\/blendtec.de\/ch\/wp-json\/wp\/v2\/comments?post=5591"}],"version-history":[{"count":0,"href":"https:\/\/blendtec.de\/ch\/wp-json\/wp\/v2\/pages\/5591\/revisions"}],"wp:attachment":[{"href":"https:\/\/blendtec.de\/ch\/wp-json\/wp\/v2\/media?parent=5591"}],"curies":[{"name":"wp","href":"https:\/\/api.w.org\/{rel}","templated":true}]}}