{"id":11932,"date":"2016-12-22T12:33:13","date_gmt":"2016-12-22T12:33:13","guid":{"rendered":"https:\/\/dev.blendtec.de\/produkt\/spoonula\/"},"modified":"2023-09-14T16:50:14","modified_gmt":"2023-09-14T14:50:14","slug":"spoonula-2","status":"publish","type":"product","link":"https:\/\/blendtec.de\/ch\/produkt\/spoonula-2\/","title":{"rendered":"Spoonula (f\u00fcr FourSide Jar &#038; WildSide+ Jar)"},"content":{"rendered":"<p>Kratzen Sie jedes leckere St\u00fcckchen aus Ihrem Blendtec Jar. Die extra Lange und die einzigartige Form ist speziell f\u00fcr die Verwendung mit dem WildSide+ und FourSide Jar konzipiert. Sie werden sich in die eingebaute L\u00f6ffelablage, den gebogenen Griff und den haltbaren, hitzebest\u00e4ndigen Silikonkopf des Spoonula Spatels verlieben.<\/p>\n<p>Speziell f\u00fcr die WildSide- und FourSide Jars geformt<br \/>\nSilikonkopf widersteht Hitze bis 260 \u00b0C<br \/>\nEingebaute L\u00f6ffelablage<br \/>\n33 cm lang<br \/>\nSp\u00fclmaschinenfest<br \/>\n3 Jahre Garantie<\/p>\n","protected":false},"excerpt":{"rendered":"<p>Die Form und L\u00e4nge des Spoonula Spatels wurde speziell f\u00fcr flachen Seiten &amp; Ecken entwickelt, sodass Sie jeden letzten Bissen aus Ihrem WildSide+ und FourSide Jars bekommen.<\/p>\n","protected":false},"featured_media":13460,"comment_status":"closed","ping_status":"closed","template":"","meta":[],"product_brand":[],"product_cat":[451],"product_tag":[],"class_list":{"0":"post-11932","1":"product","2":"type-product","3":"status-publish","4":"has-post-thumbnail","6":"product_cat-unkategorisiert-ch","8":"first","9":"outofstock","10":"taxable","11":"shipping-taxable","12":"purchasable","13":"product-type-simple"},"bundled_by":[],"bundle_stock_status":"outofstock","bundle_stock_quantity":0,"bundle_virtual":false,"bundle_layout":"","bundle_add_to_cart_form_location":"","bundle_editable_in_cart":false,"bundle_sold_individually_context":"","bundle_item_grouping":"","bundle_min_size":"","bundle_max_size":"","bundle_price":[],"bundled_items":[],"bundle_sell_ids":[],"exclude_global_add_ons":[],"addons":[],"_links":{"self":[{"href":"https:\/\/blendtec.de\/ch\/wp-json\/wp\/v2\/product\/11932","targetHints":{"allow":["GET"]}}],"collection":[{"href":"https:\/\/blendtec.de\/ch\/wp-json\/wp\/v2\/product"}],"about":[{"href":"https:\/\/blendtec.de\/ch\/wp-json\/wp\/v2\/types\/product"}],"replies":[{"embeddable":true,"href":"https:\/\/blendtec.de\/ch\/wp-json\/wp\/v2\/comments?post=11932"}],"wp:featuredmedia":[{"embeddable":true,"href":"https:\/\/blendtec.de\/ch\/wp-json\/wp\/v2\/media\/13460"}],"wp:attachment":[{"href":"https:\/\/blendtec.de\/ch\/wp-json\/wp\/v2\/media?parent=11932"}],"wp:term":[{"taxonomy":"product_brand","embeddable":true,"href":"https:\/\/blendtec.de\/ch\/wp-json\/wp\/v2\/product_brand?post=11932"},{"taxonomy":"product_cat","embeddable":true,"href":"https:\/\/blendtec.de\/ch\/wp-json\/wp\/v2\/product_cat?post=11932"},{"taxonomy":"product_tag","embeddable":true,"href":"https:\/\/blendtec.de\/ch\/wp-json\/wp\/v2\/product_tag?post=11932"}],"curies":[{"name":"wp","href":"https:\/\/api.w.org\/{rel}","templated":true}]}}