{"id":16679,"date":"2019-09-13T11:27:57","date_gmt":"2019-09-13T09:27:57","guid":{"rendered":"https:\/\/blendtec.de\/produkt\/blendtec-rezeptbuch\/"},"modified":"2026-03-30T15:53:42","modified_gmt":"2026-03-30T13:53:42","slug":"blendtec-rezeptbuch","status":"publish","type":"product","link":"https:\/\/blendtec.de\/ch\/produkt\/blendtec-rezeptbuch\/","title":{"rendered":"Blendtec Rezeptbuch"},"content":{"rendered":"<p>\u00dcber 115 Rezepte und hilfreiche Bedienungstipps geben Dir die ideale Hilfestellung bei den ersten Schritten mit Deinem Blendtec Mixer. Von Smoothies, \u00fcber Suppen, Eis und vielem mehr erh\u00e4lst Du in diesem Rezeptbuch die perfekte Grundlage f\u00fcr Deine Blendtec-K\u00fcche.<\/p>\n<p>Format: A5<br \/>\nSeitenanzahl: 115<br \/>\nBindung: Drahtkammbindung<\/p>\n","protected":false},"excerpt":{"rendered":"<p>\u00dcber 115 Rezepte und hilfreiche Bedienungstipps geben Dir die ideale Hilfestellung bei den ersten Schritten mit Deinem Blendtec Mixer. Von Smoothies, \u00fcber Suppen, Eis und vielem mehr erh\u00e4lst Du in diesem Rezeptbuch die perfekte Grundlage f\u00fcr Deine Blendtec-K\u00fcche. Format: A5 Seitenanzahl: 115 Bindung: Drahtkammbindung<\/p>\n","protected":false},"featured_media":16080,"comment_status":"open","ping_status":"closed","template":"","meta":[],"product_brand":[],"product_cat":[546],"product_tag":[],"class_list":{"0":"post-16679","1":"product","2":"type-product","3":"status-publish","4":"has-post-thumbnail","6":"product_cat-zubehoer-ch","8":"first","9":"instock","10":"taxable","11":"shipping-taxable","12":"purchasable","13":"product-type-simple"},"bundled_by":[],"bundle_stock_status":"instock","bundle_stock_quantity":100,"bundle_virtual":false,"bundle_layout":"","bundle_add_to_cart_form_location":"","bundle_editable_in_cart":false,"bundle_sold_individually_context":"","bundle_item_grouping":"","bundle_min_size":"","bundle_max_size":"","bundle_price":[],"bundled_items":[],"bundle_sell_ids":[],"exclude_global_add_ons":[],"addons":[],"_links":{"self":[{"href":"https:\/\/blendtec.de\/ch\/wp-json\/wp\/v2\/product\/16679","targetHints":{"allow":["GET"]}}],"collection":[{"href":"https:\/\/blendtec.de\/ch\/wp-json\/wp\/v2\/product"}],"about":[{"href":"https:\/\/blendtec.de\/ch\/wp-json\/wp\/v2\/types\/product"}],"replies":[{"embeddable":true,"href":"https:\/\/blendtec.de\/ch\/wp-json\/wp\/v2\/comments?post=16679"}],"wp:featuredmedia":[{"embeddable":true,"href":"https:\/\/blendtec.de\/ch\/wp-json\/wp\/v2\/media\/16080"}],"wp:attachment":[{"href":"https:\/\/blendtec.de\/ch\/wp-json\/wp\/v2\/media?parent=16679"}],"wp:term":[{"taxonomy":"product_brand","embeddable":true,"href":"https:\/\/blendtec.de\/ch\/wp-json\/wp\/v2\/product_brand?post=16679"},{"taxonomy":"product_cat","embeddable":true,"href":"https:\/\/blendtec.de\/ch\/wp-json\/wp\/v2\/product_cat?post=16679"},{"taxonomy":"product_tag","embeddable":true,"href":"https:\/\/blendtec.de\/ch\/wp-json\/wp\/v2\/product_tag?post=16679"}],"curies":[{"name":"wp","href":"https:\/\/api.w.org\/{rel}","templated":true}]}}