{"id":21603,"date":"2018-12-06T11:02:18","date_gmt":"2018-12-06T11:02:18","guid":{"rendered":"https:\/\/blendtec.de\/produkt\/rapid-rinser-2\/"},"modified":"2022-12-29T09:51:18","modified_gmt":"2022-12-29T08:51:18","slug":"rapid-rinser","status":"publish","type":"product","link":"https:\/\/blendtec.de\/ch\/produkt\/rapid-rinser\/","title":{"rendered":"Rapid Rinser"},"content":{"rendered":"<p>Der perfekte Beh\u00e4lterw\u00e4scher f\u00fcr jede Gewerbegr\u00f6\u00dfe. Der Rapid Rinser ben\u00f6tigt keinen Stromanschluss. Dank den speziellen Druckd\u00fcsen k\u00f6nnen Sie Ihren Beh\u00e4lter in weniger als 7 Sekunden reinigen. Sie k\u00f6nnen aber auch viel mehr als nur Beh\u00e4lter damit reinigen; Gef\u00e4\u00dfe, die so klein wie ein Schnapsglas sind oder so gro\u00df wie eine 20 cm-Sch\u00fcssel, k\u00f6nnen mit dem Rapid Rinser schnell ausgewaschen werden. Mit dem 1.8m langem Wasserzufuhrschlauch k\u00f6nnen Sie Ihren Rapid Rinser oder Rapid Rinsing Station \u00fcberall platzieren.<\/p>\n<hr \/>\n<h1><strong>Rapid Rinser<\/strong><\/h1>\n<ul>\n<li>1.8m langer\u00a0Wasserzufuhrschlauch mir 3\/8 Zoll Klemmverschraubung<\/li>\n<li>Edelstahld\u00fcse<\/li>\n<li>Es wird kein Strom ben\u00f6tigt<\/li>\n<li>Sp\u00fclt den Beh\u00e4lter in weniger als 7 Sekunden aus<\/li>\n<li>Bedienungsanleitung<\/li>\n<li>Reduziert Waschzeit und Wasserverschwendung<\/li>\n<li>Kann \u00fcberall platziert werden<\/li>\n<li>Zum Sp\u00fclen von mehr als nur Blendtec Beh\u00e4ltern geeignet &#8211; Sp\u00fclen Sie alles von Schnapsgl\u00e4sern bis hin zu 20cm gro\u00dfen Sch\u00fcsseln<\/li>\n<li>Ein Jahr Blendtec Garantie<\/li>\n<li>NSF zertifiziert<\/li>\n<li>Hergestellt in den USA<\/li>\n<\/ul>\n<p>Beinhaltet:<br \/>\n&#8211; 1x Rapid Rinser<br \/>\n&#8211; 1x. Schlauch<\/p>\n<p>Der Rapid Rinser kommt ohne Wasserauffangbeh\u00e4lter.\u00a0 Sie m\u00fcssen ihn daher in einen geeignet Ort stellen wo Wasser abflie\u00dfen kann, z.B. dem Abtropfbereich von ihrem Sp\u00fclbecken.\u00a0 Alternativ k\u00f6nnen Sie die Rapid Rinsing Station k\u00e4uflich erwerben welche einen Wasserauffangbeh\u00e4lter und Abwasseranschluss.<\/p>\n<hr \/>\n<h1><strong>Rapid Rinser Station<\/strong><\/h1>\n<ul>\n<li>1.8m langer\u00a0Wasserzufuhrschlauch mir 3\/8 Zoll Klemmverschraubung<\/li>\n<li>Edelstahld\u00fcse<\/li>\n<li>Es wird kein Strom ben\u00f6tigt<\/li>\n<li>Sp\u00fclt den Beh\u00e4lter in weniger als 7 Sekunden aus<\/li>\n<li>Bedienungsanleitung<\/li>\n<li>Reduziert Waschzeit und Wasserverschwendung<\/li>\n<li>Kann \u00fcberall platziert werden<\/li>\n<li>Zum Sp\u00fclen von mehr als nur Blendtec Beh\u00e4ltern geignet &#8211; Sp\u00fclen Sie alles von Schnapsgl\u00e4sern bis hin zu 20cm gro\u00dfen Sch\u00fcsseln<\/li>\n<li>Ein Jahr Blendtec Garantie<\/li>\n<li>NSF zertifiziert<\/li>\n<li>Hergestellt in den USA<\/li>\n<\/ul>\n<p><strong>Beinhaltet<\/strong><br \/>\n1x Rapid Rinser<br \/>\n1x Rapid Rinsing Station<br \/>\n1x Wasserzufuhrschlauch<\/p>\n<p><em>Ma\u00dfe: 22.9cm B x 52cm L x 15.9cm H<br \/>\nVersandgewicht: 3.6kg<\/em><\/p>\n<p>Die Rapid Rinser Station ist auch ohne Rapid Rinser verf\u00fcgbar sollten Sie bereits den Rapid Rinser besitzen. Kontaktieren Sie uns hierzu.<\/p>\n","protected":false},"excerpt":{"rendered":"<p>Der perfekte Beh\u00e4lterw\u00e4scher f\u00fcr jede Gewerbegr\u00f6\u00dfe. Der Rapid Rinser ben\u00f6tigt keinen Stromanschluss. Dank den speziellen Druckd\u00fcsen k\u00f6nnen Sie Ihren Beh\u00e4lter in weniger als 7 Sekunden reinigen. Sie k\u00f6nnen aber auch viel mehr als nur Beh\u00e4lter damit reinigen; Gef\u00e4\u00dfe, die so klein wie ein Schnapsglas sind oder so gro\u00df wie eine 20 cm-Sch\u00fcssel, k\u00f6nnen mit dem [&#8230;]\n","protected":false},"featured_media":23179,"comment_status":"open","ping_status":"closed","template":"","meta":[],"product_brand":[],"product_cat":[424,439],"product_tag":[],"class_list":{"0":"post-21603","1":"product","2":"type-product","3":"status-publish","4":"has-post-thumbnail","6":"product_cat-behaelter-zubehoer-ch","7":"product_cat-zubehoer-gewerbe-ch","8":"pa_version-rapid-rinser-single-ch","9":"pa_version-rapid-rinser-station-ch","11":"first","12":"instock","13":"taxable","14":"shipping-taxable","15":"purchasable","16":"product-type-variable"},"bundled_by":[],"bundle_stock_status":"instock","bundle_stock_quantity":null,"bundle_virtual":false,"bundle_layout":"","bundle_add_to_cart_form_location":"","bundle_editable_in_cart":false,"bundle_sold_individually_context":"","bundle_item_grouping":"","bundle_min_size":"","bundle_max_size":"","bundle_price":[],"bundled_items":[],"bundle_sell_ids":[],"exclude_global_add_ons":[],"addons":[],"_links":{"self":[{"href":"https:\/\/blendtec.de\/ch\/wp-json\/wp\/v2\/product\/21603","targetHints":{"allow":["GET"]}}],"collection":[{"href":"https:\/\/blendtec.de\/ch\/wp-json\/wp\/v2\/product"}],"about":[{"href":"https:\/\/blendtec.de\/ch\/wp-json\/wp\/v2\/types\/product"}],"replies":[{"embeddable":true,"href":"https:\/\/blendtec.de\/ch\/wp-json\/wp\/v2\/comments?post=21603"}],"wp:featuredmedia":[{"embeddable":true,"href":"https:\/\/blendtec.de\/ch\/wp-json\/wp\/v2\/media\/23179"}],"wp:attachment":[{"href":"https:\/\/blendtec.de\/ch\/wp-json\/wp\/v2\/media?parent=21603"}],"wp:term":[{"taxonomy":"product_brand","embeddable":true,"href":"https:\/\/blendtec.de\/ch\/wp-json\/wp\/v2\/product_brand?post=21603"},{"taxonomy":"product_cat","embeddable":true,"href":"https:\/\/blendtec.de\/ch\/wp-json\/wp\/v2\/product_cat?post=21603"},{"taxonomy":"product_tag","embeddable":true,"href":"https:\/\/blendtec.de\/ch\/wp-json\/wp\/v2\/product_tag?post=21603"}],"curies":[{"name":"wp","href":"https:\/\/api.w.org\/{rel}","templated":true}]}}