{"id":26024,"date":"2022-11-11T13:21:11","date_gmt":"2022-11-11T12:21:11","guid":{"rendered":"https:\/\/blendtec.de\/produkt\/blendtec-commercial-usb-speichermedium\/"},"modified":"2026-01-27T15:23:37","modified_gmt":"2026-01-27T14:23:37","slug":"blendtec-commercial-usb-speichermedium","status":"publish","type":"product","link":"https:\/\/blendtec.de\/ch\/produkt\/blendtec-commercial-usb-speichermedium\/","title":{"rendered":"Blendtec Commercial USB Speichermedium"},"content":{"rendered":"<p>Obwohl unsere gewerblichen Mixer mit bis zu 42 vorinstallierten Mixzyklen geliefert werden, sind die Rezepte jedes Einzelnen unterschiedlich. Selbst unterschiedliche Temperaturen der Zutaten k\u00f6nnen bei ein und demselben Mixvorgang zu unterschiedlichen Ergebnissen f\u00fchren. Blendtec ist Marktf\u00fchrer, wenn es darum geht, unseren Kunden zuzuh\u00f6ren und ihnen L\u00f6sungen zur Maximierung der Rentabilit\u00e4t zu bieten. Dazu geh\u00f6rt nat\u00fcrlich auch die Maximierung der Anzahl der Wiederholungsauftr\u00e4ge. Mit unserem Online-BlendWizard k\u00f6nnen Sie aus Dutzenden von Blend-Zyklen w\u00e4hlen und sie nach Ihren Bed\u00fcrfnissen \u00e4ndern oder sogar Ihre eigenen von Grund auf neu erstellen. Laden Sie die erstellten Zyklen auf diesen USB-Stick herunter und schlie\u00dfen Sie ihn an den Blendtec Blender an. Der USB-Stick wird automatisch erkannt und Sie werden gefragt, ob Sie das neue Profil auf dem Ger\u00e4t installieren m\u00f6chten.<\/p>\n","protected":false},"excerpt":{"rendered":"<p>Obwohl unsere gewerblichen Mixer mit bis zu 42 vorinstallierten Mixzyklen geliefert werden, sind die Rezepte jedes Einzelnen unterschiedlich. Selbst unterschiedliche Temperaturen der Zutaten k\u00f6nnen bei ein und demselben Mixvorgang zu unterschiedlichen Ergebnissen f\u00fchren. Blendtec ist Marktf\u00fchrer, wenn es darum geht, unseren Kunden zuzuh\u00f6ren und ihnen L\u00f6sungen zur Maximierung der Rentabilit\u00e4t zu bieten. Dazu geh\u00f6rt nat\u00fcrlich [&#8230;]\n","protected":false},"featured_media":26028,"comment_status":"open","ping_status":"closed","template":"","meta":[],"product_brand":[],"product_cat":[439],"product_tag":[],"class_list":{"0":"post-26024","1":"product","2":"type-product","3":"status-publish","4":"has-post-thumbnail","6":"product_cat-zubehoer-gewerbe-ch","8":"first","9":"instock","10":"taxable","11":"shipping-taxable","12":"purchasable","13":"product-type-simple"},"bundled_by":[],"bundle_stock_status":"instock","bundle_stock_quantity":100,"bundle_virtual":false,"bundle_layout":"","bundle_add_to_cart_form_location":"","bundle_editable_in_cart":false,"bundle_sold_individually_context":"","bundle_item_grouping":"","bundle_min_size":"","bundle_max_size":"","bundle_price":[],"bundled_items":[],"bundle_sell_ids":[],"exclude_global_add_ons":[],"addons":[],"_links":{"self":[{"href":"https:\/\/blendtec.de\/ch\/wp-json\/wp\/v2\/product\/26024","targetHints":{"allow":["GET"]}}],"collection":[{"href":"https:\/\/blendtec.de\/ch\/wp-json\/wp\/v2\/product"}],"about":[{"href":"https:\/\/blendtec.de\/ch\/wp-json\/wp\/v2\/types\/product"}],"replies":[{"embeddable":true,"href":"https:\/\/blendtec.de\/ch\/wp-json\/wp\/v2\/comments?post=26024"}],"wp:featuredmedia":[{"embeddable":true,"href":"https:\/\/blendtec.de\/ch\/wp-json\/wp\/v2\/media\/26028"}],"wp:attachment":[{"href":"https:\/\/blendtec.de\/ch\/wp-json\/wp\/v2\/media?parent=26024"}],"wp:term":[{"taxonomy":"product_brand","embeddable":true,"href":"https:\/\/blendtec.de\/ch\/wp-json\/wp\/v2\/product_brand?post=26024"},{"taxonomy":"product_cat","embeddable":true,"href":"https:\/\/blendtec.de\/ch\/wp-json\/wp\/v2\/product_cat?post=26024"},{"taxonomy":"product_tag","embeddable":true,"href":"https:\/\/blendtec.de\/ch\/wp-json\/wp\/v2\/product_tag?post=26024"}],"curies":[{"name":"wp","href":"https:\/\/api.w.org\/{rel}","templated":true}]}}