{"id":32853,"date":"2024-09-30T08:47:57","date_gmt":"2024-09-30T06:47:57","guid":{"rendered":"https:\/\/blendtec.de\/produkt\/smartloc-lid-deckel\/"},"modified":"2026-04-28T08:08:40","modified_gmt":"2026-04-28T06:08:40","slug":"smartloc-lid-deckel","status":"publish","type":"product","link":"https:\/\/blendtec.de\/ch\/produkt\/smartloc-lid-deckel\/","title":{"rendered":"Smartloc\u2122 Lid Deckel"},"content":{"rendered":"<h2>Der Smartloc\u2122 Deckel: Innovativ, Sicher und M\u00fchelos im Einsatz<\/h2>\n<p>Der brandneue Smartloc\u2122 Deckel ist unser bisher innovativster und sicherster Deckel. Er wurde speziell f\u00fcr h\u00e4ufiges Mixen entwickelt und l\u00e4sst sich m\u00fchelos mit minimalem Widerstand auf den Beh\u00e4lter setzen. Dank seiner Fertigung aus klarem Tritan und Gummi schlie\u00dft er sicher ab, w\u00e4hrend Sie jederzeit einen vollen Blick auf Ihre Mischungen haben.<\/p>\n<div class=\"row\"  id=\"row-817406841\">\n\n\t<div id=\"col-1701532250\" class=\"col medium-6 small-12 large-6\"  >\n\t\t\t\t<div class=\"col-inner\"  >\n\t\t\t\n\t\t\t\n<h3>MERKMALE:<\/h3>\n<ul>\n<li>Sichere Verriegelung des Gef\u00e4\u00dfes w\u00e4hrend des Mixens<\/li>\n<li>Vier Ecklaschen f\u00fcr 360\u00b0-Deckelabnahme und Deckelanbringung<\/li>\n<li>Durchsichtiger Deckel, damit Sie sehen k\u00f6nnen, was gemixt wird<\/li>\n<li>Auslaufsichere Silikondichtung l\u00e4sst sich zum Reinigen leicht entfernen<\/li>\n<li>Sp\u00fclmaschinenfest<\/li>\n<li>Der abnehmbare, bel\u00fcftete Deckel erm\u00f6glicht das einfache Hinzuf\u00fcgen von Zutaten und h\u00e4lt Spritzer zur\u00fcck<\/li>\n<li>Das Design der inneren Rippen h\u00e4lt Unreinheiten zur\u00fcck, wenn der Mixer kopf\u00fcber auf die Theke gestellt wird, damit die Theke sauber bleibt<\/li>\n<li>BPA-frei, hergestellt aus Eastman Tritan<\/li>\n<li>Breite: 15,24 cm<br \/>\nL\u00e4nge: 15,24 cm<br \/>\nH\u00f6he: 2,54 cm<\/li>\n<li><strong>Kompatibel mit Wildside+, Fourside Beh\u00e4lter<\/strong> (ausgenommen Mini Wildside Jar)<\/li>\n<\/ul>\n<h3>IM LIEFERUMFANG ENTHALTEN:<\/h3>\n<ul>\n<li>Smartloc \u2122-Deckel<\/li>\n<li>Kunststoff-Deckel-Einsatz.<br \/>\n(Hinweis: Der Kunststoffeinsatz kann nicht separat erworben werden).<\/li>\n<\/ul>\n<p>*Wenn Sie nicht sicher sind, welchen Beh\u00e4lter Sie haben, wenden Sie sich bitte an unseren Kundenservice.<\/p>\n<p>*<strong>NICHT F\u00dcR DEN GEWERBLICHEN GEBRAUCH<\/strong> &#8211; Bei kommerzieller Nutzung erlischt die Garantie.<\/p>\n\t\t<\/div>\n\t\t\t\t\t<\/div>\n\n\t\n\n\t<div id=\"col-1903363561\" class=\"col medium-6 small-12 large-6\"  >\n\t\t\t\t<div class=\"col-inner\"  >\n\t\t\t\n\t\t\t\n\n  <div class=\"banner has-hover has-video\" id=\"banner-1170780309\">\n          <div class=\"banner-inner fill\">\n        <div class=\"banner-bg fill\" >\n                        \t<div class=\"video-overlay no-click fill visible\"><\/div>\n\t<video class=\"video-bg fill visible\" preload playsinline autoplay muted loop>\n\t\t<source src=\"https:\/\/blendtec.de\/wp-content\/uploads\/2024\/09\/SmartlocLid-Blendtec.mp4\" type=\"video\/mp4\">\t<\/video>\n                        \n                    <\/div>\n\t\t\n        <div class=\"banner-layers container\">\n            <div class=\"fill banner-link\"><\/div>            \n   <div id=\"text-box-1735778173\" class=\"text-box banner-layer x50 md-x50 lg-x50 y50 md-y50 lg-y50 res-text\">\n                                <div class=\"text-box-content text dark\">\n              \n              <div class=\"text-inner text-center\">\n                  \n              <\/div>\n           <\/div>\n                            \n<style>\n#text-box-1735778173 {\n  width: 60%;\n}\n#text-box-1735778173 .text-box-content {\n  font-size: 100%;\n}\n<\/style>\n    <\/div>\n \n        <\/div>\n      <\/div>\n\n            \n<style>\n#banner-1170780309 {\n  padding-top: 500px;\n}\n<\/style>\n  <\/div>\n\n\n\t\t<\/div>\n\t\t\t\t\t<\/div>\n\n\t\n<\/div>\n","protected":false},"excerpt":{"rendered":"<p>Kompatibel mit Wildside+, Fourside Beh\u00e4lter (ausgenommen Mini Wildside Jar)<\/p>\n","protected":false},"featured_media":32835,"comment_status":"open","ping_status":"closed","template":"","meta":[],"product_brand":[],"product_cat":[465,546],"product_tag":[],"class_list":{"0":"post-32853","1":"product","2":"type-product","3":"status-publish","4":"has-post-thumbnail","6":"product_cat-ersatzteile-ch","7":"product_cat-zubehoer-ch","9":"first","10":"instock","11":"taxable","12":"shipping-taxable","13":"purchasable","14":"product-type-simple"},"bundled_by":[],"bundle_stock_status":"instock","bundle_stock_quantity":100,"bundle_virtual":false,"bundle_layout":"","bundle_add_to_cart_form_location":"","bundle_editable_in_cart":false,"bundle_sold_individually_context":"","bundle_item_grouping":"","bundle_min_size":"","bundle_max_size":"","bundle_price":[],"bundled_items":[],"bundle_sell_ids":[],"exclude_global_add_ons":[],"addons":[],"_links":{"self":[{"href":"https:\/\/blendtec.de\/ch\/wp-json\/wp\/v2\/product\/32853","targetHints":{"allow":["GET"]}}],"collection":[{"href":"https:\/\/blendtec.de\/ch\/wp-json\/wp\/v2\/product"}],"about":[{"href":"https:\/\/blendtec.de\/ch\/wp-json\/wp\/v2\/types\/product"}],"replies":[{"embeddable":true,"href":"https:\/\/blendtec.de\/ch\/wp-json\/wp\/v2\/comments?post=32853"}],"wp:featuredmedia":[{"embeddable":true,"href":"https:\/\/blendtec.de\/ch\/wp-json\/wp\/v2\/media\/32835"}],"wp:attachment":[{"href":"https:\/\/blendtec.de\/ch\/wp-json\/wp\/v2\/media?parent=32853"}],"wp:term":[{"taxonomy":"product_brand","embeddable":true,"href":"https:\/\/blendtec.de\/ch\/wp-json\/wp\/v2\/product_brand?post=32853"},{"taxonomy":"product_cat","embeddable":true,"href":"https:\/\/blendtec.de\/ch\/wp-json\/wp\/v2\/product_cat?post=32853"},{"taxonomy":"product_tag","embeddable":true,"href":"https:\/\/blendtec.de\/ch\/wp-json\/wp\/v2\/product_tag?post=32853"}],"curies":[{"name":"wp","href":"https:\/\/api.w.org\/{rel}","templated":true}]}}