{"id":6400,"date":"2018-12-06T21:03:20","date_gmt":"2018-12-06T21:03:20","guid":{"rendered":"https:\/\/dev.blendtec.de\/produkt\/blendtec-frothing-kaltschaum-jar\/"},"modified":"2022-12-29T09:50:36","modified_gmt":"2022-12-29T08:50:36","slug":"blendtec-frothing-kaltschaum-jar","status":"publish","type":"product","link":"https:\/\/blendtec.de\/ch\/produkt\/blendtec-frothing-kaltschaum-jar\/","title":{"rendered":"Blendtec Frothing (Kaltschaum) Jar"},"content":{"rendered":"<h3>Blendtec Frothing (Kaltschaum) Jar<\/h3>\n<p>Blendtec hat einen Beh\u00e4lter entwickelt, welches 200 ml kalte Magermilch (0% Fettgehalt) in nur 18 Sekunden in einen seidenweichen, mousse-\u00e4hnlichen dicken Schaum verwandelt. Ob als eigenst\u00e4ndiger Eiskaffee oder mit einer Vielzahl anderer Zutaten aromatisiert.<\/p>\n<p>Der Blendtec Frothing Jar kann mit jedem Blendtec Blender verwendet werden.<\/p>\n<p><strong>Um kalten Schaum zu machen:<\/strong><\/p>\n<ul>\n<li>Gie\u00dfen Sie 200 ml kalte Milch* in den Blendtec Frothing Jar<\/li>\n<li>Stellen Sie das Programm auf &#171;Frothing&#187; (kann online im BlendWizard heruntergeladen werden) oder lassen Sie den Blender f\u00fcr 18 Sekunden auf niedriger Geschwindigkeit laufen.<\/li>\n<li>Gie\u00dfen Sie den Schaum in die Tasse mit z.B. Cold Coffee oder dekorieren Sie Ihre Essenskreationen.<\/li>\n<li>200 ml f\u00fcllen ein etwa 0,33 L Glas mit Schaum.<\/li>\n<\/ul>\n<p>*Mager-Milch mit 0% Fettgehalt ist Ideal und gibt ein sehr festen Schaum, der auch perfekt zur Garnierung von Essenskreationen dient.\u00a0 F\u00fcr ein weniger steifes Resultat kann auch Milch mit 0.5 % Fettgehalt verwendet werden.<\/p>\n<p><strong>Wie man Geschmack hinzuf\u00fcgt:<\/strong><\/p>\n<ul>\n<li>Sirup &#8211; 2x Pumpen<\/li>\n<li>So\u00dfe &#8211; 2x Pumpen<\/li>\n<li>Smoothie &#8211; 30 ml<\/li>\n<li>Matcha &#8211; 1\/2 Minischaufel<\/li>\n<li>Kurkuma &#8211; 1\/2 Minischaufel<\/li>\n<li>100 % Kakao &#8211; 1\/2 Messl\u00f6ffel<\/li>\n<\/ul>\n","protected":false},"excerpt":{"rendered":"<div class=\"product-short-description\">Die neueste Entwicklung der Blendtec Ingenieure &#8211; ein Beh\u00e4lter, der fettfreie Milch in nur 18 Sekunden in kalten Schaum schl\u00e4gt.<\/div>\n","protected":false},"featured_media":31654,"comment_status":"open","ping_status":"closed","template":"","meta":[],"product_brand":[],"product_cat":[424,423],"product_tag":[],"class_list":{"0":"post-6400","1":"product","2":"type-product","3":"status-publish","4":"has-post-thumbnail","6":"product_cat-behaelter-zubehoer-ch","7":"product_cat-behaelter-ch","9":"first","10":"outofstock","11":"sale","12":"taxable","13":"shipping-taxable","14":"purchasable","15":"product-type-simple"},"bundled_by":[],"bundle_stock_status":"outofstock","bundle_stock_quantity":-1,"bundle_virtual":false,"bundle_layout":"","bundle_add_to_cart_form_location":"","bundle_editable_in_cart":false,"bundle_sold_individually_context":"","bundle_item_grouping":"","bundle_min_size":"","bundle_max_size":"","bundle_price":[],"bundled_items":[],"bundle_sell_ids":[],"exclude_global_add_ons":[],"addons":[],"_links":{"self":[{"href":"https:\/\/blendtec.de\/ch\/wp-json\/wp\/v2\/product\/6400","targetHints":{"allow":["GET"]}}],"collection":[{"href":"https:\/\/blendtec.de\/ch\/wp-json\/wp\/v2\/product"}],"about":[{"href":"https:\/\/blendtec.de\/ch\/wp-json\/wp\/v2\/types\/product"}],"replies":[{"embeddable":true,"href":"https:\/\/blendtec.de\/ch\/wp-json\/wp\/v2\/comments?post=6400"}],"wp:featuredmedia":[{"embeddable":true,"href":"https:\/\/blendtec.de\/ch\/wp-json\/wp\/v2\/media\/31654"}],"wp:attachment":[{"href":"https:\/\/blendtec.de\/ch\/wp-json\/wp\/v2\/media?parent=6400"}],"wp:term":[{"taxonomy":"product_brand","embeddable":true,"href":"https:\/\/blendtec.de\/ch\/wp-json\/wp\/v2\/product_brand?post=6400"},{"taxonomy":"product_cat","embeddable":true,"href":"https:\/\/blendtec.de\/ch\/wp-json\/wp\/v2\/product_cat?post=6400"},{"taxonomy":"product_tag","embeddable":true,"href":"https:\/\/blendtec.de\/ch\/wp-json\/wp\/v2\/product_tag?post=6400"}],"curies":[{"name":"wp","href":"https:\/\/api.w.org\/{rel}","templated":true}]}}